    {"id":110063,"date":"2023-04-20T09:54:39","date_gmt":"2023-04-20T07:54:39","guid":{"rendered":"https:\/\/artotel-url-restructure.tempurl.host\/hotels\/berlin-mitte\/georg-baselitz\/"},"modified":"2025-07-21T23:00:24","modified_gmt":"2025-07-21T21:00:24","slug":"georg-baselitz","status":"publish","type":"page","link":"https:\/\/artotel.com\/de\/hotels\/berlin\/berlin-mitte\/georg-baselitz\/","title":{"rendered":"Signature Artist"},"content":{"rendered":"","protected":false},"excerpt":{"rendered":"","protected":false},"author":29,"featured_media":0,"parent":104111,"menu_order":0,"comment_status":"closed","ping_status":"closed","template":"","meta":{"_acf_changed":false,"footnotes":""},"wf_page_folders":[189],"site":[188],"class_list":["post-110063","page","type-page","status-publish","hentry","site-berlinmitte"],"acf":[],"yoast_head":"<!-- This site is optimized with the Yoast SEO plugin v24.9 - https:\/\/yoast.com\/wordpress\/plugins\/seo\/ -->\n<title>art&#039;otel Berlin Mitte | Georg Baselitz<\/title>\n<meta name=\"description\" content=\"Der Signature-K\u00fcnstler Georg Baselitz erweckt das art&#039;otel Berlin Mitte zum Leben. Der deutsche Maler, Bildhauer und Grafiker ist bekannt f\u00fcr seine ausgepr\u00e4gte k\u00fcnstlerische Sprache, die wir im gesamten Hotel und in allen Zimmern mit 300 Werken inszenieren.\" \/>\n<meta name=\"robots\" content=\"index, follow, max-snippet:-1, max-image-preview:large, max-video-preview:-1\" \/>\n<link rel=\"canonical\" href=\"https:\/\/artotel.com\/de\/hotels\/berlin\/berlin-mitte\/georg-baselitz\/\" \/>\n<meta property=\"og:locale\" content=\"de_DE\" \/>\n<meta property=\"og:type\" content=\"article\" \/>\n<meta property=\"og:title\" content=\"art&#039;otel Berlin Mitte | Georg Baselitz\" \/>\n<meta property=\"og:description\" content=\"Der Signature-K\u00fcnstler Georg Baselitz erweckt das art&#039;otel Berlin Mitte zum Leben. Der deutsche Maler, Bildhauer und Grafiker ist bekannt f\u00fcr seine ausgepr\u00e4gte k\u00fcnstlerische Sprache, die wir im gesamten Hotel und in allen Zimmern mit 300 Werken inszenieren.\" \/>\n<meta property=\"og:url\" content=\"https:\/\/artotel.com\/de\/hotels\/berlin\/berlin-mitte\/georg-baselitz\/\" \/>\n<meta property=\"og:site_name\" content=\"art&#039;otel\" \/>\n<meta property=\"article:modified_time\" content=\"2025-07-21T21:00:24+00:00\" \/>\n<meta property=\"og:image\" content=\"https:\/\/artotel.com\/wp-content\/uploads\/2025\/07\/2025-ARO-artotelrome-MasterpieceSuite-6-1-scaled.jpg\" \/>\n\t<meta property=\"og:image:width\" content=\"2560\" \/>\n\t<meta property=\"og:image:height\" content=\"1706\" \/>\n\t<meta property=\"og:image:type\" content=\"image\/jpeg\" \/>\n<meta name=\"twitter:card\" content=\"summary_large_image\" \/>\n<script type=\"application\/ld+json\" class=\"yoast-schema-graph\">{\"@context\":\"https:\/\/schema.org\",\"@graph\":[{\"@type\":\"WebPage\",\"@id\":\"https:\/\/artotel.com\/de\/hotels\/berlin\/berlin-mitte\/georg-baselitz\/\",\"url\":\"https:\/\/artotel.com\/de\/hotels\/berlin\/berlin-mitte\/georg-baselitz\/\",\"name\":\"art'otel Berlin Mitte | Georg Baselitz\",\"isPartOf\":{\"@id\":\"https:\/\/artotel.com\/de\/#website\"},\"datePublished\":\"2023-04-20T07:54:39+00:00\",\"dateModified\":\"2025-07-21T21:00:24+00:00\",\"description\":\"Der Signature-K\u00fcnstler Georg Baselitz erweckt das art'otel Berlin Mitte zum Leben. Der deutsche Maler, Bildhauer und Grafiker ist bekannt f\u00fcr seine ausgepr\u00e4gte k\u00fcnstlerische Sprache, die wir im gesamten Hotel und in allen Zimmern mit 300 Werken inszenieren.\",\"breadcrumb\":{\"@id\":\"https:\/\/artotel.com\/de\/hotels\/berlin\/berlin-mitte\/georg-baselitz\/#breadcrumb\"},\"inLanguage\":\"de\",\"potentialAction\":[{\"@type\":\"ReadAction\",\"target\":[\"https:\/\/artotel.com\/de\/hotels\/berlin\/berlin-mitte\/georg-baselitz\/\"]}]},{\"@type\":\"BreadcrumbList\",\"@id\":\"https:\/\/artotel.com\/de\/hotels\/berlin\/berlin-mitte\/georg-baselitz\/#breadcrumb\",\"itemListElement\":[{\"@type\":\"ListItem\",\"position\":1,\"name\":\"Home\",\"item\":\"https:\/\/artotel.com\/de\/\"},{\"@type\":\"ListItem\",\"position\":2,\"name\":\"Mall\",\"item\":\"https:\/\/artotel.com\/en\/blog\/site\/mall\/\"},{\"@type\":\"ListItem\",\"position\":3,\"name\":\"Hotels\",\"item\":\"https:\/\/artotel.com\/de\/hotels\/\"},{\"@type\":\"ListItem\",\"position\":4,\"name\":\"Berlin\",\"item\":\"https:\/\/artotel.com\/de\/hotels\/berlin\/\"},{\"@type\":\"ListItem\",\"position\":5,\"name\":\"Home\",\"item\":\"https:\/\/artotel.com\/de\/hotels\/berlin\/berlin-mitte\/\"},{\"@type\":\"ListItem\",\"position\":6,\"name\":\"Signature Artist\"}]},{\"@type\":\"WebSite\",\"@id\":\"https:\/\/artotel.com\/de\/#website\",\"url\":\"https:\/\/artotel.com\/de\/\",\"name\":\"art'otel\",\"description\":\"City centre hotels with a view\",\"potentialAction\":[{\"@type\":\"SearchAction\",\"target\":{\"@type\":\"EntryPoint\",\"urlTemplate\":\"https:\/\/artotel.com\/de\/?s={search_term_string}\"},\"query-input\":{\"@type\":\"PropertyValueSpecification\",\"valueRequired\":true,\"valueName\":\"search_term_string\"}}],\"inLanguage\":\"de\"}]}<\/script>\n<!-- \/ Yoast SEO plugin. -->","yoast_head_json":{"title":"art'otel Berlin Mitte | Georg Baselitz","description":"Der Signature-K\u00fcnstler Georg Baselitz erweckt das art'otel Berlin Mitte zum Leben. Der deutsche Maler, Bildhauer und Grafiker ist bekannt f\u00fcr seine ausgepr\u00e4gte k\u00fcnstlerische Sprache, die wir im gesamten Hotel und in allen Zimmern mit 300 Werken inszenieren.","robots":{"index":"index","follow":"follow","max-snippet":"max-snippet:-1","max-image-preview":"max-image-preview:large","max-video-preview":"max-video-preview:-1"},"canonical":"https:\/\/artotel.com\/de\/hotels\/berlin\/berlin-mitte\/georg-baselitz\/","og_locale":"de_DE","og_type":"article","og_title":"art'otel Berlin Mitte | Georg Baselitz","og_description":"Der Signature-K\u00fcnstler Georg Baselitz erweckt das art'otel Berlin Mitte zum Leben. Der deutsche Maler, Bildhauer und Grafiker ist bekannt f\u00fcr seine ausgepr\u00e4gte k\u00fcnstlerische Sprache, die wir im gesamten Hotel und in allen Zimmern mit 300 Werken inszenieren.","og_url":"https:\/\/artotel.com\/de\/hotels\/berlin\/berlin-mitte\/georg-baselitz\/","og_site_name":"art&#039;otel","article_modified_time":"2025-07-21T21:00:24+00:00","og_image":[{"width":2560,"height":1706,"url":"https:\/\/artotel.com\/wp-content\/uploads\/2025\/07\/2025-ARO-artotelrome-MasterpieceSuite-6-1-scaled.jpg","type":"image\/jpeg"}],"twitter_card":"summary_large_image","schema":{"@context":"https:\/\/schema.org","@graph":[{"@type":"WebPage","@id":"https:\/\/artotel.com\/de\/hotels\/berlin\/berlin-mitte\/georg-baselitz\/","url":"https:\/\/artotel.com\/de\/hotels\/berlin\/berlin-mitte\/georg-baselitz\/","name":"art'otel Berlin Mitte | Georg Baselitz","isPartOf":{"@id":"https:\/\/artotel.com\/de\/#website"},"datePublished":"2023-04-20T07:54:39+00:00","dateModified":"2025-07-21T21:00:24+00:00","description":"Der Signature-K\u00fcnstler Georg Baselitz erweckt das art'otel Berlin Mitte zum Leben. Der deutsche Maler, Bildhauer und Grafiker ist bekannt f\u00fcr seine ausgepr\u00e4gte k\u00fcnstlerische Sprache, die wir im gesamten Hotel und in allen Zimmern mit 300 Werken inszenieren.","breadcrumb":{"@id":"https:\/\/artotel.com\/de\/hotels\/berlin\/berlin-mitte\/georg-baselitz\/#breadcrumb"},"inLanguage":"de","potentialAction":[{"@type":"ReadAction","target":["https:\/\/artotel.com\/de\/hotels\/berlin\/berlin-mitte\/georg-baselitz\/"]}]},{"@type":"BreadcrumbList","@id":"https:\/\/artotel.com\/de\/hotels\/berlin\/berlin-mitte\/georg-baselitz\/#breadcrumb","itemListElement":[{"@type":"ListItem","position":1,"name":"Home","item":"https:\/\/artotel.com\/de\/"},{"@type":"ListItem","position":2,"name":"Mall","item":"https:\/\/artotel.com\/en\/blog\/site\/mall\/"},{"@type":"ListItem","position":3,"name":"Hotels","item":"https:\/\/artotel.com\/de\/hotels\/"},{"@type":"ListItem","position":4,"name":"Berlin","item":"https:\/\/artotel.com\/de\/hotels\/berlin\/"},{"@type":"ListItem","position":5,"name":"Home","item":"https:\/\/artotel.com\/de\/hotels\/berlin\/berlin-mitte\/"},{"@type":"ListItem","position":6,"name":"Signature Artist"}]},{"@type":"WebSite","@id":"https:\/\/artotel.com\/de\/#website","url":"https:\/\/artotel.com\/de\/","name":"art'otel","description":"City centre hotels with a view","potentialAction":[{"@type":"SearchAction","target":{"@type":"EntryPoint","urlTemplate":"https:\/\/artotel.com\/de\/?s={search_term_string}"},"query-input":{"@type":"PropertyValueSpecification","valueRequired":true,"valueName":"search_term_string"}}],"inLanguage":"de"}]}},"_links":{"self":[{"href":"https:\/\/artotel.com\/de\/wp-json\/wp\/v2\/pages\/110063","targetHints":{"allow":["GET"]}}],"collection":[{"href":"https:\/\/artotel.com\/de\/wp-json\/wp\/v2\/pages"}],"about":[{"href":"https:\/\/artotel.com\/de\/wp-json\/wp\/v2\/types\/page"}],"author":[{"embeddable":true,"href":"https:\/\/artotel.com\/de\/wp-json\/wp\/v2\/users\/29"}],"replies":[{"embeddable":true,"href":"https:\/\/artotel.com\/de\/wp-json\/wp\/v2\/comments?post=110063"}],"version-history":[{"count":2,"href":"https:\/\/artotel.com\/de\/wp-json\/wp\/v2\/pages\/110063\/revisions"}],"predecessor-version":[{"id":129395,"href":"https:\/\/artotel.com\/de\/wp-json\/wp\/v2\/pages\/110063\/revisions\/129395"}],"up":[{"embeddable":true,"href":"https:\/\/artotel.com\/de\/wp-json\/wp\/v2\/pages\/104111"}],"wp:attachment":[{"href":"https:\/\/artotel.com\/de\/wp-json\/wp\/v2\/media?parent=110063"}],"wp:term":[{"taxonomy":"wf_page_folders","embeddable":true,"href":"https:\/\/artotel.com\/de\/wp-json\/wp\/v2\/wf_page_folders?post=110063"},{"taxonomy":"site","embeddable":true,"href":"https:\/\/artotel.com\/de\/wp-json\/wp\/v2\/site?post=110063"}],"curies":[{"name":"wp","href":"https:\/\/api.w.org\/{rel}","templated":true}]}}