    {"id":1618,"date":"2022-05-25T17:30:41","date_gmt":"2022-05-25T15:30:41","guid":{"rendered":"https:\/\/artotel2022.wpengine.com\/?page_id=1618"},"modified":"2025-07-30T00:39:28","modified_gmt":"2025-07-29T22:39:28","slug":"gemeinsam-feiern","status":"publish","type":"page","link":"https:\/\/artotel.com\/de\/gemeinsam-feiern\/","title":{"rendered":"Gemeinsam feiern"},"content":{"rendered":"","protected":false},"excerpt":{"rendered":"","protected":false},"author":1,"featured_media":18488,"parent":0,"menu_order":13,"comment_status":"closed","ping_status":"closed","template":"","meta":{"_acf_changed":false,"footnotes":""},"wf_page_folders":[107],"site":[],"class_list":["post-1618","page","type-page","status-publish","has-post-thumbnail","hentry"],"acf":[],"yoast_head":"<!-- This site is optimized with the Yoast SEO plugin v24.9 - https:\/\/yoast.com\/wordpress\/plugins\/seo\/ -->\n<title>Unsere inspirierenden Kunstr\u00e4ume in ganz Europa laden zur Begegnung ein | art&#039;otel<\/title>\n<meta name=\"description\" content=\"Optimiere Deine n\u00e4chste Veranstaltung und lass Dich von unseren spannenden Kunstr\u00e4umen in modernen europ\u00e4ischen St\u00e4dten inspirieren. Hier kannst Du Deine n\u00e4chste Veranstaltung planen.\" \/>\n<meta name=\"robots\" content=\"index, follow, max-snippet:-1, max-image-preview:large, max-video-preview:-1\" \/>\n<link rel=\"canonical\" href=\"https:\/\/artotel.com\/de\/gemeinsam-feiern\/\" \/>\n<meta property=\"og:locale\" content=\"de_DE\" \/>\n<meta property=\"og:type\" content=\"article\" \/>\n<meta property=\"og:title\" content=\"Unsere inspirierenden Kunstr\u00e4ume in ganz Europa laden zur Begegnung ein | art&#039;otel\" \/>\n<meta property=\"og:description\" content=\"Optimiere Deine n\u00e4chste Veranstaltung und lass Dich von unseren spannenden Kunstr\u00e4umen in modernen europ\u00e4ischen St\u00e4dten inspirieren. Hier kannst Du Deine n\u00e4chste Veranstaltung planen.\" \/>\n<meta property=\"og:url\" content=\"https:\/\/artotel.com\/de\/gemeinsam-feiern\/\" \/>\n<meta property=\"og:site_name\" content=\"art&#039;otel\" \/>\n<meta property=\"article:modified_time\" content=\"2025-07-29T22:39:28+00:00\" \/>\n<meta property=\"og:image\" content=\"https:\/\/artotel.com\/wp-content\/uploads\/2024\/07\/Foto-94.jpg\" \/>\n\t<meta property=\"og:image:width\" content=\"2000\" \/>\n\t<meta property=\"og:image:height\" content=\"1331\" \/>\n\t<meta property=\"og:image:type\" content=\"image\/jpeg\" \/>\n<meta name=\"twitter:card\" content=\"summary_large_image\" \/>\n<meta name=\"twitter:label1\" content=\"Gesch\u00e4tzte Lesezeit\" \/>\n\t<meta name=\"twitter:data1\" content=\"1\u00a0Minute\" \/>\n<script type=\"application\/ld+json\" class=\"yoast-schema-graph\">{\"@context\":\"https:\/\/schema.org\",\"@graph\":[]}<\/script>\n<!-- \/ Yoast SEO plugin. -->","yoast_head_json":{"title":"Unsere inspirierenden Kunstr\u00e4ume in ganz Europa laden zur Begegnung ein | art&#039;otel","description":"Optimiere Deine n\u00e4chste Veranstaltung und lass Dich von unseren spannenden Kunstr\u00e4umen in modernen europ\u00e4ischen St\u00e4dten inspirieren. Hier kannst Du Deine n\u00e4chste Veranstaltung planen.","robots":{"index":"index","follow":"follow","max-snippet":"max-snippet:-1","max-image-preview":"max-image-preview:large","max-video-preview":"max-video-preview:-1"},"canonical":"https:\/\/artotel.com\/de\/gemeinsam-feiern\/","og_locale":"de_DE","og_type":"article","og_title":"Unsere inspirierenden Kunstr\u00e4ume in ganz Europa laden zur Begegnung ein | art&#039;otel","og_description":"Optimiere Deine n\u00e4chste Veranstaltung und lass Dich von unseren spannenden Kunstr\u00e4umen in modernen europ\u00e4ischen St\u00e4dten inspirieren. Hier kannst Du Deine n\u00e4chste Veranstaltung planen.","og_url":"https:\/\/artotel.com\/de\/gemeinsam-feiern\/","og_site_name":"art&#039;otel","article_modified_time":"2025-07-29T22:39:28+00:00","og_image":[{"width":2000,"height":1331,"url":"https:\/\/artotel.com\/wp-content\/uploads\/2024\/07\/Foto-94.jpg","type":"image\/jpeg"}],"twitter_card":"summary_large_image","twitter_misc":{"Gesch\u00e4tzte Lesezeit":"1\u00a0Minute"},"schema":{"@context":"https:\/\/schema.org","@graph":[]}},"_links":{"self":[{"href":"https:\/\/artotel.com\/de\/wp-json\/wp\/v2\/pages\/1618","targetHints":{"allow":["GET"]}}],"collection":[{"href":"https:\/\/artotel.com\/de\/wp-json\/wp\/v2\/pages"}],"about":[{"href":"https:\/\/artotel.com\/de\/wp-json\/wp\/v2\/types\/page"}],"author":[{"embeddable":true,"href":"https:\/\/artotel.com\/de\/wp-json\/wp\/v2\/users\/1"}],"replies":[{"embeddable":true,"href":"https:\/\/artotel.com\/de\/wp-json\/wp\/v2\/comments?post=1618"}],"version-history":[{"count":2,"href":"https:\/\/artotel.com\/de\/wp-json\/wp\/v2\/pages\/1618\/revisions"}],"predecessor-version":[{"id":133718,"href":"https:\/\/artotel.com\/de\/wp-json\/wp\/v2\/pages\/1618\/revisions\/133718"}],"wp:featuredmedia":[{"embeddable":true,"href":"https:\/\/artotel.com\/de\/wp-json\/wp\/v2\/media\/18488"}],"wp:attachment":[{"href":"https:\/\/artotel.com\/de\/wp-json\/wp\/v2\/media?parent=1618"}],"wp:term":[{"taxonomy":"wf_page_folders","embeddable":true,"href":"https:\/\/artotel.com\/de\/wp-json\/wp\/v2\/wf_page_folders?post=1618"},{"taxonomy":"site","embeddable":true,"href":"https:\/\/artotel.com\/de\/wp-json\/wp\/v2\/site?post=1618"}],"curies":[{"name":"wp","href":"https:\/\/api.w.org\/{rel}","templated":true}]}}