    {"id":1685,"date":"2022-06-13T00:50:08","date_gmt":"2022-06-12T22:50:08","guid":{"rendered":"https:\/\/artotel2022.wpengine.com\/?page_id=1685"},"modified":"2025-07-29T23:21:36","modified_gmt":"2025-07-29T21:21:36","slug":"unsere-kunstler","status":"publish","type":"page","link":"https:\/\/artotel.com\/de\/unsere-kunstler\/","title":{"rendered":"Unsere K\u00fcnstler"},"content":{"rendered":"","protected":false},"excerpt":{"rendered":"","protected":false},"author":2,"featured_media":0,"parent":0,"menu_order":4,"comment_status":"closed","ping_status":"closed","template":"","meta":{"_acf_changed":false,"footnotes":""},"wf_page_folders":[107],"site":[],"class_list":["post-1685","page","type-page","status-publish","hentry"],"acf":[],"yoast_head":"<!-- This site is optimized with the Yoast SEO plugin v24.9 - https:\/\/yoast.com\/wordpress\/plugins\/seo\/ -->\n<title>Lerne unsere K\u00fcnstler kennen | art&#039;otel<\/title>\n<meta name=\"description\" content=\"Unsere K\u00fcnstler gestalten die Flure und Zimmer unserer Hotels. Jedes Hotel ist eine leere Leinwand f\u00fcr einen neuen K\u00fcnstler, hier kannst Du sie kennen lernen.\" \/>\n<meta name=\"robots\" content=\"index, follow, max-snippet:-1, max-image-preview:large, max-video-preview:-1\" \/>\n<link rel=\"canonical\" href=\"https:\/\/artotel.com\/de\/unsere-kunstler\/\" \/>\n<meta property=\"og:locale\" content=\"de_DE\" \/>\n<meta property=\"og:type\" content=\"article\" \/>\n<meta property=\"og:title\" content=\"Lerne unsere K\u00fcnstler kennen | art&#039;otel\" \/>\n<meta property=\"og:description\" content=\"Unsere K\u00fcnstler gestalten die Flure und Zimmer unserer Hotels. Jedes Hotel ist eine leere Leinwand f\u00fcr einen neuen K\u00fcnstler, hier kannst Du sie kennen lernen.\" \/>\n<meta property=\"og:url\" content=\"https:\/\/artotel.com\/de\/unsere-kunstler\/\" \/>\n<meta property=\"og:site_name\" content=\"art&#039;otel\" \/>\n<meta property=\"article:modified_time\" content=\"2025-07-29T21:21:36+00:00\" \/>\n<meta property=\"og:image\" content=\"https:\/\/artotel.com\/wp-content\/uploads\/2025\/07\/2025-ARO-artotelrome-MasterpieceSuite-6-1-scaled.jpg\" \/>\n\t<meta property=\"og:image:width\" content=\"2560\" \/>\n\t<meta property=\"og:image:height\" content=\"1706\" \/>\n\t<meta property=\"og:image:type\" content=\"image\/jpeg\" \/>\n<meta name=\"twitter:card\" content=\"summary_large_image\" \/>\n<script type=\"application\/ld+json\" class=\"yoast-schema-graph\">{\"@context\":\"https:\/\/schema.org\",\"@graph\":[{\"@type\":\"WebPage\",\"@id\":\"https:\/\/artotel.com\/de\/unsere-kunstler\/\",\"url\":\"https:\/\/artotel.com\/de\/unsere-kunstler\/\",\"name\":\"Lerne unsere K\u00fcnstler kennen | art&#039;otel\",\"isPartOf\":{\"@id\":\"https:\/\/artotel.com\/de\/#website\"},\"datePublished\":\"2022-06-12T22:50:08+00:00\",\"dateModified\":\"2025-07-29T21:21:36+00:00\",\"description\":\"Unsere K\u00fcnstler gestalten die Flure und Zimmer unserer Hotels. Jedes Hotel ist eine leere Leinwand f\u00fcr einen neuen K\u00fcnstler, hier kannst Du sie kennen lernen.\",\"breadcrumb\":{\"@id\":\"https:\/\/artotel.com\/de\/unsere-kunstler\/#breadcrumb\"},\"inLanguage\":\"de\",\"potentialAction\":[{\"@type\":\"ReadAction\",\"target\":[\"https:\/\/artotel.com\/de\/unsere-kunstler\/\"]}]},{\"@type\":\"BreadcrumbList\",\"@id\":\"https:\/\/artotel.com\/de\/unsere-kunstler\/#breadcrumb\",\"itemListElement\":[{\"@type\":\"ListItem\",\"position\":1,\"name\":\"Home\",\"item\":\"https:\/\/artotel.com\/de\/\"},{\"@type\":\"ListItem\",\"position\":2,\"name\":\"Unsere K\u00fcnstler\"}]},{\"@type\":\"WebSite\",\"@id\":\"https:\/\/artotel.com\/de\/#website\",\"url\":\"https:\/\/artotel.com\/de\/\",\"name\":\"art'otel\",\"description\":\"City centre hotels with a view\",\"potentialAction\":[{\"@type\":\"SearchAction\",\"target\":{\"@type\":\"EntryPoint\",\"urlTemplate\":\"https:\/\/artotel.com\/de\/?s={search_term_string}\"},\"query-input\":{\"@type\":\"PropertyValueSpecification\",\"valueRequired\":true,\"valueName\":\"search_term_string\"}}],\"inLanguage\":\"de\"}]}<\/script>\n<!-- \/ Yoast SEO plugin. -->","yoast_head_json":{"title":"Lerne unsere K\u00fcnstler kennen | art&#039;otel","description":"Unsere K\u00fcnstler gestalten die Flure und Zimmer unserer Hotels. Jedes Hotel ist eine leere Leinwand f\u00fcr einen neuen K\u00fcnstler, hier kannst Du sie kennen lernen.","robots":{"index":"index","follow":"follow","max-snippet":"max-snippet:-1","max-image-preview":"max-image-preview:large","max-video-preview":"max-video-preview:-1"},"canonical":"https:\/\/artotel.com\/de\/unsere-kunstler\/","og_locale":"de_DE","og_type":"article","og_title":"Lerne unsere K\u00fcnstler kennen | art&#039;otel","og_description":"Unsere K\u00fcnstler gestalten die Flure und Zimmer unserer Hotels. Jedes Hotel ist eine leere Leinwand f\u00fcr einen neuen K\u00fcnstler, hier kannst Du sie kennen lernen.","og_url":"https:\/\/artotel.com\/de\/unsere-kunstler\/","og_site_name":"art&#039;otel","article_modified_time":"2025-07-29T21:21:36+00:00","og_image":[{"width":2560,"height":1706,"url":"https:\/\/artotel.com\/wp-content\/uploads\/2025\/07\/2025-ARO-artotelrome-MasterpieceSuite-6-1-scaled.jpg","type":"image\/jpeg"}],"twitter_card":"summary_large_image","schema":{"@context":"https:\/\/schema.org","@graph":[{"@type":"WebPage","@id":"https:\/\/artotel.com\/de\/unsere-kunstler\/","url":"https:\/\/artotel.com\/de\/unsere-kunstler\/","name":"Lerne unsere K\u00fcnstler kennen | art&#039;otel","isPartOf":{"@id":"https:\/\/artotel.com\/de\/#website"},"datePublished":"2022-06-12T22:50:08+00:00","dateModified":"2025-07-29T21:21:36+00:00","description":"Unsere K\u00fcnstler gestalten die Flure und Zimmer unserer Hotels. Jedes Hotel ist eine leere Leinwand f\u00fcr einen neuen K\u00fcnstler, hier kannst Du sie kennen lernen.","breadcrumb":{"@id":"https:\/\/artotel.com\/de\/unsere-kunstler\/#breadcrumb"},"inLanguage":"de","potentialAction":[{"@type":"ReadAction","target":["https:\/\/artotel.com\/de\/unsere-kunstler\/"]}]},{"@type":"BreadcrumbList","@id":"https:\/\/artotel.com\/de\/unsere-kunstler\/#breadcrumb","itemListElement":[{"@type":"ListItem","position":1,"name":"Home","item":"https:\/\/artotel.com\/de\/"},{"@type":"ListItem","position":2,"name":"Unsere K\u00fcnstler"}]},{"@type":"WebSite","@id":"https:\/\/artotel.com\/de\/#website","url":"https:\/\/artotel.com\/de\/","name":"art'otel","description":"City centre hotels with a view","potentialAction":[{"@type":"SearchAction","target":{"@type":"EntryPoint","urlTemplate":"https:\/\/artotel.com\/de\/?s={search_term_string}"},"query-input":{"@type":"PropertyValueSpecification","valueRequired":true,"valueName":"search_term_string"}}],"inLanguage":"de"}]}},"_links":{"self":[{"href":"https:\/\/artotel.com\/de\/wp-json\/wp\/v2\/pages\/1685","targetHints":{"allow":["GET"]}}],"collection":[{"href":"https:\/\/artotel.com\/de\/wp-json\/wp\/v2\/pages"}],"about":[{"href":"https:\/\/artotel.com\/de\/wp-json\/wp\/v2\/types\/page"}],"author":[{"embeddable":true,"href":"https:\/\/artotel.com\/de\/wp-json\/wp\/v2\/users\/2"}],"replies":[{"embeddable":true,"href":"https:\/\/artotel.com\/de\/wp-json\/wp\/v2\/comments?post=1685"}],"version-history":[{"count":3,"href":"https:\/\/artotel.com\/de\/wp-json\/wp\/v2\/pages\/1685\/revisions"}],"predecessor-version":[{"id":133695,"href":"https:\/\/artotel.com\/de\/wp-json\/wp\/v2\/pages\/1685\/revisions\/133695"}],"wp:attachment":[{"href":"https:\/\/artotel.com\/de\/wp-json\/wp\/v2\/media?parent=1685"}],"wp:term":[{"taxonomy":"wf_page_folders","embeddable":true,"href":"https:\/\/artotel.com\/de\/wp-json\/wp\/v2\/wf_page_folders?post=1685"},{"taxonomy":"site","embeddable":true,"href":"https:\/\/artotel.com\/de\/wp-json\/wp\/v2\/site?post=1685"}],"curies":[{"name":"wp","href":"https:\/\/api.w.org\/{rel}","templated":true}]}}