    {"id":1702,"date":"2022-06-13T02:29:56","date_gmt":"2022-06-13T00:29:56","guid":{"rendered":"https:\/\/artotel2022.wpengine.com\/?page_id=1702"},"modified":"2025-07-01T17:00:44","modified_gmt":"2025-07-01T15:00:44","slug":"digitalen-serviceleistungen","status":"publish","type":"page","link":"https:\/\/artotel.com\/de\/digitalen-serviceleistungen\/","title":{"rendered":"Wonderpass"},"content":{"rendered":"","protected":false},"excerpt":{"rendered":"","protected":false},"author":2,"featured_media":0,"parent":0,"menu_order":3,"comment_status":"closed","ping_status":"closed","template":"","meta":{"_acf_changed":false,"footnotes":""},"wf_page_folders":[107],"site":[],"class_list":["post-1702","page","type-page","status-publish","hentry"],"acf":[],"yoast_head":"<!-- This site is optimized with the Yoast SEO plugin v24.9 - https:\/\/yoast.com\/wordpress\/plugins\/seo\/ -->\n<title>Nutze Deinen digitalen Begleiter WONDERPASS | art&#039;otel<\/title>\n<meta name=\"description\" content=\"Wonderpass ist Dein digitaler Begleiter. Alle Einrichtungen sind direkt zug\u00e4nglich. Vom Einchecken \u00fcber den digitalen Schl\u00fcssel bis zur Buchung und mehr.\" \/>\n<meta name=\"robots\" content=\"index, follow, max-snippet:-1, max-image-preview:large, max-video-preview:-1\" \/>\n<link rel=\"canonical\" href=\"https:\/\/artotel.com\/de\/digitalen-serviceleistungen\/\" \/>\n<meta property=\"og:locale\" content=\"de_DE\" \/>\n<meta property=\"og:type\" content=\"article\" \/>\n<meta property=\"og:title\" content=\"Nutze Deinen digitalen Begleiter WONDERPASS | art&#039;otel\" \/>\n<meta property=\"og:description\" content=\"Wonderpass ist Dein digitaler Begleiter. Alle Einrichtungen sind direkt zug\u00e4nglich. Vom Einchecken \u00fcber den digitalen Schl\u00fcssel bis zur Buchung und mehr.\" \/>\n<meta property=\"og:url\" content=\"https:\/\/artotel.com\/de\/digitalen-serviceleistungen\/\" \/>\n<meta property=\"og:site_name\" content=\"art&#039;otel\" \/>\n<meta property=\"article:modified_time\" content=\"2025-07-01T15:00:44+00:00\" \/>\n<meta property=\"og:image\" content=\"https:\/\/artotel.com\/wp-content\/uploads\/2025\/07\/2025-ARO-artotelrome-MasterpieceSuite-6-1-scaled.jpg\" \/>\n\t<meta property=\"og:image:width\" content=\"2560\" \/>\n\t<meta property=\"og:image:height\" content=\"1706\" \/>\n\t<meta property=\"og:image:type\" content=\"image\/jpeg\" \/>\n<meta name=\"twitter:card\" content=\"summary_large_image\" \/>\n<script type=\"application\/ld+json\" class=\"yoast-schema-graph\">{\"@context\":\"https:\/\/schema.org\",\"@graph\":[{\"@type\":\"WebPage\",\"@id\":\"https:\/\/artotel.com\/de\/digitalen-serviceleistungen\/\",\"url\":\"https:\/\/artotel.com\/de\/digitalen-serviceleistungen\/\",\"name\":\"Nutze Deinen digitalen Begleiter WONDERPASS | art&#039;otel\",\"isPartOf\":{\"@id\":\"https:\/\/artotel.com\/de\/#website\"},\"datePublished\":\"2022-06-13T00:29:56+00:00\",\"dateModified\":\"2025-07-01T15:00:44+00:00\",\"description\":\"Wonderpass ist Dein digitaler Begleiter. Alle Einrichtungen sind direkt zug\u00e4nglich. Vom Einchecken \u00fcber den digitalen Schl\u00fcssel bis zur Buchung und mehr.\",\"breadcrumb\":{\"@id\":\"https:\/\/artotel.com\/de\/digitalen-serviceleistungen\/#breadcrumb\"},\"inLanguage\":\"de\",\"potentialAction\":[{\"@type\":\"ReadAction\",\"target\":[\"https:\/\/artotel.com\/de\/digitalen-serviceleistungen\/\"]}]},{\"@type\":\"BreadcrumbList\",\"@id\":\"https:\/\/artotel.com\/de\/digitalen-serviceleistungen\/#breadcrumb\",\"itemListElement\":[{\"@type\":\"ListItem\",\"position\":1,\"name\":\"Home\",\"item\":\"https:\/\/artotel.com\/de\/\"},{\"@type\":\"ListItem\",\"position\":2,\"name\":\"Wonderpass\"}]},{\"@type\":\"WebSite\",\"@id\":\"https:\/\/artotel.com\/de\/#website\",\"url\":\"https:\/\/artotel.com\/de\/\",\"name\":\"art'otel\",\"description\":\"City centre hotels with a view\",\"potentialAction\":[{\"@type\":\"SearchAction\",\"target\":{\"@type\":\"EntryPoint\",\"urlTemplate\":\"https:\/\/artotel.com\/de\/?s={search_term_string}\"},\"query-input\":{\"@type\":\"PropertyValueSpecification\",\"valueRequired\":true,\"valueName\":\"search_term_string\"}}],\"inLanguage\":\"de\"}]}<\/script>\n<!-- \/ Yoast SEO plugin. -->","yoast_head_json":{"title":"Nutze Deinen digitalen Begleiter WONDERPASS | art&#039;otel","description":"Wonderpass ist Dein digitaler Begleiter. Alle Einrichtungen sind direkt zug\u00e4nglich. Vom Einchecken \u00fcber den digitalen Schl\u00fcssel bis zur Buchung und mehr.","robots":{"index":"index","follow":"follow","max-snippet":"max-snippet:-1","max-image-preview":"max-image-preview:large","max-video-preview":"max-video-preview:-1"},"canonical":"https:\/\/artotel.com\/de\/digitalen-serviceleistungen\/","og_locale":"de_DE","og_type":"article","og_title":"Nutze Deinen digitalen Begleiter WONDERPASS | art&#039;otel","og_description":"Wonderpass ist Dein digitaler Begleiter. Alle Einrichtungen sind direkt zug\u00e4nglich. Vom Einchecken \u00fcber den digitalen Schl\u00fcssel bis zur Buchung und mehr.","og_url":"https:\/\/artotel.com\/de\/digitalen-serviceleistungen\/","og_site_name":"art&#039;otel","article_modified_time":"2025-07-01T15:00:44+00:00","og_image":[{"width":2560,"height":1706,"url":"https:\/\/artotel.com\/wp-content\/uploads\/2025\/07\/2025-ARO-artotelrome-MasterpieceSuite-6-1-scaled.jpg","type":"image\/jpeg"}],"twitter_card":"summary_large_image","schema":{"@context":"https:\/\/schema.org","@graph":[{"@type":"WebPage","@id":"https:\/\/artotel.com\/de\/digitalen-serviceleistungen\/","url":"https:\/\/artotel.com\/de\/digitalen-serviceleistungen\/","name":"Nutze Deinen digitalen Begleiter WONDERPASS | art&#039;otel","isPartOf":{"@id":"https:\/\/artotel.com\/de\/#website"},"datePublished":"2022-06-13T00:29:56+00:00","dateModified":"2025-07-01T15:00:44+00:00","description":"Wonderpass ist Dein digitaler Begleiter. Alle Einrichtungen sind direkt zug\u00e4nglich. Vom Einchecken \u00fcber den digitalen Schl\u00fcssel bis zur Buchung und mehr.","breadcrumb":{"@id":"https:\/\/artotel.com\/de\/digitalen-serviceleistungen\/#breadcrumb"},"inLanguage":"de","potentialAction":[{"@type":"ReadAction","target":["https:\/\/artotel.com\/de\/digitalen-serviceleistungen\/"]}]},{"@type":"BreadcrumbList","@id":"https:\/\/artotel.com\/de\/digitalen-serviceleistungen\/#breadcrumb","itemListElement":[{"@type":"ListItem","position":1,"name":"Home","item":"https:\/\/artotel.com\/de\/"},{"@type":"ListItem","position":2,"name":"Wonderpass"}]},{"@type":"WebSite","@id":"https:\/\/artotel.com\/de\/#website","url":"https:\/\/artotel.com\/de\/","name":"art'otel","description":"City centre hotels with a view","potentialAction":[{"@type":"SearchAction","target":{"@type":"EntryPoint","urlTemplate":"https:\/\/artotel.com\/de\/?s={search_term_string}"},"query-input":{"@type":"PropertyValueSpecification","valueRequired":true,"valueName":"search_term_string"}}],"inLanguage":"de"}]}},"_links":{"self":[{"href":"https:\/\/artotel.com\/de\/wp-json\/wp\/v2\/pages\/1702","targetHints":{"allow":["GET"]}}],"collection":[{"href":"https:\/\/artotel.com\/de\/wp-json\/wp\/v2\/pages"}],"about":[{"href":"https:\/\/artotel.com\/de\/wp-json\/wp\/v2\/types\/page"}],"author":[{"embeddable":true,"href":"https:\/\/artotel.com\/de\/wp-json\/wp\/v2\/users\/2"}],"replies":[{"embeddable":true,"href":"https:\/\/artotel.com\/de\/wp-json\/wp\/v2\/comments?post=1702"}],"version-history":[{"count":1,"href":"https:\/\/artotel.com\/de\/wp-json\/wp\/v2\/pages\/1702\/revisions"}],"predecessor-version":[{"id":25754,"href":"https:\/\/artotel.com\/de\/wp-json\/wp\/v2\/pages\/1702\/revisions\/25754"}],"wp:attachment":[{"href":"https:\/\/artotel.com\/de\/wp-json\/wp\/v2\/media?parent=1702"}],"wp:term":[{"taxonomy":"wf_page_folders","embeddable":true,"href":"https:\/\/artotel.com\/de\/wp-json\/wp\/v2\/wf_page_folders?post=1702"},{"taxonomy":"site","embeddable":true,"href":"https:\/\/artotel.com\/de\/wp-json\/wp\/v2\/site?post=1702"}],"curies":[{"name":"wp","href":"https:\/\/api.w.org\/{rel}","templated":true}]}}