    {"id":37024,"date":"2025-03-12T13:14:02","date_gmt":"2025-03-12T12:14:02","guid":{"rendered":"https:\/\/artotel-url-restructure.tempurl.host\/hotels\/amsterdam\/radisson-rewards\/"},"modified":"2025-07-02T14:59:33","modified_gmt":"2025-07-02T12:59:33","slug":"radisson-rewards","status":"publish","type":"page","link":"https:\/\/artotel.com\/de\/hotels\/amsterdam\/central-amsterdam\/radisson-rewards\/","title":{"rendered":"Radisson Rewards"},"content":{"rendered":"","protected":false},"excerpt":{"rendered":"","protected":false},"author":29,"featured_media":0,"parent":41115,"menu_order":0,"comment_status":"closed","ping_status":"closed","template":"","meta":{"_acf_changed":false,"footnotes":""},"wf_page_folders":[109],"site":[108],"class_list":["post-37024","page","type-page","status-publish","hentry","site-amsterdam"],"acf":[],"yoast_head":"<!-- This site is optimized with the Yoast SEO plugin v24.9 - https:\/\/yoast.com\/wordpress\/plugins\/seo\/ -->\n<title>Radisson Rewards | art&#039;otel<\/title>\n<meta name=\"description\" content=\"Der Beitritt ist einfach und kostenlos, also z\u00f6gern Sie nicht - registrieren Sie sich jetzt f\u00fcr Radisson Rewards und erhalten Sie einen sofortigen Rabatt bei der Buchung \u00fcber art&#039;otel Amsterdam oder werden Sie Mitglied, indem Sie jetzt mit unserer &quot;Book and Join&quot;-Option buchen!\" \/>\n<meta name=\"robots\" content=\"index, follow, max-snippet:-1, max-image-preview:large, max-video-preview:-1\" \/>\n<link rel=\"canonical\" href=\"https:\/\/artotel.com\/de\/hotels\/amsterdam\/central-amsterdam\/radisson-rewards\/\" \/>\n<meta property=\"og:locale\" content=\"de_DE\" \/>\n<meta property=\"og:type\" content=\"article\" \/>\n<meta property=\"og:title\" content=\"Radisson rewards\" \/>\n<meta property=\"og:description\" content=\"Der Beitritt ist einfach und kostenlos, also z\u00f6gern Sie nicht - registrieren Sie sich jetzt f\u00fcr Radisson Rewards und erhalten Sie einen sofortigen Rabatt bei der Buchung \u00fcber art&#039;otel Amsterdam oder werden Sie Mitglied, indem Sie jetzt mit unserer &quot;Book and Join&quot;-Option buchen!\" \/>\n<meta property=\"og:url\" content=\"https:\/\/artotel.com\/de\/hotels\/amsterdam\/central-amsterdam\/radisson-rewards\/\" \/>\n<meta property=\"og:site_name\" content=\"art&#039;otel\" \/>\n<meta property=\"article:modified_time\" content=\"2025-07-02T12:59:33+00:00\" \/>\n<meta property=\"og:image\" content=\"https:\/\/artotel.com\/wp-content\/uploads\/2025\/07\/2025-ARO-artotelrome-MasterpieceSuite-6-1-scaled.jpg\" \/>\n\t<meta property=\"og:image:width\" content=\"2560\" \/>\n\t<meta property=\"og:image:height\" content=\"1706\" \/>\n\t<meta property=\"og:image:type\" content=\"image\/jpeg\" \/>\n<meta name=\"twitter:card\" content=\"summary_large_image\" \/>\n<meta name=\"twitter:title\" content=\"Radisson rewards\" \/>\n<meta name=\"twitter:description\" content=\"Der Beitritt ist einfach und kostenlos, also z\u00f6gern Sie nicht - registrieren Sie sich jetzt f\u00fcr Radisson Rewards und erhalten Sie einen sofortigen Rabatt bei der Buchung \u00fcber art&#039;otel Amsterdam oder werden Sie Mitglied, indem Sie jetzt mit unserer &quot;Book and Join&quot;-Option buchen!\" \/>\n<script type=\"application\/ld+json\" class=\"yoast-schema-graph\">{\"@context\":\"https:\/\/schema.org\",\"@graph\":[{\"@type\":\"WebPage\",\"@id\":\"https:\/\/artotel.com\/de\/hotels\/amsterdam\/central-amsterdam\/radisson-rewards\/\",\"url\":\"https:\/\/artotel.com\/de\/hotels\/amsterdam\/central-amsterdam\/radisson-rewards\/\",\"name\":\"Radisson Rewards | art&#039;otel\",\"isPartOf\":{\"@id\":\"https:\/\/artotel.com\/de\/#website\"},\"datePublished\":\"2025-03-12T12:14:02+00:00\",\"dateModified\":\"2025-07-02T12:59:33+00:00\",\"description\":\"Der Beitritt ist einfach und kostenlos, also z\u00f6gern Sie nicht - registrieren Sie sich jetzt f\u00fcr Radisson Rewards und erhalten Sie einen sofortigen Rabatt bei der Buchung \u00fcber art'otel Amsterdam oder werden Sie Mitglied, indem Sie jetzt mit unserer \\\"Book and Join\\\"-Option buchen!\",\"breadcrumb\":{\"@id\":\"https:\/\/artotel.com\/de\/hotels\/amsterdam\/central-amsterdam\/radisson-rewards\/#breadcrumb\"},\"inLanguage\":\"de\",\"potentialAction\":[{\"@type\":\"ReadAction\",\"target\":[\"https:\/\/artotel.com\/de\/hotels\/amsterdam\/central-amsterdam\/radisson-rewards\/\"]}]},{\"@type\":\"BreadcrumbList\",\"@id\":\"https:\/\/artotel.com\/de\/hotels\/amsterdam\/central-amsterdam\/radisson-rewards\/#breadcrumb\",\"itemListElement\":[{\"@type\":\"ListItem\",\"position\":1,\"name\":\"Home\",\"item\":\"https:\/\/artotel.com\/de\/\"},{\"@type\":\"ListItem\",\"position\":2,\"name\":\"Mall\",\"item\":\"https:\/\/artotel.com\/en\/blog\/site\/mall\/\"},{\"@type\":\"ListItem\",\"position\":3,\"name\":\"Hotels\",\"item\":\"https:\/\/artotel.com\/de\/hotels\/\"},{\"@type\":\"ListItem\",\"position\":4,\"name\":\"Amsterdam\",\"item\":\"https:\/\/artotel.com\/de\/hotels\/amsterdam\/\"},{\"@type\":\"ListItem\",\"position\":5,\"name\":\"Home\",\"item\":\"https:\/\/artotel.com\/de\/hotels\/amsterdam\/central-amsterdam\/\"},{\"@type\":\"ListItem\",\"position\":6,\"name\":\"Radisson Rewards\"}]},{\"@type\":\"WebSite\",\"@id\":\"https:\/\/artotel.com\/de\/#website\",\"url\":\"https:\/\/artotel.com\/de\/\",\"name\":\"art'otel\",\"description\":\"City centre hotels with a view\",\"potentialAction\":[{\"@type\":\"SearchAction\",\"target\":{\"@type\":\"EntryPoint\",\"urlTemplate\":\"https:\/\/artotel.com\/de\/?s={search_term_string}\"},\"query-input\":{\"@type\":\"PropertyValueSpecification\",\"valueRequired\":true,\"valueName\":\"search_term_string\"}}],\"inLanguage\":\"de\"}]}<\/script>\n<!-- \/ Yoast SEO plugin. -->","yoast_head_json":{"title":"Radisson Rewards | art&#039;otel","description":"Der Beitritt ist einfach und kostenlos, also z\u00f6gern Sie nicht - registrieren Sie sich jetzt f\u00fcr Radisson Rewards und erhalten Sie einen sofortigen Rabatt bei der Buchung \u00fcber art'otel Amsterdam oder werden Sie Mitglied, indem Sie jetzt mit unserer \"Book and Join\"-Option buchen!","robots":{"index":"index","follow":"follow","max-snippet":"max-snippet:-1","max-image-preview":"max-image-preview:large","max-video-preview":"max-video-preview:-1"},"canonical":"https:\/\/artotel.com\/de\/hotels\/amsterdam\/central-amsterdam\/radisson-rewards\/","og_locale":"de_DE","og_type":"article","og_title":"Radisson rewards","og_description":"Der Beitritt ist einfach und kostenlos, also z\u00f6gern Sie nicht - registrieren Sie sich jetzt f\u00fcr Radisson Rewards und erhalten Sie einen sofortigen Rabatt bei der Buchung \u00fcber art'otel Amsterdam oder werden Sie Mitglied, indem Sie jetzt mit unserer \"Book and Join\"-Option buchen!","og_url":"https:\/\/artotel.com\/de\/hotels\/amsterdam\/central-amsterdam\/radisson-rewards\/","og_site_name":"art&#039;otel","article_modified_time":"2025-07-02T12:59:33+00:00","og_image":[{"width":2560,"height":1706,"url":"https:\/\/artotel.com\/wp-content\/uploads\/2025\/07\/2025-ARO-artotelrome-MasterpieceSuite-6-1-scaled.jpg","type":"image\/jpeg"}],"twitter_card":"summary_large_image","twitter_title":"Radisson rewards","twitter_description":"Der Beitritt ist einfach und kostenlos, also z\u00f6gern Sie nicht - registrieren Sie sich jetzt f\u00fcr Radisson Rewards und erhalten Sie einen sofortigen Rabatt bei der Buchung \u00fcber art'otel Amsterdam oder werden Sie Mitglied, indem Sie jetzt mit unserer \"Book and Join\"-Option buchen!","schema":{"@context":"https:\/\/schema.org","@graph":[{"@type":"WebPage","@id":"https:\/\/artotel.com\/de\/hotels\/amsterdam\/central-amsterdam\/radisson-rewards\/","url":"https:\/\/artotel.com\/de\/hotels\/amsterdam\/central-amsterdam\/radisson-rewards\/","name":"Radisson Rewards | art&#039;otel","isPartOf":{"@id":"https:\/\/artotel.com\/de\/#website"},"datePublished":"2025-03-12T12:14:02+00:00","dateModified":"2025-07-02T12:59:33+00:00","description":"Der Beitritt ist einfach und kostenlos, also z\u00f6gern Sie nicht - registrieren Sie sich jetzt f\u00fcr Radisson Rewards und erhalten Sie einen sofortigen Rabatt bei der Buchung \u00fcber art'otel Amsterdam oder werden Sie Mitglied, indem Sie jetzt mit unserer \"Book and Join\"-Option buchen!","breadcrumb":{"@id":"https:\/\/artotel.com\/de\/hotels\/amsterdam\/central-amsterdam\/radisson-rewards\/#breadcrumb"},"inLanguage":"de","potentialAction":[{"@type":"ReadAction","target":["https:\/\/artotel.com\/de\/hotels\/amsterdam\/central-amsterdam\/radisson-rewards\/"]}]},{"@type":"BreadcrumbList","@id":"https:\/\/artotel.com\/de\/hotels\/amsterdam\/central-amsterdam\/radisson-rewards\/#breadcrumb","itemListElement":[{"@type":"ListItem","position":1,"name":"Home","item":"https:\/\/artotel.com\/de\/"},{"@type":"ListItem","position":2,"name":"Mall","item":"https:\/\/artotel.com\/en\/blog\/site\/mall\/"},{"@type":"ListItem","position":3,"name":"Hotels","item":"https:\/\/artotel.com\/de\/hotels\/"},{"@type":"ListItem","position":4,"name":"Amsterdam","item":"https:\/\/artotel.com\/de\/hotels\/amsterdam\/"},{"@type":"ListItem","position":5,"name":"Home","item":"https:\/\/artotel.com\/de\/hotels\/amsterdam\/central-amsterdam\/"},{"@type":"ListItem","position":6,"name":"Radisson Rewards"}]},{"@type":"WebSite","@id":"https:\/\/artotel.com\/de\/#website","url":"https:\/\/artotel.com\/de\/","name":"art'otel","description":"City centre hotels with a view","potentialAction":[{"@type":"SearchAction","target":{"@type":"EntryPoint","urlTemplate":"https:\/\/artotel.com\/de\/?s={search_term_string}"},"query-input":{"@type":"PropertyValueSpecification","valueRequired":true,"valueName":"search_term_string"}}],"inLanguage":"de"}]}},"_links":{"self":[{"href":"https:\/\/artotel.com\/de\/wp-json\/wp\/v2\/pages\/37024","targetHints":{"allow":["GET"]}}],"collection":[{"href":"https:\/\/artotel.com\/de\/wp-json\/wp\/v2\/pages"}],"about":[{"href":"https:\/\/artotel.com\/de\/wp-json\/wp\/v2\/types\/page"}],"author":[{"embeddable":true,"href":"https:\/\/artotel.com\/de\/wp-json\/wp\/v2\/users\/29"}],"replies":[{"embeddable":true,"href":"https:\/\/artotel.com\/de\/wp-json\/wp\/v2\/comments?post=37024"}],"version-history":[{"count":1,"href":"https:\/\/artotel.com\/de\/wp-json\/wp\/v2\/pages\/37024\/revisions"}],"predecessor-version":[{"id":57033,"href":"https:\/\/artotel.com\/de\/wp-json\/wp\/v2\/pages\/37024\/revisions\/57033"}],"up":[{"embeddable":true,"href":"https:\/\/artotel.com\/de\/wp-json\/wp\/v2\/pages\/41115"}],"wp:attachment":[{"href":"https:\/\/artotel.com\/de\/wp-json\/wp\/v2\/media?parent=37024"}],"wp:term":[{"taxonomy":"wf_page_folders","embeddable":true,"href":"https:\/\/artotel.com\/de\/wp-json\/wp\/v2\/wf_page_folders?post=37024"},{"taxonomy":"site","embeddable":true,"href":"https:\/\/artotel.com\/de\/wp-json\/wp\/v2\/site?post=37024"}],"curies":[{"name":"wp","href":"https:\/\/api.w.org\/{rel}","templated":true}]}}