    {"id":43661,"date":"2024-09-03T16:08:41","date_gmt":"2024-09-03T14:08:41","guid":{"rendered":"https:\/\/artotel-url-restructure.tempurl.host\/hotels\/amsterdam\/tagungen-und-veranstaltungen\/"},"modified":"2026-03-18T14:52:44","modified_gmt":"2026-03-18T13:52:44","slug":"tagungen-und-veranstaltungen","status":"publish","type":"page","link":"https:\/\/artotel.com\/de\/hotels\/amsterdam\/central-amsterdam\/tagungen-und-veranstaltungen\/","title":{"rendered":"Tagungen und Veranstaltungen"},"content":{"rendered":"","protected":false},"excerpt":{"rendered":"","protected":false},"author":29,"featured_media":0,"parent":41115,"menu_order":0,"comment_status":"closed","ping_status":"closed","template":"","meta":{"_acf_changed":false,"footnotes":""},"wf_page_folders":[109],"site":[108],"class_list":["post-43661","page","type-page","status-publish","hentry","site-amsterdam"],"acf":[],"yoast_head":"<!-- This site is optimized with the Yoast SEO plugin v24.9 - https:\/\/yoast.com\/wordpress\/plugins\/seo\/ -->\n<title>Tagungen und Veranstaltungen | art&#039;otel<\/title>\n<meta name=\"description\" content=\"Entdecken Sie die kreativsten Veranstaltungsr\u00e4ume, darunter eine echte Kunstgalerie im Zentrum von Amsterdam. Informieren Sie sich hier \u00fcber unser Angebot an inspirierenden R\u00e4umen.\" \/>\n<meta name=\"robots\" content=\"index, follow, max-snippet:-1, max-image-preview:large, max-video-preview:-1\" \/>\n<link rel=\"canonical\" href=\"https:\/\/artotel.com\/de\/hotels\/amsterdam\/central-amsterdam\/tagungen-und-veranstaltungen\/\" \/>\n<meta property=\"og:locale\" content=\"de_DE\" \/>\n<meta property=\"og:type\" content=\"article\" \/>\n<meta property=\"og:title\" content=\"Tagen und feiern Sie Ihre n\u00e4chste Veranstaltung bei uns | art&#039;otel Amsterdam\" \/>\n<meta property=\"og:description\" content=\"Entdecken Sie die kreativsten Veranstaltungsr\u00e4ume, darunter eine echte Kunstgalerie im Zentrum von Amsterdam. Informieren Sie sich hier \u00fcber unser Angebot an inspirierenden R\u00e4umen.\" \/>\n<meta property=\"og:url\" content=\"https:\/\/artotel.com\/de\/hotels\/amsterdam\/central-amsterdam\/tagungen-und-veranstaltungen\/\" \/>\n<meta property=\"og:site_name\" content=\"art&#039;otel\" \/>\n<meta property=\"article:modified_time\" content=\"2026-03-18T13:52:44+00:00\" \/>\n<meta property=\"og:image\" content=\"https:\/\/artotel.com\/wp-content\/uploads\/2026\/03\/2024-ARCA-PRIVATE-DINING-3-scaled-1024x683-1.jpg\" \/>\n\t<meta property=\"og:image:width\" content=\"1024\" \/>\n\t<meta property=\"og:image:height\" content=\"683\" \/>\n\t<meta property=\"og:image:type\" content=\"image\/jpeg\" \/>\n<meta name=\"twitter:card\" content=\"summary_large_image\" \/>\n<meta name=\"twitter:title\" content=\"Tagen und feiern Sie Ihre n\u00e4chste Veranstaltung bei uns | art&#039;otel Amsterdam\" \/>\n<meta name=\"twitter:description\" content=\"Entdecken Sie die kreativsten Veranstaltungsr\u00e4ume, darunter eine echte Kunstgalerie im Zentrum von Amsterdam. Informieren Sie sich hier \u00fcber unser Angebot an inspirierenden R\u00e4umen.\" \/>\n<meta name=\"twitter:image\" content=\"https:\/\/artotel.com\/wp-content\/uploads\/2026\/03\/2024-ARCA-PRIVATE-DINING-3-scaled-1024x683-1.jpg\" \/>\n<script type=\"application\/ld+json\" class=\"yoast-schema-graph\">{\"@context\":\"https:\/\/schema.org\",\"@graph\":[{\"@type\":\"WebPage\",\"@id\":\"https:\/\/artotel.com\/de\/hotels\/amsterdam\/central-amsterdam\/tagungen-und-veranstaltungen\/\",\"url\":\"https:\/\/artotel.com\/de\/hotels\/amsterdam\/central-amsterdam\/tagungen-und-veranstaltungen\/\",\"name\":\"Tagungen und Veranstaltungen | art&#039;otel\",\"isPartOf\":{\"@id\":\"https:\/\/artotel.com\/de\/#website\"},\"datePublished\":\"2024-09-03T14:08:41+00:00\",\"dateModified\":\"2026-03-18T13:52:44+00:00\",\"description\":\"Entdecken Sie die kreativsten Veranstaltungsr\u00e4ume, darunter eine echte Kunstgalerie im Zentrum von Amsterdam. Informieren Sie sich hier \u00fcber unser Angebot an inspirierenden R\u00e4umen.\",\"breadcrumb\":{\"@id\":\"https:\/\/artotel.com\/de\/hotels\/amsterdam\/central-amsterdam\/tagungen-und-veranstaltungen\/#breadcrumb\"},\"inLanguage\":\"de\",\"potentialAction\":[{\"@type\":\"ReadAction\",\"target\":[\"https:\/\/artotel.com\/de\/hotels\/amsterdam\/central-amsterdam\/tagungen-und-veranstaltungen\/\"]}]},{\"@type\":\"BreadcrumbList\",\"@id\":\"https:\/\/artotel.com\/de\/hotels\/amsterdam\/central-amsterdam\/tagungen-und-veranstaltungen\/#breadcrumb\",\"itemListElement\":[{\"@type\":\"ListItem\",\"position\":1,\"name\":\"Home\",\"item\":\"https:\/\/artotel.com\/de\/\"},{\"@type\":\"ListItem\",\"position\":2,\"name\":\"Mall\",\"item\":\"https:\/\/artotel.com\/en\/blog\/site\/mall\/\"},{\"@type\":\"ListItem\",\"position\":3,\"name\":\"Hotels\",\"item\":\"https:\/\/artotel.com\/de\/hotels\/\"},{\"@type\":\"ListItem\",\"position\":4,\"name\":\"Amsterdam\",\"item\":\"https:\/\/artotel.com\/de\/hotels\/amsterdam\/\"},{\"@type\":\"ListItem\",\"position\":5,\"name\":\"Home\",\"item\":\"https:\/\/artotel.com\/de\/hotels\/amsterdam\/central-amsterdam\/\"},{\"@type\":\"ListItem\",\"position\":6,\"name\":\"Tagungen und Veranstaltungen\"}]},{\"@type\":\"WebSite\",\"@id\":\"https:\/\/artotel.com\/de\/#website\",\"url\":\"https:\/\/artotel.com\/de\/\",\"name\":\"art'otel\",\"description\":\"City centre hotels with a view\",\"potentialAction\":[{\"@type\":\"SearchAction\",\"target\":{\"@type\":\"EntryPoint\",\"urlTemplate\":\"https:\/\/artotel.com\/de\/?s={search_term_string}\"},\"query-input\":{\"@type\":\"PropertyValueSpecification\",\"valueRequired\":true,\"valueName\":\"search_term_string\"}}],\"inLanguage\":\"de\"}]}<\/script>\n<!-- \/ Yoast SEO plugin. -->","yoast_head_json":{"title":"Tagungen und Veranstaltungen | art&#039;otel","description":"Entdecken Sie die kreativsten Veranstaltungsr\u00e4ume, darunter eine echte Kunstgalerie im Zentrum von Amsterdam. Informieren Sie sich hier \u00fcber unser Angebot an inspirierenden R\u00e4umen.","robots":{"index":"index","follow":"follow","max-snippet":"max-snippet:-1","max-image-preview":"max-image-preview:large","max-video-preview":"max-video-preview:-1"},"canonical":"https:\/\/artotel.com\/de\/hotels\/amsterdam\/central-amsterdam\/tagungen-und-veranstaltungen\/","og_locale":"de_DE","og_type":"article","og_title":"Tagen und feiern Sie Ihre n\u00e4chste Veranstaltung bei uns | art'otel Amsterdam","og_description":"Entdecken Sie die kreativsten Veranstaltungsr\u00e4ume, darunter eine echte Kunstgalerie im Zentrum von Amsterdam. Informieren Sie sich hier \u00fcber unser Angebot an inspirierenden R\u00e4umen.","og_url":"https:\/\/artotel.com\/de\/hotels\/amsterdam\/central-amsterdam\/tagungen-und-veranstaltungen\/","og_site_name":"art&#039;otel","article_modified_time":"2026-03-18T13:52:44+00:00","og_image":[{"width":1024,"height":683,"url":"https:\/\/artotel.com\/wp-content\/uploads\/2026\/03\/2024-ARCA-PRIVATE-DINING-3-scaled-1024x683-1.jpg","type":"image\/jpeg"}],"twitter_card":"summary_large_image","twitter_title":"Tagen und feiern Sie Ihre n\u00e4chste Veranstaltung bei uns | art'otel Amsterdam","twitter_description":"Entdecken Sie die kreativsten Veranstaltungsr\u00e4ume, darunter eine echte Kunstgalerie im Zentrum von Amsterdam. Informieren Sie sich hier \u00fcber unser Angebot an inspirierenden R\u00e4umen.","twitter_image":"https:\/\/artotel.com\/wp-content\/uploads\/2026\/03\/2024-ARCA-PRIVATE-DINING-3-scaled-1024x683-1.jpg","schema":{"@context":"https:\/\/schema.org","@graph":[{"@type":"WebPage","@id":"https:\/\/artotel.com\/de\/hotels\/amsterdam\/central-amsterdam\/tagungen-und-veranstaltungen\/","url":"https:\/\/artotel.com\/de\/hotels\/amsterdam\/central-amsterdam\/tagungen-und-veranstaltungen\/","name":"Tagungen und Veranstaltungen | art&#039;otel","isPartOf":{"@id":"https:\/\/artotel.com\/de\/#website"},"datePublished":"2024-09-03T14:08:41+00:00","dateModified":"2026-03-18T13:52:44+00:00","description":"Entdecken Sie die kreativsten Veranstaltungsr\u00e4ume, darunter eine echte Kunstgalerie im Zentrum von Amsterdam. Informieren Sie sich hier \u00fcber unser Angebot an inspirierenden R\u00e4umen.","breadcrumb":{"@id":"https:\/\/artotel.com\/de\/hotels\/amsterdam\/central-amsterdam\/tagungen-und-veranstaltungen\/#breadcrumb"},"inLanguage":"de","potentialAction":[{"@type":"ReadAction","target":["https:\/\/artotel.com\/de\/hotels\/amsterdam\/central-amsterdam\/tagungen-und-veranstaltungen\/"]}]},{"@type":"BreadcrumbList","@id":"https:\/\/artotel.com\/de\/hotels\/amsterdam\/central-amsterdam\/tagungen-und-veranstaltungen\/#breadcrumb","itemListElement":[{"@type":"ListItem","position":1,"name":"Home","item":"https:\/\/artotel.com\/de\/"},{"@type":"ListItem","position":2,"name":"Mall","item":"https:\/\/artotel.com\/en\/blog\/site\/mall\/"},{"@type":"ListItem","position":3,"name":"Hotels","item":"https:\/\/artotel.com\/de\/hotels\/"},{"@type":"ListItem","position":4,"name":"Amsterdam","item":"https:\/\/artotel.com\/de\/hotels\/amsterdam\/"},{"@type":"ListItem","position":5,"name":"Home","item":"https:\/\/artotel.com\/de\/hotels\/amsterdam\/central-amsterdam\/"},{"@type":"ListItem","position":6,"name":"Tagungen und Veranstaltungen"}]},{"@type":"WebSite","@id":"https:\/\/artotel.com\/de\/#website","url":"https:\/\/artotel.com\/de\/","name":"art'otel","description":"City centre hotels with a view","potentialAction":[{"@type":"SearchAction","target":{"@type":"EntryPoint","urlTemplate":"https:\/\/artotel.com\/de\/?s={search_term_string}"},"query-input":{"@type":"PropertyValueSpecification","valueRequired":true,"valueName":"search_term_string"}}],"inLanguage":"de"}]}},"_links":{"self":[{"href":"https:\/\/artotel.com\/de\/wp-json\/wp\/v2\/pages\/43661","targetHints":{"allow":["GET"]}}],"collection":[{"href":"https:\/\/artotel.com\/de\/wp-json\/wp\/v2\/pages"}],"about":[{"href":"https:\/\/artotel.com\/de\/wp-json\/wp\/v2\/types\/page"}],"author":[{"embeddable":true,"href":"https:\/\/artotel.com\/de\/wp-json\/wp\/v2\/users\/29"}],"replies":[{"embeddable":true,"href":"https:\/\/artotel.com\/de\/wp-json\/wp\/v2\/comments?post=43661"}],"version-history":[{"count":5,"href":"https:\/\/artotel.com\/de\/wp-json\/wp\/v2\/pages\/43661\/revisions"}],"predecessor-version":[{"id":168492,"href":"https:\/\/artotel.com\/de\/wp-json\/wp\/v2\/pages\/43661\/revisions\/168492"}],"up":[{"embeddable":true,"href":"https:\/\/artotel.com\/de\/wp-json\/wp\/v2\/pages\/41115"}],"wp:attachment":[{"href":"https:\/\/artotel.com\/de\/wp-json\/wp\/v2\/media?parent=43661"}],"wp:term":[{"taxonomy":"wf_page_folders","embeddable":true,"href":"https:\/\/artotel.com\/de\/wp-json\/wp\/v2\/wf_page_folders?post=43661"},{"taxonomy":"site","embeddable":true,"href":"https:\/\/artotel.com\/de\/wp-json\/wp\/v2\/site?post=43661"}],"curies":[{"name":"wp","href":"https:\/\/api.w.org\/{rel}","templated":true}]}}