    {"id":52523,"date":"2022-08-01T12:12:54","date_gmt":"2022-08-01T10:12:54","guid":{"rendered":"https:\/\/artotel-url-restructure.tempurl.host\/hotels\/amsterdam\/kunstgalerie\/"},"modified":"2025-07-30T21:20:16","modified_gmt":"2025-07-30T19:20:16","slug":"kunstgalerie","status":"publish","type":"page","link":"https:\/\/artotel.com\/de\/hotels\/amsterdam\/central-amsterdam\/kunstgalerie\/","title":{"rendered":"Kunstgalerie"},"content":{"rendered":"","protected":false},"excerpt":{"rendered":"","protected":false},"author":29,"featured_media":0,"parent":41115,"menu_order":0,"comment_status":"closed","ping_status":"closed","template":"","meta":{"_acf_changed":false,"footnotes":""},"wf_page_folders":[109],"site":[108],"class_list":["post-52523","page","type-page","status-publish","hentry","site-amsterdam"],"acf":[],"yoast_head":"<!-- This site is optimized with the Yoast SEO plugin v24.9 - https:\/\/yoast.com\/wordpress\/plugins\/seo\/ -->\n<title>Erkundet die aktuelle Ausstellung in der art\u2019otel Galerie | art&#039;otel<\/title>\n<meta name=\"description\" content=\"In unserer einzigartigen Galerie stellen zeitgen\u00f6ssische K\u00fcnstler ihre Werke aus. Hier erfahrt Ihr alles Wissenswerte \u00fcber unsere aktuelle Ausstellung.\" \/>\n<meta name=\"robots\" content=\"index, follow, max-snippet:-1, max-image-preview:large, max-video-preview:-1\" \/>\n<link rel=\"canonical\" href=\"https:\/\/artotel.com\/de\/hotels\/amsterdam\/central-amsterdam\/kunstgalerie\/\" \/>\n<meta property=\"og:locale\" content=\"de_DE\" \/>\n<meta property=\"og:type\" content=\"article\" \/>\n<meta property=\"og:title\" content=\"Explore the art&#039;otel Gallery &amp; latest exhibition | art&#039;otel Amsterdam\" \/>\n<meta property=\"og:description\" content=\"The art&#039;otel Gallery is home to ever-changing exhibitions and art-inspired events. Find out about our latest exhibition here.\" \/>\n<meta property=\"og:url\" content=\"https:\/\/artotel.com\/de\/hotels\/amsterdam\/central-amsterdam\/kunstgalerie\/\" \/>\n<meta property=\"og:site_name\" content=\"art&#039;otel\" \/>\n<meta property=\"article:modified_time\" content=\"2025-07-30T19:20:16+00:00\" \/>\n<meta property=\"og:image\" content=\"https:\/\/artotel.com\/wp-content\/uploads\/2024\/08\/artotel-zagreb-woman-on-crosswalk.jpg\" \/>\n\t<meta property=\"og:image:width\" content=\"1920\" \/>\n\t<meta property=\"og:image:height\" content=\"1080\" \/>\n\t<meta property=\"og:image:type\" content=\"image\/jpeg\" \/>\n<meta name=\"twitter:card\" content=\"summary_large_image\" \/>\n<meta name=\"twitter:title\" content=\"Explore the art&#039;otel Gallery &amp; latest exhibition | art&#039;otel Amsterdam\" \/>\n<meta name=\"twitter:description\" content=\"The art&#039;otel Gallery is home to ever-changing exhibitions and art-inspired events. Find out about our latest exhibition here.\" \/>\n<meta name=\"twitter:image\" content=\"https:\/\/artotel.com\/wp-content\/uploads\/2024\/08\/artotel-zagreb-woman-on-crosswalk.jpg\" \/>\n<script type=\"application\/ld+json\" class=\"yoast-schema-graph\">{\"@context\":\"https:\/\/schema.org\",\"@graph\":[{\"@type\":\"WebPage\",\"@id\":\"https:\/\/artotel.com\/de\/hotels\/amsterdam\/central-amsterdam\/kunstgalerie\/\",\"url\":\"https:\/\/artotel.com\/de\/hotels\/amsterdam\/central-amsterdam\/kunstgalerie\/\",\"name\":\"Erkundet die aktuelle Ausstellung in der art\u2019otel Galerie | art&#039;otel\",\"isPartOf\":{\"@id\":\"https:\/\/artotel.com\/de\/#website\"},\"datePublished\":\"2022-08-01T10:12:54+00:00\",\"dateModified\":\"2025-07-30T19:20:16+00:00\",\"description\":\"In unserer einzigartigen Galerie stellen zeitgen\u00f6ssische K\u00fcnstler ihre Werke aus. Hier erfahrt Ihr alles Wissenswerte \u00fcber unsere aktuelle Ausstellung.\",\"breadcrumb\":{\"@id\":\"https:\/\/artotel.com\/de\/hotels\/amsterdam\/central-amsterdam\/kunstgalerie\/#breadcrumb\"},\"inLanguage\":\"de\",\"potentialAction\":[{\"@type\":\"ReadAction\",\"target\":[\"https:\/\/artotel.com\/de\/hotels\/amsterdam\/central-amsterdam\/kunstgalerie\/\"]}]},{\"@type\":\"BreadcrumbList\",\"@id\":\"https:\/\/artotel.com\/de\/hotels\/amsterdam\/central-amsterdam\/kunstgalerie\/#breadcrumb\",\"itemListElement\":[{\"@type\":\"ListItem\",\"position\":1,\"name\":\"Home\",\"item\":\"https:\/\/artotel.com\/de\/\"},{\"@type\":\"ListItem\",\"position\":2,\"name\":\"Mall\",\"item\":\"https:\/\/artotel.com\/en\/blog\/site\/mall\/\"},{\"@type\":\"ListItem\",\"position\":3,\"name\":\"Hotels\",\"item\":\"https:\/\/artotel.com\/de\/hotels\/\"},{\"@type\":\"ListItem\",\"position\":4,\"name\":\"Amsterdam\",\"item\":\"https:\/\/artotel.com\/de\/hotels\/amsterdam\/\"},{\"@type\":\"ListItem\",\"position\":5,\"name\":\"Home\",\"item\":\"https:\/\/artotel.com\/de\/hotels\/amsterdam\/central-amsterdam\/\"},{\"@type\":\"ListItem\",\"position\":6,\"name\":\"Kunstgalerie\"}]},{\"@type\":\"WebSite\",\"@id\":\"https:\/\/artotel.com\/de\/#website\",\"url\":\"https:\/\/artotel.com\/de\/\",\"name\":\"art'otel\",\"description\":\"City centre hotels with a view\",\"potentialAction\":[{\"@type\":\"SearchAction\",\"target\":{\"@type\":\"EntryPoint\",\"urlTemplate\":\"https:\/\/artotel.com\/de\/?s={search_term_string}\"},\"query-input\":{\"@type\":\"PropertyValueSpecification\",\"valueRequired\":true,\"valueName\":\"search_term_string\"}}],\"inLanguage\":\"de\"}]}<\/script>\n<!-- \/ Yoast SEO plugin. -->","yoast_head_json":{"title":"Erkundet die aktuelle Ausstellung in der art\u2019otel Galerie | art&#039;otel","description":"In unserer einzigartigen Galerie stellen zeitgen\u00f6ssische K\u00fcnstler ihre Werke aus. Hier erfahrt Ihr alles Wissenswerte \u00fcber unsere aktuelle Ausstellung.","robots":{"index":"index","follow":"follow","max-snippet":"max-snippet:-1","max-image-preview":"max-image-preview:large","max-video-preview":"max-video-preview:-1"},"canonical":"https:\/\/artotel.com\/de\/hotels\/amsterdam\/central-amsterdam\/kunstgalerie\/","og_locale":"de_DE","og_type":"article","og_title":"Explore the art'otel Gallery & latest exhibition | art'otel Amsterdam","og_description":"The art'otel Gallery is home to ever-changing exhibitions and art-inspired events. Find out about our latest exhibition here.","og_url":"https:\/\/artotel.com\/de\/hotels\/amsterdam\/central-amsterdam\/kunstgalerie\/","og_site_name":"art&#039;otel","article_modified_time":"2025-07-30T19:20:16+00:00","og_image":[{"width":1920,"height":1080,"url":"https:\/\/artotel.com\/wp-content\/uploads\/2024\/08\/artotel-zagreb-woman-on-crosswalk.jpg","type":"image\/jpeg"}],"twitter_card":"summary_large_image","twitter_title":"Explore the art'otel Gallery & latest exhibition | art'otel Amsterdam","twitter_description":"The art'otel Gallery is home to ever-changing exhibitions and art-inspired events. Find out about our latest exhibition here.","twitter_image":"https:\/\/artotel.com\/wp-content\/uploads\/2024\/08\/artotel-zagreb-woman-on-crosswalk.jpg","schema":{"@context":"https:\/\/schema.org","@graph":[{"@type":"WebPage","@id":"https:\/\/artotel.com\/de\/hotels\/amsterdam\/central-amsterdam\/kunstgalerie\/","url":"https:\/\/artotel.com\/de\/hotels\/amsterdam\/central-amsterdam\/kunstgalerie\/","name":"Erkundet die aktuelle Ausstellung in der art\u2019otel Galerie | art&#039;otel","isPartOf":{"@id":"https:\/\/artotel.com\/de\/#website"},"datePublished":"2022-08-01T10:12:54+00:00","dateModified":"2025-07-30T19:20:16+00:00","description":"In unserer einzigartigen Galerie stellen zeitgen\u00f6ssische K\u00fcnstler ihre Werke aus. Hier erfahrt Ihr alles Wissenswerte \u00fcber unsere aktuelle Ausstellung.","breadcrumb":{"@id":"https:\/\/artotel.com\/de\/hotels\/amsterdam\/central-amsterdam\/kunstgalerie\/#breadcrumb"},"inLanguage":"de","potentialAction":[{"@type":"ReadAction","target":["https:\/\/artotel.com\/de\/hotels\/amsterdam\/central-amsterdam\/kunstgalerie\/"]}]},{"@type":"BreadcrumbList","@id":"https:\/\/artotel.com\/de\/hotels\/amsterdam\/central-amsterdam\/kunstgalerie\/#breadcrumb","itemListElement":[{"@type":"ListItem","position":1,"name":"Home","item":"https:\/\/artotel.com\/de\/"},{"@type":"ListItem","position":2,"name":"Mall","item":"https:\/\/artotel.com\/en\/blog\/site\/mall\/"},{"@type":"ListItem","position":3,"name":"Hotels","item":"https:\/\/artotel.com\/de\/hotels\/"},{"@type":"ListItem","position":4,"name":"Amsterdam","item":"https:\/\/artotel.com\/de\/hotels\/amsterdam\/"},{"@type":"ListItem","position":5,"name":"Home","item":"https:\/\/artotel.com\/de\/hotels\/amsterdam\/central-amsterdam\/"},{"@type":"ListItem","position":6,"name":"Kunstgalerie"}]},{"@type":"WebSite","@id":"https:\/\/artotel.com\/de\/#website","url":"https:\/\/artotel.com\/de\/","name":"art'otel","description":"City centre hotels with a view","potentialAction":[{"@type":"SearchAction","target":{"@type":"EntryPoint","urlTemplate":"https:\/\/artotel.com\/de\/?s={search_term_string}"},"query-input":{"@type":"PropertyValueSpecification","valueRequired":true,"valueName":"search_term_string"}}],"inLanguage":"de"}]}},"_links":{"self":[{"href":"https:\/\/artotel.com\/de\/wp-json\/wp\/v2\/pages\/52523","targetHints":{"allow":["GET"]}}],"collection":[{"href":"https:\/\/artotel.com\/de\/wp-json\/wp\/v2\/pages"}],"about":[{"href":"https:\/\/artotel.com\/de\/wp-json\/wp\/v2\/types\/page"}],"author":[{"embeddable":true,"href":"https:\/\/artotel.com\/de\/wp-json\/wp\/v2\/users\/29"}],"replies":[{"embeddable":true,"href":"https:\/\/artotel.com\/de\/wp-json\/wp\/v2\/comments?post=52523"}],"version-history":[{"count":4,"href":"https:\/\/artotel.com\/de\/wp-json\/wp\/v2\/pages\/52523\/revisions"}],"predecessor-version":[{"id":134130,"href":"https:\/\/artotel.com\/de\/wp-json\/wp\/v2\/pages\/52523\/revisions\/134130"}],"up":[{"embeddable":true,"href":"https:\/\/artotel.com\/de\/wp-json\/wp\/v2\/pages\/41115"}],"wp:attachment":[{"href":"https:\/\/artotel.com\/de\/wp-json\/wp\/v2\/media?parent=52523"}],"wp:term":[{"taxonomy":"wf_page_folders","embeddable":true,"href":"https:\/\/artotel.com\/de\/wp-json\/wp\/v2\/wf_page_folders?post=52523"},{"taxonomy":"site","embeddable":true,"href":"https:\/\/artotel.com\/de\/wp-json\/wp\/v2\/site?post=52523"}],"curies":[{"name":"wp","href":"https:\/\/api.w.org\/{rel}","templated":true}]}}