    {"id":68777,"date":"2023-04-20T09:38:07","date_gmt":"2023-04-20T07:38:07","guid":{"rendered":"https:\/\/artotel-url-restructure.tempurl.host\/hotels\/home\/"},"modified":"2026-03-27T12:13:02","modified_gmt":"2026-03-27T11:13:02","slug":"piazza-sallustio","status":"publish","type":"page","link":"https:\/\/artotel.com\/de\/hotels\/rome\/piazza-sallustio\/","title":{"rendered":"Home"},"content":{"rendered":"\r\n<p>Dies ist eine Beispielseite. Sie unterscheidet sich von einem Blogbeitrag, da sie immer an derselben Stelle verbleibt und in Ihrer Seitennavigation angezeigt wird (bei den meisten Themen). Die meisten Menschen beginnen mit einer \u201eAbout\u201c-Seite, die sie potenziellen Besuchern der Website vorstellt. Sie k\u00f6nnte etwa folgenden Text haben:<\/p>\r\n\r\n\r\n\r\n<blockquote class=\"wp-block-quote is-layout-flow wp-block-quote-is-layout-flow\">\r\n<p>Hallo! Tags\u00fcber bin ich Fahrradkurier, abends angehender Schauspieler, und dies ist meine Website. Ich wohne in Los Angeles, habe einen tollen Hund namens Jack und ich mag Pi\u00f1a Colada. (Und vom Regen erwischt zu werden.)<\/p>\r\n<\/blockquote>\r\n\r\n\r\n\r\n<p>&#8230; oder etwas wie:<\/p>\r\n\r\n\r\n\r\n<blockquote class=\"wp-block-quote is-layout-flow wp-block-quote-is-layout-flow\">\r\n<p>Die Firma XYZ Firlefanz wurde 1971 gegr\u00fcndet und bietet seitdem der \u00d6ffentlichkeit hochwertigen Firlefanz an. XYZ mit Sitz in Gotham City besch\u00e4ftigt \u00fcber 2.000 Mitarbeiter und leistet alle m\u00f6glichen gro\u00dfartigen Dienste f\u00fcr die Gotham-Community.<\/p>\r\n<\/blockquote>\r\n\r\n\r\n\r\n<p>Als neuer WordPress-Benutzer sollten Sie zu <a href=\"https:\/\/artotel.com\/rome\/wp-admin\/\" class=\"broken_link\">Ihrem Dashboard<\/a> gehen, um diese Seite zu l\u00f6schen und neue Seiten f\u00fcr Ihren Content zu erstellen. Viel Spa\u00df!<\/p>\r\n\r\n<p>&nbsp;<\/p>","protected":false},"excerpt":{"rendered":"<p>Dies ist eine Beispielseite. Sie unterscheidet sich von einem Blogbeitrag, da sie immer an derselben Stelle verbleibt und in Ihrer Seitennavigation angezeigt wird (bei den meisten Themen). Die meisten Menschen beginnen mit einer \u201eAbout\u201c-Seite, die sie potenziellen Besuchern der Website vorstellt. Sie k\u00f6nnte etwa folgenden Text haben: Hallo! Tags\u00fcber bin ich Fahrradkurier, abends angehender Schauspieler, [&hellip;]<\/p>\n","protected":false},"author":29,"featured_media":0,"parent":134335,"menu_order":0,"comment_status":"closed","ping_status":"closed","template":"","meta":{"_acf_changed":false,"footnotes":""},"wf_page_folders":[131],"site":[130],"class_list":["post-68777","page","type-page","status-publish","hentry","site-rome"],"acf":[],"yoast_head":"<!-- This site is optimized with the Yoast SEO plugin v24.9 - https:\/\/yoast.com\/wordpress\/plugins\/seo\/ -->\n<title>5-Sterne-Boutique-Hotel Rom|art&#039;otel Rome Piazza Sallustio<\/title>\n<meta name=\"description\" content=\"Das art&#039;otel Rome Piazza Sallustio wird am 6. M\u00e4rz 2025 er\u00f6ffnet. Roms neuestes F\u00fcnf-Sterne-Lifestyle-Hotel, gestaltet von dem renommierten Signature Artist Pietro Ruffo.\" \/>\n<meta name=\"robots\" content=\"index, follow, max-snippet:-1, max-image-preview:large, max-video-preview:-1\" \/>\n<link rel=\"canonical\" href=\"https:\/\/artotel.com\/de\/hotels\/rome\/piazza-sallustio\/\" \/>\n<meta property=\"og:locale\" content=\"de_DE\" \/>\n<meta property=\"og:type\" content=\"article\" \/>\n<meta property=\"og:title\" content=\"art&#039;otel Rom Piazza Sallustio\" \/>\n<meta property=\"og:description\" content=\"Das art&#039;otel Rome Piazza Sallustio wird am 6. M\u00e4rz 2025 er\u00f6ffnet. Roms neuestes F\u00fcnf-Sterne-Lifestyle-Hotel, gestaltet von dem renommierten Signature Artist Pietro Ruffo.\" \/>\n<meta property=\"og:url\" content=\"https:\/\/artotel.com\/de\/hotels\/rome\/piazza-sallustio\/\" \/>\n<meta property=\"og:site_name\" content=\"art&#039;otel\" \/>\n<meta property=\"article:modified_time\" content=\"2026-03-27T11:13:02+00:00\" \/>\n<meta property=\"og:image\" content=\"https:\/\/artotel.com\/wp-content\/uploads\/2025\/07\/2025-ARO-artotelrome-MasterpieceSuite-6-1-scaled.jpg\" \/>\n\t<meta property=\"og:image:width\" content=\"2560\" \/>\n\t<meta property=\"og:image:height\" content=\"1706\" \/>\n\t<meta property=\"og:image:type\" content=\"image\/jpeg\" \/>\n<meta name=\"twitter:card\" content=\"summary_large_image\" \/>\n<meta name=\"twitter:title\" content=\"art&#039;otel Rom Piazza Sallustio\" \/>\n<meta name=\"twitter:description\" content=\"art&#039;otel Rome Piazza Sallart&#039;otel Rome Piazza Sallustio wird am 6. M\u00e4rz 2025 er\u00f6ffnet. Roms neuestes F\u00fcnf-Sterne-Lifestyle-Hotel, gestaltet von dem renommierten Signature Artist Pietro Ruffo.\" \/>\n<meta name=\"twitter:label1\" content=\"Gesch\u00e4tzte Lesezeit\" \/>\n\t<meta name=\"twitter:data1\" content=\"1\u00a0Minute\" \/>\n<script type=\"application\/ld+json\" class=\"yoast-schema-graph\">{\"@context\":\"https:\/\/schema.org\",\"@graph\":[{\"@type\":\"WebPage\",\"@id\":\"https:\/\/artotel.com\/de\/hotels\/rome\/piazza-sallustio\/\",\"url\":\"https:\/\/artotel.com\/de\/hotels\/rome\/piazza-sallustio\/\",\"name\":\"5-Sterne-Boutique-Hotel Rom|art'otel Rome Piazza Sallustio\",\"isPartOf\":{\"@id\":\"https:\/\/artotel.com\/de\/#website\"},\"datePublished\":\"2023-04-20T07:38:07+00:00\",\"dateModified\":\"2026-03-27T11:13:02+00:00\",\"description\":\"Das art'otel Rome Piazza Sallustio wird am 6. M\u00e4rz 2025 er\u00f6ffnet. Roms neuestes F\u00fcnf-Sterne-Lifestyle-Hotel, gestaltet von dem renommierten Signature Artist Pietro Ruffo.\",\"breadcrumb\":{\"@id\":\"https:\/\/artotel.com\/de\/hotels\/rome\/piazza-sallustio\/#breadcrumb\"},\"inLanguage\":\"de\",\"potentialAction\":[{\"@type\":\"ReadAction\",\"target\":[\"https:\/\/artotel.com\/de\/hotels\/rome\/piazza-sallustio\/\"]}]},{\"@type\":\"BreadcrumbList\",\"@id\":\"https:\/\/artotel.com\/de\/hotels\/rome\/piazza-sallustio\/#breadcrumb\",\"itemListElement\":[{\"@type\":\"ListItem\",\"position\":1,\"name\":\"Home\",\"item\":\"https:\/\/artotel.com\/de\/\"},{\"@type\":\"ListItem\",\"position\":2,\"name\":\"Mall\",\"item\":\"https:\/\/artotel.com\/en\/blog\/site\/mall\/\"},{\"@type\":\"ListItem\",\"position\":3,\"name\":\"Hotels\",\"item\":\"https:\/\/artotel.com\/de\/hotels\/\"},{\"@type\":\"ListItem\",\"position\":4,\"name\":\"Rome\",\"item\":\"https:\/\/artotel.com\/de\/hotels\/rome\/\"},{\"@type\":\"ListItem\",\"position\":5,\"name\":\"Home\"}]},{\"@type\":\"WebSite\",\"@id\":\"https:\/\/artotel.com\/de\/#website\",\"url\":\"https:\/\/artotel.com\/de\/\",\"name\":\"art'otel\",\"description\":\"City centre hotels with a view\",\"potentialAction\":[{\"@type\":\"SearchAction\",\"target\":{\"@type\":\"EntryPoint\",\"urlTemplate\":\"https:\/\/artotel.com\/de\/?s={search_term_string}\"},\"query-input\":{\"@type\":\"PropertyValueSpecification\",\"valueRequired\":true,\"valueName\":\"search_term_string\"}}],\"inLanguage\":\"de\"}]}<\/script>\n<!-- \/ Yoast SEO plugin. -->","yoast_head_json":{"title":"5-Sterne-Boutique-Hotel Rom|art'otel Rome Piazza Sallustio","description":"Das art'otel Rome Piazza Sallustio wird am 6. M\u00e4rz 2025 er\u00f6ffnet. Roms neuestes F\u00fcnf-Sterne-Lifestyle-Hotel, gestaltet von dem renommierten Signature Artist Pietro Ruffo.","robots":{"index":"index","follow":"follow","max-snippet":"max-snippet:-1","max-image-preview":"max-image-preview:large","max-video-preview":"max-video-preview:-1"},"canonical":"https:\/\/artotel.com\/de\/hotels\/rome\/piazza-sallustio\/","og_locale":"de_DE","og_type":"article","og_title":"art'otel Rom Piazza Sallustio","og_description":"Das art'otel Rome Piazza Sallustio wird am 6. M\u00e4rz 2025 er\u00f6ffnet. Roms neuestes F\u00fcnf-Sterne-Lifestyle-Hotel, gestaltet von dem renommierten Signature Artist Pietro Ruffo.","og_url":"https:\/\/artotel.com\/de\/hotels\/rome\/piazza-sallustio\/","og_site_name":"art&#039;otel","article_modified_time":"2026-03-27T11:13:02+00:00","og_image":[{"width":2560,"height":1706,"url":"https:\/\/artotel.com\/wp-content\/uploads\/2025\/07\/2025-ARO-artotelrome-MasterpieceSuite-6-1-scaled.jpg","type":"image\/jpeg"}],"twitter_card":"summary_large_image","twitter_title":"art'otel Rom Piazza Sallustio","twitter_description":"art'otel Rome Piazza Sallart'otel Rome Piazza Sallustio wird am 6. M\u00e4rz 2025 er\u00f6ffnet. Roms neuestes F\u00fcnf-Sterne-Lifestyle-Hotel, gestaltet von dem renommierten Signature Artist Pietro Ruffo.","twitter_misc":{"Gesch\u00e4tzte Lesezeit":"1\u00a0Minute"},"schema":{"@context":"https:\/\/schema.org","@graph":[{"@type":"WebPage","@id":"https:\/\/artotel.com\/de\/hotels\/rome\/piazza-sallustio\/","url":"https:\/\/artotel.com\/de\/hotels\/rome\/piazza-sallustio\/","name":"5-Sterne-Boutique-Hotel Rom|art'otel Rome Piazza Sallustio","isPartOf":{"@id":"https:\/\/artotel.com\/de\/#website"},"datePublished":"2023-04-20T07:38:07+00:00","dateModified":"2026-03-27T11:13:02+00:00","description":"Das art'otel Rome Piazza Sallustio wird am 6. M\u00e4rz 2025 er\u00f6ffnet. Roms neuestes F\u00fcnf-Sterne-Lifestyle-Hotel, gestaltet von dem renommierten Signature Artist Pietro Ruffo.","breadcrumb":{"@id":"https:\/\/artotel.com\/de\/hotels\/rome\/piazza-sallustio\/#breadcrumb"},"inLanguage":"de","potentialAction":[{"@type":"ReadAction","target":["https:\/\/artotel.com\/de\/hotels\/rome\/piazza-sallustio\/"]}]},{"@type":"BreadcrumbList","@id":"https:\/\/artotel.com\/de\/hotels\/rome\/piazza-sallustio\/#breadcrumb","itemListElement":[{"@type":"ListItem","position":1,"name":"Home","item":"https:\/\/artotel.com\/de\/"},{"@type":"ListItem","position":2,"name":"Mall","item":"https:\/\/artotel.com\/en\/blog\/site\/mall\/"},{"@type":"ListItem","position":3,"name":"Hotels","item":"https:\/\/artotel.com\/de\/hotels\/"},{"@type":"ListItem","position":4,"name":"Rome","item":"https:\/\/artotel.com\/de\/hotels\/rome\/"},{"@type":"ListItem","position":5,"name":"Home"}]},{"@type":"WebSite","@id":"https:\/\/artotel.com\/de\/#website","url":"https:\/\/artotel.com\/de\/","name":"art'otel","description":"City centre hotels with a view","potentialAction":[{"@type":"SearchAction","target":{"@type":"EntryPoint","urlTemplate":"https:\/\/artotel.com\/de\/?s={search_term_string}"},"query-input":{"@type":"PropertyValueSpecification","valueRequired":true,"valueName":"search_term_string"}}],"inLanguage":"de"}]}},"_links":{"self":[{"href":"https:\/\/artotel.com\/de\/wp-json\/wp\/v2\/pages\/68777","targetHints":{"allow":["GET"]}}],"collection":[{"href":"https:\/\/artotel.com\/de\/wp-json\/wp\/v2\/pages"}],"about":[{"href":"https:\/\/artotel.com\/de\/wp-json\/wp\/v2\/types\/page"}],"author":[{"embeddable":true,"href":"https:\/\/artotel.com\/de\/wp-json\/wp\/v2\/users\/29"}],"replies":[{"embeddable":true,"href":"https:\/\/artotel.com\/de\/wp-json\/wp\/v2\/comments?post=68777"}],"version-history":[{"count":5,"href":"https:\/\/artotel.com\/de\/wp-json\/wp\/v2\/pages\/68777\/revisions"}],"predecessor-version":[{"id":169270,"href":"https:\/\/artotel.com\/de\/wp-json\/wp\/v2\/pages\/68777\/revisions\/169270"}],"up":[{"embeddable":true,"href":"https:\/\/artotel.com\/de\/wp-json\/wp\/v2\/pages\/134335"}],"wp:attachment":[{"href":"https:\/\/artotel.com\/de\/wp-json\/wp\/v2\/media?parent=68777"}],"wp:term":[{"taxonomy":"wf_page_folders","embeddable":true,"href":"https:\/\/artotel.com\/de\/wp-json\/wp\/v2\/wf_page_folders?post=68777"},{"taxonomy":"site","embeddable":true,"href":"https:\/\/artotel.com\/de\/wp-json\/wp\/v2\/site?post=68777"}],"curies":[{"name":"wp","href":"https:\/\/api.w.org\/{rel}","templated":true}]}}