    {"id":73028,"date":"2023-04-20T09:54:39","date_gmt":"2023-04-20T07:54:39","guid":{"rendered":"https:\/\/artotel-url-restructure.tempurl.host\/hotels\/rome\/unser-kunstler\/"},"modified":"2025-07-23T20:23:33","modified_gmt":"2025-07-23T18:23:33","slug":"unser-kunstler","status":"publish","type":"page","link":"https:\/\/artotel.com\/de\/hotels\/rome\/piazza-sallustio\/unser-kunstler\/","title":{"rendered":"Signature Artist"},"content":{"rendered":"","protected":false},"excerpt":{"rendered":"","protected":false},"author":29,"featured_media":73050,"parent":68777,"menu_order":0,"comment_status":"closed","ping_status":"closed","template":"","meta":{"_acf_changed":false,"footnotes":""},"wf_page_folders":[131],"site":[130],"class_list":["post-73028","page","type-page","status-publish","has-post-thumbnail","hentry","site-rome"],"acf":[],"yoast_head":"<!-- This site is optimized with the Yoast SEO plugin v24.9 - https:\/\/yoast.com\/wordpress\/plugins\/seo\/ -->\n<title>Signature Artist | art&#039;otel<\/title>\n<meta name=\"description\" content=\"Das art&#039;otel Rome Piazza Sallustio wird von dem renommierten zeitgen\u00f6ssischen r\u00f6mischen K\u00fcnstler Pietro Ruffo in Kunst und Design zum Leben erweckt. Entdecken Sie Ausstellungen, Veranstaltungen und mehr!\" \/>\n<meta name=\"robots\" content=\"index, follow, max-snippet:-1, max-image-preview:large, max-video-preview:-1\" \/>\n<link rel=\"canonical\" href=\"https:\/\/artotel.com\/de\/hotels\/rome\/piazza-sallustio\/unser-kunstler\/\" \/>\n<meta property=\"og:locale\" content=\"de_DE\" \/>\n<meta property=\"og:type\" content=\"article\" \/>\n<meta property=\"og:title\" content=\"Lernen Sie den Signature Artist des art&#039;otel Rome Piazza Sallustio kennen\" \/>\n<meta property=\"og:description\" content=\"Der renommierte zeitgen\u00f6ssische r\u00f6mische K\u00fcnstler Pietro Ruffo wird zum Signature Artist des art&#039;otel Rome Piazza Sallustio \u2013 Roms angesagtestem neuen Lifestyle-Hotel \u2013 ernannt.\" \/>\n<meta property=\"og:url\" content=\"https:\/\/artotel.com\/de\/hotels\/rome\/piazza-sallustio\/unser-kunstler\/\" \/>\n<meta property=\"og:site_name\" content=\"art&#039;otel\" \/>\n<meta property=\"article:modified_time\" content=\"2025-07-23T18:23:33+00:00\" \/>\n<meta property=\"og:image\" content=\"https:\/\/artotel.com\/wp-content\/uploads\/2025\/07\/2025-ARO-artotelrome-MasterpieceSuite-6-1-scaled.jpg\" \/>\n\t<meta property=\"og:image:width\" content=\"2560\" \/>\n\t<meta property=\"og:image:height\" content=\"1706\" \/>\n\t<meta property=\"og:image:type\" content=\"image\/jpeg\" \/>\n<meta name=\"twitter:card\" content=\"summary_large_image\" \/>\n<meta name=\"twitter:title\" content=\"Lernen Sie den Signature Artist des art&#039;otel Rome Piazza Sallustio kennen\" \/>\n<meta name=\"twitter:description\" content=\"Der renommierte zeitgen\u00f6ssische r\u00f6mische K\u00fcnstler Pietro Ruffo wird zum Signature Artist des art&#039;otel Rome Piazza Sallustio \u2013 Roms angesagtestem neuen Lifestyle-Hotel \u2013 ernannt.\" \/>\n<meta name=\"twitter:label1\" content=\"Gesch\u00e4tzte Lesezeit\" \/>\n\t<meta name=\"twitter:data1\" content=\"1\u00a0Minute\" \/>\n<script type=\"application\/ld+json\" class=\"yoast-schema-graph\">{\"@context\":\"https:\/\/schema.org\",\"@graph\":[{\"@type\":\"WebPage\",\"@id\":\"https:\/\/artotel.com\/de\/hotels\/rome\/piazza-sallustio\/unser-kunstler\/\",\"url\":\"https:\/\/artotel.com\/de\/hotels\/rome\/piazza-sallustio\/unser-kunstler\/\",\"name\":\"Signature Artist | art&#039;otel\",\"isPartOf\":{\"@id\":\"https:\/\/artotel.com\/de\/#website\"},\"primaryImageOfPage\":{\"@id\":\"https:\/\/artotel.com\/de\/hotels\/rome\/piazza-sallustio\/unser-kunstler\/#primaryimage\"},\"image\":{\"@id\":\"https:\/\/artotel.com\/de\/hotels\/rome\/piazza-sallustio\/unser-kunstler\/#primaryimage\"},\"thumbnailUrl\":\"https:\/\/artotel.com\/wp-content\/uploads\/2025\/07\/2024-ARO-Signature-Artist-Pietro-Ruffo-Portrait-Terrace-Hero-e1741183374793-scaled.jpg\",\"datePublished\":\"2023-04-20T07:54:39+00:00\",\"dateModified\":\"2025-07-23T18:23:33+00:00\",\"description\":\"Das art'otel Rome Piazza Sallustio wird von dem renommierten zeitgen\u00f6ssischen r\u00f6mischen K\u00fcnstler Pietro Ruffo in Kunst und Design zum Leben erweckt. Entdecken Sie Ausstellungen, Veranstaltungen und mehr!\",\"breadcrumb\":{\"@id\":\"https:\/\/artotel.com\/de\/hotels\/rome\/piazza-sallustio\/unser-kunstler\/#breadcrumb\"},\"inLanguage\":\"de\",\"potentialAction\":[{\"@type\":\"ReadAction\",\"target\":[\"https:\/\/artotel.com\/de\/hotels\/rome\/piazza-sallustio\/unser-kunstler\/\"]}]},{\"@type\":\"ImageObject\",\"inLanguage\":\"de\",\"@id\":\"https:\/\/artotel.com\/de\/hotels\/rome\/piazza-sallustio\/unser-kunstler\/#primaryimage\",\"url\":\"https:\/\/artotel.com\/wp-content\/uploads\/2025\/07\/2024-ARO-Signature-Artist-Pietro-Ruffo-Portrait-Terrace-Hero-e1741183374793-scaled.jpg\",\"contentUrl\":\"https:\/\/artotel.com\/wp-content\/uploads\/2025\/07\/2024-ARO-Signature-Artist-Pietro-Ruffo-Portrait-Terrace-Hero-e1741183374793-scaled.jpg\",\"width\":2560,\"height\":1003},{\"@type\":\"BreadcrumbList\",\"@id\":\"https:\/\/artotel.com\/de\/hotels\/rome\/piazza-sallustio\/unser-kunstler\/#breadcrumb\",\"itemListElement\":[{\"@type\":\"ListItem\",\"position\":1,\"name\":\"Home\",\"item\":\"https:\/\/artotel.com\/de\/\"},{\"@type\":\"ListItem\",\"position\":2,\"name\":\"Mall\",\"item\":\"https:\/\/artotel.com\/en\/blog\/site\/mall\/\"},{\"@type\":\"ListItem\",\"position\":3,\"name\":\"Hotels\",\"item\":\"https:\/\/artotel.com\/de\/hotels\/\"},{\"@type\":\"ListItem\",\"position\":4,\"name\":\"Rome\",\"item\":\"https:\/\/artotel.com\/de\/hotels\/rome\/\"},{\"@type\":\"ListItem\",\"position\":5,\"name\":\"Home\",\"item\":\"https:\/\/artotel.com\/de\/hotels\/rome\/piazza-sallustio\/\"},{\"@type\":\"ListItem\",\"position\":6,\"name\":\"Signature Artist\"}]},{\"@type\":\"WebSite\",\"@id\":\"https:\/\/artotel.com\/de\/#website\",\"url\":\"https:\/\/artotel.com\/de\/\",\"name\":\"art'otel\",\"description\":\"City centre hotels with a view\",\"potentialAction\":[{\"@type\":\"SearchAction\",\"target\":{\"@type\":\"EntryPoint\",\"urlTemplate\":\"https:\/\/artotel.com\/de\/?s={search_term_string}\"},\"query-input\":{\"@type\":\"PropertyValueSpecification\",\"valueRequired\":true,\"valueName\":\"search_term_string\"}}],\"inLanguage\":\"de\"}]}<\/script>\n<!-- \/ Yoast SEO plugin. -->","yoast_head_json":{"title":"Signature Artist | art&#039;otel","description":"Das art'otel Rome Piazza Sallustio wird von dem renommierten zeitgen\u00f6ssischen r\u00f6mischen K\u00fcnstler Pietro Ruffo in Kunst und Design zum Leben erweckt. Entdecken Sie Ausstellungen, Veranstaltungen und mehr!","robots":{"index":"index","follow":"follow","max-snippet":"max-snippet:-1","max-image-preview":"max-image-preview:large","max-video-preview":"max-video-preview:-1"},"canonical":"https:\/\/artotel.com\/de\/hotels\/rome\/piazza-sallustio\/unser-kunstler\/","og_locale":"de_DE","og_type":"article","og_title":"Lernen Sie den Signature Artist des art'otel Rome Piazza Sallustio kennen","og_description":"Der renommierte zeitgen\u00f6ssische r\u00f6mische K\u00fcnstler Pietro Ruffo wird zum Signature Artist des art'otel Rome Piazza Sallustio \u2013 Roms angesagtestem neuen Lifestyle-Hotel \u2013 ernannt.","og_url":"https:\/\/artotel.com\/de\/hotels\/rome\/piazza-sallustio\/unser-kunstler\/","og_site_name":"art&#039;otel","article_modified_time":"2025-07-23T18:23:33+00:00","og_image":[{"width":2560,"height":1706,"url":"https:\/\/artotel.com\/wp-content\/uploads\/2025\/07\/2025-ARO-artotelrome-MasterpieceSuite-6-1-scaled.jpg","type":"image\/jpeg"}],"twitter_card":"summary_large_image","twitter_title":"Lernen Sie den Signature Artist des art'otel Rome Piazza Sallustio kennen","twitter_description":"Der renommierte zeitgen\u00f6ssische r\u00f6mische K\u00fcnstler Pietro Ruffo wird zum Signature Artist des art'otel Rome Piazza Sallustio \u2013 Roms angesagtestem neuen Lifestyle-Hotel \u2013 ernannt.","twitter_misc":{"Gesch\u00e4tzte Lesezeit":"1\u00a0Minute"},"schema":{"@context":"https:\/\/schema.org","@graph":[{"@type":"WebPage","@id":"https:\/\/artotel.com\/de\/hotels\/rome\/piazza-sallustio\/unser-kunstler\/","url":"https:\/\/artotel.com\/de\/hotels\/rome\/piazza-sallustio\/unser-kunstler\/","name":"Signature Artist | art&#039;otel","isPartOf":{"@id":"https:\/\/artotel.com\/de\/#website"},"primaryImageOfPage":{"@id":"https:\/\/artotel.com\/de\/hotels\/rome\/piazza-sallustio\/unser-kunstler\/#primaryimage"},"image":{"@id":"https:\/\/artotel.com\/de\/hotels\/rome\/piazza-sallustio\/unser-kunstler\/#primaryimage"},"thumbnailUrl":"https:\/\/artotel.com\/wp-content\/uploads\/2025\/07\/2024-ARO-Signature-Artist-Pietro-Ruffo-Portrait-Terrace-Hero-e1741183374793-scaled.jpg","datePublished":"2023-04-20T07:54:39+00:00","dateModified":"2025-07-23T18:23:33+00:00","description":"Das art'otel Rome Piazza Sallustio wird von dem renommierten zeitgen\u00f6ssischen r\u00f6mischen K\u00fcnstler Pietro Ruffo in Kunst und Design zum Leben erweckt. Entdecken Sie Ausstellungen, Veranstaltungen und mehr!","breadcrumb":{"@id":"https:\/\/artotel.com\/de\/hotels\/rome\/piazza-sallustio\/unser-kunstler\/#breadcrumb"},"inLanguage":"de","potentialAction":[{"@type":"ReadAction","target":["https:\/\/artotel.com\/de\/hotels\/rome\/piazza-sallustio\/unser-kunstler\/"]}]},{"@type":"ImageObject","inLanguage":"de","@id":"https:\/\/artotel.com\/de\/hotels\/rome\/piazza-sallustio\/unser-kunstler\/#primaryimage","url":"https:\/\/artotel.com\/wp-content\/uploads\/2025\/07\/2024-ARO-Signature-Artist-Pietro-Ruffo-Portrait-Terrace-Hero-e1741183374793-scaled.jpg","contentUrl":"https:\/\/artotel.com\/wp-content\/uploads\/2025\/07\/2024-ARO-Signature-Artist-Pietro-Ruffo-Portrait-Terrace-Hero-e1741183374793-scaled.jpg","width":2560,"height":1003},{"@type":"BreadcrumbList","@id":"https:\/\/artotel.com\/de\/hotels\/rome\/piazza-sallustio\/unser-kunstler\/#breadcrumb","itemListElement":[{"@type":"ListItem","position":1,"name":"Home","item":"https:\/\/artotel.com\/de\/"},{"@type":"ListItem","position":2,"name":"Mall","item":"https:\/\/artotel.com\/en\/blog\/site\/mall\/"},{"@type":"ListItem","position":3,"name":"Hotels","item":"https:\/\/artotel.com\/de\/hotels\/"},{"@type":"ListItem","position":4,"name":"Rome","item":"https:\/\/artotel.com\/de\/hotels\/rome\/"},{"@type":"ListItem","position":5,"name":"Home","item":"https:\/\/artotel.com\/de\/hotels\/rome\/piazza-sallustio\/"},{"@type":"ListItem","position":6,"name":"Signature Artist"}]},{"@type":"WebSite","@id":"https:\/\/artotel.com\/de\/#website","url":"https:\/\/artotel.com\/de\/","name":"art'otel","description":"City centre hotels with a view","potentialAction":[{"@type":"SearchAction","target":{"@type":"EntryPoint","urlTemplate":"https:\/\/artotel.com\/de\/?s={search_term_string}"},"query-input":{"@type":"PropertyValueSpecification","valueRequired":true,"valueName":"search_term_string"}}],"inLanguage":"de"}]}},"_links":{"self":[{"href":"https:\/\/artotel.com\/de\/wp-json\/wp\/v2\/pages\/73028","targetHints":{"allow":["GET"]}}],"collection":[{"href":"https:\/\/artotel.com\/de\/wp-json\/wp\/v2\/pages"}],"about":[{"href":"https:\/\/artotel.com\/de\/wp-json\/wp\/v2\/types\/page"}],"author":[{"embeddable":true,"href":"https:\/\/artotel.com\/de\/wp-json\/wp\/v2\/users\/29"}],"replies":[{"embeddable":true,"href":"https:\/\/artotel.com\/de\/wp-json\/wp\/v2\/comments?post=73028"}],"version-history":[{"count":3,"href":"https:\/\/artotel.com\/de\/wp-json\/wp\/v2\/pages\/73028\/revisions"}],"predecessor-version":[{"id":131401,"href":"https:\/\/artotel.com\/de\/wp-json\/wp\/v2\/pages\/73028\/revisions\/131401"}],"up":[{"embeddable":true,"href":"https:\/\/artotel.com\/de\/wp-json\/wp\/v2\/pages\/68777"}],"wp:featuredmedia":[{"embeddable":true,"href":"https:\/\/artotel.com\/de\/wp-json\/wp\/v2\/media\/73050"}],"wp:attachment":[{"href":"https:\/\/artotel.com\/de\/wp-json\/wp\/v2\/media?parent=73028"}],"wp:term":[{"taxonomy":"wf_page_folders","embeddable":true,"href":"https:\/\/artotel.com\/de\/wp-json\/wp\/v2\/wf_page_folders?post=73028"},{"taxonomy":"site","embeddable":true,"href":"https:\/\/artotel.com\/de\/wp-json\/wp\/v2\/site?post=73028"}],"curies":[{"name":"wp","href":"https:\/\/api.w.org\/{rel}","templated":true}]}}