    {"id":73261,"date":"2023-04-20T09:52:46","date_gmt":"2023-04-20T07:52:46","guid":{"rendered":"https:\/\/artotel-url-restructure.tempurl.host\/hotels\/rome\/art-gallery\/"},"modified":"2025-07-02T11:01:28","modified_gmt":"2025-07-02T09:01:28","slug":"art-gallery","status":"publish","type":"page","link":"https:\/\/artotel.com\/de\/hotels\/rome\/piazza-sallustio\/art-gallery\/","title":{"rendered":"Kunstgalerie"},"content":{"rendered":"","protected":false},"excerpt":{"rendered":"","protected":false},"author":29,"featured_media":0,"parent":68777,"menu_order":0,"comment_status":"closed","ping_status":"closed","template":"","meta":{"_acf_changed":false,"footnotes":""},"wf_page_folders":[131],"site":[130],"class_list":["post-73261","page","type-page","status-publish","hentry","site-rome"],"acf":[],"yoast_head":"<!-- This site is optimized with the Yoast SEO plugin v24.9 - https:\/\/yoast.com\/wordpress\/plugins\/seo\/ -->\n<title>Kunstgalerie | art&#039;otel<\/title>\n<meta name=\"description\" content=\"St\u00e4ndig wechselnde Ausstellungen prominenter lokaler und internationaler K\u00fcnstler sowie regelm\u00e4\u00dfige kulturelle Veranstaltungen\" \/>\n<meta name=\"robots\" content=\"index, follow, max-snippet:-1, max-image-preview:large, max-video-preview:-1\" \/>\n<link rel=\"canonical\" href=\"https:\/\/artotel.com\/de\/hotels\/rome\/piazza-sallustio\/art-gallery\/\" \/>\n<meta property=\"og:locale\" content=\"de_DE\" \/>\n<meta property=\"og:type\" content=\"article\" \/>\n<meta property=\"og:title\" content=\"art&#039;otel Rom Kunstgalerie\" \/>\n<meta property=\"og:description\" content=\"Hier finden st\u00e4ndig wechselnde Ausstellungen prominenter lokaler und internationaler K\u00fcnstler sowie regelm\u00e4\u00dfige kulturelle Veranstaltungen statt.\" \/>\n<meta property=\"og:url\" content=\"https:\/\/artotel.com\/de\/hotels\/rome\/piazza-sallustio\/art-gallery\/\" \/>\n<meta property=\"og:site_name\" content=\"art&#039;otel\" \/>\n<meta property=\"article:modified_time\" content=\"2025-07-02T09:01:28+00:00\" \/>\n<meta property=\"og:image\" content=\"https:\/\/artotel.com\/wp-content\/uploads\/2025\/07\/2025-ARO-artotelrome-MasterpieceSuite-6-1-scaled.jpg\" \/>\n\t<meta property=\"og:image:width\" content=\"2560\" \/>\n\t<meta property=\"og:image:height\" content=\"1706\" \/>\n\t<meta property=\"og:image:type\" content=\"image\/jpeg\" \/>\n<meta name=\"twitter:card\" content=\"summary_large_image\" \/>\n<meta name=\"twitter:title\" content=\"art&#039;otel Rome Art gallery\" \/>\n<meta name=\"twitter:description\" content=\"Home to ever-changing exhibitions by prominent local &amp; international artists, and regular cultural events.\" \/>\n<script type=\"application\/ld+json\" class=\"yoast-schema-graph\">{\"@context\":\"https:\/\/schema.org\",\"@graph\":[]}<\/script>\n<!-- \/ Yoast SEO plugin. -->","yoast_head_json":{"title":"Kunstgalerie | art&#039;otel","description":"St\u00e4ndig wechselnde Ausstellungen prominenter lokaler und internationaler K\u00fcnstler sowie regelm\u00e4\u00dfige kulturelle Veranstaltungen","robots":{"index":"index","follow":"follow","max-snippet":"max-snippet:-1","max-image-preview":"max-image-preview:large","max-video-preview":"max-video-preview:-1"},"canonical":"https:\/\/artotel.com\/de\/hotels\/rome\/piazza-sallustio\/art-gallery\/","og_locale":"de_DE","og_type":"article","og_title":"art'otel Rom Kunstgalerie","og_description":"Hier finden st\u00e4ndig wechselnde Ausstellungen prominenter lokaler und internationaler K\u00fcnstler sowie regelm\u00e4\u00dfige kulturelle Veranstaltungen statt.","og_url":"https:\/\/artotel.com\/de\/hotels\/rome\/piazza-sallustio\/art-gallery\/","og_site_name":"art&#039;otel","article_modified_time":"2025-07-02T09:01:28+00:00","og_image":[{"width":2560,"height":1706,"url":"https:\/\/artotel.com\/wp-content\/uploads\/2025\/07\/2025-ARO-artotelrome-MasterpieceSuite-6-1-scaled.jpg","type":"image\/jpeg"}],"twitter_card":"summary_large_image","twitter_title":"art'otel Rome Art gallery","twitter_description":"Home to ever-changing exhibitions by prominent local & international artists, and regular cultural events.","schema":{"@context":"https:\/\/schema.org","@graph":[]}},"_links":{"self":[{"href":"https:\/\/artotel.com\/de\/wp-json\/wp\/v2\/pages\/73261","targetHints":{"allow":["GET"]}}],"collection":[{"href":"https:\/\/artotel.com\/de\/wp-json\/wp\/v2\/pages"}],"about":[{"href":"https:\/\/artotel.com\/de\/wp-json\/wp\/v2\/types\/page"}],"author":[{"embeddable":true,"href":"https:\/\/artotel.com\/de\/wp-json\/wp\/v2\/users\/29"}],"replies":[{"embeddable":true,"href":"https:\/\/artotel.com\/de\/wp-json\/wp\/v2\/comments?post=73261"}],"version-history":[{"count":1,"href":"https:\/\/artotel.com\/de\/wp-json\/wp\/v2\/pages\/73261\/revisions"}],"predecessor-version":[{"id":74671,"href":"https:\/\/artotel.com\/de\/wp-json\/wp\/v2\/pages\/73261\/revisions\/74671"}],"up":[{"embeddable":true,"href":"https:\/\/artotel.com\/de\/wp-json\/wp\/v2\/pages\/68777"}],"wp:attachment":[{"href":"https:\/\/artotel.com\/de\/wp-json\/wp\/v2\/media?parent=73261"}],"wp:term":[{"taxonomy":"wf_page_folders","embeddable":true,"href":"https:\/\/artotel.com\/de\/wp-json\/wp\/v2\/wf_page_folders?post=73261"},{"taxonomy":"site","embeddable":true,"href":"https:\/\/artotel.com\/de\/wp-json\/wp\/v2\/site?post=73261"}],"curies":[{"name":"wp","href":"https:\/\/api.w.org\/{rel}","templated":true}]}}