    {"id":73848,"date":"2023-04-20T09:52:18","date_gmt":"2023-04-20T07:52:18","guid":{"rendered":"https:\/\/artotel-url-restructure.tempurl.host\/hotels\/rome\/restaurant-und-bar\/"},"modified":"2025-07-21T13:41:09","modified_gmt":"2025-07-21T11:41:09","slug":"restaurant-und-bar","status":"publish","type":"page","link":"https:\/\/artotel.com\/de\/hotels\/rome\/piazza-sallustio\/restaurant-und-bar\/","title":{"rendered":"Essen &#038; Trinken"},"content":{"rendered":"","protected":false},"excerpt":{"rendered":"","protected":false},"author":29,"featured_media":0,"parent":68777,"menu_order":0,"comment_status":"closed","ping_status":"closed","template":"","meta":{"_acf_changed":false,"footnotes":""},"wf_page_folders":[131],"site":[130],"class_list":["post-73848","page","type-page","status-publish","hentry","site-rome"],"acf":[],"yoast_head":"<!-- This site is optimized with the Yoast SEO plugin v24.9 - https:\/\/yoast.com\/wordpress\/plugins\/seo\/ -->\n<title>Essen &amp; Trinken | art&#039;otel<\/title>\n<meta name=\"description\" content=\"Ein verlockendes neues Restaurant- und Barkonzept steht kurz vor der Ankunft in Rom. Cocktails, geteilte Teller, lebhafte Abende, Aperitifs, Mahlzeiten im Freien. art&#039;otel Rome Piazza Sallustio er\u00f6ffnet in diesem Fr\u00fchjahr das YEZI Restaurant &amp; Bar mit einer Au\u00dfenterrasse f\u00fcr Ihren perfekten Aperitif.\" \/>\n<meta name=\"robots\" content=\"index, follow, max-snippet:-1, max-image-preview:large, max-video-preview:-1\" \/>\n<link rel=\"canonical\" href=\"https:\/\/artotel.com\/de\/hotels\/rome\/piazza-sallustio\/restaurant-und-bar\/\" \/>\n<meta property=\"og:locale\" content=\"de_DE\" \/>\n<meta property=\"og:type\" content=\"article\" \/>\n<meta property=\"og:title\" content=\"restaurant und bar\" \/>\n<meta property=\"og:description\" content=\"Ein aufregendes neues Restaurant- und Barkonzept kommt nach Rom. Cocktails, gemeinsame Teller, lebhafte N\u00e4chte, Aperitivo, Essen im Freien.\" \/>\n<meta property=\"og:url\" content=\"https:\/\/artotel.com\/de\/hotels\/rome\/piazza-sallustio\/restaurant-und-bar\/\" \/>\n<meta property=\"og:site_name\" content=\"art&#039;otel\" \/>\n<meta property=\"article:modified_time\" content=\"2025-07-21T11:41:09+00:00\" \/>\n<meta property=\"og:image\" content=\"https:\/\/artotel.com\/wp-content\/uploads\/2025\/07\/2025-ARO-artotelrome-MasterpieceSuite-6-1-scaled.jpg\" \/>\n\t<meta property=\"og:image:width\" content=\"2560\" \/>\n\t<meta property=\"og:image:height\" content=\"1706\" \/>\n\t<meta property=\"og:image:type\" content=\"image\/jpeg\" \/>\n<meta name=\"twitter:card\" content=\"summary_large_image\" \/>\n<meta name=\"twitter:title\" content=\"restaurant und bar\" \/>\n<meta name=\"twitter:description\" content=\"Ein aufregendes neues Restaurant- und Barkonzept kommt nach Rom. Cocktails, gemeinsame Teller, lebhafte N\u00e4chte, Aperitivo, Essen im Freien.\" \/>\n<script type=\"application\/ld+json\" class=\"yoast-schema-graph\">{\"@context\":\"https:\/\/schema.org\",\"@graph\":[{\"@type\":\"WebPage\",\"@id\":\"https:\/\/artotel.com\/de\/hotels\/rome\/piazza-sallustio\/restaurant-und-bar\/\",\"url\":\"https:\/\/artotel.com\/de\/hotels\/rome\/piazza-sallustio\/restaurant-und-bar\/\",\"name\":\"Essen & Trinken | art&#039;otel\",\"isPartOf\":{\"@id\":\"https:\/\/artotel.com\/de\/#website\"},\"datePublished\":\"2023-04-20T07:52:18+00:00\",\"dateModified\":\"2025-07-21T11:41:09+00:00\",\"description\":\"Ein verlockendes neues Restaurant- und Barkonzept steht kurz vor der Ankunft in Rom. Cocktails, geteilte Teller, lebhafte Abende, Aperitifs, Mahlzeiten im Freien. art'otel Rome Piazza Sallustio er\u00f6ffnet in diesem Fr\u00fchjahr das YEZI Restaurant & Bar mit einer Au\u00dfenterrasse f\u00fcr Ihren perfekten Aperitif.\",\"breadcrumb\":{\"@id\":\"https:\/\/artotel.com\/de\/hotels\/rome\/piazza-sallustio\/restaurant-und-bar\/#breadcrumb\"},\"inLanguage\":\"de\",\"potentialAction\":[{\"@type\":\"ReadAction\",\"target\":[\"https:\/\/artotel.com\/de\/hotels\/rome\/piazza-sallustio\/restaurant-und-bar\/\"]}]},{\"@type\":\"BreadcrumbList\",\"@id\":\"https:\/\/artotel.com\/de\/hotels\/rome\/piazza-sallustio\/restaurant-und-bar\/#breadcrumb\",\"itemListElement\":[{\"@type\":\"ListItem\",\"position\":1,\"name\":\"Home\",\"item\":\"https:\/\/artotel.com\/de\/\"},{\"@type\":\"ListItem\",\"position\":2,\"name\":\"Mall\",\"item\":\"https:\/\/artotel.com\/en\/blog\/site\/mall\/\"},{\"@type\":\"ListItem\",\"position\":3,\"name\":\"Hotels\",\"item\":\"https:\/\/artotel.com\/de\/hotels\/\"},{\"@type\":\"ListItem\",\"position\":4,\"name\":\"Rome\",\"item\":\"https:\/\/artotel.com\/de\/hotels\/rome\/\"},{\"@type\":\"ListItem\",\"position\":5,\"name\":\"Home\",\"item\":\"https:\/\/artotel.com\/de\/hotels\/rome\/piazza-sallustio\/\"},{\"@type\":\"ListItem\",\"position\":6,\"name\":\"Essen &#038; Trinken\"}]},{\"@type\":\"WebSite\",\"@id\":\"https:\/\/artotel.com\/de\/#website\",\"url\":\"https:\/\/artotel.com\/de\/\",\"name\":\"art'otel\",\"description\":\"City centre hotels with a view\",\"potentialAction\":[{\"@type\":\"SearchAction\",\"target\":{\"@type\":\"EntryPoint\",\"urlTemplate\":\"https:\/\/artotel.com\/de\/?s={search_term_string}\"},\"query-input\":{\"@type\":\"PropertyValueSpecification\",\"valueRequired\":true,\"valueName\":\"search_term_string\"}}],\"inLanguage\":\"de\"}]}<\/script>\n<!-- \/ Yoast SEO plugin. -->","yoast_head_json":{"title":"Essen & Trinken | art&#039;otel","description":"Ein verlockendes neues Restaurant- und Barkonzept steht kurz vor der Ankunft in Rom. Cocktails, geteilte Teller, lebhafte Abende, Aperitifs, Mahlzeiten im Freien. art'otel Rome Piazza Sallustio er\u00f6ffnet in diesem Fr\u00fchjahr das YEZI Restaurant & Bar mit einer Au\u00dfenterrasse f\u00fcr Ihren perfekten Aperitif.","robots":{"index":"index","follow":"follow","max-snippet":"max-snippet:-1","max-image-preview":"max-image-preview:large","max-video-preview":"max-video-preview:-1"},"canonical":"https:\/\/artotel.com\/de\/hotels\/rome\/piazza-sallustio\/restaurant-und-bar\/","og_locale":"de_DE","og_type":"article","og_title":"restaurant und bar","og_description":"Ein aufregendes neues Restaurant- und Barkonzept kommt nach Rom. Cocktails, gemeinsame Teller, lebhafte N\u00e4chte, Aperitivo, Essen im Freien.","og_url":"https:\/\/artotel.com\/de\/hotels\/rome\/piazza-sallustio\/restaurant-und-bar\/","og_site_name":"art&#039;otel","article_modified_time":"2025-07-21T11:41:09+00:00","og_image":[{"width":2560,"height":1706,"url":"https:\/\/artotel.com\/wp-content\/uploads\/2025\/07\/2025-ARO-artotelrome-MasterpieceSuite-6-1-scaled.jpg","type":"image\/jpeg"}],"twitter_card":"summary_large_image","twitter_title":"restaurant und bar","twitter_description":"Ein aufregendes neues Restaurant- und Barkonzept kommt nach Rom. Cocktails, gemeinsame Teller, lebhafte N\u00e4chte, Aperitivo, Essen im Freien.","schema":{"@context":"https:\/\/schema.org","@graph":[{"@type":"WebPage","@id":"https:\/\/artotel.com\/de\/hotels\/rome\/piazza-sallustio\/restaurant-und-bar\/","url":"https:\/\/artotel.com\/de\/hotels\/rome\/piazza-sallustio\/restaurant-und-bar\/","name":"Essen & Trinken | art&#039;otel","isPartOf":{"@id":"https:\/\/artotel.com\/de\/#website"},"datePublished":"2023-04-20T07:52:18+00:00","dateModified":"2025-07-21T11:41:09+00:00","description":"Ein verlockendes neues Restaurant- und Barkonzept steht kurz vor der Ankunft in Rom. Cocktails, geteilte Teller, lebhafte Abende, Aperitifs, Mahlzeiten im Freien. art'otel Rome Piazza Sallustio er\u00f6ffnet in diesem Fr\u00fchjahr das YEZI Restaurant & Bar mit einer Au\u00dfenterrasse f\u00fcr Ihren perfekten Aperitif.","breadcrumb":{"@id":"https:\/\/artotel.com\/de\/hotels\/rome\/piazza-sallustio\/restaurant-und-bar\/#breadcrumb"},"inLanguage":"de","potentialAction":[{"@type":"ReadAction","target":["https:\/\/artotel.com\/de\/hotels\/rome\/piazza-sallustio\/restaurant-und-bar\/"]}]},{"@type":"BreadcrumbList","@id":"https:\/\/artotel.com\/de\/hotels\/rome\/piazza-sallustio\/restaurant-und-bar\/#breadcrumb","itemListElement":[{"@type":"ListItem","position":1,"name":"Home","item":"https:\/\/artotel.com\/de\/"},{"@type":"ListItem","position":2,"name":"Mall","item":"https:\/\/artotel.com\/en\/blog\/site\/mall\/"},{"@type":"ListItem","position":3,"name":"Hotels","item":"https:\/\/artotel.com\/de\/hotels\/"},{"@type":"ListItem","position":4,"name":"Rome","item":"https:\/\/artotel.com\/de\/hotels\/rome\/"},{"@type":"ListItem","position":5,"name":"Home","item":"https:\/\/artotel.com\/de\/hotels\/rome\/piazza-sallustio\/"},{"@type":"ListItem","position":6,"name":"Essen &#038; Trinken"}]},{"@type":"WebSite","@id":"https:\/\/artotel.com\/de\/#website","url":"https:\/\/artotel.com\/de\/","name":"art'otel","description":"City centre hotels with a view","potentialAction":[{"@type":"SearchAction","target":{"@type":"EntryPoint","urlTemplate":"https:\/\/artotel.com\/de\/?s={search_term_string}"},"query-input":{"@type":"PropertyValueSpecification","valueRequired":true,"valueName":"search_term_string"}}],"inLanguage":"de"}]}},"_links":{"self":[{"href":"https:\/\/artotel.com\/de\/wp-json\/wp\/v2\/pages\/73848","targetHints":{"allow":["GET"]}}],"collection":[{"href":"https:\/\/artotel.com\/de\/wp-json\/wp\/v2\/pages"}],"about":[{"href":"https:\/\/artotel.com\/de\/wp-json\/wp\/v2\/types\/page"}],"author":[{"embeddable":true,"href":"https:\/\/artotel.com\/de\/wp-json\/wp\/v2\/users\/29"}],"replies":[{"embeddable":true,"href":"https:\/\/artotel.com\/de\/wp-json\/wp\/v2\/comments?post=73848"}],"version-history":[{"count":2,"href":"https:\/\/artotel.com\/de\/wp-json\/wp\/v2\/pages\/73848\/revisions"}],"predecessor-version":[{"id":128510,"href":"https:\/\/artotel.com\/de\/wp-json\/wp\/v2\/pages\/73848\/revisions\/128510"}],"up":[{"embeddable":true,"href":"https:\/\/artotel.com\/de\/wp-json\/wp\/v2\/pages\/68777"}],"wp:attachment":[{"href":"https:\/\/artotel.com\/de\/wp-json\/wp\/v2\/media?parent=73848"}],"wp:term":[{"taxonomy":"wf_page_folders","embeddable":true,"href":"https:\/\/artotel.com\/de\/wp-json\/wp\/v2\/wf_page_folders?post=73848"},{"taxonomy":"site","embeddable":true,"href":"https:\/\/artotel.com\/de\/wp-json\/wp\/v2\/site?post=73848"}],"curies":[{"name":"wp","href":"https:\/\/api.w.org\/{rel}","templated":true}]}}