    {"id":74050,"date":"2023-04-20T09:51:42","date_gmt":"2023-04-20T07:51:42","guid":{"rendered":"https:\/\/artotel-url-restructure.tempurl.host\/hotels\/rome\/zimmer-suites\/"},"modified":"2025-10-08T13:17:58","modified_gmt":"2025-10-08T11:17:58","slug":"zimmer-suites","status":"publish","type":"page","link":"https:\/\/artotel.com\/de\/hotels\/rome\/piazza-sallustio\/zimmer-suites\/","title":{"rendered":"Zimmer &#038; Suites"},"content":{"rendered":"","protected":false},"excerpt":{"rendered":"","protected":false},"author":29,"featured_media":0,"parent":68777,"menu_order":0,"comment_status":"closed","ping_status":"closed","template":"","meta":{"_acf_changed":false,"footnotes":""},"wf_page_folders":[131],"site":[130],"class_list":["post-74050","page","type-page","status-publish","hentry","site-rome"],"acf":[],"yoast_head":"<!-- This site is optimized with the Yoast SEO plugin v24.9 - https:\/\/yoast.com\/wordpress\/plugins\/seo\/ -->\n<title>Zimmer &amp; Suites | art&#039;otel<\/title>\n<meta name=\"description\" content=\"W\u00e4hlen Sie aus einer Reihe luxuri\u00f6ser Zimmer und Suiten im art&#039;otel Rome Piazza Sallustio, von Suiten mit Terrasse bis hin zu k\u00fcnstlerischen Zimmern, die sich perfekt f\u00fcr Ihren St\u00e4dtetrip eignen.\" \/>\n<meta name=\"robots\" content=\"index, follow, max-snippet:-1, max-image-preview:large, max-video-preview:-1\" \/>\n<link rel=\"canonical\" href=\"https:\/\/artotel.com\/de\/hotels\/rome\/piazza-sallustio\/zimmer-suites\/\" \/>\n<meta property=\"og:locale\" content=\"de_DE\" \/>\n<meta property=\"og:type\" content=\"article\" \/>\n<meta property=\"og:title\" content=\"zimmer-suites\" \/>\n<meta property=\"og:description\" content=\"W\u00e4hlen Sie aus einer Reihe luxuri\u00f6ser Zimmer und Suiten im art&#039;otel Rome Piazza Sallustio, von Suiten mit Terrasse bis hin zu k\u00fcnstlerischen Zimmern, die sich perfekt f\u00fcr Ihren St\u00e4dtetrip eignen.\" \/>\n<meta property=\"og:url\" content=\"https:\/\/artotel.com\/de\/hotels\/rome\/piazza-sallustio\/zimmer-suites\/\" \/>\n<meta property=\"og:site_name\" content=\"art&#039;otel\" \/>\n<meta property=\"article:modified_time\" content=\"2025-10-08T11:17:58+00:00\" \/>\n<meta property=\"og:image\" content=\"https:\/\/artotel.com\/hotels\/rome\/piazza-sallustio\/wp-content\/uploads\/sites\/12\/2024\/02\/2025-ARO-artotel-rome-Suite-Terrace-1024x681.jpg\" \/>\n<meta name=\"twitter:card\" content=\"summary_large_image\" \/>\n<meta name=\"twitter:title\" content=\"zimmer-suites\" \/>\n<meta name=\"twitter:description\" content=\"W\u00e4hlen Sie aus einer Reihe luxuri\u00f6ser Zimmer und Suiten im art&#039;otel Rome Piazza Sallustio, von Suiten mit Terrasse bis hin zu k\u00fcnstlerischen Zimmern, die sich perfekt f\u00fcr Ihren St\u00e4dtetrip eignen.\" \/>\n<meta name=\"twitter:image\" content=\"https:\/\/artotel.com\/hotels\/rome\/piazza-sallustio\/wp-content\/uploads\/sites\/12\/2024\/02\/2025-ARO-artotel-rome-Suite-Terrace-1024x681.jpg\" \/>\n<script type=\"application\/ld+json\" class=\"yoast-schema-graph\">{\"@context\":\"https:\/\/schema.org\",\"@graph\":[{\"@type\":\"WebPage\",\"@id\":\"https:\/\/artotel.com\/de\/hotels\/rome\/piazza-sallustio\/zimmer-suites\/\",\"url\":\"https:\/\/artotel.com\/de\/hotels\/rome\/piazza-sallustio\/zimmer-suites\/\",\"name\":\"Zimmer & Suites | art&#039;otel\",\"isPartOf\":{\"@id\":\"https:\/\/artotel.com\/de\/#website\"},\"datePublished\":\"2023-04-20T07:51:42+00:00\",\"dateModified\":\"2025-10-08T11:17:58+00:00\",\"description\":\"W\u00e4hlen Sie aus einer Reihe luxuri\u00f6ser Zimmer und Suiten im art'otel Rome Piazza Sallustio, von Suiten mit Terrasse bis hin zu k\u00fcnstlerischen Zimmern, die sich perfekt f\u00fcr Ihren St\u00e4dtetrip eignen.\",\"breadcrumb\":{\"@id\":\"https:\/\/artotel.com\/de\/hotels\/rome\/piazza-sallustio\/zimmer-suites\/#breadcrumb\"},\"inLanguage\":\"de\",\"potentialAction\":[{\"@type\":\"ReadAction\",\"target\":[\"https:\/\/artotel.com\/de\/hotels\/rome\/piazza-sallustio\/zimmer-suites\/\"]}]},{\"@type\":\"BreadcrumbList\",\"@id\":\"https:\/\/artotel.com\/de\/hotels\/rome\/piazza-sallustio\/zimmer-suites\/#breadcrumb\",\"itemListElement\":[{\"@type\":\"ListItem\",\"position\":1,\"name\":\"Home\",\"item\":\"https:\/\/artotel.com\/de\/\"},{\"@type\":\"ListItem\",\"position\":2,\"name\":\"Mall\",\"item\":\"https:\/\/artotel.com\/en\/blog\/site\/mall\/\"},{\"@type\":\"ListItem\",\"position\":3,\"name\":\"Hotels\",\"item\":\"https:\/\/artotel.com\/de\/hotels\/\"},{\"@type\":\"ListItem\",\"position\":4,\"name\":\"Rome\",\"item\":\"https:\/\/artotel.com\/de\/hotels\/rome\/\"},{\"@type\":\"ListItem\",\"position\":5,\"name\":\"Home\",\"item\":\"https:\/\/artotel.com\/de\/hotels\/rome\/piazza-sallustio\/\"},{\"@type\":\"ListItem\",\"position\":6,\"name\":\"Zimmer &#038; Suites\"}]},{\"@type\":\"WebSite\",\"@id\":\"https:\/\/artotel.com\/de\/#website\",\"url\":\"https:\/\/artotel.com\/de\/\",\"name\":\"art'otel\",\"description\":\"City centre hotels with a view\",\"potentialAction\":[{\"@type\":\"SearchAction\",\"target\":{\"@type\":\"EntryPoint\",\"urlTemplate\":\"https:\/\/artotel.com\/de\/?s={search_term_string}\"},\"query-input\":{\"@type\":\"PropertyValueSpecification\",\"valueRequired\":true,\"valueName\":\"search_term_string\"}}],\"inLanguage\":\"de\"}]}<\/script>\n<!-- \/ Yoast SEO plugin. -->","yoast_head_json":{"title":"Zimmer & Suites | art&#039;otel","description":"W\u00e4hlen Sie aus einer Reihe luxuri\u00f6ser Zimmer und Suiten im art'otel Rome Piazza Sallustio, von Suiten mit Terrasse bis hin zu k\u00fcnstlerischen Zimmern, die sich perfekt f\u00fcr Ihren St\u00e4dtetrip eignen.","robots":{"index":"index","follow":"follow","max-snippet":"max-snippet:-1","max-image-preview":"max-image-preview:large","max-video-preview":"max-video-preview:-1"},"canonical":"https:\/\/artotel.com\/de\/hotels\/rome\/piazza-sallustio\/zimmer-suites\/","og_locale":"de_DE","og_type":"article","og_title":"zimmer-suites","og_description":"W\u00e4hlen Sie aus einer Reihe luxuri\u00f6ser Zimmer und Suiten im art'otel Rome Piazza Sallustio, von Suiten mit Terrasse bis hin zu k\u00fcnstlerischen Zimmern, die sich perfekt f\u00fcr Ihren St\u00e4dtetrip eignen.","og_url":"https:\/\/artotel.com\/de\/hotels\/rome\/piazza-sallustio\/zimmer-suites\/","og_site_name":"art&#039;otel","article_modified_time":"2025-10-08T11:17:58+00:00","og_image":[{"url":"https:\/\/artotel.com\/hotels\/rome\/piazza-sallustio\/wp-content\/uploads\/sites\/12\/2024\/02\/2025-ARO-artotel-rome-Suite-Terrace-1024x681.jpg","type":"","width":"","height":""}],"twitter_card":"summary_large_image","twitter_title":"zimmer-suites","twitter_description":"W\u00e4hlen Sie aus einer Reihe luxuri\u00f6ser Zimmer und Suiten im art'otel Rome Piazza Sallustio, von Suiten mit Terrasse bis hin zu k\u00fcnstlerischen Zimmern, die sich perfekt f\u00fcr Ihren St\u00e4dtetrip eignen.","twitter_image":"https:\/\/artotel.com\/hotels\/rome\/piazza-sallustio\/wp-content\/uploads\/sites\/12\/2024\/02\/2025-ARO-artotel-rome-Suite-Terrace-1024x681.jpg","schema":{"@context":"https:\/\/schema.org","@graph":[{"@type":"WebPage","@id":"https:\/\/artotel.com\/de\/hotels\/rome\/piazza-sallustio\/zimmer-suites\/","url":"https:\/\/artotel.com\/de\/hotels\/rome\/piazza-sallustio\/zimmer-suites\/","name":"Zimmer & Suites | art&#039;otel","isPartOf":{"@id":"https:\/\/artotel.com\/de\/#website"},"datePublished":"2023-04-20T07:51:42+00:00","dateModified":"2025-10-08T11:17:58+00:00","description":"W\u00e4hlen Sie aus einer Reihe luxuri\u00f6ser Zimmer und Suiten im art'otel Rome Piazza Sallustio, von Suiten mit Terrasse bis hin zu k\u00fcnstlerischen Zimmern, die sich perfekt f\u00fcr Ihren St\u00e4dtetrip eignen.","breadcrumb":{"@id":"https:\/\/artotel.com\/de\/hotels\/rome\/piazza-sallustio\/zimmer-suites\/#breadcrumb"},"inLanguage":"de","potentialAction":[{"@type":"ReadAction","target":["https:\/\/artotel.com\/de\/hotels\/rome\/piazza-sallustio\/zimmer-suites\/"]}]},{"@type":"BreadcrumbList","@id":"https:\/\/artotel.com\/de\/hotels\/rome\/piazza-sallustio\/zimmer-suites\/#breadcrumb","itemListElement":[{"@type":"ListItem","position":1,"name":"Home","item":"https:\/\/artotel.com\/de\/"},{"@type":"ListItem","position":2,"name":"Mall","item":"https:\/\/artotel.com\/en\/blog\/site\/mall\/"},{"@type":"ListItem","position":3,"name":"Hotels","item":"https:\/\/artotel.com\/de\/hotels\/"},{"@type":"ListItem","position":4,"name":"Rome","item":"https:\/\/artotel.com\/de\/hotels\/rome\/"},{"@type":"ListItem","position":5,"name":"Home","item":"https:\/\/artotel.com\/de\/hotels\/rome\/piazza-sallustio\/"},{"@type":"ListItem","position":6,"name":"Zimmer &#038; Suites"}]},{"@type":"WebSite","@id":"https:\/\/artotel.com\/de\/#website","url":"https:\/\/artotel.com\/de\/","name":"art'otel","description":"City centre hotels with a view","potentialAction":[{"@type":"SearchAction","target":{"@type":"EntryPoint","urlTemplate":"https:\/\/artotel.com\/de\/?s={search_term_string}"},"query-input":{"@type":"PropertyValueSpecification","valueRequired":true,"valueName":"search_term_string"}}],"inLanguage":"de"}]}},"_links":{"self":[{"href":"https:\/\/artotel.com\/de\/wp-json\/wp\/v2\/pages\/74050","targetHints":{"allow":["GET"]}}],"collection":[{"href":"https:\/\/artotel.com\/de\/wp-json\/wp\/v2\/pages"}],"about":[{"href":"https:\/\/artotel.com\/de\/wp-json\/wp\/v2\/types\/page"}],"author":[{"embeddable":true,"href":"https:\/\/artotel.com\/de\/wp-json\/wp\/v2\/users\/29"}],"replies":[{"embeddable":true,"href":"https:\/\/artotel.com\/de\/wp-json\/wp\/v2\/comments?post=74050"}],"version-history":[{"count":3,"href":"https:\/\/artotel.com\/de\/wp-json\/wp\/v2\/pages\/74050\/revisions"}],"predecessor-version":[{"id":130061,"href":"https:\/\/artotel.com\/de\/wp-json\/wp\/v2\/pages\/74050\/revisions\/130061"}],"up":[{"embeddable":true,"href":"https:\/\/artotel.com\/de\/wp-json\/wp\/v2\/pages\/68777"}],"wp:attachment":[{"href":"https:\/\/artotel.com\/de\/wp-json\/wp\/v2\/media?parent=74050"}],"wp:term":[{"taxonomy":"wf_page_folders","embeddable":true,"href":"https:\/\/artotel.com\/de\/wp-json\/wp\/v2\/wf_page_folders?post=74050"},{"taxonomy":"site","embeddable":true,"href":"https:\/\/artotel.com\/de\/wp-json\/wp\/v2\/site?post=74050"}],"curies":[{"name":"wp","href":"https:\/\/api.w.org\/{rel}","templated":true}]}}