    {"id":104205,"date":"2023-04-20T09:38:07","date_gmt":"2023-04-20T07:38:07","guid":{"rendered":"https:\/\/artotel-url-restructure.tempurl.host\/hotels\/home-3\/"},"modified":"2025-12-23T10:14:25","modified_gmt":"2025-12-23T09:14:25","slug":"berlin-mitte","status":"publish","type":"page","link":"https:\/\/artotel.com\/es\/hotels\/berlin\/berlin-mitte\/","title":{"rendered":"BerlinMitte Home [ES]"},"content":{"rendered":"","protected":false},"excerpt":{"rendered":"","protected":false},"author":29,"featured_media":0,"parent":134348,"menu_order":0,"comment_status":"closed","ping_status":"closed","template":"","meta":{"_acf_changed":false,"footnotes":""},"wf_page_folders":[189],"site":[188],"class_list":["post-104205","page","type-page","status-publish","hentry","site-berlinmitte"],"acf":[],"yoast_head":"<!-- This site is optimized with the Yoast SEO plugin v24.9 - https:\/\/yoast.com\/wordpress\/plugins\/seo\/ -->\n<title>El hotel m\u00e1s moderno de Berl\u00edn | art&#039;otel Berlin Mitte<\/title>\n<meta name=\"description\" content=\"Sum\u00e9rgete en el arte, la cultura, la moda y la historia en el art&#039;otel Berlin Mitte, en la zona de la Alexanderplatz.\" \/>\n<meta name=\"robots\" content=\"index, follow, max-snippet:-1, max-image-preview:large, max-video-preview:-1\" \/>\n<link rel=\"canonical\" href=\"https:\/\/artotel.com\/es\/hotels\/berlin\/berlin-mitte\/\" \/>\n<meta property=\"og:locale\" content=\"es_ES\" \/>\n<meta property=\"og:type\" content=\"article\" \/>\n<meta property=\"og:title\" content=\"El hotel m\u00e1s moderno de Berl\u00edn | art&#039;otel Berlin Mitte\" \/>\n<meta property=\"og:description\" content=\"Sum\u00e9rgete en el arte, la cultura, la moda y la historia en el art&#039;otel Berlin Mitte, en la zona de la Alexanderplatz.\" \/>\n<meta property=\"og:url\" content=\"https:\/\/artotel.com\/es\/hotels\/berlin\/berlin-mitte\/\" \/>\n<meta property=\"og:site_name\" content=\"art&#039;otel\" \/>\n<meta property=\"article:modified_time\" content=\"2025-12-23T09:14:25+00:00\" \/>\n<meta property=\"og:image\" content=\"https:\/\/artotel.com\/wp-content\/uploads\/2022\/05\/hero-placeholder-1.jpg\" \/>\n\t<meta property=\"og:image:width\" content=\"556\" \/>\n\t<meta property=\"og:image:height\" content=\"559\" \/>\n\t<meta property=\"og:image:type\" content=\"image\/jpeg\" \/>\n<meta name=\"twitter:card\" content=\"summary_large_image\" \/>\n<meta name=\"twitter:title\" content=\"El hotel m\u00e1s moderno de Berl\u00edn | art&#039;otel Berlin Mitte\" \/>\n<meta name=\"twitter:description\" content=\"Sum\u00e9rgete en el arte, la cultura, la moda y la historia en el art&#039;otel Berlin Mitte, en la zona de la Alexanderplatz.\" \/>\n<meta name=\"twitter:image\" content=\"https:\/\/artotel.com\/wp-content\/uploads\/2022\/05\/hero-placeholder-1.jpg\" \/>\n<script type=\"application\/ld+json\" class=\"yoast-schema-graph\">{\"@context\":\"https:\/\/schema.org\",\"@graph\":[{\"@type\":\"WebPage\",\"@id\":\"https:\/\/artotel.com\/es\/hotels\/berlin\/berlin-mitte\/\",\"url\":\"https:\/\/artotel.com\/es\/hotels\/berlin\/berlin-mitte\/\",\"name\":\"El hotel m\u00e1s moderno de Berl\u00edn | art'otel Berlin Mitte\",\"isPartOf\":{\"@id\":\"https:\/\/artotel.com\/es\/#website\"},\"datePublished\":\"2023-04-20T07:38:07+00:00\",\"dateModified\":\"2025-12-23T09:14:25+00:00\",\"description\":\"Sum\u00e9rgete en el arte, la cultura, la moda y la historia en el art'otel Berlin Mitte, en la zona de la Alexanderplatz.\",\"breadcrumb\":{\"@id\":\"https:\/\/artotel.com\/es\/hotels\/berlin\/berlin-mitte\/#breadcrumb\"},\"inLanguage\":\"es\",\"potentialAction\":[{\"@type\":\"ReadAction\",\"target\":[\"https:\/\/artotel.com\/es\/hotels\/berlin\/berlin-mitte\/\"]}]},{\"@type\":\"BreadcrumbList\",\"@id\":\"https:\/\/artotel.com\/es\/hotels\/berlin\/berlin-mitte\/#breadcrumb\",\"itemListElement\":[{\"@type\":\"ListItem\",\"position\":1,\"name\":\"Home\",\"item\":\"https:\/\/artotel.com\/es\/\"},{\"@type\":\"ListItem\",\"position\":2,\"name\":\"Mall\",\"item\":\"https:\/\/artotel.com\/en\/blog\/site\/mall\/\"},{\"@type\":\"ListItem\",\"position\":3,\"name\":\"Hotels\",\"item\":\"https:\/\/artotel.com\/es\/hotels\/\"},{\"@type\":\"ListItem\",\"position\":4,\"name\":\"Berlin\",\"item\":\"https:\/\/artotel.com\/es\/hotels\/berlin\/\"},{\"@type\":\"ListItem\",\"position\":5,\"name\":\"BerlinMitte Home [ES]\"}]},{\"@type\":\"WebSite\",\"@id\":\"https:\/\/artotel.com\/es\/#website\",\"url\":\"https:\/\/artotel.com\/es\/\",\"name\":\"art'otel\",\"description\":\"City centre hotels with a view\",\"potentialAction\":[{\"@type\":\"SearchAction\",\"target\":{\"@type\":\"EntryPoint\",\"urlTemplate\":\"https:\/\/artotel.com\/es\/?s={search_term_string}\"},\"query-input\":{\"@type\":\"PropertyValueSpecification\",\"valueRequired\":true,\"valueName\":\"search_term_string\"}}],\"inLanguage\":\"es\"}]}<\/script>\n<!-- \/ Yoast SEO plugin. -->","yoast_head_json":{"title":"El hotel m\u00e1s moderno de Berl\u00edn | art'otel Berlin Mitte","description":"Sum\u00e9rgete en el arte, la cultura, la moda y la historia en el art'otel Berlin Mitte, en la zona de la Alexanderplatz.","robots":{"index":"index","follow":"follow","max-snippet":"max-snippet:-1","max-image-preview":"max-image-preview:large","max-video-preview":"max-video-preview:-1"},"canonical":"https:\/\/artotel.com\/es\/hotels\/berlin\/berlin-mitte\/","og_locale":"es_ES","og_type":"article","og_title":"El hotel m\u00e1s moderno de Berl\u00edn | art'otel Berlin Mitte","og_description":"Sum\u00e9rgete en el arte, la cultura, la moda y la historia en el art'otel Berlin Mitte, en la zona de la Alexanderplatz.","og_url":"https:\/\/artotel.com\/es\/hotels\/berlin\/berlin-mitte\/","og_site_name":"art&#039;otel","article_modified_time":"2025-12-23T09:14:25+00:00","og_image":[{"width":556,"height":559,"url":"https:\/\/artotel.com\/wp-content\/uploads\/2022\/05\/hero-placeholder-1.jpg","type":"image\/jpeg"}],"twitter_card":"summary_large_image","twitter_title":"El hotel m\u00e1s moderno de Berl\u00edn | art'otel Berlin Mitte","twitter_description":"Sum\u00e9rgete en el arte, la cultura, la moda y la historia en el art'otel Berlin Mitte, en la zona de la Alexanderplatz.","twitter_image":"https:\/\/artotel.com\/wp-content\/uploads\/2022\/05\/hero-placeholder-1.jpg","schema":{"@context":"https:\/\/schema.org","@graph":[{"@type":"WebPage","@id":"https:\/\/artotel.com\/es\/hotels\/berlin\/berlin-mitte\/","url":"https:\/\/artotel.com\/es\/hotels\/berlin\/berlin-mitte\/","name":"El hotel m\u00e1s moderno de Berl\u00edn | art'otel Berlin Mitte","isPartOf":{"@id":"https:\/\/artotel.com\/es\/#website"},"datePublished":"2023-04-20T07:38:07+00:00","dateModified":"2025-12-23T09:14:25+00:00","description":"Sum\u00e9rgete en el arte, la cultura, la moda y la historia en el art'otel Berlin Mitte, en la zona de la Alexanderplatz.","breadcrumb":{"@id":"https:\/\/artotel.com\/es\/hotels\/berlin\/berlin-mitte\/#breadcrumb"},"inLanguage":"es","potentialAction":[{"@type":"ReadAction","target":["https:\/\/artotel.com\/es\/hotels\/berlin\/berlin-mitte\/"]}]},{"@type":"BreadcrumbList","@id":"https:\/\/artotel.com\/es\/hotels\/berlin\/berlin-mitte\/#breadcrumb","itemListElement":[{"@type":"ListItem","position":1,"name":"Home","item":"https:\/\/artotel.com\/es\/"},{"@type":"ListItem","position":2,"name":"Mall","item":"https:\/\/artotel.com\/en\/blog\/site\/mall\/"},{"@type":"ListItem","position":3,"name":"Hotels","item":"https:\/\/artotel.com\/es\/hotels\/"},{"@type":"ListItem","position":4,"name":"Berlin","item":"https:\/\/artotel.com\/es\/hotels\/berlin\/"},{"@type":"ListItem","position":5,"name":"BerlinMitte Home [ES]"}]},{"@type":"WebSite","@id":"https:\/\/artotel.com\/es\/#website","url":"https:\/\/artotel.com\/es\/","name":"art'otel","description":"City centre hotels with a view","potentialAction":[{"@type":"SearchAction","target":{"@type":"EntryPoint","urlTemplate":"https:\/\/artotel.com\/es\/?s={search_term_string}"},"query-input":{"@type":"PropertyValueSpecification","valueRequired":true,"valueName":"search_term_string"}}],"inLanguage":"es"}]}},"_links":{"self":[{"href":"https:\/\/artotel.com\/es\/wp-json\/wp\/v2\/pages\/104205","targetHints":{"allow":["GET"]}}],"collection":[{"href":"https:\/\/artotel.com\/es\/wp-json\/wp\/v2\/pages"}],"about":[{"href":"https:\/\/artotel.com\/es\/wp-json\/wp\/v2\/types\/page"}],"author":[{"embeddable":true,"href":"https:\/\/artotel.com\/es\/wp-json\/wp\/v2\/users\/29"}],"replies":[{"embeddable":true,"href":"https:\/\/artotel.com\/es\/wp-json\/wp\/v2\/comments?post=104205"}],"version-history":[{"count":6,"href":"https:\/\/artotel.com\/es\/wp-json\/wp\/v2\/pages\/104205\/revisions"}],"predecessor-version":[{"id":161313,"href":"https:\/\/artotel.com\/es\/wp-json\/wp\/v2\/pages\/104205\/revisions\/161313"}],"up":[{"embeddable":true,"href":"https:\/\/artotel.com\/es\/wp-json\/wp\/v2\/pages\/134348"}],"wp:attachment":[{"href":"https:\/\/artotel.com\/es\/wp-json\/wp\/v2\/media?parent=104205"}],"wp:term":[{"taxonomy":"wf_page_folders","embeddable":true,"href":"https:\/\/artotel.com\/es\/wp-json\/wp\/v2\/wf_page_folders?post=104205"},{"taxonomy":"site","embeddable":true,"href":"https:\/\/artotel.com\/es\/wp-json\/wp\/v2\/site?post=104205"}],"curies":[{"name":"wp","href":"https:\/\/api.w.org\/{rel}","templated":true}]}}