    {"id":110082,"date":"2023-04-20T09:54:39","date_gmt":"2023-04-20T07:54:39","guid":{"rendered":"https:\/\/artotel-url-restructure.tempurl.host\/hotels\/berlin-mitte\/artista-de-cabecera\/"},"modified":"2025-07-21T23:25:00","modified_gmt":"2025-07-21T21:25:00","slug":"artista-de-cabecera","status":"publish","type":"page","link":"https:\/\/artotel.com\/es\/hotels\/berlin\/berlin-mitte\/artista-de-cabecera\/","title":{"rendered":"Signature Artist"},"content":{"rendered":"","protected":false},"excerpt":{"rendered":"","protected":false},"author":29,"featured_media":2567,"parent":104205,"menu_order":0,"comment_status":"closed","ping_status":"closed","template":"","meta":{"_acf_changed":false,"footnotes":""},"wf_page_folders":[189],"site":[188],"class_list":["post-110082","page","type-page","status-publish","has-post-thumbnail","hentry","site-berlinmitte"],"acf":[],"yoast_head":"<!-- This site is optimized with the Yoast SEO plugin v24.9 - https:\/\/yoast.com\/wordpress\/plugins\/seo\/ -->\n<title>Arte de Georg Baselitz | art&#039;otel Berlin Mitte<\/title>\n<meta name=\"description\" content=\"Localiza las m\u00e1s de 300 obras de arte y esculturas de Georg Baselitz repartidas por todo el hotel. Descubre m\u00e1s aqu\u00ed.\" \/>\n<meta name=\"robots\" content=\"index, follow, max-snippet:-1, max-image-preview:large, max-video-preview:-1\" \/>\n<link rel=\"canonical\" href=\"https:\/\/artotel.com\/es\/hotels\/berlin\/berlin-mitte\/artista-de-cabecera\/\" \/>\n<meta property=\"og:locale\" content=\"es_ES\" \/>\n<meta property=\"og:type\" content=\"article\" \/>\n<meta property=\"og:title\" content=\"Arte de Georg Baselitz | art&#039;otel Berlin Mitte\" \/>\n<meta property=\"og:description\" content=\"Localiza las m\u00e1s de 300 obras de arte y esculturas de Georg Baselitz repartidas por todo el hotel. Descubre m\u00e1s aqu\u00ed.\" \/>\n<meta property=\"og:url\" content=\"https:\/\/artotel.com\/es\/hotels\/berlin\/berlin-mitte\/artista-de-cabecera\/\" \/>\n<meta property=\"og:site_name\" content=\"art&#039;otel\" \/>\n<meta property=\"article:modified_time\" content=\"2025-07-21T21:25:00+00:00\" \/>\n<meta property=\"og:image\" content=\"https:\/\/artotel.com\/wp-content\/uploads\/2022\/05\/our-locations-header.jpg\" \/>\n\t<meta property=\"og:image:width\" content=\"1061\" \/>\n\t<meta property=\"og:image:height\" content=\"498\" \/>\n\t<meta property=\"og:image:type\" content=\"image\/jpeg\" \/>\n<meta name=\"twitter:card\" content=\"summary_large_image\" \/>\n<meta name=\"twitter:title\" content=\"Arte de Georg Baselitz | art&#039;otel Berlin Mitte\" \/>\n<meta name=\"twitter:description\" content=\"Localiza las m\u00e1s de 300 obras de arte y esculturas de Georg Baselitz repartidas por todo el hotel. Descubre m\u00e1s aqu\u00ed.\" \/>\n<meta name=\"twitter:image\" content=\"https:\/\/artotel.com\/wp-content\/uploads\/2022\/05\/our-locations-header.jpg\" \/>\n<meta name=\"twitter:label1\" content=\"Tiempo de lectura\" \/>\n\t<meta name=\"twitter:data1\" content=\"1 minuto\" \/>\n<script type=\"application\/ld+json\" class=\"yoast-schema-graph\">{\"@context\":\"https:\/\/schema.org\",\"@graph\":[{\"@type\":\"WebPage\",\"@id\":\"https:\/\/artotel.com\/es\/hotels\/berlin\/berlin-mitte\/artista-de-cabecera\/\",\"url\":\"https:\/\/artotel.com\/es\/hotels\/berlin\/berlin-mitte\/artista-de-cabecera\/\",\"name\":\"Arte de Georg Baselitz | art'otel Berlin Mitte\",\"isPartOf\":{\"@id\":\"https:\/\/artotel.com\/es\/#website\"},\"primaryImageOfPage\":{\"@id\":\"https:\/\/artotel.com\/es\/hotels\/berlin\/berlin-mitte\/artista-de-cabecera\/#primaryimage\"},\"image\":{\"@id\":\"https:\/\/artotel.com\/es\/hotels\/berlin\/berlin-mitte\/artista-de-cabecera\/#primaryimage\"},\"thumbnailUrl\":\"https:\/\/artotel.com\/wp-content\/uploads\/2022\/05\/our-locations-header.jpg\",\"datePublished\":\"2023-04-20T07:54:39+00:00\",\"dateModified\":\"2025-07-21T21:25:00+00:00\",\"description\":\"Localiza las m\u00e1s de 300 obras de arte y esculturas de Georg Baselitz repartidas por todo el hotel. Descubre m\u00e1s aqu\u00ed.\",\"breadcrumb\":{\"@id\":\"https:\/\/artotel.com\/es\/hotels\/berlin\/berlin-mitte\/artista-de-cabecera\/#breadcrumb\"},\"inLanguage\":\"es\",\"potentialAction\":[{\"@type\":\"ReadAction\",\"target\":[\"https:\/\/artotel.com\/es\/hotels\/berlin\/berlin-mitte\/artista-de-cabecera\/\"]}]},{\"@type\":\"ImageObject\",\"inLanguage\":\"es\",\"@id\":\"https:\/\/artotel.com\/es\/hotels\/berlin\/berlin-mitte\/artista-de-cabecera\/#primaryimage\",\"url\":\"https:\/\/artotel.com\/wp-content\/uploads\/2022\/05\/our-locations-header.jpg\",\"contentUrl\":\"https:\/\/artotel.com\/wp-content\/uploads\/2022\/05\/our-locations-header.jpg\",\"width\":1061,\"height\":498},{\"@type\":\"BreadcrumbList\",\"@id\":\"https:\/\/artotel.com\/es\/hotels\/berlin\/berlin-mitte\/artista-de-cabecera\/#breadcrumb\",\"itemListElement\":[{\"@type\":\"ListItem\",\"position\":1,\"name\":\"Home\",\"item\":\"https:\/\/artotel.com\/es\/\"},{\"@type\":\"ListItem\",\"position\":2,\"name\":\"Mall\",\"item\":\"https:\/\/artotel.com\/en\/blog\/site\/mall\/\"},{\"@type\":\"ListItem\",\"position\":3,\"name\":\"Hotels\",\"item\":\"https:\/\/artotel.com\/es\/hotels\/\"},{\"@type\":\"ListItem\",\"position\":4,\"name\":\"Berlin\",\"item\":\"https:\/\/artotel.com\/es\/hotels\/berlin\/\"},{\"@type\":\"ListItem\",\"position\":5,\"name\":\"BerlinMitte Home [ES]\",\"item\":\"https:\/\/artotel.com\/es\/hotels\/berlin\/berlin-mitte\/\"},{\"@type\":\"ListItem\",\"position\":6,\"name\":\"Signature Artist\"}]},{\"@type\":\"WebSite\",\"@id\":\"https:\/\/artotel.com\/es\/#website\",\"url\":\"https:\/\/artotel.com\/es\/\",\"name\":\"art'otel\",\"description\":\"City centre hotels with a view\",\"potentialAction\":[{\"@type\":\"SearchAction\",\"target\":{\"@type\":\"EntryPoint\",\"urlTemplate\":\"https:\/\/artotel.com\/es\/?s={search_term_string}\"},\"query-input\":{\"@type\":\"PropertyValueSpecification\",\"valueRequired\":true,\"valueName\":\"search_term_string\"}}],\"inLanguage\":\"es\"}]}<\/script>\n<!-- \/ Yoast SEO plugin. -->","yoast_head_json":{"title":"Arte de Georg Baselitz | art'otel Berlin Mitte","description":"Localiza las m\u00e1s de 300 obras de arte y esculturas de Georg Baselitz repartidas por todo el hotel. Descubre m\u00e1s aqu\u00ed.","robots":{"index":"index","follow":"follow","max-snippet":"max-snippet:-1","max-image-preview":"max-image-preview:large","max-video-preview":"max-video-preview:-1"},"canonical":"https:\/\/artotel.com\/es\/hotels\/berlin\/berlin-mitte\/artista-de-cabecera\/","og_locale":"es_ES","og_type":"article","og_title":"Arte de Georg Baselitz | art'otel Berlin Mitte","og_description":"Localiza las m\u00e1s de 300 obras de arte y esculturas de Georg Baselitz repartidas por todo el hotel. Descubre m\u00e1s aqu\u00ed.","og_url":"https:\/\/artotel.com\/es\/hotels\/berlin\/berlin-mitte\/artista-de-cabecera\/","og_site_name":"art&#039;otel","article_modified_time":"2025-07-21T21:25:00+00:00","og_image":[{"width":1061,"height":498,"url":"https:\/\/artotel.com\/wp-content\/uploads\/2022\/05\/our-locations-header.jpg","type":"image\/jpeg"}],"twitter_card":"summary_large_image","twitter_title":"Arte de Georg Baselitz | art'otel Berlin Mitte","twitter_description":"Localiza las m\u00e1s de 300 obras de arte y esculturas de Georg Baselitz repartidas por todo el hotel. Descubre m\u00e1s aqu\u00ed.","twitter_image":"https:\/\/artotel.com\/wp-content\/uploads\/2022\/05\/our-locations-header.jpg","twitter_misc":{"Tiempo de lectura":"1 minuto"},"schema":{"@context":"https:\/\/schema.org","@graph":[{"@type":"WebPage","@id":"https:\/\/artotel.com\/es\/hotels\/berlin\/berlin-mitte\/artista-de-cabecera\/","url":"https:\/\/artotel.com\/es\/hotels\/berlin\/berlin-mitte\/artista-de-cabecera\/","name":"Arte de Georg Baselitz | art'otel Berlin Mitte","isPartOf":{"@id":"https:\/\/artotel.com\/es\/#website"},"primaryImageOfPage":{"@id":"https:\/\/artotel.com\/es\/hotels\/berlin\/berlin-mitte\/artista-de-cabecera\/#primaryimage"},"image":{"@id":"https:\/\/artotel.com\/es\/hotels\/berlin\/berlin-mitte\/artista-de-cabecera\/#primaryimage"},"thumbnailUrl":"https:\/\/artotel.com\/wp-content\/uploads\/2022\/05\/our-locations-header.jpg","datePublished":"2023-04-20T07:54:39+00:00","dateModified":"2025-07-21T21:25:00+00:00","description":"Localiza las m\u00e1s de 300 obras de arte y esculturas de Georg Baselitz repartidas por todo el hotel. Descubre m\u00e1s aqu\u00ed.","breadcrumb":{"@id":"https:\/\/artotel.com\/es\/hotels\/berlin\/berlin-mitte\/artista-de-cabecera\/#breadcrumb"},"inLanguage":"es","potentialAction":[{"@type":"ReadAction","target":["https:\/\/artotel.com\/es\/hotels\/berlin\/berlin-mitte\/artista-de-cabecera\/"]}]},{"@type":"ImageObject","inLanguage":"es","@id":"https:\/\/artotel.com\/es\/hotels\/berlin\/berlin-mitte\/artista-de-cabecera\/#primaryimage","url":"https:\/\/artotel.com\/wp-content\/uploads\/2022\/05\/our-locations-header.jpg","contentUrl":"https:\/\/artotel.com\/wp-content\/uploads\/2022\/05\/our-locations-header.jpg","width":1061,"height":498},{"@type":"BreadcrumbList","@id":"https:\/\/artotel.com\/es\/hotels\/berlin\/berlin-mitte\/artista-de-cabecera\/#breadcrumb","itemListElement":[{"@type":"ListItem","position":1,"name":"Home","item":"https:\/\/artotel.com\/es\/"},{"@type":"ListItem","position":2,"name":"Mall","item":"https:\/\/artotel.com\/en\/blog\/site\/mall\/"},{"@type":"ListItem","position":3,"name":"Hotels","item":"https:\/\/artotel.com\/es\/hotels\/"},{"@type":"ListItem","position":4,"name":"Berlin","item":"https:\/\/artotel.com\/es\/hotels\/berlin\/"},{"@type":"ListItem","position":5,"name":"BerlinMitte Home [ES]","item":"https:\/\/artotel.com\/es\/hotels\/berlin\/berlin-mitte\/"},{"@type":"ListItem","position":6,"name":"Signature Artist"}]},{"@type":"WebSite","@id":"https:\/\/artotel.com\/es\/#website","url":"https:\/\/artotel.com\/es\/","name":"art'otel","description":"City centre hotels with a view","potentialAction":[{"@type":"SearchAction","target":{"@type":"EntryPoint","urlTemplate":"https:\/\/artotel.com\/es\/?s={search_term_string}"},"query-input":{"@type":"PropertyValueSpecification","valueRequired":true,"valueName":"search_term_string"}}],"inLanguage":"es"}]}},"_links":{"self":[{"href":"https:\/\/artotel.com\/es\/wp-json\/wp\/v2\/pages\/110082","targetHints":{"allow":["GET"]}}],"collection":[{"href":"https:\/\/artotel.com\/es\/wp-json\/wp\/v2\/pages"}],"about":[{"href":"https:\/\/artotel.com\/es\/wp-json\/wp\/v2\/types\/page"}],"author":[{"embeddable":true,"href":"https:\/\/artotel.com\/es\/wp-json\/wp\/v2\/users\/29"}],"replies":[{"embeddable":true,"href":"https:\/\/artotel.com\/es\/wp-json\/wp\/v2\/comments?post=110082"}],"version-history":[{"count":3,"href":"https:\/\/artotel.com\/es\/wp-json\/wp\/v2\/pages\/110082\/revisions"}],"predecessor-version":[{"id":129398,"href":"https:\/\/artotel.com\/es\/wp-json\/wp\/v2\/pages\/110082\/revisions\/129398"}],"up":[{"embeddable":true,"href":"https:\/\/artotel.com\/es\/wp-json\/wp\/v2\/pages\/104205"}],"wp:featuredmedia":[{"embeddable":true,"href":"https:\/\/artotel.com\/es\/wp-json\/wp\/v2\/media\/2567"}],"wp:attachment":[{"href":"https:\/\/artotel.com\/es\/wp-json\/wp\/v2\/media?parent=110082"}],"wp:term":[{"taxonomy":"wf_page_folders","embeddable":true,"href":"https:\/\/artotel.com\/es\/wp-json\/wp\/v2\/wf_page_folders?post=110082"},{"taxonomy":"site","embeddable":true,"href":"https:\/\/artotel.com\/es\/wp-json\/wp\/v2\/site?post=110082"}],"curies":[{"name":"wp","href":"https:\/\/api.w.org\/{rel}","templated":true}]}}