    {"id":110202,"date":"2023-04-20T09:51:59","date_gmt":"2023-04-20T07:51:59","guid":{"rendered":"https:\/\/artotel-url-restructure.tempurl.host\/hotels\/berlin-mitte\/ofertas\/"},"modified":"2025-07-30T12:36:05","modified_gmt":"2025-07-30T10:36:05","slug":"ofertas","status":"publish","type":"page","link":"https:\/\/artotel.com\/es\/hotels\/berlin\/berlin-mitte\/ofertas\/","title":{"rendered":"OFERTAS Y PAQUETES"},"content":{"rendered":"","protected":false},"excerpt":{"rendered":"","protected":false},"author":29,"featured_media":0,"parent":104205,"menu_order":0,"comment_status":"closed","ping_status":"closed","template":"","meta":{"_acf_changed":false,"footnotes":""},"wf_page_folders":[189],"site":[188],"class_list":["post-110202","page","type-page","status-publish","hentry","site-berlinmitte"],"acf":[],"yoast_head":"<!-- This site is optimized with the Yoast SEO plugin v24.9 - https:\/\/yoast.com\/wordpress\/plugins\/seo\/ -->\n<title>Ofertas y paquetes m\u00e1s recientes | art&#039;otel Berlin Mitte<\/title>\n<meta name=\"description\" content=\"Ent\u00e9rate de todas las ofertas, eventos y mucho m\u00e1s del hotel. Consulta aqu\u00ed nuestras ofertas m\u00e1s recientes.\" \/>\n<meta name=\"robots\" content=\"index, follow, max-snippet:-1, max-image-preview:large, max-video-preview:-1\" \/>\n<link rel=\"canonical\" href=\"https:\/\/artotel.com\/es\/hotels\/berlin\/berlin-mitte\/ofertas\/\" \/>\n<meta property=\"og:locale\" content=\"es_ES\" \/>\n<meta property=\"og:type\" content=\"article\" \/>\n<meta property=\"og:title\" content=\"Ofertas y paquetes m\u00e1s recientes | art&#039;otel Berlin Mitte\" \/>\n<meta property=\"og:description\" content=\"Ent\u00e9rate de todas las ofertas, eventos y mucho m\u00e1s del hotel. Consulta aqu\u00ed nuestras ofertas m\u00e1s recientes.\" \/>\n<meta property=\"og:url\" content=\"https:\/\/artotel.com\/es\/hotels\/berlin\/berlin-mitte\/ofertas\/\" \/>\n<meta property=\"og:site_name\" content=\"art&#039;otel\" \/>\n<meta property=\"article:modified_time\" content=\"2025-07-30T10:36:05+00:00\" \/>\n<meta property=\"og:image\" content=\"https:\/\/artotel.com\/wp-content\/uploads\/2023\/05\/7048f19c-21a8-489a-864d-344ceb48a025.jpg\" \/>\n\t<meta property=\"og:image:width\" content=\"800\" \/>\n\t<meta property=\"og:image:height\" content=\"533\" \/>\n\t<meta property=\"og:image:type\" content=\"image\/jpeg\" \/>\n<meta name=\"twitter:card\" content=\"summary_large_image\" \/>\n<meta name=\"twitter:title\" content=\"Ofertas y paquetes m\u00e1s recientes | art&#039;otel Berlin Mitte\" \/>\n<meta name=\"twitter:description\" content=\"Ent\u00e9rate de todas las ofertas, eventos y mucho m\u00e1s del hotel. Consulta aqu\u00ed nuestras ofertas m\u00e1s recientes.\" \/>\n<meta name=\"twitter:image\" content=\"https:\/\/artotel.com\/wp-content\/uploads\/2023\/05\/7048f19c-21a8-489a-864d-344ceb48a025.jpg\" \/>\n<script type=\"application\/ld+json\" class=\"yoast-schema-graph\">{\"@context\":\"https:\/\/schema.org\",\"@graph\":[]}<\/script>\n<!-- \/ Yoast SEO plugin. -->","yoast_head_json":{"title":"Ofertas y paquetes m\u00e1s recientes | art'otel Berlin Mitte","description":"Ent\u00e9rate de todas las ofertas, eventos y mucho m\u00e1s del hotel. Consulta aqu\u00ed nuestras ofertas m\u00e1s recientes.","robots":{"index":"index","follow":"follow","max-snippet":"max-snippet:-1","max-image-preview":"max-image-preview:large","max-video-preview":"max-video-preview:-1"},"canonical":"https:\/\/artotel.com\/es\/hotels\/berlin\/berlin-mitte\/ofertas\/","og_locale":"es_ES","og_type":"article","og_title":"Ofertas y paquetes m\u00e1s recientes | art'otel Berlin Mitte","og_description":"Ent\u00e9rate de todas las ofertas, eventos y mucho m\u00e1s del hotel. Consulta aqu\u00ed nuestras ofertas m\u00e1s recientes.","og_url":"https:\/\/artotel.com\/es\/hotels\/berlin\/berlin-mitte\/ofertas\/","og_site_name":"art&#039;otel","article_modified_time":"2025-07-30T10:36:05+00:00","og_image":[{"width":800,"height":533,"url":"https:\/\/artotel.com\/wp-content\/uploads\/2023\/05\/7048f19c-21a8-489a-864d-344ceb48a025.jpg","type":"image\/jpeg"}],"twitter_card":"summary_large_image","twitter_title":"Ofertas y paquetes m\u00e1s recientes | art'otel Berlin Mitte","twitter_description":"Ent\u00e9rate de todas las ofertas, eventos y mucho m\u00e1s del hotel. Consulta aqu\u00ed nuestras ofertas m\u00e1s recientes.","twitter_image":"https:\/\/artotel.com\/wp-content\/uploads\/2023\/05\/7048f19c-21a8-489a-864d-344ceb48a025.jpg","schema":{"@context":"https:\/\/schema.org","@graph":[]}},"_links":{"self":[{"href":"https:\/\/artotel.com\/es\/wp-json\/wp\/v2\/pages\/110202","targetHints":{"allow":["GET"]}}],"collection":[{"href":"https:\/\/artotel.com\/es\/wp-json\/wp\/v2\/pages"}],"about":[{"href":"https:\/\/artotel.com\/es\/wp-json\/wp\/v2\/types\/page"}],"author":[{"embeddable":true,"href":"https:\/\/artotel.com\/es\/wp-json\/wp\/v2\/users\/29"}],"replies":[{"embeddable":true,"href":"https:\/\/artotel.com\/es\/wp-json\/wp\/v2\/comments?post=110202"}],"version-history":[{"count":2,"href":"https:\/\/artotel.com\/es\/wp-json\/wp\/v2\/pages\/110202\/revisions"}],"predecessor-version":[{"id":133799,"href":"https:\/\/artotel.com\/es\/wp-json\/wp\/v2\/pages\/110202\/revisions\/133799"}],"up":[{"embeddable":true,"href":"https:\/\/artotel.com\/es\/wp-json\/wp\/v2\/pages\/104205"}],"wp:attachment":[{"href":"https:\/\/artotel.com\/es\/wp-json\/wp\/v2\/media?parent=110202"}],"wp:term":[{"taxonomy":"wf_page_folders","embeddable":true,"href":"https:\/\/artotel.com\/es\/wp-json\/wp\/v2\/wf_page_folders?post=110202"},{"taxonomy":"site","embeddable":true,"href":"https:\/\/artotel.com\/es\/wp-json\/wp\/v2\/site?post=110202"}],"curies":[{"name":"wp","href":"https:\/\/api.w.org\/{rel}","templated":true}]}}