    {"id":127468,"date":"2025-07-15T18:58:06","date_gmt":"2025-07-15T16:58:06","guid":{"rendered":"https:\/\/artotel-url-restructure.tempurl.host\/hotels\/london\/battersea\/habitaciones-y-suites\/art-room\/"},"modified":"2025-07-15T19:01:54","modified_gmt":"2025-07-15T17:01:54","slug":"habitacion-art","status":"publish","type":"page","link":"https:\/\/artotel.com\/es\/hotels\/london\/battersea-power-station\/habitaciones-y-suites\/habitacion-art\/","title":{"rendered":"HABITACI\u00d3N ART"},"content":{"rendered":"","protected":false},"excerpt":{"rendered":"","protected":false},"author":1,"featured_media":0,"parent":66986,"menu_order":0,"comment_status":"closed","ping_status":"closed","template":"page-rooms-suites.php","meta":{"_acf_changed":false,"footnotes":""},"wf_page_folders":[129],"site":[128],"class_list":["post-127468","page","type-page","status-publish","hentry","site-battersea"],"acf":[],"yoast_head":"<!-- This site is optimized with the Yoast SEO plugin v24.9 - https:\/\/yoast.com\/wordpress\/plugins\/seo\/ -->\n<title>\u00c9chale un vistazo a nuestra habitaci\u00f3n art\u00edstica | art&#039;otel de Battersea Power Station<\/title>\n<meta name=\"description\" content=\"Nuestras habitaciones ofrecen m\u00e1s que una buena noche de sue\u00f1o. Descubre lo que nuestras habitaciones tienen para ofrecer y reserva tu estad\u00eda aqu\u00ed.\" \/>\n<meta name=\"robots\" content=\"index, follow, max-snippet:-1, max-image-preview:large, max-video-preview:-1\" \/>\n<link rel=\"canonical\" href=\"https:\/\/artotel.com\/es\/hotels\/london\/battersea-power-station\/habitaciones-y-suites\/habitacion-art\/\" \/>\n<meta property=\"og:locale\" content=\"es_ES\" \/>\n<meta property=\"og:type\" content=\"article\" \/>\n<meta property=\"og:title\" content=\"\u00c9chale un vistazo a nuestra habitaci\u00f3n art\u00edstica | art&#039;otel de Battersea Power Station\" \/>\n<meta property=\"og:description\" content=\"Nuestras habitaciones ofrecen m\u00e1s que una buena noche de sue\u00f1o. Descubre lo que nuestras habitaciones tienen para ofrecer y reserva tu estad\u00eda aqu\u00ed.\" \/>\n<meta property=\"og:url\" content=\"https:\/\/artotel.com\/es\/hotels\/london\/battersea-power-station\/habitaciones-y-suites\/habitacion-art\/\" \/>\n<meta property=\"og:site_name\" content=\"art&#039;otel\" \/>\n<meta property=\"article:modified_time\" content=\"2025-07-15T17:01:54+00:00\" \/>\n<meta property=\"og:image\" content=\"https:\/\/artotel.com\/wp-content\/uploads\/2025\/07\/2025-ARO-artotelrome-MasterpieceSuite-6-1-scaled.jpg\" \/>\n\t<meta property=\"og:image:width\" content=\"2560\" \/>\n\t<meta property=\"og:image:height\" content=\"1706\" \/>\n\t<meta property=\"og:image:type\" content=\"image\/jpeg\" \/>\n<meta name=\"twitter:card\" content=\"summary_large_image\" \/>\n<script type=\"application\/ld+json\" class=\"yoast-schema-graph\">{\"@context\":\"https:\/\/schema.org\",\"@graph\":[{\"@type\":\"WebPage\",\"@id\":\"https:\/\/artotel.com\/es\/hotels\/london\/battersea-power-station\/habitaciones-y-suites\/habitacion-art\/\",\"url\":\"https:\/\/artotel.com\/es\/hotels\/london\/battersea-power-station\/habitaciones-y-suites\/habitacion-art\/\",\"name\":\"\u00c9chale un vistazo a nuestra habitaci\u00f3n art\u00edstica | art'otel de Battersea Power Station\",\"isPartOf\":{\"@id\":\"https:\/\/artotel.com\/es\/#website\"},\"datePublished\":\"2025-07-15T16:58:06+00:00\",\"dateModified\":\"2025-07-15T17:01:54+00:00\",\"description\":\"Nuestras habitaciones ofrecen m\u00e1s que una buena noche de sue\u00f1o. Descubre lo que nuestras habitaciones tienen para ofrecer y reserva tu estad\u00eda aqu\u00ed.\",\"breadcrumb\":{\"@id\":\"https:\/\/artotel.com\/es\/hotels\/london\/battersea-power-station\/habitaciones-y-suites\/habitacion-art\/#breadcrumb\"},\"inLanguage\":\"es\",\"potentialAction\":[{\"@type\":\"ReadAction\",\"target\":[\"https:\/\/artotel.com\/es\/hotels\/london\/battersea-power-station\/habitaciones-y-suites\/habitacion-art\/\"]}]},{\"@type\":\"BreadcrumbList\",\"@id\":\"https:\/\/artotel.com\/es\/hotels\/london\/battersea-power-station\/habitaciones-y-suites\/habitacion-art\/#breadcrumb\",\"itemListElement\":[{\"@type\":\"ListItem\",\"position\":1,\"name\":\"Home\",\"item\":\"https:\/\/artotel.com\/es\/\"},{\"@type\":\"ListItem\",\"position\":2,\"name\":\"Mall\",\"item\":\"https:\/\/artotel.com\/en\/blog\/site\/mall\/\"},{\"@type\":\"ListItem\",\"position\":3,\"name\":\"Hotels\",\"item\":\"https:\/\/artotel.com\/es\/hotels\/\"},{\"@type\":\"ListItem\",\"position\":4,\"name\":\"London\",\"item\":\"https:\/\/artotel.com\/es\/hotels\/london\/\"},{\"@type\":\"ListItem\",\"position\":5,\"name\":\"Battersea Home\",\"item\":\"https:\/\/artotel.com\/es\/hotels\/london\/battersea-power-station\/\"},{\"@type\":\"ListItem\",\"position\":6,\"name\":\"Habitaciones y Suites Art\u00edsticas\",\"item\":\"https:\/\/artotel.com\/es\/hotels\/london\/battersea-power-station\/habitaciones-y-suites\/\"},{\"@type\":\"ListItem\",\"position\":7,\"name\":\"HABITACI\u00d3N ART\"}]},{\"@type\":\"WebSite\",\"@id\":\"https:\/\/artotel.com\/es\/#website\",\"url\":\"https:\/\/artotel.com\/es\/\",\"name\":\"art'otel\",\"description\":\"City centre hotels with a view\",\"potentialAction\":[{\"@type\":\"SearchAction\",\"target\":{\"@type\":\"EntryPoint\",\"urlTemplate\":\"https:\/\/artotel.com\/es\/?s={search_term_string}\"},\"query-input\":{\"@type\":\"PropertyValueSpecification\",\"valueRequired\":true,\"valueName\":\"search_term_string\"}}],\"inLanguage\":\"es\"}]}<\/script>\n<!-- \/ Yoast SEO plugin. -->","yoast_head_json":{"title":"\u00c9chale un vistazo a nuestra habitaci\u00f3n art\u00edstica | art'otel de Battersea Power Station","description":"Nuestras habitaciones ofrecen m\u00e1s que una buena noche de sue\u00f1o. Descubre lo que nuestras habitaciones tienen para ofrecer y reserva tu estad\u00eda aqu\u00ed.","robots":{"index":"index","follow":"follow","max-snippet":"max-snippet:-1","max-image-preview":"max-image-preview:large","max-video-preview":"max-video-preview:-1"},"canonical":"https:\/\/artotel.com\/es\/hotels\/london\/battersea-power-station\/habitaciones-y-suites\/habitacion-art\/","og_locale":"es_ES","og_type":"article","og_title":"\u00c9chale un vistazo a nuestra habitaci\u00f3n art\u00edstica | art'otel de Battersea Power Station","og_description":"Nuestras habitaciones ofrecen m\u00e1s que una buena noche de sue\u00f1o. Descubre lo que nuestras habitaciones tienen para ofrecer y reserva tu estad\u00eda aqu\u00ed.","og_url":"https:\/\/artotel.com\/es\/hotels\/london\/battersea-power-station\/habitaciones-y-suites\/habitacion-art\/","og_site_name":"art&#039;otel","article_modified_time":"2025-07-15T17:01:54+00:00","og_image":[{"width":2560,"height":1706,"url":"https:\/\/artotel.com\/wp-content\/uploads\/2025\/07\/2025-ARO-artotelrome-MasterpieceSuite-6-1-scaled.jpg","type":"image\/jpeg"}],"twitter_card":"summary_large_image","schema":{"@context":"https:\/\/schema.org","@graph":[{"@type":"WebPage","@id":"https:\/\/artotel.com\/es\/hotels\/london\/battersea-power-station\/habitaciones-y-suites\/habitacion-art\/","url":"https:\/\/artotel.com\/es\/hotels\/london\/battersea-power-station\/habitaciones-y-suites\/habitacion-art\/","name":"\u00c9chale un vistazo a nuestra habitaci\u00f3n art\u00edstica | art'otel de Battersea Power Station","isPartOf":{"@id":"https:\/\/artotel.com\/es\/#website"},"datePublished":"2025-07-15T16:58:06+00:00","dateModified":"2025-07-15T17:01:54+00:00","description":"Nuestras habitaciones ofrecen m\u00e1s que una buena noche de sue\u00f1o. Descubre lo que nuestras habitaciones tienen para ofrecer y reserva tu estad\u00eda aqu\u00ed.","breadcrumb":{"@id":"https:\/\/artotel.com\/es\/hotels\/london\/battersea-power-station\/habitaciones-y-suites\/habitacion-art\/#breadcrumb"},"inLanguage":"es","potentialAction":[{"@type":"ReadAction","target":["https:\/\/artotel.com\/es\/hotels\/london\/battersea-power-station\/habitaciones-y-suites\/habitacion-art\/"]}]},{"@type":"BreadcrumbList","@id":"https:\/\/artotel.com\/es\/hotels\/london\/battersea-power-station\/habitaciones-y-suites\/habitacion-art\/#breadcrumb","itemListElement":[{"@type":"ListItem","position":1,"name":"Home","item":"https:\/\/artotel.com\/es\/"},{"@type":"ListItem","position":2,"name":"Mall","item":"https:\/\/artotel.com\/en\/blog\/site\/mall\/"},{"@type":"ListItem","position":3,"name":"Hotels","item":"https:\/\/artotel.com\/es\/hotels\/"},{"@type":"ListItem","position":4,"name":"London","item":"https:\/\/artotel.com\/es\/hotels\/london\/"},{"@type":"ListItem","position":5,"name":"Battersea Home","item":"https:\/\/artotel.com\/es\/hotels\/london\/battersea-power-station\/"},{"@type":"ListItem","position":6,"name":"Habitaciones y Suites Art\u00edsticas","item":"https:\/\/artotel.com\/es\/hotels\/london\/battersea-power-station\/habitaciones-y-suites\/"},{"@type":"ListItem","position":7,"name":"HABITACI\u00d3N ART"}]},{"@type":"WebSite","@id":"https:\/\/artotel.com\/es\/#website","url":"https:\/\/artotel.com\/es\/","name":"art'otel","description":"City centre hotels with a view","potentialAction":[{"@type":"SearchAction","target":{"@type":"EntryPoint","urlTemplate":"https:\/\/artotel.com\/es\/?s={search_term_string}"},"query-input":{"@type":"PropertyValueSpecification","valueRequired":true,"valueName":"search_term_string"}}],"inLanguage":"es"}]}},"_links":{"self":[{"href":"https:\/\/artotel.com\/es\/wp-json\/wp\/v2\/pages\/127468","targetHints":{"allow":["GET"]}}],"collection":[{"href":"https:\/\/artotel.com\/es\/wp-json\/wp\/v2\/pages"}],"about":[{"href":"https:\/\/artotel.com\/es\/wp-json\/wp\/v2\/types\/page"}],"author":[{"embeddable":true,"href":"https:\/\/artotel.com\/es\/wp-json\/wp\/v2\/users\/1"}],"replies":[{"embeddable":true,"href":"https:\/\/artotel.com\/es\/wp-json\/wp\/v2\/comments?post=127468"}],"version-history":[{"count":1,"href":"https:\/\/artotel.com\/es\/wp-json\/wp\/v2\/pages\/127468\/revisions"}],"predecessor-version":[{"id":127473,"href":"https:\/\/artotel.com\/es\/wp-json\/wp\/v2\/pages\/127468\/revisions\/127473"}],"up":[{"embeddable":true,"href":"https:\/\/artotel.com\/es\/wp-json\/wp\/v2\/pages\/66986"}],"wp:attachment":[{"href":"https:\/\/artotel.com\/es\/wp-json\/wp\/v2\/media?parent=127468"}],"wp:term":[{"taxonomy":"wf_page_folders","embeddable":true,"href":"https:\/\/artotel.com\/es\/wp-json\/wp\/v2\/wf_page_folders?post=127468"},{"taxonomy":"site","embeddable":true,"href":"https:\/\/artotel.com\/es\/wp-json\/wp\/v2\/site?post=127468"}],"curies":[{"name":"wp","href":"https:\/\/api.w.org\/{rel}","templated":true}]}}