    {"id":43803,"date":"2024-09-03T16:08:41","date_gmt":"2024-09-03T14:08:41","guid":{"rendered":"https:\/\/artotel-url-restructure.tempurl.host\/hotels\/amsterdam\/reuniones-y-eventos-2\/"},"modified":"2026-05-15T12:21:32","modified_gmt":"2026-05-15T10:21:32","slug":"reuniones-y-eventos","status":"publish","type":"page","link":"https:\/\/artotel.com\/es\/hotels\/amsterdam\/central-amsterdam\/reuniones-y-eventos\/","title":{"rendered":"Reuniones y Eventos"},"content":{"rendered":"","protected":false},"excerpt":{"rendered":"","protected":false},"author":29,"featured_media":0,"parent":37549,"menu_order":0,"comment_status":"closed","ping_status":"closed","template":"","meta":{"_acf_changed":false,"footnotes":""},"wf_page_folders":[109],"site":[108],"class_list":["post-43803","page","type-page","status-publish","hentry","site-amsterdam"],"acf":[],"yoast_head":"<!-- This site is optimized with the Yoast SEO plugin v24.9 - https:\/\/yoast.com\/wordpress\/plugins\/seo\/ -->\n<title>Reuniones y Eventos | art&#039;otel<\/title>\n<meta name=\"description\" content=\"Descubra los espacios para eventos m\u00e1s creativos, incluyendo una galer\u00eda de arte en el centro de \u00c1msterdam. Descubra nuestra gama de espacios inspiradores aqu\u00ed.\" \/>\n<meta name=\"robots\" content=\"index, follow, max-snippet:-1, max-image-preview:large, max-video-preview:-1\" \/>\n<link rel=\"canonical\" href=\"https:\/\/artotel.com\/es\/hotels\/amsterdam\/central-amsterdam\/reuniones-y-eventos\/\" \/>\n<meta property=\"og:locale\" content=\"es_ES\" \/>\n<meta property=\"og:type\" content=\"article\" \/>\n<meta property=\"og:title\" content=\"Con\u00f3zcanos y celebre su pr\u00f3ximo evento | art&#039;otel Amsterdam\" \/>\n<meta property=\"og:description\" content=\"Descubra los espacios para eventos m\u00e1s creativos, incluyendo una galer\u00eda de arte en el centro de \u00c1msterdam. Descubra nuestra gama de espacios inspiradores aqu\u00ed.\" \/>\n<meta property=\"og:url\" content=\"https:\/\/artotel.com\/es\/hotels\/amsterdam\/central-amsterdam\/reuniones-y-eventos\/\" \/>\n<meta property=\"og:site_name\" content=\"art&#039;otel\" \/>\n<meta property=\"article:modified_time\" content=\"2026-05-15T10:21:32+00:00\" \/>\n<meta property=\"og:image\" content=\"https:\/\/artotel.com\/wp-content\/uploads\/2026\/03\/2024-ARCA-PRIVATE-DINING-3-scaled-1024x683-1.jpg\" \/>\n\t<meta property=\"og:image:width\" content=\"1024\" \/>\n\t<meta property=\"og:image:height\" content=\"683\" \/>\n\t<meta property=\"og:image:type\" content=\"image\/jpeg\" \/>\n<meta name=\"twitter:card\" content=\"summary_large_image\" \/>\n<meta name=\"twitter:title\" content=\"Con\u00f3zcanos y celebre su pr\u00f3ximo evento | art&#039;otel Amsterdam\" \/>\n<meta name=\"twitter:description\" content=\"Descubra los espacios para eventos m\u00e1s creativos, incluyendo una galer\u00eda de arte en el centro de \u00c1msterdam. Descubra nuestra gama de espacios inspiradores aqu\u00ed.\" \/>\n<meta name=\"twitter:image\" content=\"https:\/\/artotel.com\/wp-content\/uploads\/2026\/03\/2024-ARCA-PRIVATE-DINING-3-scaled-1024x683-1.jpg\" \/>\n<script type=\"application\/ld+json\" class=\"yoast-schema-graph\">{\"@context\":\"https:\/\/schema.org\",\"@graph\":[]}<\/script>\n<!-- \/ Yoast SEO plugin. -->","yoast_head_json":{"title":"Reuniones y Eventos | art&#039;otel","description":"Descubra los espacios para eventos m\u00e1s creativos, incluyendo una galer\u00eda de arte en el centro de \u00c1msterdam. Descubra nuestra gama de espacios inspiradores aqu\u00ed.","robots":{"index":"index","follow":"follow","max-snippet":"max-snippet:-1","max-image-preview":"max-image-preview:large","max-video-preview":"max-video-preview:-1"},"canonical":"https:\/\/artotel.com\/es\/hotels\/amsterdam\/central-amsterdam\/reuniones-y-eventos\/","og_locale":"es_ES","og_type":"article","og_title":"Con\u00f3zcanos y celebre su pr\u00f3ximo evento | art'otel Amsterdam","og_description":"Descubra los espacios para eventos m\u00e1s creativos, incluyendo una galer\u00eda de arte en el centro de \u00c1msterdam. Descubra nuestra gama de espacios inspiradores aqu\u00ed.","og_url":"https:\/\/artotel.com\/es\/hotels\/amsterdam\/central-amsterdam\/reuniones-y-eventos\/","og_site_name":"art&#039;otel","article_modified_time":"2026-05-15T10:21:32+00:00","og_image":[{"width":1024,"height":683,"url":"https:\/\/artotel.com\/wp-content\/uploads\/2026\/03\/2024-ARCA-PRIVATE-DINING-3-scaled-1024x683-1.jpg","type":"image\/jpeg"}],"twitter_card":"summary_large_image","twitter_title":"Con\u00f3zcanos y celebre su pr\u00f3ximo evento | art'otel Amsterdam","twitter_description":"Descubra los espacios para eventos m\u00e1s creativos, incluyendo una galer\u00eda de arte en el centro de \u00c1msterdam. Descubra nuestra gama de espacios inspiradores aqu\u00ed.","twitter_image":"https:\/\/artotel.com\/wp-content\/uploads\/2026\/03\/2024-ARCA-PRIVATE-DINING-3-scaled-1024x683-1.jpg","schema":{"@context":"https:\/\/schema.org","@graph":[]}},"_links":{"self":[{"href":"https:\/\/artotel.com\/es\/wp-json\/wp\/v2\/pages\/43803","targetHints":{"allow":["GET"]}}],"collection":[{"href":"https:\/\/artotel.com\/es\/wp-json\/wp\/v2\/pages"}],"about":[{"href":"https:\/\/artotel.com\/es\/wp-json\/wp\/v2\/types\/page"}],"author":[{"embeddable":true,"href":"https:\/\/artotel.com\/es\/wp-json\/wp\/v2\/users\/29"}],"replies":[{"embeddable":true,"href":"https:\/\/artotel.com\/es\/wp-json\/wp\/v2\/comments?post=43803"}],"version-history":[{"count":5,"href":"https:\/\/artotel.com\/es\/wp-json\/wp\/v2\/pages\/43803\/revisions"}],"predecessor-version":[{"id":173989,"href":"https:\/\/artotel.com\/es\/wp-json\/wp\/v2\/pages\/43803\/revisions\/173989"}],"up":[{"embeddable":true,"href":"https:\/\/artotel.com\/es\/wp-json\/wp\/v2\/pages\/37549"}],"wp:attachment":[{"href":"https:\/\/artotel.com\/es\/wp-json\/wp\/v2\/media?parent=43803"}],"wp:term":[{"taxonomy":"wf_page_folders","embeddable":true,"href":"https:\/\/artotel.com\/es\/wp-json\/wp\/v2\/wf_page_folders?post=43803"},{"taxonomy":"site","embeddable":true,"href":"https:\/\/artotel.com\/es\/wp-json\/wp\/v2\/site?post=43803"}],"curies":[{"name":"wp","href":"https:\/\/api.w.org\/{rel}","templated":true}]}}