    {"id":44152,"date":"2024-09-02T14:13:15","date_gmt":"2024-09-02T12:13:15","guid":{"rendered":"https:\/\/artotel-url-restructure.tempurl.host\/hotels\/amsterdam\/preguntas-frecuentes-2\/"},"modified":"2025-11-27T13:02:39","modified_gmt":"2025-11-27T12:02:39","slug":"preguntas-frecuentes","status":"publish","type":"page","link":"https:\/\/artotel.com\/es\/hotels\/amsterdam\/central-amsterdam\/preguntas-frecuentes\/","title":{"rendered":"Preguntas frecuentes"},"content":{"rendered":"","protected":false},"excerpt":{"rendered":"","protected":false},"author":29,"featured_media":0,"parent":37549,"menu_order":0,"comment_status":"closed","ping_status":"closed","template":"","meta":{"_acf_changed":false,"footnotes":""},"wf_page_folders":[109],"site":[108],"class_list":["post-44152","page","type-page","status-publish","hentry","site-amsterdam"],"acf":[],"yoast_head":"<!-- This site is optimized with the Yoast SEO plugin v24.9 - https:\/\/yoast.com\/wordpress\/plugins\/seo\/ -->\n<title>Preguntas frecuentes | art&#039;otel<\/title>\n<meta name=\"description\" content=\"\u00bfTiene alguna pregunta sobre su estancia con nosotros? Quiz\u00e1s pueda encontrar la respuesta en nuestras preguntas frecuentes. Descubra m\u00e1s aqu\u00ed.\" \/>\n<meta name=\"robots\" content=\"index, follow, max-snippet:-1, max-image-preview:large, max-video-preview:-1\" \/>\n<link rel=\"canonical\" href=\"https:\/\/artotel.com\/es\/hotels\/amsterdam\/central-amsterdam\/preguntas-frecuentes\/\" \/>\n<meta property=\"og:locale\" content=\"es_ES\" \/>\n<meta property=\"og:type\" content=\"article\" \/>\n<meta property=\"og:title\" content=\"Encuentra las respuestas a tus preguntas | Preguntas frecuentes | art&#039;otel Amsterdam\" \/>\n<meta property=\"og:description\" content=\"\u00bfTiene alguna pregunta sobre su estancia con nosotros? Quiz\u00e1s pueda encontrar la respuesta en nuestras preguntas frecuentes. Descubra m\u00e1s aqu\u00ed.\" \/>\n<meta property=\"og:url\" content=\"https:\/\/artotel.com\/es\/hotels\/amsterdam\/central-amsterdam\/preguntas-frecuentes\/\" \/>\n<meta property=\"og:site_name\" content=\"art&#039;otel\" \/>\n<meta property=\"article:modified_time\" content=\"2025-11-27T12:02:39+00:00\" \/>\n<meta property=\"og:image\" content=\"https:\/\/artotel.com\/wp-content\/uploads\/2025\/07\/2025-ARO-artotelrome-MasterpieceSuite-6-1-scaled.jpg\" \/>\n\t<meta property=\"og:image:width\" content=\"2560\" \/>\n\t<meta property=\"og:image:height\" content=\"1706\" \/>\n\t<meta property=\"og:image:type\" content=\"image\/jpeg\" \/>\n<meta name=\"twitter:card\" content=\"summary_large_image\" \/>\n<meta name=\"twitter:title\" content=\"Encuentra las respuestas a tus preguntas | Preguntas frecuentes | art&#039;otel Amsterdam\" \/>\n<meta name=\"twitter:description\" content=\"\u00bfTiene alguna pregunta sobre su estancia con nosotros? Quiz\u00e1s pueda encontrar la respuesta en nuestras preguntas frecuentes. Descubra m\u00e1s aqu\u00ed.\" \/>\n<script type=\"application\/ld+json\" class=\"yoast-schema-graph\">{\"@context\":\"https:\/\/schema.org\",\"@graph\":[{\"@type\":\"WebPage\",\"@id\":\"https:\/\/artotel.com\/es\/hotels\/amsterdam\/central-amsterdam\/preguntas-frecuentes\/\",\"url\":\"https:\/\/artotel.com\/es\/hotels\/amsterdam\/central-amsterdam\/preguntas-frecuentes\/\",\"name\":\"Preguntas frecuentes | art&#039;otel\",\"isPartOf\":{\"@id\":\"https:\/\/artotel.com\/es\/#website\"},\"datePublished\":\"2024-09-02T12:13:15+00:00\",\"dateModified\":\"2025-11-27T12:02:39+00:00\",\"description\":\"\u00bfTiene alguna pregunta sobre su estancia con nosotros? Quiz\u00e1s pueda encontrar la respuesta en nuestras preguntas frecuentes. Descubra m\u00e1s aqu\u00ed.\",\"breadcrumb\":{\"@id\":\"https:\/\/artotel.com\/es\/hotels\/amsterdam\/central-amsterdam\/preguntas-frecuentes\/#breadcrumb\"},\"inLanguage\":\"es\",\"potentialAction\":[{\"@type\":\"ReadAction\",\"target\":[\"https:\/\/artotel.com\/es\/hotels\/amsterdam\/central-amsterdam\/preguntas-frecuentes\/\"]}]},{\"@type\":\"BreadcrumbList\",\"@id\":\"https:\/\/artotel.com\/es\/hotels\/amsterdam\/central-amsterdam\/preguntas-frecuentes\/#breadcrumb\",\"itemListElement\":[{\"@type\":\"ListItem\",\"position\":1,\"name\":\"Home\",\"item\":\"https:\/\/artotel.com\/es\/\"},{\"@type\":\"ListItem\",\"position\":2,\"name\":\"Hotels\",\"item\":\"https:\/\/artotel.com\/es\/hotels\/\"},{\"@type\":\"ListItem\",\"position\":3,\"name\":\"Amsterdam\",\"item\":\"https:\/\/artotel.com\/es\/hotels\/amsterdam\/\"},{\"@type\":\"ListItem\",\"position\":4,\"name\":\"Amsterdam Home\",\"item\":\"https:\/\/artotel.com\/es\/hotels\/amsterdam\/central-amsterdam\/\"},{\"@type\":\"ListItem\",\"position\":5,\"name\":\"Preguntas frecuentes\"}]},{\"@type\":\"WebSite\",\"@id\":\"https:\/\/artotel.com\/es\/#website\",\"url\":\"https:\/\/artotel.com\/es\/\",\"name\":\"art'otel\",\"description\":\"City centre hotels with a view\",\"potentialAction\":[{\"@type\":\"SearchAction\",\"target\":{\"@type\":\"EntryPoint\",\"urlTemplate\":\"https:\/\/artotel.com\/es\/?s={search_term_string}\"},\"query-input\":{\"@type\":\"PropertyValueSpecification\",\"valueRequired\":true,\"valueName\":\"search_term_string\"}}],\"inLanguage\":\"es\"}]}<\/script>\n<!-- \/ Yoast SEO plugin. -->","yoast_head_json":{"title":"Preguntas frecuentes | art&#039;otel","description":"\u00bfTiene alguna pregunta sobre su estancia con nosotros? Quiz\u00e1s pueda encontrar la respuesta en nuestras preguntas frecuentes. Descubra m\u00e1s aqu\u00ed.","robots":{"index":"index","follow":"follow","max-snippet":"max-snippet:-1","max-image-preview":"max-image-preview:large","max-video-preview":"max-video-preview:-1"},"canonical":"https:\/\/artotel.com\/es\/hotels\/amsterdam\/central-amsterdam\/preguntas-frecuentes\/","og_locale":"es_ES","og_type":"article","og_title":"Encuentra las respuestas a tus preguntas | Preguntas frecuentes | art'otel Amsterdam","og_description":"\u00bfTiene alguna pregunta sobre su estancia con nosotros? Quiz\u00e1s pueda encontrar la respuesta en nuestras preguntas frecuentes. Descubra m\u00e1s aqu\u00ed.","og_url":"https:\/\/artotel.com\/es\/hotels\/amsterdam\/central-amsterdam\/preguntas-frecuentes\/","og_site_name":"art&#039;otel","article_modified_time":"2025-11-27T12:02:39+00:00","og_image":[{"width":2560,"height":1706,"url":"https:\/\/artotel.com\/wp-content\/uploads\/2025\/07\/2025-ARO-artotelrome-MasterpieceSuite-6-1-scaled.jpg","type":"image\/jpeg"}],"twitter_card":"summary_large_image","twitter_title":"Encuentra las respuestas a tus preguntas | Preguntas frecuentes | art'otel Amsterdam","twitter_description":"\u00bfTiene alguna pregunta sobre su estancia con nosotros? Quiz\u00e1s pueda encontrar la respuesta en nuestras preguntas frecuentes. Descubra m\u00e1s aqu\u00ed.","schema":{"@context":"https:\/\/schema.org","@graph":[{"@type":"WebPage","@id":"https:\/\/artotel.com\/es\/hotels\/amsterdam\/central-amsterdam\/preguntas-frecuentes\/","url":"https:\/\/artotel.com\/es\/hotels\/amsterdam\/central-amsterdam\/preguntas-frecuentes\/","name":"Preguntas frecuentes | art&#039;otel","isPartOf":{"@id":"https:\/\/artotel.com\/es\/#website"},"datePublished":"2024-09-02T12:13:15+00:00","dateModified":"2025-11-27T12:02:39+00:00","description":"\u00bfTiene alguna pregunta sobre su estancia con nosotros? Quiz\u00e1s pueda encontrar la respuesta en nuestras preguntas frecuentes. Descubra m\u00e1s aqu\u00ed.","breadcrumb":{"@id":"https:\/\/artotel.com\/es\/hotels\/amsterdam\/central-amsterdam\/preguntas-frecuentes\/#breadcrumb"},"inLanguage":"es","potentialAction":[{"@type":"ReadAction","target":["https:\/\/artotel.com\/es\/hotels\/amsterdam\/central-amsterdam\/preguntas-frecuentes\/"]}]},{"@type":"BreadcrumbList","@id":"https:\/\/artotel.com\/es\/hotels\/amsterdam\/central-amsterdam\/preguntas-frecuentes\/#breadcrumb","itemListElement":[{"@type":"ListItem","position":1,"name":"Home","item":"https:\/\/artotel.com\/es\/"},{"@type":"ListItem","position":2,"name":"Hotels","item":"https:\/\/artotel.com\/es\/hotels\/"},{"@type":"ListItem","position":3,"name":"Amsterdam","item":"https:\/\/artotel.com\/es\/hotels\/amsterdam\/"},{"@type":"ListItem","position":4,"name":"Amsterdam Home","item":"https:\/\/artotel.com\/es\/hotels\/amsterdam\/central-amsterdam\/"},{"@type":"ListItem","position":5,"name":"Preguntas frecuentes"}]},{"@type":"WebSite","@id":"https:\/\/artotel.com\/es\/#website","url":"https:\/\/artotel.com\/es\/","name":"art'otel","description":"City centre hotels with a view","potentialAction":[{"@type":"SearchAction","target":{"@type":"EntryPoint","urlTemplate":"https:\/\/artotel.com\/es\/?s={search_term_string}"},"query-input":{"@type":"PropertyValueSpecification","valueRequired":true,"valueName":"search_term_string"}}],"inLanguage":"es"}]}},"_links":{"self":[{"href":"https:\/\/artotel.com\/es\/wp-json\/wp\/v2\/pages\/44152","targetHints":{"allow":["GET"]}}],"collection":[{"href":"https:\/\/artotel.com\/es\/wp-json\/wp\/v2\/pages"}],"about":[{"href":"https:\/\/artotel.com\/es\/wp-json\/wp\/v2\/types\/page"}],"author":[{"embeddable":true,"href":"https:\/\/artotel.com\/es\/wp-json\/wp\/v2\/users\/29"}],"replies":[{"embeddable":true,"href":"https:\/\/artotel.com\/es\/wp-json\/wp\/v2\/comments?post=44152"}],"version-history":[{"count":4,"href":"https:\/\/artotel.com\/es\/wp-json\/wp\/v2\/pages\/44152\/revisions"}],"predecessor-version":[{"id":159160,"href":"https:\/\/artotel.com\/es\/wp-json\/wp\/v2\/pages\/44152\/revisions\/159160"}],"up":[{"embeddable":true,"href":"https:\/\/artotel.com\/es\/wp-json\/wp\/v2\/pages\/37549"}],"wp:attachment":[{"href":"https:\/\/artotel.com\/es\/wp-json\/wp\/v2\/media?parent=44152"}],"wp:term":[{"taxonomy":"wf_page_folders","embeddable":true,"href":"https:\/\/artotel.com\/es\/wp-json\/wp\/v2\/wf_page_folders?post=44152"},{"taxonomy":"site","embeddable":true,"href":"https:\/\/artotel.com\/es\/wp-json\/wp\/v2\/site?post=44152"}],"curies":[{"name":"wp","href":"https:\/\/api.w.org\/{rel}","templated":true}]}}