    {"id":47920,"date":"2022-08-01T12:46:32","date_gmt":"2022-08-01T10:46:32","guid":{"rendered":"https:\/\/artotel-url-restructure.tempurl.host\/hotels\/amsterdam\/artista-de-la-casa\/"},"modified":"2025-07-30T19:53:20","modified_gmt":"2025-07-30T17:53:20","slug":"artista-de-la-casa","status":"publish","type":"page","link":"https:\/\/artotel.com\/es\/hotels\/amsterdam\/central-amsterdam\/artista-de-la-casa\/","title":{"rendered":"Artista de La Casa"},"content":{"rendered":"","protected":false},"excerpt":{"rendered":"","protected":false},"author":29,"featured_media":0,"parent":37549,"menu_order":0,"comment_status":"closed","ping_status":"closed","template":"","meta":{"_acf_changed":false,"footnotes":""},"wf_page_folders":[109],"site":[108],"class_list":["post-47920","page","type-page","status-publish","hentry","site-amsterdam"],"acf":[],"yoast_head":"<!-- This site is optimized with the Yoast SEO plugin v24.9 - https:\/\/yoast.com\/wordpress\/plugins\/seo\/ -->\n<title>Descubra nuestro artista emblem\u00e1tico, Atelier Van Lieshout | art&#039;otel \u00c1msterdam<\/title>\n<meta name=\"description\" content=\"Cada art&#039;otel exhibe obras de arte de un artista \u00fanico. En el art&#039;otel \u00c1msterdam, este es Atelier Van Lieshout. Explora su obra aqu\u00ed.\" \/>\n<meta name=\"robots\" content=\"index, follow, max-snippet:-1, max-image-preview:large, max-video-preview:-1\" \/>\n<link rel=\"canonical\" href=\"https:\/\/artotel.com\/es\/hotels\/amsterdam\/central-amsterdam\/artista-de-la-casa\/\" \/>\n<meta property=\"og:locale\" content=\"es_ES\" \/>\n<meta property=\"og:type\" content=\"article\" \/>\n<meta property=\"og:title\" content=\"Descubra nuestro artista emblem\u00e1tico, Atelier Van Lieshout | art&#039;otel \u00c1msterdam\" \/>\n<meta property=\"og:description\" content=\"Cada art&#039;otel exhibe obras de arte de un artista \u00fanico. En el art&#039;otel \u00c1msterdam, este es Atelier Van Lieshout. Explora su obra aqu\u00ed.\" \/>\n<meta property=\"og:url\" content=\"https:\/\/artotel.com\/es\/hotels\/amsterdam\/central-amsterdam\/artista-de-la-casa\/\" \/>\n<meta property=\"og:site_name\" content=\"art&#039;otel\" \/>\n<meta property=\"article:modified_time\" content=\"2025-07-30T17:53:20+00:00\" \/>\n<meta property=\"og:image\" content=\"https:\/\/artotel.com\/wp-content\/uploads\/2024\/08\/Jacopo-Paglione-Bedroom-Tales-John.jpg\" \/>\n\t<meta property=\"og:image:width\" content=\"2000\" \/>\n\t<meta property=\"og:image:height\" content=\"706\" \/>\n\t<meta property=\"og:image:type\" content=\"image\/jpeg\" \/>\n<meta name=\"twitter:card\" content=\"summary_large_image\" \/>\n<meta name=\"twitter:title\" content=\"Descubra nuestro artista emblem\u00e1tico, Atelier Van Lieshout | art&#039;otel \u00c1msterdam\" \/>\n<meta name=\"twitter:description\" content=\"Cada art&#039;otel exhibe obras de arte de un artista \u00fanico. En el art&#039;otel \u00c1msterdam, este es Atelier Van Lieshout. Explora su obra aqu\u00ed.\" \/>\n<meta name=\"twitter:image\" content=\"https:\/\/artotel.com\/wp-content\/uploads\/2024\/08\/Jacopo-Paglione-Bedroom-Tales-John.jpg\" \/>\n<script type=\"application\/ld+json\" class=\"yoast-schema-graph\">{\"@context\":\"https:\/\/schema.org\",\"@graph\":[{\"@type\":\"WebPage\",\"@id\":\"https:\/\/artotel.com\/es\/hotels\/amsterdam\/central-amsterdam\/artista-de-la-casa\/\",\"url\":\"https:\/\/artotel.com\/es\/hotels\/amsterdam\/central-amsterdam\/artista-de-la-casa\/\",\"name\":\"Descubra nuestro artista emblem\u00e1tico, Atelier Van Lieshout | art'otel \u00c1msterdam\",\"isPartOf\":{\"@id\":\"https:\/\/artotel.com\/es\/#website\"},\"datePublished\":\"2022-08-01T10:46:32+00:00\",\"dateModified\":\"2025-07-30T17:53:20+00:00\",\"description\":\"Cada art'otel exhibe obras de arte de un artista \u00fanico. En el art'otel \u00c1msterdam, este es Atelier Van Lieshout. Explora su obra aqu\u00ed.\",\"breadcrumb\":{\"@id\":\"https:\/\/artotel.com\/es\/hotels\/amsterdam\/central-amsterdam\/artista-de-la-casa\/#breadcrumb\"},\"inLanguage\":\"es\",\"potentialAction\":[{\"@type\":\"ReadAction\",\"target\":[\"https:\/\/artotel.com\/es\/hotels\/amsterdam\/central-amsterdam\/artista-de-la-casa\/\"]}]},{\"@type\":\"BreadcrumbList\",\"@id\":\"https:\/\/artotel.com\/es\/hotels\/amsterdam\/central-amsterdam\/artista-de-la-casa\/#breadcrumb\",\"itemListElement\":[{\"@type\":\"ListItem\",\"position\":1,\"name\":\"Home\",\"item\":\"https:\/\/artotel.com\/es\/\"},{\"@type\":\"ListItem\",\"position\":2,\"name\":\"Mall\",\"item\":\"https:\/\/artotel.com\/en\/blog\/site\/mall\/\"},{\"@type\":\"ListItem\",\"position\":3,\"name\":\"Hotels\",\"item\":\"https:\/\/artotel.com\/es\/hotels\/\"},{\"@type\":\"ListItem\",\"position\":4,\"name\":\"Amsterdam\",\"item\":\"https:\/\/artotel.com\/es\/hotels\/amsterdam\/\"},{\"@type\":\"ListItem\",\"position\":5,\"name\":\"Amsterdam Home\",\"item\":\"https:\/\/artotel.com\/es\/hotels\/amsterdam\/central-amsterdam\/\"},{\"@type\":\"ListItem\",\"position\":6,\"name\":\"Artista de La Casa\"}]},{\"@type\":\"WebSite\",\"@id\":\"https:\/\/artotel.com\/es\/#website\",\"url\":\"https:\/\/artotel.com\/es\/\",\"name\":\"art'otel\",\"description\":\"City centre hotels with a view\",\"potentialAction\":[{\"@type\":\"SearchAction\",\"target\":{\"@type\":\"EntryPoint\",\"urlTemplate\":\"https:\/\/artotel.com\/es\/?s={search_term_string}\"},\"query-input\":{\"@type\":\"PropertyValueSpecification\",\"valueRequired\":true,\"valueName\":\"search_term_string\"}}],\"inLanguage\":\"es\"}]}<\/script>\n<!-- \/ Yoast SEO plugin. -->","yoast_head_json":{"title":"Descubra nuestro artista emblem\u00e1tico, Atelier Van Lieshout | art'otel \u00c1msterdam","description":"Cada art'otel exhibe obras de arte de un artista \u00fanico. En el art'otel \u00c1msterdam, este es Atelier Van Lieshout. Explora su obra aqu\u00ed.","robots":{"index":"index","follow":"follow","max-snippet":"max-snippet:-1","max-image-preview":"max-image-preview:large","max-video-preview":"max-video-preview:-1"},"canonical":"https:\/\/artotel.com\/es\/hotels\/amsterdam\/central-amsterdam\/artista-de-la-casa\/","og_locale":"es_ES","og_type":"article","og_title":"Descubra nuestro artista emblem\u00e1tico, Atelier Van Lieshout | art'otel \u00c1msterdam","og_description":"Cada art'otel exhibe obras de arte de un artista \u00fanico. En el art'otel \u00c1msterdam, este es Atelier Van Lieshout. Explora su obra aqu\u00ed.","og_url":"https:\/\/artotel.com\/es\/hotels\/amsterdam\/central-amsterdam\/artista-de-la-casa\/","og_site_name":"art&#039;otel","article_modified_time":"2025-07-30T17:53:20+00:00","og_image":[{"width":2000,"height":706,"url":"https:\/\/artotel.com\/wp-content\/uploads\/2024\/08\/Jacopo-Paglione-Bedroom-Tales-John.jpg","type":"image\/jpeg"}],"twitter_card":"summary_large_image","twitter_title":"Descubra nuestro artista emblem\u00e1tico, Atelier Van Lieshout | art'otel \u00c1msterdam","twitter_description":"Cada art'otel exhibe obras de arte de un artista \u00fanico. En el art'otel \u00c1msterdam, este es Atelier Van Lieshout. Explora su obra aqu\u00ed.","twitter_image":"https:\/\/artotel.com\/wp-content\/uploads\/2024\/08\/Jacopo-Paglione-Bedroom-Tales-John.jpg","schema":{"@context":"https:\/\/schema.org","@graph":[{"@type":"WebPage","@id":"https:\/\/artotel.com\/es\/hotels\/amsterdam\/central-amsterdam\/artista-de-la-casa\/","url":"https:\/\/artotel.com\/es\/hotels\/amsterdam\/central-amsterdam\/artista-de-la-casa\/","name":"Descubra nuestro artista emblem\u00e1tico, Atelier Van Lieshout | art'otel \u00c1msterdam","isPartOf":{"@id":"https:\/\/artotel.com\/es\/#website"},"datePublished":"2022-08-01T10:46:32+00:00","dateModified":"2025-07-30T17:53:20+00:00","description":"Cada art'otel exhibe obras de arte de un artista \u00fanico. En el art'otel \u00c1msterdam, este es Atelier Van Lieshout. Explora su obra aqu\u00ed.","breadcrumb":{"@id":"https:\/\/artotel.com\/es\/hotels\/amsterdam\/central-amsterdam\/artista-de-la-casa\/#breadcrumb"},"inLanguage":"es","potentialAction":[{"@type":"ReadAction","target":["https:\/\/artotel.com\/es\/hotels\/amsterdam\/central-amsterdam\/artista-de-la-casa\/"]}]},{"@type":"BreadcrumbList","@id":"https:\/\/artotel.com\/es\/hotels\/amsterdam\/central-amsterdam\/artista-de-la-casa\/#breadcrumb","itemListElement":[{"@type":"ListItem","position":1,"name":"Home","item":"https:\/\/artotel.com\/es\/"},{"@type":"ListItem","position":2,"name":"Mall","item":"https:\/\/artotel.com\/en\/blog\/site\/mall\/"},{"@type":"ListItem","position":3,"name":"Hotels","item":"https:\/\/artotel.com\/es\/hotels\/"},{"@type":"ListItem","position":4,"name":"Amsterdam","item":"https:\/\/artotel.com\/es\/hotels\/amsterdam\/"},{"@type":"ListItem","position":5,"name":"Amsterdam Home","item":"https:\/\/artotel.com\/es\/hotels\/amsterdam\/central-amsterdam\/"},{"@type":"ListItem","position":6,"name":"Artista de La Casa"}]},{"@type":"WebSite","@id":"https:\/\/artotel.com\/es\/#website","url":"https:\/\/artotel.com\/es\/","name":"art'otel","description":"City centre hotels with a view","potentialAction":[{"@type":"SearchAction","target":{"@type":"EntryPoint","urlTemplate":"https:\/\/artotel.com\/es\/?s={search_term_string}"},"query-input":{"@type":"PropertyValueSpecification","valueRequired":true,"valueName":"search_term_string"}}],"inLanguage":"es"}]}},"_links":{"self":[{"href":"https:\/\/artotel.com\/es\/wp-json\/wp\/v2\/pages\/47920","targetHints":{"allow":["GET"]}}],"collection":[{"href":"https:\/\/artotel.com\/es\/wp-json\/wp\/v2\/pages"}],"about":[{"href":"https:\/\/artotel.com\/es\/wp-json\/wp\/v2\/types\/page"}],"author":[{"embeddable":true,"href":"https:\/\/artotel.com\/es\/wp-json\/wp\/v2\/users\/29"}],"replies":[{"embeddable":true,"href":"https:\/\/artotel.com\/es\/wp-json\/wp\/v2\/comments?post=47920"}],"version-history":[{"count":5,"href":"https:\/\/artotel.com\/es\/wp-json\/wp\/v2\/pages\/47920\/revisions"}],"predecessor-version":[{"id":134111,"href":"https:\/\/artotel.com\/es\/wp-json\/wp\/v2\/pages\/47920\/revisions\/134111"}],"up":[{"embeddable":true,"href":"https:\/\/artotel.com\/es\/wp-json\/wp\/v2\/pages\/37549"}],"wp:attachment":[{"href":"https:\/\/artotel.com\/es\/wp-json\/wp\/v2\/media?parent=47920"}],"wp:term":[{"taxonomy":"wf_page_folders","embeddable":true,"href":"https:\/\/artotel.com\/es\/wp-json\/wp\/v2\/wf_page_folders?post=47920"},{"taxonomy":"site","embeddable":true,"href":"https:\/\/artotel.com\/es\/wp-json\/wp\/v2\/site?post=47920"}],"curies":[{"name":"wp","href":"https:\/\/api.w.org\/{rel}","templated":true}]}}