    {"id":55308,"date":"2022-07-01T14:07:12","date_gmt":"2022-07-01T12:07:12","guid":{"rendered":"https:\/\/artotel-url-restructure.tempurl.host\/hotels\/amsterdam\/bienestar-y-gimnasio\/"},"modified":"2025-07-02T15:00:00","modified_gmt":"2025-07-02T13:00:00","slug":"bienestar-y-gimnasio","status":"publish","type":"page","link":"https:\/\/artotel.com\/es\/hotels\/amsterdam\/central-amsterdam\/bienestar-y-gimnasio\/","title":{"rendered":"CENTRO DE WELLNESS Y GIMNASIO"},"content":{"rendered":"","protected":false},"excerpt":{"rendered":"","protected":false},"author":29,"featured_media":0,"parent":37549,"menu_order":0,"comment_status":"closed","ping_status":"closed","template":"","meta":{"_acf_changed":false,"footnotes":""},"wf_page_folders":[109],"site":[108],"class_list":["post-55308","page","type-page","status-publish","hentry","site-amsterdam"],"acf":[],"yoast_head":"<!-- This site is optimized with the Yoast SEO plugin v24.9 - https:\/\/yoast.com\/wordpress\/plugins\/seo\/ -->\n<title>Rel\u00e1jese y descanse en nuestro centro de bienestar en el hotel | art&#039;otel Amsterdam<\/title>\n<meta name=\"description\" content=\"T\u00f3mate un merecido tiempo para ti en el gimnasio y centro de bienestar del art&#039;otel Amsterdam. Descubre m\u00e1s aqu\u00ed.\" \/>\n<meta name=\"robots\" content=\"index, follow, max-snippet:-1, max-image-preview:large, max-video-preview:-1\" \/>\n<link rel=\"canonical\" href=\"https:\/\/artotel.com\/es\/hotels\/amsterdam\/central-amsterdam\/bienestar-y-gimnasio\/\" \/>\n<meta property=\"og:locale\" content=\"es_ES\" \/>\n<meta property=\"og:type\" content=\"article\" \/>\n<meta property=\"og:title\" content=\"Rel\u00e1jese y descanse en nuestro centro de bienestar en el hotel | art&#039;otel Amsterdam\" \/>\n<meta property=\"og:description\" content=\"T\u00f3mate un merecido tiempo para ti en el gimnasio y centro de bienestar del art&#039;otel Amsterdam. Descubre m\u00e1s aqu\u00ed.\" \/>\n<meta property=\"og:url\" content=\"https:\/\/artotel.com\/es\/hotels\/amsterdam\/central-amsterdam\/bienestar-y-gimnasio\/\" \/>\n<meta property=\"og:site_name\" content=\"art&#039;otel\" \/>\n<meta property=\"article:modified_time\" content=\"2025-07-02T13:00:00+00:00\" \/>\n<meta property=\"og:image\" content=\"https:\/\/artotel.com\/wp-content\/uploads\/2024\/08\/Jacopo-Paglione-Bedroom-Tales-Martin.jpg\" \/>\n\t<meta property=\"og:image:width\" content=\"1976\" \/>\n\t<meta property=\"og:image:height\" content=\"706\" \/>\n\t<meta property=\"og:image:type\" content=\"image\/jpeg\" \/>\n<meta name=\"twitter:card\" content=\"summary_large_image\" \/>\n<meta name=\"twitter:title\" content=\"Rel\u00e1jese y descanse en nuestro centro de bienestar en el hotel | art&#039;otel Amsterdam\" \/>\n<meta name=\"twitter:description\" content=\"T\u00f3mate un merecido tiempo para ti en el gimnasio y centro de bienestar del art&#039;otel Amsterdam. Descubre m\u00e1s aqu\u00ed.\" \/>\n<meta name=\"twitter:image\" content=\"https:\/\/artotel.com\/wp-content\/uploads\/2024\/08\/Jacopo-Paglione-Bedroom-Tales-Martin.jpg\" \/>\n<script type=\"application\/ld+json\" class=\"yoast-schema-graph\">{\"@context\":\"https:\/\/schema.org\",\"@graph\":[{\"@type\":\"WebPage\",\"@id\":\"https:\/\/artotel.com\/es\/hotels\/amsterdam\/central-amsterdam\/bienestar-y-gimnasio\/\",\"url\":\"https:\/\/artotel.com\/es\/hotels\/amsterdam\/central-amsterdam\/bienestar-y-gimnasio\/\",\"name\":\"Rel\u00e1jese y descanse en nuestro centro de bienestar en el hotel | art'otel Amsterdam\",\"isPartOf\":{\"@id\":\"https:\/\/artotel.com\/es\/#website\"},\"datePublished\":\"2022-07-01T12:07:12+00:00\",\"dateModified\":\"2025-07-02T13:00:00+00:00\",\"description\":\"T\u00f3mate un merecido tiempo para ti en el gimnasio y centro de bienestar del art'otel Amsterdam. Descubre m\u00e1s aqu\u00ed.\",\"breadcrumb\":{\"@id\":\"https:\/\/artotel.com\/es\/hotels\/amsterdam\/central-amsterdam\/bienestar-y-gimnasio\/#breadcrumb\"},\"inLanguage\":\"es\",\"potentialAction\":[{\"@type\":\"ReadAction\",\"target\":[\"https:\/\/artotel.com\/es\/hotels\/amsterdam\/central-amsterdam\/bienestar-y-gimnasio\/\"]}]},{\"@type\":\"BreadcrumbList\",\"@id\":\"https:\/\/artotel.com\/es\/hotels\/amsterdam\/central-amsterdam\/bienestar-y-gimnasio\/#breadcrumb\",\"itemListElement\":[{\"@type\":\"ListItem\",\"position\":1,\"name\":\"Home\",\"item\":\"https:\/\/artotel.com\/es\/\"},{\"@type\":\"ListItem\",\"position\":2,\"name\":\"Mall\",\"item\":\"https:\/\/artotel.com\/en\/blog\/site\/mall\/\"},{\"@type\":\"ListItem\",\"position\":3,\"name\":\"Hotels\",\"item\":\"https:\/\/artotel.com\/es\/hotels\/\"},{\"@type\":\"ListItem\",\"position\":4,\"name\":\"Amsterdam\",\"item\":\"https:\/\/artotel.com\/es\/hotels\/amsterdam\/\"},{\"@type\":\"ListItem\",\"position\":5,\"name\":\"Amsterdam Home\",\"item\":\"https:\/\/artotel.com\/es\/hotels\/amsterdam\/central-amsterdam\/\"},{\"@type\":\"ListItem\",\"position\":6,\"name\":\"CENTRO DE WELLNESS Y GIMNASIO\"}]},{\"@type\":\"WebSite\",\"@id\":\"https:\/\/artotel.com\/es\/#website\",\"url\":\"https:\/\/artotel.com\/es\/\",\"name\":\"art'otel\",\"description\":\"City centre hotels with a view\",\"potentialAction\":[{\"@type\":\"SearchAction\",\"target\":{\"@type\":\"EntryPoint\",\"urlTemplate\":\"https:\/\/artotel.com\/es\/?s={search_term_string}\"},\"query-input\":{\"@type\":\"PropertyValueSpecification\",\"valueRequired\":true,\"valueName\":\"search_term_string\"}}],\"inLanguage\":\"es\"}]}<\/script>\n<!-- \/ Yoast SEO plugin. -->","yoast_head_json":{"title":"Rel\u00e1jese y descanse en nuestro centro de bienestar en el hotel | art'otel Amsterdam","description":"T\u00f3mate un merecido tiempo para ti en el gimnasio y centro de bienestar del art'otel Amsterdam. Descubre m\u00e1s aqu\u00ed.","robots":{"index":"index","follow":"follow","max-snippet":"max-snippet:-1","max-image-preview":"max-image-preview:large","max-video-preview":"max-video-preview:-1"},"canonical":"https:\/\/artotel.com\/es\/hotels\/amsterdam\/central-amsterdam\/bienestar-y-gimnasio\/","og_locale":"es_ES","og_type":"article","og_title":"Rel\u00e1jese y descanse en nuestro centro de bienestar en el hotel | art'otel Amsterdam","og_description":"T\u00f3mate un merecido tiempo para ti en el gimnasio y centro de bienestar del art'otel Amsterdam. Descubre m\u00e1s aqu\u00ed.","og_url":"https:\/\/artotel.com\/es\/hotels\/amsterdam\/central-amsterdam\/bienestar-y-gimnasio\/","og_site_name":"art&#039;otel","article_modified_time":"2025-07-02T13:00:00+00:00","og_image":[{"width":1976,"height":706,"url":"https:\/\/artotel.com\/wp-content\/uploads\/2024\/08\/Jacopo-Paglione-Bedroom-Tales-Martin.jpg","type":"image\/jpeg"}],"twitter_card":"summary_large_image","twitter_title":"Rel\u00e1jese y descanse en nuestro centro de bienestar en el hotel | art'otel Amsterdam","twitter_description":"T\u00f3mate un merecido tiempo para ti en el gimnasio y centro de bienestar del art'otel Amsterdam. Descubre m\u00e1s aqu\u00ed.","twitter_image":"https:\/\/artotel.com\/wp-content\/uploads\/2024\/08\/Jacopo-Paglione-Bedroom-Tales-Martin.jpg","schema":{"@context":"https:\/\/schema.org","@graph":[{"@type":"WebPage","@id":"https:\/\/artotel.com\/es\/hotels\/amsterdam\/central-amsterdam\/bienestar-y-gimnasio\/","url":"https:\/\/artotel.com\/es\/hotels\/amsterdam\/central-amsterdam\/bienestar-y-gimnasio\/","name":"Rel\u00e1jese y descanse en nuestro centro de bienestar en el hotel | art'otel Amsterdam","isPartOf":{"@id":"https:\/\/artotel.com\/es\/#website"},"datePublished":"2022-07-01T12:07:12+00:00","dateModified":"2025-07-02T13:00:00+00:00","description":"T\u00f3mate un merecido tiempo para ti en el gimnasio y centro de bienestar del art'otel Amsterdam. Descubre m\u00e1s aqu\u00ed.","breadcrumb":{"@id":"https:\/\/artotel.com\/es\/hotels\/amsterdam\/central-amsterdam\/bienestar-y-gimnasio\/#breadcrumb"},"inLanguage":"es","potentialAction":[{"@type":"ReadAction","target":["https:\/\/artotel.com\/es\/hotels\/amsterdam\/central-amsterdam\/bienestar-y-gimnasio\/"]}]},{"@type":"BreadcrumbList","@id":"https:\/\/artotel.com\/es\/hotels\/amsterdam\/central-amsterdam\/bienestar-y-gimnasio\/#breadcrumb","itemListElement":[{"@type":"ListItem","position":1,"name":"Home","item":"https:\/\/artotel.com\/es\/"},{"@type":"ListItem","position":2,"name":"Mall","item":"https:\/\/artotel.com\/en\/blog\/site\/mall\/"},{"@type":"ListItem","position":3,"name":"Hotels","item":"https:\/\/artotel.com\/es\/hotels\/"},{"@type":"ListItem","position":4,"name":"Amsterdam","item":"https:\/\/artotel.com\/es\/hotels\/amsterdam\/"},{"@type":"ListItem","position":5,"name":"Amsterdam Home","item":"https:\/\/artotel.com\/es\/hotels\/amsterdam\/central-amsterdam\/"},{"@type":"ListItem","position":6,"name":"CENTRO DE WELLNESS Y GIMNASIO"}]},{"@type":"WebSite","@id":"https:\/\/artotel.com\/es\/#website","url":"https:\/\/artotel.com\/es\/","name":"art'otel","description":"City centre hotels with a view","potentialAction":[{"@type":"SearchAction","target":{"@type":"EntryPoint","urlTemplate":"https:\/\/artotel.com\/es\/?s={search_term_string}"},"query-input":{"@type":"PropertyValueSpecification","valueRequired":true,"valueName":"search_term_string"}}],"inLanguage":"es"}]}},"_links":{"self":[{"href":"https:\/\/artotel.com\/es\/wp-json\/wp\/v2\/pages\/55308","targetHints":{"allow":["GET"]}}],"collection":[{"href":"https:\/\/artotel.com\/es\/wp-json\/wp\/v2\/pages"}],"about":[{"href":"https:\/\/artotel.com\/es\/wp-json\/wp\/v2\/types\/page"}],"author":[{"embeddable":true,"href":"https:\/\/artotel.com\/es\/wp-json\/wp\/v2\/users\/29"}],"replies":[{"embeddable":true,"href":"https:\/\/artotel.com\/es\/wp-json\/wp\/v2\/comments?post=55308"}],"version-history":[{"count":1,"href":"https:\/\/artotel.com\/es\/wp-json\/wp\/v2\/pages\/55308\/revisions"}],"predecessor-version":[{"id":57100,"href":"https:\/\/artotel.com\/es\/wp-json\/wp\/v2\/pages\/55308\/revisions\/57100"}],"up":[{"embeddable":true,"href":"https:\/\/artotel.com\/es\/wp-json\/wp\/v2\/pages\/37549"}],"wp:attachment":[{"href":"https:\/\/artotel.com\/es\/wp-json\/wp\/v2\/media?parent=55308"}],"wp:term":[{"taxonomy":"wf_page_folders","embeddable":true,"href":"https:\/\/artotel.com\/es\/wp-json\/wp\/v2\/wf_page_folders?post=55308"},{"taxonomy":"site","embeddable":true,"href":"https:\/\/artotel.com\/es\/wp-json\/wp\/v2\/site?post=55308"}],"curies":[{"name":"wp","href":"https:\/\/api.w.org\/{rel}","templated":true}]}}