    {"id":56574,"date":"2022-06-26T23:48:04","date_gmt":"2022-06-26T21:48:04","guid":{"rendered":"https:\/\/artotel-url-restructure.tempurl.host\/hotels\/amsterdam\/noticias\/"},"modified":"2025-07-30T21:53:37","modified_gmt":"2025-07-30T19:53:37","slug":"noticias","status":"publish","type":"page","link":"https:\/\/artotel.com\/es\/hotels\/amsterdam\/central-amsterdam\/noticias\/","title":{"rendered":"Noticias"},"content":{"rendered":"","protected":false},"excerpt":{"rendered":"","protected":false},"author":29,"featured_media":0,"parent":37549,"menu_order":0,"comment_status":"closed","ping_status":"closed","template":"","meta":{"_acf_changed":false,"footnotes":""},"wf_page_folders":[109],"site":[108],"class_list":["post-56574","page","type-page","status-publish","hentry","site-amsterdam"],"acf":[],"yoast_head":"<!-- This site is optimized with the Yoast SEO plugin v24.9 - https:\/\/yoast.com\/wordpress\/plugins\/seo\/ -->\n<title>Mant\u00e9ngase al d\u00eda con la vibrante escena art\u00edstica de \u00c1msterdam | Noticias<\/title>\n<meta name=\"description\" content=\"Mant\u00e9ngase al d\u00eda con la vibrante escena art\u00edstica de \u00c1msterdam. Descubra las \u00faltimas noticias, eventos y exposiciones en el art&#039;otel Amsterdam.\" \/>\n<meta name=\"robots\" content=\"index, follow, max-snippet:-1, max-image-preview:large, max-video-preview:-1\" \/>\n<link rel=\"canonical\" href=\"https:\/\/artotel.com\/es\/hotels\/amsterdam\/central-amsterdam\/noticias\/\" \/>\n<meta property=\"og:locale\" content=\"es_ES\" \/>\n<meta property=\"og:type\" content=\"article\" \/>\n<meta property=\"og:title\" content=\"Mant\u00e9ngase al d\u00eda con la vibrante escena art\u00edstica de \u00c1msterdam | Noticias\" \/>\n<meta property=\"og:description\" content=\"Mant\u00e9ngase al d\u00eda con la vibrante escena art\u00edstica de \u00c1msterdam. Descubra las \u00faltimas noticias, eventos y exposiciones en el art&#039;otel Amsterdam.\" \/>\n<meta property=\"og:url\" content=\"https:\/\/artotel.com\/es\/hotels\/amsterdam\/central-amsterdam\/noticias\/\" \/>\n<meta property=\"og:site_name\" content=\"art&#039;otel\" \/>\n<meta property=\"article:modified_time\" content=\"2025-07-30T19:53:37+00:00\" \/>\n<meta property=\"og:image\" content=\"https:\/\/artotel.com\/wp-content\/uploads\/2024\/08\/Pasqulae-Desantis-5.jpg\" \/>\n\t<meta property=\"og:image:width\" content=\"768\" \/>\n\t<meta property=\"og:image:height\" content=\"1024\" \/>\n\t<meta property=\"og:image:type\" content=\"image\/jpeg\" \/>\n<meta name=\"twitter:card\" content=\"summary_large_image\" \/>\n<meta name=\"twitter:title\" content=\"Mant\u00e9ngase al d\u00eda con la vibrante escena art\u00edstica de \u00c1msterdam | Noticias\" \/>\n<meta name=\"twitter:description\" content=\"Mant\u00e9ngase al d\u00eda con la vibrante escena art\u00edstica de \u00c1msterdam. Descubra las \u00faltimas noticias, eventos y exposiciones en el art&#039;otel Amsterdam.\" \/>\n<meta name=\"twitter:image\" content=\"https:\/\/artotel.com\/wp-content\/uploads\/2024\/08\/Pasqulae-Desantis-5.jpg\" \/>\n<script type=\"application\/ld+json\" class=\"yoast-schema-graph\">{\"@context\":\"https:\/\/schema.org\",\"@graph\":[{\"@type\":\"WebPage\",\"@id\":\"https:\/\/artotel.com\/es\/hotels\/amsterdam\/central-amsterdam\/noticias\/\",\"url\":\"https:\/\/artotel.com\/es\/hotels\/amsterdam\/central-amsterdam\/noticias\/\",\"name\":\"Mant\u00e9ngase al d\u00eda con la vibrante escena art\u00edstica de \u00c1msterdam | Noticias\",\"isPartOf\":{\"@id\":\"https:\/\/artotel.com\/es\/#website\"},\"datePublished\":\"2022-06-26T21:48:04+00:00\",\"dateModified\":\"2025-07-30T19:53:37+00:00\",\"description\":\"Mant\u00e9ngase al d\u00eda con la vibrante escena art\u00edstica de \u00c1msterdam. Descubra las \u00faltimas noticias, eventos y exposiciones en el art'otel Amsterdam.\",\"breadcrumb\":{\"@id\":\"https:\/\/artotel.com\/es\/hotels\/amsterdam\/central-amsterdam\/noticias\/#breadcrumb\"},\"inLanguage\":\"es\",\"potentialAction\":[{\"@type\":\"ReadAction\",\"target\":[\"https:\/\/artotel.com\/es\/hotels\/amsterdam\/central-amsterdam\/noticias\/\"]}]},{\"@type\":\"BreadcrumbList\",\"@id\":\"https:\/\/artotel.com\/es\/hotels\/amsterdam\/central-amsterdam\/noticias\/#breadcrumb\",\"itemListElement\":[{\"@type\":\"ListItem\",\"position\":1,\"name\":\"Home\",\"item\":\"https:\/\/artotel.com\/es\/\"},{\"@type\":\"ListItem\",\"position\":2,\"name\":\"Mall\",\"item\":\"https:\/\/artotel.com\/en\/blog\/site\/mall\/\"},{\"@type\":\"ListItem\",\"position\":3,\"name\":\"Hotels\",\"item\":\"https:\/\/artotel.com\/es\/hotels\/\"},{\"@type\":\"ListItem\",\"position\":4,\"name\":\"Amsterdam\",\"item\":\"https:\/\/artotel.com\/es\/hotels\/amsterdam\/\"},{\"@type\":\"ListItem\",\"position\":5,\"name\":\"Amsterdam Home\",\"item\":\"https:\/\/artotel.com\/es\/hotels\/amsterdam\/central-amsterdam\/\"},{\"@type\":\"ListItem\",\"position\":6,\"name\":\"Noticias\"}]},{\"@type\":\"WebSite\",\"@id\":\"https:\/\/artotel.com\/es\/#website\",\"url\":\"https:\/\/artotel.com\/es\/\",\"name\":\"art'otel\",\"description\":\"City centre hotels with a view\",\"potentialAction\":[{\"@type\":\"SearchAction\",\"target\":{\"@type\":\"EntryPoint\",\"urlTemplate\":\"https:\/\/artotel.com\/es\/?s={search_term_string}\"},\"query-input\":{\"@type\":\"PropertyValueSpecification\",\"valueRequired\":true,\"valueName\":\"search_term_string\"}}],\"inLanguage\":\"es\"}]}<\/script>\n<!-- \/ Yoast SEO plugin. -->","yoast_head_json":{"title":"Mant\u00e9ngase al d\u00eda con la vibrante escena art\u00edstica de \u00c1msterdam | Noticias","description":"Mant\u00e9ngase al d\u00eda con la vibrante escena art\u00edstica de \u00c1msterdam. Descubra las \u00faltimas noticias, eventos y exposiciones en el art'otel Amsterdam.","robots":{"index":"index","follow":"follow","max-snippet":"max-snippet:-1","max-image-preview":"max-image-preview:large","max-video-preview":"max-video-preview:-1"},"canonical":"https:\/\/artotel.com\/es\/hotels\/amsterdam\/central-amsterdam\/noticias\/","og_locale":"es_ES","og_type":"article","og_title":"Mant\u00e9ngase al d\u00eda con la vibrante escena art\u00edstica de \u00c1msterdam | Noticias","og_description":"Mant\u00e9ngase al d\u00eda con la vibrante escena art\u00edstica de \u00c1msterdam. Descubra las \u00faltimas noticias, eventos y exposiciones en el art'otel Amsterdam.","og_url":"https:\/\/artotel.com\/es\/hotels\/amsterdam\/central-amsterdam\/noticias\/","og_site_name":"art&#039;otel","article_modified_time":"2025-07-30T19:53:37+00:00","og_image":[{"width":768,"height":1024,"url":"https:\/\/artotel.com\/wp-content\/uploads\/2024\/08\/Pasqulae-Desantis-5.jpg","type":"image\/jpeg"}],"twitter_card":"summary_large_image","twitter_title":"Mant\u00e9ngase al d\u00eda con la vibrante escena art\u00edstica de \u00c1msterdam | Noticias","twitter_description":"Mant\u00e9ngase al d\u00eda con la vibrante escena art\u00edstica de \u00c1msterdam. Descubra las \u00faltimas noticias, eventos y exposiciones en el art'otel Amsterdam.","twitter_image":"https:\/\/artotel.com\/wp-content\/uploads\/2024\/08\/Pasqulae-Desantis-5.jpg","schema":{"@context":"https:\/\/schema.org","@graph":[{"@type":"WebPage","@id":"https:\/\/artotel.com\/es\/hotels\/amsterdam\/central-amsterdam\/noticias\/","url":"https:\/\/artotel.com\/es\/hotels\/amsterdam\/central-amsterdam\/noticias\/","name":"Mant\u00e9ngase al d\u00eda con la vibrante escena art\u00edstica de \u00c1msterdam | Noticias","isPartOf":{"@id":"https:\/\/artotel.com\/es\/#website"},"datePublished":"2022-06-26T21:48:04+00:00","dateModified":"2025-07-30T19:53:37+00:00","description":"Mant\u00e9ngase al d\u00eda con la vibrante escena art\u00edstica de \u00c1msterdam. Descubra las \u00faltimas noticias, eventos y exposiciones en el art'otel Amsterdam.","breadcrumb":{"@id":"https:\/\/artotel.com\/es\/hotels\/amsterdam\/central-amsterdam\/noticias\/#breadcrumb"},"inLanguage":"es","potentialAction":[{"@type":"ReadAction","target":["https:\/\/artotel.com\/es\/hotels\/amsterdam\/central-amsterdam\/noticias\/"]}]},{"@type":"BreadcrumbList","@id":"https:\/\/artotel.com\/es\/hotels\/amsterdam\/central-amsterdam\/noticias\/#breadcrumb","itemListElement":[{"@type":"ListItem","position":1,"name":"Home","item":"https:\/\/artotel.com\/es\/"},{"@type":"ListItem","position":2,"name":"Mall","item":"https:\/\/artotel.com\/en\/blog\/site\/mall\/"},{"@type":"ListItem","position":3,"name":"Hotels","item":"https:\/\/artotel.com\/es\/hotels\/"},{"@type":"ListItem","position":4,"name":"Amsterdam","item":"https:\/\/artotel.com\/es\/hotels\/amsterdam\/"},{"@type":"ListItem","position":5,"name":"Amsterdam Home","item":"https:\/\/artotel.com\/es\/hotels\/amsterdam\/central-amsterdam\/"},{"@type":"ListItem","position":6,"name":"Noticias"}]},{"@type":"WebSite","@id":"https:\/\/artotel.com\/es\/#website","url":"https:\/\/artotel.com\/es\/","name":"art'otel","description":"City centre hotels with a view","potentialAction":[{"@type":"SearchAction","target":{"@type":"EntryPoint","urlTemplate":"https:\/\/artotel.com\/es\/?s={search_term_string}"},"query-input":{"@type":"PropertyValueSpecification","valueRequired":true,"valueName":"search_term_string"}}],"inLanguage":"es"}]}},"_links":{"self":[{"href":"https:\/\/artotel.com\/es\/wp-json\/wp\/v2\/pages\/56574","targetHints":{"allow":["GET"]}}],"collection":[{"href":"https:\/\/artotel.com\/es\/wp-json\/wp\/v2\/pages"}],"about":[{"href":"https:\/\/artotel.com\/es\/wp-json\/wp\/v2\/types\/page"}],"author":[{"embeddable":true,"href":"https:\/\/artotel.com\/es\/wp-json\/wp\/v2\/users\/29"}],"replies":[{"embeddable":true,"href":"https:\/\/artotel.com\/es\/wp-json\/wp\/v2\/comments?post=56574"}],"version-history":[{"count":2,"href":"https:\/\/artotel.com\/es\/wp-json\/wp\/v2\/pages\/56574\/revisions"}],"predecessor-version":[{"id":134143,"href":"https:\/\/artotel.com\/es\/wp-json\/wp\/v2\/pages\/56574\/revisions\/134143"}],"up":[{"embeddable":true,"href":"https:\/\/artotel.com\/es\/wp-json\/wp\/v2\/pages\/37549"}],"wp:attachment":[{"href":"https:\/\/artotel.com\/es\/wp-json\/wp\/v2\/media?parent=56574"}],"wp:term":[{"taxonomy":"wf_page_folders","embeddable":true,"href":"https:\/\/artotel.com\/es\/wp-json\/wp\/v2\/wf_page_folders?post=56574"},{"taxonomy":"site","embeddable":true,"href":"https:\/\/artotel.com\/es\/wp-json\/wp\/v2\/site?post=56574"}],"curies":[{"name":"wp","href":"https:\/\/api.w.org\/{rel}","templated":true}]}}