    {"id":56711,"date":"2022-06-26T20:59:27","date_gmt":"2022-06-26T18:59:27","guid":{"rendered":"https:\/\/artotel-url-restructure.tempurl.host\/hotels\/amsterdam\/comer-y-beber\/"},"modified":"2026-02-25T11:42:09","modified_gmt":"2026-02-25T10:42:09","slug":"comer-y-beber","status":"publish","type":"page","link":"https:\/\/artotel.com\/es\/hotels\/amsterdam\/central-amsterdam\/comer-y-beber\/","title":{"rendered":"Comer y beber"},"content":{"rendered":"","protected":false},"excerpt":{"rendered":"","protected":false},"author":29,"featured_media":0,"parent":37549,"menu_order":0,"comment_status":"closed","ping_status":"closed","template":"","meta":{"_acf_changed":false,"footnotes":""},"wf_page_folders":[109],"site":[108],"class_list":["post-56711","page","type-page","status-publish","hentry","site-amsterdam"],"acf":[],"yoast_head":"<!-- This site is optimized with the Yoast SEO plugin v24.9 - https:\/\/yoast.com\/wordpress\/plugins\/seo\/ -->\n<title>Comer y beber en ARCA | art&#039;otel Amsterdam<\/title>\n<meta name=\"description\" content=\"Sum\u00e9rjase en el vibrante ambiente de nuestro galardonado restaurante y bar. Disfrute de deliciosos platos portugueses y asi\u00e1ticos y c\u00f3cteles de primera clase.\" \/>\n<meta name=\"robots\" content=\"index, follow, max-snippet:-1, max-image-preview:large, max-video-preview:-1\" \/>\n<link rel=\"canonical\" href=\"https:\/\/artotel.com\/es\/hotels\/amsterdam\/central-amsterdam\/comer-y-beber\/\" \/>\n<meta property=\"og:locale\" content=\"es_ES\" \/>\n<meta property=\"og:type\" content=\"article\" \/>\n<meta property=\"og:title\" content=\"Comer y beber en ARCA | art&#039;otel Amsterdam\" \/>\n<meta property=\"og:description\" content=\"Sum\u00e9rjase en el vibrante ambiente de nuestro galardonado restaurante y bar. Disfrute de deliciosos platos portugueses y asi\u00e1ticos y c\u00f3cteles de primera clase.\" \/>\n<meta property=\"og:url\" content=\"https:\/\/artotel.com\/es\/hotels\/amsterdam\/central-amsterdam\/comer-y-beber\/\" \/>\n<meta property=\"og:site_name\" content=\"art&#039;otel\" \/>\n<meta property=\"article:modified_time\" content=\"2026-02-25T10:42:09+00:00\" \/>\n<meta property=\"og:image\" content=\"https:\/\/artotel.com\/wp-content\/uploads\/2022\/06\/2025-ARCA-Winter-Menu-carpaccio-de-lirio-14-683x1024-1.jpg\" \/>\n\t<meta property=\"og:image:width\" content=\"683\" \/>\n\t<meta property=\"og:image:height\" content=\"1024\" \/>\n\t<meta property=\"og:image:type\" content=\"image\/jpeg\" \/>\n<meta name=\"twitter:card\" content=\"summary_large_image\" \/>\n<meta name=\"twitter:title\" content=\"Comer y beber en ARCA | art&#039;otel Amsterdam\" \/>\n<meta name=\"twitter:description\" content=\"Sum\u00e9rjase en el vibrante ambiente de nuestro galardonado restaurante y bar. Disfrute de deliciosos platos portugueses y asi\u00e1ticos y c\u00f3cteles de primera clase.\" \/>\n<meta name=\"twitter:image\" content=\"https:\/\/artotel.com\/wp-content\/uploads\/2022\/06\/2025-ARCA-Winter-Menu-carpaccio-de-lirio-14-683x1024-1.jpg\" \/>\n<script type=\"application\/ld+json\" class=\"yoast-schema-graph\">{\"@context\":\"https:\/\/schema.org\",\"@graph\":[{\"@type\":\"WebPage\",\"@id\":\"https:\/\/artotel.com\/es\/hotels\/amsterdam\/central-amsterdam\/comer-y-beber\/\",\"url\":\"https:\/\/artotel.com\/es\/hotels\/amsterdam\/central-amsterdam\/comer-y-beber\/\",\"name\":\"Comer y beber en ARCA | art'otel Amsterdam\",\"isPartOf\":{\"@id\":\"https:\/\/artotel.com\/es\/#website\"},\"datePublished\":\"2022-06-26T18:59:27+00:00\",\"dateModified\":\"2026-02-25T10:42:09+00:00\",\"description\":\"Sum\u00e9rjase en el vibrante ambiente de nuestro galardonado restaurante y bar. Disfrute de deliciosos platos portugueses y asi\u00e1ticos y c\u00f3cteles de primera clase.\",\"breadcrumb\":{\"@id\":\"https:\/\/artotel.com\/es\/hotels\/amsterdam\/central-amsterdam\/comer-y-beber\/#breadcrumb\"},\"inLanguage\":\"es\",\"potentialAction\":[{\"@type\":\"ReadAction\",\"target\":[\"https:\/\/artotel.com\/es\/hotels\/amsterdam\/central-amsterdam\/comer-y-beber\/\"]}]},{\"@type\":\"BreadcrumbList\",\"@id\":\"https:\/\/artotel.com\/es\/hotels\/amsterdam\/central-amsterdam\/comer-y-beber\/#breadcrumb\",\"itemListElement\":[{\"@type\":\"ListItem\",\"position\":1,\"name\":\"Home\",\"item\":\"https:\/\/artotel.com\/es\/\"},{\"@type\":\"ListItem\",\"position\":2,\"name\":\"Mall\",\"item\":\"https:\/\/artotel.com\/en\/blog\/site\/mall\/\"},{\"@type\":\"ListItem\",\"position\":3,\"name\":\"Hotels\",\"item\":\"https:\/\/artotel.com\/es\/hotels\/\"},{\"@type\":\"ListItem\",\"position\":4,\"name\":\"Amsterdam\",\"item\":\"https:\/\/artotel.com\/es\/hotels\/amsterdam\/\"},{\"@type\":\"ListItem\",\"position\":5,\"name\":\"Amsterdam Home\",\"item\":\"https:\/\/artotel.com\/es\/hotels\/amsterdam\/central-amsterdam\/\"},{\"@type\":\"ListItem\",\"position\":6,\"name\":\"Comer y beber\"}]},{\"@type\":\"WebSite\",\"@id\":\"https:\/\/artotel.com\/es\/#website\",\"url\":\"https:\/\/artotel.com\/es\/\",\"name\":\"art'otel\",\"description\":\"City centre hotels with a view\",\"potentialAction\":[{\"@type\":\"SearchAction\",\"target\":{\"@type\":\"EntryPoint\",\"urlTemplate\":\"https:\/\/artotel.com\/es\/?s={search_term_string}\"},\"query-input\":{\"@type\":\"PropertyValueSpecification\",\"valueRequired\":true,\"valueName\":\"search_term_string\"}}],\"inLanguage\":\"es\"}]}<\/script>\n<!-- \/ Yoast SEO plugin. -->","yoast_head_json":{"title":"Comer y beber en ARCA | art'otel Amsterdam","description":"Sum\u00e9rjase en el vibrante ambiente de nuestro galardonado restaurante y bar. Disfrute de deliciosos platos portugueses y asi\u00e1ticos y c\u00f3cteles de primera clase.","robots":{"index":"index","follow":"follow","max-snippet":"max-snippet:-1","max-image-preview":"max-image-preview:large","max-video-preview":"max-video-preview:-1"},"canonical":"https:\/\/artotel.com\/es\/hotels\/amsterdam\/central-amsterdam\/comer-y-beber\/","og_locale":"es_ES","og_type":"article","og_title":"Comer y beber en ARCA | art'otel Amsterdam","og_description":"Sum\u00e9rjase en el vibrante ambiente de nuestro galardonado restaurante y bar. Disfrute de deliciosos platos portugueses y asi\u00e1ticos y c\u00f3cteles de primera clase.","og_url":"https:\/\/artotel.com\/es\/hotels\/amsterdam\/central-amsterdam\/comer-y-beber\/","og_site_name":"art&#039;otel","article_modified_time":"2026-02-25T10:42:09+00:00","og_image":[{"width":683,"height":1024,"url":"https:\/\/artotel.com\/wp-content\/uploads\/2022\/06\/2025-ARCA-Winter-Menu-carpaccio-de-lirio-14-683x1024-1.jpg","type":"image\/jpeg"}],"twitter_card":"summary_large_image","twitter_title":"Comer y beber en ARCA | art'otel Amsterdam","twitter_description":"Sum\u00e9rjase en el vibrante ambiente de nuestro galardonado restaurante y bar. Disfrute de deliciosos platos portugueses y asi\u00e1ticos y c\u00f3cteles de primera clase.","twitter_image":"https:\/\/artotel.com\/wp-content\/uploads\/2022\/06\/2025-ARCA-Winter-Menu-carpaccio-de-lirio-14-683x1024-1.jpg","schema":{"@context":"https:\/\/schema.org","@graph":[{"@type":"WebPage","@id":"https:\/\/artotel.com\/es\/hotels\/amsterdam\/central-amsterdam\/comer-y-beber\/","url":"https:\/\/artotel.com\/es\/hotels\/amsterdam\/central-amsterdam\/comer-y-beber\/","name":"Comer y beber en ARCA | art'otel Amsterdam","isPartOf":{"@id":"https:\/\/artotel.com\/es\/#website"},"datePublished":"2022-06-26T18:59:27+00:00","dateModified":"2026-02-25T10:42:09+00:00","description":"Sum\u00e9rjase en el vibrante ambiente de nuestro galardonado restaurante y bar. Disfrute de deliciosos platos portugueses y asi\u00e1ticos y c\u00f3cteles de primera clase.","breadcrumb":{"@id":"https:\/\/artotel.com\/es\/hotels\/amsterdam\/central-amsterdam\/comer-y-beber\/#breadcrumb"},"inLanguage":"es","potentialAction":[{"@type":"ReadAction","target":["https:\/\/artotel.com\/es\/hotels\/amsterdam\/central-amsterdam\/comer-y-beber\/"]}]},{"@type":"BreadcrumbList","@id":"https:\/\/artotel.com\/es\/hotels\/amsterdam\/central-amsterdam\/comer-y-beber\/#breadcrumb","itemListElement":[{"@type":"ListItem","position":1,"name":"Home","item":"https:\/\/artotel.com\/es\/"},{"@type":"ListItem","position":2,"name":"Mall","item":"https:\/\/artotel.com\/en\/blog\/site\/mall\/"},{"@type":"ListItem","position":3,"name":"Hotels","item":"https:\/\/artotel.com\/es\/hotels\/"},{"@type":"ListItem","position":4,"name":"Amsterdam","item":"https:\/\/artotel.com\/es\/hotels\/amsterdam\/"},{"@type":"ListItem","position":5,"name":"Amsterdam Home","item":"https:\/\/artotel.com\/es\/hotels\/amsterdam\/central-amsterdam\/"},{"@type":"ListItem","position":6,"name":"Comer y beber"}]},{"@type":"WebSite","@id":"https:\/\/artotel.com\/es\/#website","url":"https:\/\/artotel.com\/es\/","name":"art'otel","description":"City centre hotels with a view","potentialAction":[{"@type":"SearchAction","target":{"@type":"EntryPoint","urlTemplate":"https:\/\/artotel.com\/es\/?s={search_term_string}"},"query-input":{"@type":"PropertyValueSpecification","valueRequired":true,"valueName":"search_term_string"}}],"inLanguage":"es"}]}},"_links":{"self":[{"href":"https:\/\/artotel.com\/es\/wp-json\/wp\/v2\/pages\/56711","targetHints":{"allow":["GET"]}}],"collection":[{"href":"https:\/\/artotel.com\/es\/wp-json\/wp\/v2\/pages"}],"about":[{"href":"https:\/\/artotel.com\/es\/wp-json\/wp\/v2\/types\/page"}],"author":[{"embeddable":true,"href":"https:\/\/artotel.com\/es\/wp-json\/wp\/v2\/users\/29"}],"replies":[{"embeddable":true,"href":"https:\/\/artotel.com\/es\/wp-json\/wp\/v2\/comments?post=56711"}],"version-history":[{"count":4,"href":"https:\/\/artotel.com\/es\/wp-json\/wp\/v2\/pages\/56711\/revisions"}],"predecessor-version":[{"id":149441,"href":"https:\/\/artotel.com\/es\/wp-json\/wp\/v2\/pages\/56711\/revisions\/149441"}],"up":[{"embeddable":true,"href":"https:\/\/artotel.com\/es\/wp-json\/wp\/v2\/pages\/37549"}],"wp:attachment":[{"href":"https:\/\/artotel.com\/es\/wp-json\/wp\/v2\/media?parent=56711"}],"wp:term":[{"taxonomy":"wf_page_folders","embeddable":true,"href":"https:\/\/artotel.com\/es\/wp-json\/wp\/v2\/wf_page_folders?post=56711"},{"taxonomy":"site","embeddable":true,"href":"https:\/\/artotel.com\/es\/wp-json\/wp\/v2\/site?post=56711"}],"curies":[{"name":"wp","href":"https:\/\/api.w.org\/{rel}","templated":true}]}}