    {"id":61809,"date":"2022-06-26T19:20:20","date_gmt":"2022-06-26T17:20:20","guid":{"rendered":"https:\/\/artotel-url-restructure.tempurl.host\/hotels\/london\/home\/"},"modified":"2025-07-31T10:22:03","modified_gmt":"2025-07-31T08:22:03","slug":"battersea-power-station","status":"publish","type":"page","link":"https:\/\/artotel.com\/es\/hotels\/london\/battersea-power-station\/","title":{"rendered":"Battersea Home"},"content":{"rendered":"","protected":false},"excerpt":{"rendered":"","protected":false},"author":29,"featured_media":0,"parent":78001,"menu_order":40,"comment_status":"closed","ping_status":"closed","template":"","meta":{"_acf_changed":false,"footnotes":""},"wf_page_folders":[129],"site":[128],"class_list":["post-61809","page","type-page","status-publish","hentry","site-battersea"],"acf":[],"yoast_head":"<!-- This site is optimized with the Yoast SEO plugin v24.9 - https:\/\/yoast.com\/wordpress\/plugins\/seo\/ -->\n<title>El nuevo hotel m\u00e1s moderno de Londres | art&#039;otel de Battersea Power Station<\/title>\n<meta name=\"description\" content=\"Este nuevo hotel ofrece una experiencia que combina el arte, el dise\u00f1o y la hoteler\u00eda a pasos del ic\u00f3nico Battersea Power Station. Descubre m\u00e1s aqu\u00ed.\" \/>\n<meta name=\"robots\" content=\"index, follow, max-snippet:-1, max-image-preview:large, max-video-preview:-1\" \/>\n<link rel=\"canonical\" href=\"https:\/\/artotel.com\/es\/hotels\/london\/battersea-power-station\/\" \/>\n<meta property=\"og:locale\" content=\"es_ES\" \/>\n<meta property=\"og:type\" content=\"article\" \/>\n<meta property=\"og:title\" content=\"El nuevo hotel m\u00e1s moderno de Londres | art&#039;otel de Battersea Power Station\" \/>\n<meta property=\"og:description\" content=\"Este nuevo hotel ofrece una experiencia que combina el arte, el dise\u00f1o y la hoteler\u00eda a pasos del ic\u00f3nico Battersea Power Station. Descubre m\u00e1s aqu\u00ed.\" \/>\n<meta property=\"og:url\" content=\"https:\/\/artotel.com\/es\/hotels\/london\/battersea-power-station\/\" \/>\n<meta property=\"og:site_name\" content=\"art&#039;otel\" \/>\n<meta property=\"article:modified_time\" content=\"2025-07-31T08:22:03+00:00\" \/>\n<meta property=\"og:image\" content=\"https:\/\/artotel.com\/hotels\/london\/battersea-power-station\/wp-content\/uploads\/sites\/3\/2023\/02\/LR_LOBBYRECEPTION_ARTOTEL_KLUNDERBIE_08-lower.jpg\" \/>\n<meta name=\"twitter:card\" content=\"summary_large_image\" \/>\n<meta name=\"twitter:image\" content=\"https:\/\/artotel.com\/hotels\/london\/battersea-power-station\/wp-content\/uploads\/sites\/3\/2022\/11\/2022_ALB_JuniorSuite_1401_BedsideView.jpg\" \/>\n<script type=\"application\/ld+json\" class=\"yoast-schema-graph\">{\"@context\":\"https:\/\/schema.org\",\"@graph\":[{\"@type\":\"WebPage\",\"@id\":\"https:\/\/artotel.com\/es\/hotels\/london\/battersea-power-station\/\",\"url\":\"https:\/\/artotel.com\/es\/hotels\/london\/battersea-power-station\/\",\"name\":\"El nuevo hotel m\u00e1s moderno de Londres | art'otel de Battersea Power Station\",\"isPartOf\":{\"@id\":\"https:\/\/artotel.com\/es\/#website\"},\"datePublished\":\"2022-06-26T17:20:20+00:00\",\"dateModified\":\"2025-07-31T08:22:03+00:00\",\"description\":\"Este nuevo hotel ofrece una experiencia que combina el arte, el dise\u00f1o y la hoteler\u00eda a pasos del ic\u00f3nico Battersea Power Station. Descubre m\u00e1s aqu\u00ed.\",\"breadcrumb\":{\"@id\":\"https:\/\/artotel.com\/es\/hotels\/london\/battersea-power-station\/#breadcrumb\"},\"inLanguage\":\"es\",\"potentialAction\":[{\"@type\":\"ReadAction\",\"target\":[\"https:\/\/artotel.com\/es\/hotels\/london\/battersea-power-station\/\"]}]},{\"@type\":\"BreadcrumbList\",\"@id\":\"https:\/\/artotel.com\/es\/hotels\/london\/battersea-power-station\/#breadcrumb\",\"itemListElement\":[{\"@type\":\"ListItem\",\"position\":1,\"name\":\"Home\",\"item\":\"https:\/\/artotel.com\/es\/\"},{\"@type\":\"ListItem\",\"position\":2,\"name\":\"Mall\",\"item\":\"https:\/\/artotel.com\/en\/blog\/site\/mall\/\"},{\"@type\":\"ListItem\",\"position\":3,\"name\":\"Hotels\",\"item\":\"https:\/\/artotel.com\/es\/hotels\/\"},{\"@type\":\"ListItem\",\"position\":4,\"name\":\"London\",\"item\":\"https:\/\/artotel.com\/es\/hotels\/london\/\"},{\"@type\":\"ListItem\",\"position\":5,\"name\":\"Battersea Home\"}]},{\"@type\":\"WebSite\",\"@id\":\"https:\/\/artotel.com\/es\/#website\",\"url\":\"https:\/\/artotel.com\/es\/\",\"name\":\"art'otel\",\"description\":\"City centre hotels with a view\",\"potentialAction\":[{\"@type\":\"SearchAction\",\"target\":{\"@type\":\"EntryPoint\",\"urlTemplate\":\"https:\/\/artotel.com\/es\/?s={search_term_string}\"},\"query-input\":{\"@type\":\"PropertyValueSpecification\",\"valueRequired\":true,\"valueName\":\"search_term_string\"}}],\"inLanguage\":\"es\"}]}<\/script>\n<!-- \/ Yoast SEO plugin. -->","yoast_head_json":{"title":"El nuevo hotel m\u00e1s moderno de Londres | art'otel de Battersea Power Station","description":"Este nuevo hotel ofrece una experiencia que combina el arte, el dise\u00f1o y la hoteler\u00eda a pasos del ic\u00f3nico Battersea Power Station. Descubre m\u00e1s aqu\u00ed.","robots":{"index":"index","follow":"follow","max-snippet":"max-snippet:-1","max-image-preview":"max-image-preview:large","max-video-preview":"max-video-preview:-1"},"canonical":"https:\/\/artotel.com\/es\/hotels\/london\/battersea-power-station\/","og_locale":"es_ES","og_type":"article","og_title":"El nuevo hotel m\u00e1s moderno de Londres | art'otel de Battersea Power Station","og_description":"Este nuevo hotel ofrece una experiencia que combina el arte, el dise\u00f1o y la hoteler\u00eda a pasos del ic\u00f3nico Battersea Power Station. Descubre m\u00e1s aqu\u00ed.","og_url":"https:\/\/artotel.com\/es\/hotels\/london\/battersea-power-station\/","og_site_name":"art&#039;otel","article_modified_time":"2025-07-31T08:22:03+00:00","og_image":[{"url":"https:\/\/artotel.com\/hotels\/london\/battersea-power-station\/wp-content\/uploads\/sites\/3\/2023\/02\/LR_LOBBYRECEPTION_ARTOTEL_KLUNDERBIE_08-lower.jpg","type":"","width":"","height":""}],"twitter_card":"summary_large_image","twitter_image":"https:\/\/artotel.com\/hotels\/london\/battersea-power-station\/wp-content\/uploads\/sites\/3\/2022\/11\/2022_ALB_JuniorSuite_1401_BedsideView.jpg","schema":{"@context":"https:\/\/schema.org","@graph":[{"@type":"WebPage","@id":"https:\/\/artotel.com\/es\/hotels\/london\/battersea-power-station\/","url":"https:\/\/artotel.com\/es\/hotels\/london\/battersea-power-station\/","name":"El nuevo hotel m\u00e1s moderno de Londres | art'otel de Battersea Power Station","isPartOf":{"@id":"https:\/\/artotel.com\/es\/#website"},"datePublished":"2022-06-26T17:20:20+00:00","dateModified":"2025-07-31T08:22:03+00:00","description":"Este nuevo hotel ofrece una experiencia que combina el arte, el dise\u00f1o y la hoteler\u00eda a pasos del ic\u00f3nico Battersea Power Station. Descubre m\u00e1s aqu\u00ed.","breadcrumb":{"@id":"https:\/\/artotel.com\/es\/hotels\/london\/battersea-power-station\/#breadcrumb"},"inLanguage":"es","potentialAction":[{"@type":"ReadAction","target":["https:\/\/artotel.com\/es\/hotels\/london\/battersea-power-station\/"]}]},{"@type":"BreadcrumbList","@id":"https:\/\/artotel.com\/es\/hotels\/london\/battersea-power-station\/#breadcrumb","itemListElement":[{"@type":"ListItem","position":1,"name":"Home","item":"https:\/\/artotel.com\/es\/"},{"@type":"ListItem","position":2,"name":"Mall","item":"https:\/\/artotel.com\/en\/blog\/site\/mall\/"},{"@type":"ListItem","position":3,"name":"Hotels","item":"https:\/\/artotel.com\/es\/hotels\/"},{"@type":"ListItem","position":4,"name":"London","item":"https:\/\/artotel.com\/es\/hotels\/london\/"},{"@type":"ListItem","position":5,"name":"Battersea Home"}]},{"@type":"WebSite","@id":"https:\/\/artotel.com\/es\/#website","url":"https:\/\/artotel.com\/es\/","name":"art'otel","description":"City centre hotels with a view","potentialAction":[{"@type":"SearchAction","target":{"@type":"EntryPoint","urlTemplate":"https:\/\/artotel.com\/es\/?s={search_term_string}"},"query-input":{"@type":"PropertyValueSpecification","valueRequired":true,"valueName":"search_term_string"}}],"inLanguage":"es"}]}},"_links":{"self":[{"href":"https:\/\/artotel.com\/es\/wp-json\/wp\/v2\/pages\/61809","targetHints":{"allow":["GET"]}}],"collection":[{"href":"https:\/\/artotel.com\/es\/wp-json\/wp\/v2\/pages"}],"about":[{"href":"https:\/\/artotel.com\/es\/wp-json\/wp\/v2\/types\/page"}],"author":[{"embeddable":true,"href":"https:\/\/artotel.com\/es\/wp-json\/wp\/v2\/users\/29"}],"replies":[{"embeddable":true,"href":"https:\/\/artotel.com\/es\/wp-json\/wp\/v2\/comments?post=61809"}],"version-history":[{"count":6,"href":"https:\/\/artotel.com\/es\/wp-json\/wp\/v2\/pages\/61809\/revisions"}],"predecessor-version":[{"id":134315,"href":"https:\/\/artotel.com\/es\/wp-json\/wp\/v2\/pages\/61809\/revisions\/134315"}],"up":[{"embeddable":true,"href":"https:\/\/artotel.com\/es\/wp-json\/wp\/v2\/pages\/78001"}],"wp:attachment":[{"href":"https:\/\/artotel.com\/es\/wp-json\/wp\/v2\/media?parent=61809"}],"wp:term":[{"taxonomy":"wf_page_folders","embeddable":true,"href":"https:\/\/artotel.com\/es\/wp-json\/wp\/v2\/wf_page_folders?post=61809"},{"taxonomy":"site","embeddable":true,"href":"https:\/\/artotel.com\/es\/wp-json\/wp\/v2\/site?post=61809"}],"curies":[{"name":"wp","href":"https:\/\/api.w.org\/{rel}","templated":true}]}}