    {"id":66467,"date":"2022-06-27T00:01:55","date_gmt":"2022-06-26T22:01:55","guid":{"rendered":"https:\/\/artotel-url-restructure.tempurl.host\/hotels\/london\/battersea\/reuniones-y-eventos\/"},"modified":"2025-07-29T09:21:59","modified_gmt":"2025-07-29T07:21:59","slug":"reuniones-y-eventos","status":"publish","type":"page","link":"https:\/\/artotel.com\/es\/hotels\/london\/battersea-power-station\/reuniones-y-eventos\/","title":{"rendered":"Reuniones y Celebraciones"},"content":{"rendered":"","protected":false},"excerpt":{"rendered":"","protected":false},"author":29,"featured_media":0,"parent":61809,"menu_order":30,"comment_status":"closed","ping_status":"closed","template":"","meta":{"_acf_changed":false,"footnotes":""},"wf_page_folders":[129],"site":[128],"class_list":["post-66467","page","type-page","status-publish","hentry","site-battersea"],"acf":[],"yoast_head":"<!-- This site is optimized with the Yoast SEO plugin v24.9 - https:\/\/yoast.com\/wordpress\/plugins\/seo\/ -->\n<title>Re\u00fanete y celebra tu pr\u00f3ximo evento con nosotros | art&#039;otel de Battersea Power Station<\/title>\n<meta name=\"description\" content=\"art\u2019otel de Battersea Power Station en Londres ofrece seis espacios modernos para reuniones y eventos donde podr\u00e1s organizar encuentros de cualquier tipo. Descubre m\u00e1s aqu\u00ed.\" \/>\n<meta name=\"robots\" content=\"index, follow, max-snippet:-1, max-image-preview:large, max-video-preview:-1\" \/>\n<link rel=\"canonical\" href=\"https:\/\/artotel.com\/es\/hotels\/london\/battersea-power-station\/reuniones-y-eventos\/\" \/>\n<meta property=\"og:locale\" content=\"es_ES\" \/>\n<meta property=\"og:type\" content=\"article\" \/>\n<meta property=\"og:title\" content=\"Re\u00fanete y celebra tu pr\u00f3ximo evento con nosotros | art&#039;otel de Battersea Power Station\" \/>\n<meta property=\"og:description\" content=\"art\u2019otel de Battersea Power Station en Londres ofrece seis espacios modernos para reuniones y eventos donde podr\u00e1s organizar encuentros de cualquier tipo. Descubre m\u00e1s aqu\u00ed.\" \/>\n<meta property=\"og:url\" content=\"https:\/\/artotel.com\/es\/hotels\/london\/battersea-power-station\/reuniones-y-eventos\/\" \/>\n<meta property=\"og:site_name\" content=\"art&#039;otel\" \/>\n<meta property=\"article:modified_time\" content=\"2025-07-29T07:21:59+00:00\" \/>\n<meta property=\"og:image\" content=\"https:\/\/artotel.com\/hotels\/london\/battersea-power-station\/wp-content\/uploads\/sites\/3\/2024\/01\/Artotel-Battersea-Events-Oct-2023-2261-1024x683.jpg\" \/>\n<meta name=\"twitter:card\" content=\"summary_large_image\" \/>\n<script type=\"application\/ld+json\" class=\"yoast-schema-graph\">{\"@context\":\"https:\/\/schema.org\",\"@graph\":[{\"@type\":\"WebPage\",\"@id\":\"https:\/\/artotel.com\/es\/hotels\/london\/battersea-power-station\/reuniones-y-eventos\/\",\"url\":\"https:\/\/artotel.com\/es\/hotels\/london\/battersea-power-station\/reuniones-y-eventos\/\",\"name\":\"Re\u00fanete y celebra tu pr\u00f3ximo evento con nosotros | art'otel de Battersea Power Station\",\"isPartOf\":{\"@id\":\"https:\/\/artotel.com\/es\/#website\"},\"datePublished\":\"2022-06-26T22:01:55+00:00\",\"dateModified\":\"2025-07-29T07:21:59+00:00\",\"description\":\"art\u2019otel de Battersea Power Station en Londres ofrece seis espacios modernos para reuniones y eventos donde podr\u00e1s organizar encuentros de cualquier tipo. Descubre m\u00e1s aqu\u00ed.\",\"breadcrumb\":{\"@id\":\"https:\/\/artotel.com\/es\/hotels\/london\/battersea-power-station\/reuniones-y-eventos\/#breadcrumb\"},\"inLanguage\":\"es\",\"potentialAction\":[{\"@type\":\"ReadAction\",\"target\":[\"https:\/\/artotel.com\/es\/hotels\/london\/battersea-power-station\/reuniones-y-eventos\/\"]}]},{\"@type\":\"BreadcrumbList\",\"@id\":\"https:\/\/artotel.com\/es\/hotels\/london\/battersea-power-station\/reuniones-y-eventos\/#breadcrumb\",\"itemListElement\":[{\"@type\":\"ListItem\",\"position\":1,\"name\":\"Home\",\"item\":\"https:\/\/artotel.com\/es\/\"},{\"@type\":\"ListItem\",\"position\":2,\"name\":\"Mall\",\"item\":\"https:\/\/artotel.com\/en\/blog\/site\/mall\/\"},{\"@type\":\"ListItem\",\"position\":3,\"name\":\"Hotels\",\"item\":\"https:\/\/artotel.com\/es\/hotels\/\"},{\"@type\":\"ListItem\",\"position\":4,\"name\":\"London\",\"item\":\"https:\/\/artotel.com\/es\/hotels\/london\/\"},{\"@type\":\"ListItem\",\"position\":5,\"name\":\"Battersea Home\",\"item\":\"https:\/\/artotel.com\/es\/hotels\/london\/battersea-power-station\/\"},{\"@type\":\"ListItem\",\"position\":6,\"name\":\"Reuniones y Celebraciones\"}]},{\"@type\":\"WebSite\",\"@id\":\"https:\/\/artotel.com\/es\/#website\",\"url\":\"https:\/\/artotel.com\/es\/\",\"name\":\"art'otel\",\"description\":\"City centre hotels with a view\",\"potentialAction\":[{\"@type\":\"SearchAction\",\"target\":{\"@type\":\"EntryPoint\",\"urlTemplate\":\"https:\/\/artotel.com\/es\/?s={search_term_string}\"},\"query-input\":{\"@type\":\"PropertyValueSpecification\",\"valueRequired\":true,\"valueName\":\"search_term_string\"}}],\"inLanguage\":\"es\"}]}<\/script>\n<!-- \/ Yoast SEO plugin. -->","yoast_head_json":{"title":"Re\u00fanete y celebra tu pr\u00f3ximo evento con nosotros | art'otel de Battersea Power Station","description":"art\u2019otel de Battersea Power Station en Londres ofrece seis espacios modernos para reuniones y eventos donde podr\u00e1s organizar encuentros de cualquier tipo. Descubre m\u00e1s aqu\u00ed.","robots":{"index":"index","follow":"follow","max-snippet":"max-snippet:-1","max-image-preview":"max-image-preview:large","max-video-preview":"max-video-preview:-1"},"canonical":"https:\/\/artotel.com\/es\/hotels\/london\/battersea-power-station\/reuniones-y-eventos\/","og_locale":"es_ES","og_type":"article","og_title":"Re\u00fanete y celebra tu pr\u00f3ximo evento con nosotros | art'otel de Battersea Power Station","og_description":"art\u2019otel de Battersea Power Station en Londres ofrece seis espacios modernos para reuniones y eventos donde podr\u00e1s organizar encuentros de cualquier tipo. Descubre m\u00e1s aqu\u00ed.","og_url":"https:\/\/artotel.com\/es\/hotels\/london\/battersea-power-station\/reuniones-y-eventos\/","og_site_name":"art&#039;otel","article_modified_time":"2025-07-29T07:21:59+00:00","og_image":[{"url":"https:\/\/artotel.com\/hotels\/london\/battersea-power-station\/wp-content\/uploads\/sites\/3\/2024\/01\/Artotel-Battersea-Events-Oct-2023-2261-1024x683.jpg","type":"","width":"","height":""}],"twitter_card":"summary_large_image","schema":{"@context":"https:\/\/schema.org","@graph":[{"@type":"WebPage","@id":"https:\/\/artotel.com\/es\/hotels\/london\/battersea-power-station\/reuniones-y-eventos\/","url":"https:\/\/artotel.com\/es\/hotels\/london\/battersea-power-station\/reuniones-y-eventos\/","name":"Re\u00fanete y celebra tu pr\u00f3ximo evento con nosotros | art'otel de Battersea Power Station","isPartOf":{"@id":"https:\/\/artotel.com\/es\/#website"},"datePublished":"2022-06-26T22:01:55+00:00","dateModified":"2025-07-29T07:21:59+00:00","description":"art\u2019otel de Battersea Power Station en Londres ofrece seis espacios modernos para reuniones y eventos donde podr\u00e1s organizar encuentros de cualquier tipo. Descubre m\u00e1s aqu\u00ed.","breadcrumb":{"@id":"https:\/\/artotel.com\/es\/hotels\/london\/battersea-power-station\/reuniones-y-eventos\/#breadcrumb"},"inLanguage":"es","potentialAction":[{"@type":"ReadAction","target":["https:\/\/artotel.com\/es\/hotels\/london\/battersea-power-station\/reuniones-y-eventos\/"]}]},{"@type":"BreadcrumbList","@id":"https:\/\/artotel.com\/es\/hotels\/london\/battersea-power-station\/reuniones-y-eventos\/#breadcrumb","itemListElement":[{"@type":"ListItem","position":1,"name":"Home","item":"https:\/\/artotel.com\/es\/"},{"@type":"ListItem","position":2,"name":"Mall","item":"https:\/\/artotel.com\/en\/blog\/site\/mall\/"},{"@type":"ListItem","position":3,"name":"Hotels","item":"https:\/\/artotel.com\/es\/hotels\/"},{"@type":"ListItem","position":4,"name":"London","item":"https:\/\/artotel.com\/es\/hotels\/london\/"},{"@type":"ListItem","position":5,"name":"Battersea Home","item":"https:\/\/artotel.com\/es\/hotels\/london\/battersea-power-station\/"},{"@type":"ListItem","position":6,"name":"Reuniones y Celebraciones"}]},{"@type":"WebSite","@id":"https:\/\/artotel.com\/es\/#website","url":"https:\/\/artotel.com\/es\/","name":"art'otel","description":"City centre hotels with a view","potentialAction":[{"@type":"SearchAction","target":{"@type":"EntryPoint","urlTemplate":"https:\/\/artotel.com\/es\/?s={search_term_string}"},"query-input":{"@type":"PropertyValueSpecification","valueRequired":true,"valueName":"search_term_string"}}],"inLanguage":"es"}]}},"_links":{"self":[{"href":"https:\/\/artotel.com\/es\/wp-json\/wp\/v2\/pages\/66467","targetHints":{"allow":["GET"]}}],"collection":[{"href":"https:\/\/artotel.com\/es\/wp-json\/wp\/v2\/pages"}],"about":[{"href":"https:\/\/artotel.com\/es\/wp-json\/wp\/v2\/types\/page"}],"author":[{"embeddable":true,"href":"https:\/\/artotel.com\/es\/wp-json\/wp\/v2\/users\/29"}],"replies":[{"embeddable":true,"href":"https:\/\/artotel.com\/es\/wp-json\/wp\/v2\/comments?post=66467"}],"version-history":[{"count":3,"href":"https:\/\/artotel.com\/es\/wp-json\/wp\/v2\/pages\/66467\/revisions"}],"predecessor-version":[{"id":133280,"href":"https:\/\/artotel.com\/es\/wp-json\/wp\/v2\/pages\/66467\/revisions\/133280"}],"up":[{"embeddable":true,"href":"https:\/\/artotel.com\/es\/wp-json\/wp\/v2\/pages\/61809"}],"wp:attachment":[{"href":"https:\/\/artotel.com\/es\/wp-json\/wp\/v2\/media?parent=66467"}],"wp:term":[{"taxonomy":"wf_page_folders","embeddable":true,"href":"https:\/\/artotel.com\/es\/wp-json\/wp\/v2\/wf_page_folders?post=66467"},{"taxonomy":"site","embeddable":true,"href":"https:\/\/artotel.com\/es\/wp-json\/wp\/v2\/site?post=66467"}],"curies":[{"name":"wp","href":"https:\/\/api.w.org\/{rel}","templated":true}]}}