    {"id":110080,"date":"2023-04-20T09:54:39","date_gmt":"2023-04-20T07:54:39","guid":{"rendered":"https:\/\/artotel-url-restructure.tempurl.host\/hotels\/berlin-mitte\/artiste-emblematique\/"},"modified":"2025-07-21T22:53:03","modified_gmt":"2025-07-21T20:53:03","slug":"artiste-emblematique","status":"publish","type":"page","link":"https:\/\/artotel.com\/fr\/hotels\/berlin\/berlin-mitte\/artiste-emblematique\/","title":{"rendered":"Signature Artist"},"content":{"rendered":"<p>&nbsp;<\/p>\n<p>&nbsp;<\/p>\n","protected":false},"excerpt":{"rendered":"<p>&nbsp; &nbsp;<\/p>\n","protected":false},"author":29,"featured_media":0,"parent":104175,"menu_order":0,"comment_status":"closed","ping_status":"closed","template":"","meta":{"_acf_changed":false,"footnotes":""},"wf_page_folders":[189],"site":[188],"class_list":["post-110080","page","type-page","status-publish","hentry","site-berlinmitte"],"acf":[],"yoast_head":"<!-- This site is optimized with the Yoast SEO plugin v24.9 - https:\/\/yoast.com\/wordpress\/plugins\/seo\/ -->\n<title>\u0152uvres de Georg Baselitz | art&#039;otel Berlin Mitte<\/title>\n<meta name=\"description\" content=\"D\u00e9couvrez plus de 300 \u0153uvres d\u2019art et sculptures sign\u00e9es Georg Baselitz dans l\u2019h\u00f4tel. En d\u00e9couvrir plus ici.\" \/>\n<meta name=\"robots\" content=\"index, follow, max-snippet:-1, max-image-preview:large, max-video-preview:-1\" \/>\n<link rel=\"canonical\" href=\"https:\/\/artotel.com\/fr\/hotels\/berlin\/berlin-mitte\/artiste-emblematique\/\" \/>\n<meta property=\"og:locale\" content=\"fr_FR\" \/>\n<meta property=\"og:type\" content=\"article\" \/>\n<meta property=\"og:title\" content=\"\u0152uvres de Georg Baselitz | art&#039;otel Berlin Mitte\" \/>\n<meta property=\"og:description\" content=\"D\u00e9couvrez plus de 300 \u0153uvres d\u2019art et sculptures sign\u00e9es Georg Baselitz dans l\u2019h\u00f4tel. En d\u00e9couvrir plus ici.\" \/>\n<meta property=\"og:url\" content=\"https:\/\/artotel.com\/fr\/hotels\/berlin\/berlin-mitte\/artiste-emblematique\/\" \/>\n<meta property=\"og:site_name\" content=\"art&#039;otel\" \/>\n<meta property=\"article:modified_time\" content=\"2025-07-21T20:53:03+00:00\" \/>\n<meta property=\"og:image\" content=\"https:\/\/artotel.com\/wp-content\/uploads\/2025\/07\/2025-ARO-artotelrome-MasterpieceSuite-6-1-scaled.jpg\" \/>\n\t<meta property=\"og:image:width\" content=\"2560\" \/>\n\t<meta property=\"og:image:height\" content=\"1706\" \/>\n\t<meta property=\"og:image:type\" content=\"image\/jpeg\" \/>\n<meta name=\"twitter:card\" content=\"summary_large_image\" \/>\n<script type=\"application\/ld+json\" class=\"yoast-schema-graph\">{\"@context\":\"https:\/\/schema.org\",\"@graph\":[]}<\/script>\n<!-- \/ Yoast SEO plugin. -->","yoast_head_json":{"title":"\u0152uvres de Georg Baselitz | art'otel Berlin Mitte","description":"D\u00e9couvrez plus de 300 \u0153uvres d\u2019art et sculptures sign\u00e9es Georg Baselitz dans l\u2019h\u00f4tel. En d\u00e9couvrir plus ici.","robots":{"index":"index","follow":"follow","max-snippet":"max-snippet:-1","max-image-preview":"max-image-preview:large","max-video-preview":"max-video-preview:-1"},"canonical":"https:\/\/artotel.com\/fr\/hotels\/berlin\/berlin-mitte\/artiste-emblematique\/","og_locale":"fr_FR","og_type":"article","og_title":"\u0152uvres de Georg Baselitz | art'otel Berlin Mitte","og_description":"D\u00e9couvrez plus de 300 \u0153uvres d\u2019art et sculptures sign\u00e9es Georg Baselitz dans l\u2019h\u00f4tel. En d\u00e9couvrir plus ici.","og_url":"https:\/\/artotel.com\/fr\/hotels\/berlin\/berlin-mitte\/artiste-emblematique\/","og_site_name":"art&#039;otel","article_modified_time":"2025-07-21T20:53:03+00:00","og_image":[{"width":2560,"height":1706,"url":"https:\/\/artotel.com\/wp-content\/uploads\/2025\/07\/2025-ARO-artotelrome-MasterpieceSuite-6-1-scaled.jpg","type":"image\/jpeg"}],"twitter_card":"summary_large_image","schema":{"@context":"https:\/\/schema.org","@graph":[]}},"_links":{"self":[{"href":"https:\/\/artotel.com\/fr\/wp-json\/wp\/v2\/pages\/110080","targetHints":{"allow":["GET"]}}],"collection":[{"href":"https:\/\/artotel.com\/fr\/wp-json\/wp\/v2\/pages"}],"about":[{"href":"https:\/\/artotel.com\/fr\/wp-json\/wp\/v2\/types\/page"}],"author":[{"embeddable":true,"href":"https:\/\/artotel.com\/fr\/wp-json\/wp\/v2\/users\/29"}],"replies":[{"embeddable":true,"href":"https:\/\/artotel.com\/fr\/wp-json\/wp\/v2\/comments?post=110080"}],"version-history":[{"count":2,"href":"https:\/\/artotel.com\/fr\/wp-json\/wp\/v2\/pages\/110080\/revisions"}],"predecessor-version":[{"id":129393,"href":"https:\/\/artotel.com\/fr\/wp-json\/wp\/v2\/pages\/110080\/revisions\/129393"}],"up":[{"embeddable":true,"href":"https:\/\/artotel.com\/fr\/wp-json\/wp\/v2\/pages\/104175"}],"wp:attachment":[{"href":"https:\/\/artotel.com\/fr\/wp-json\/wp\/v2\/media?parent=110080"}],"wp:term":[{"taxonomy":"wf_page_folders","embeddable":true,"href":"https:\/\/artotel.com\/fr\/wp-json\/wp\/v2\/wf_page_folders?post=110080"},{"taxonomy":"site","embeddable":true,"href":"https:\/\/artotel.com\/fr\/wp-json\/wp\/v2\/site?post=110080"}],"curies":[{"name":"wp","href":"https:\/\/api.w.org\/{rel}","templated":true}]}}