    {"id":117519,"date":"2023-04-20T10:04:53","date_gmt":"2023-04-20T10:04:53","guid":{"rendered":"https:\/\/artotel-url-restructure.tempurl.host\/hotels\/cologne\/zone-locale\/"},"modified":"2025-07-07T15:08:08","modified_gmt":"2025-07-07T13:08:08","slug":"zone-locale-2","status":"publish","type":"page","link":"https:\/\/artotel.com\/fr\/hotels\/cologne\/central-cologne\/zone-locale-2\/","title":{"rendered":"Zone Locale"},"content":{"rendered":"","protected":false},"excerpt":{"rendered":"","protected":false},"author":29,"featured_media":0,"parent":110916,"menu_order":0,"comment_status":"closed","ping_status":"closed","template":"","meta":{"_acf_changed":false,"footnotes":""},"wf_page_folders":[190],"site":[191],"class_list":["post-117519","page","type-page","status-publish","hentry","site-cologne"],"acf":[],"yoast_head":"<!-- This site is optimized with the Yoast SEO plugin v24.9 - https:\/\/yoast.com\/wordpress\/plugins\/seo\/ -->\n<title>D\u00e9couvrir Cologne | art&#039;otel Cologne<\/title>\n<meta name=\"description\" content=\"L\u2019\u00e9tablissement art\u2019otel Cologne, situ\u00e9 sur les rives du Rhin, se situe \u00e0 quelques pas du mus\u00e9e du Chocolat, de la Cath\u00e9drale de Cologne et plus encore.\" \/>\n<meta name=\"robots\" content=\"index, follow, max-snippet:-1, max-image-preview:large, max-video-preview:-1\" \/>\n<link rel=\"canonical\" href=\"https:\/\/artotel.com\/fr\/hotels\/cologne\/central-cologne\/zone-locale-2\/\" \/>\n<meta property=\"og:locale\" content=\"fr_FR\" \/>\n<meta property=\"og:type\" content=\"article\" \/>\n<meta property=\"og:title\" content=\"D\u00e9couvrir Cologne | art&#039;otel Cologne\" \/>\n<meta property=\"og:description\" content=\"L\u2019\u00e9tablissement art\u2019otel Cologne, situ\u00e9 sur les rives du Rhin, se situe \u00e0 quelques pas du mus\u00e9e du Chocolat, de la Cath\u00e9drale de Cologne et plus encore.\" \/>\n<meta property=\"og:url\" content=\"https:\/\/artotel.com\/fr\/hotels\/cologne\/central-cologne\/zone-locale-2\/\" \/>\n<meta property=\"og:site_name\" content=\"art&#039;otel\" \/>\n<meta property=\"article:modified_time\" content=\"2025-07-07T13:08:08+00:00\" \/>\n<meta property=\"og:image\" content=\"https:\/\/artotel.com\/wp-content\/uploads\/2022\/07\/ams-special-offers-bg.jpg\" \/>\n\t<meta property=\"og:image:width\" content=\"967\" \/>\n\t<meta property=\"og:image:height\" content=\"771\" \/>\n\t<meta property=\"og:image:type\" content=\"image\/jpeg\" \/>\n<meta name=\"twitter:card\" content=\"summary_large_image\" \/>\n<meta name=\"twitter:title\" content=\"D\u00e9couvrir Cologne | art&#039;otel Cologne\" \/>\n<meta name=\"twitter:description\" content=\"L\u2019\u00e9tablissement art\u2019otel Cologne, situ\u00e9 sur les rives du Rhin, se situe \u00e0 quelques pas du mus\u00e9e du Chocolat, de la Cath\u00e9drale de Cologne et plus encore.\" \/>\n<meta name=\"twitter:image\" content=\"https:\/\/artotel.com\/wp-content\/uploads\/2022\/07\/ams-special-offers-bg.jpg\" \/>\n<script type=\"application\/ld+json\" class=\"yoast-schema-graph\">{\"@context\":\"https:\/\/schema.org\",\"@graph\":[{\"@type\":\"WebPage\",\"@id\":\"https:\/\/artotel.com\/fr\/hotels\/cologne\/central-cologne\/zone-locale-2\/\",\"url\":\"https:\/\/artotel.com\/fr\/hotels\/cologne\/central-cologne\/zone-locale-2\/\",\"name\":\"D\u00e9couvrir Cologne | art'otel Cologne\",\"isPartOf\":{\"@id\":\"https:\/\/artotel.com\/fr\/#website\"},\"datePublished\":\"2023-04-20T10:04:53+00:00\",\"dateModified\":\"2025-07-07T13:08:08+00:00\",\"description\":\"L\u2019\u00e9tablissement art\u2019otel Cologne, situ\u00e9 sur les rives du Rhin, se situe \u00e0 quelques pas du mus\u00e9e du Chocolat, de la Cath\u00e9drale de Cologne et plus encore.\",\"breadcrumb\":{\"@id\":\"https:\/\/artotel.com\/fr\/hotels\/cologne\/central-cologne\/zone-locale-2\/#breadcrumb\"},\"inLanguage\":\"fr-FR\",\"potentialAction\":[{\"@type\":\"ReadAction\",\"target\":[\"https:\/\/artotel.com\/fr\/hotels\/cologne\/central-cologne\/zone-locale-2\/\"]}]},{\"@type\":\"BreadcrumbList\",\"@id\":\"https:\/\/artotel.com\/fr\/hotels\/cologne\/central-cologne\/zone-locale-2\/#breadcrumb\",\"itemListElement\":[{\"@type\":\"ListItem\",\"position\":1,\"name\":\"Home\",\"item\":\"https:\/\/artotel.com\/fr\/\"},{\"@type\":\"ListItem\",\"position\":2,\"name\":\"Mall\",\"item\":\"https:\/\/artotel.com\/en\/blog\/site\/mall\/\"},{\"@type\":\"ListItem\",\"position\":3,\"name\":\"Hotels\",\"item\":\"https:\/\/artotel.com\/fr\/hotels\/\"},{\"@type\":\"ListItem\",\"position\":4,\"name\":\"Cologne\",\"item\":\"https:\/\/artotel.com\/fr\/hotels\/cologne\/\"},{\"@type\":\"ListItem\",\"position\":5,\"name\":\"Home\",\"item\":\"https:\/\/artotel.com\/fr\/hotels\/cologne\/central-cologne\/\"},{\"@type\":\"ListItem\",\"position\":6,\"name\":\"Zone Locale\"}]},{\"@type\":\"WebSite\",\"@id\":\"https:\/\/artotel.com\/fr\/#website\",\"url\":\"https:\/\/artotel.com\/fr\/\",\"name\":\"art'otel\",\"description\":\"City centre hotels with a view\",\"potentialAction\":[{\"@type\":\"SearchAction\",\"target\":{\"@type\":\"EntryPoint\",\"urlTemplate\":\"https:\/\/artotel.com\/fr\/?s={search_term_string}\"},\"query-input\":{\"@type\":\"PropertyValueSpecification\",\"valueRequired\":true,\"valueName\":\"search_term_string\"}}],\"inLanguage\":\"fr-FR\"}]}<\/script>\n<!-- \/ Yoast SEO plugin. -->","yoast_head_json":{"title":"D\u00e9couvrir Cologne | art'otel Cologne","description":"L\u2019\u00e9tablissement art\u2019otel Cologne, situ\u00e9 sur les rives du Rhin, se situe \u00e0 quelques pas du mus\u00e9e du Chocolat, de la Cath\u00e9drale de Cologne et plus encore.","robots":{"index":"index","follow":"follow","max-snippet":"max-snippet:-1","max-image-preview":"max-image-preview:large","max-video-preview":"max-video-preview:-1"},"canonical":"https:\/\/artotel.com\/fr\/hotels\/cologne\/central-cologne\/zone-locale-2\/","og_locale":"fr_FR","og_type":"article","og_title":"D\u00e9couvrir Cologne | art'otel Cologne","og_description":"L\u2019\u00e9tablissement art\u2019otel Cologne, situ\u00e9 sur les rives du Rhin, se situe \u00e0 quelques pas du mus\u00e9e du Chocolat, de la Cath\u00e9drale de Cologne et plus encore.","og_url":"https:\/\/artotel.com\/fr\/hotels\/cologne\/central-cologne\/zone-locale-2\/","og_site_name":"art&#039;otel","article_modified_time":"2025-07-07T13:08:08+00:00","og_image":[{"width":967,"height":771,"url":"https:\/\/artotel.com\/wp-content\/uploads\/2022\/07\/ams-special-offers-bg.jpg","type":"image\/jpeg"}],"twitter_card":"summary_large_image","twitter_title":"D\u00e9couvrir Cologne | art'otel Cologne","twitter_description":"L\u2019\u00e9tablissement art\u2019otel Cologne, situ\u00e9 sur les rives du Rhin, se situe \u00e0 quelques pas du mus\u00e9e du Chocolat, de la Cath\u00e9drale de Cologne et plus encore.","twitter_image":"https:\/\/artotel.com\/wp-content\/uploads\/2022\/07\/ams-special-offers-bg.jpg","schema":{"@context":"https:\/\/schema.org","@graph":[{"@type":"WebPage","@id":"https:\/\/artotel.com\/fr\/hotels\/cologne\/central-cologne\/zone-locale-2\/","url":"https:\/\/artotel.com\/fr\/hotels\/cologne\/central-cologne\/zone-locale-2\/","name":"D\u00e9couvrir Cologne | art'otel Cologne","isPartOf":{"@id":"https:\/\/artotel.com\/fr\/#website"},"datePublished":"2023-04-20T10:04:53+00:00","dateModified":"2025-07-07T13:08:08+00:00","description":"L\u2019\u00e9tablissement art\u2019otel Cologne, situ\u00e9 sur les rives du Rhin, se situe \u00e0 quelques pas du mus\u00e9e du Chocolat, de la Cath\u00e9drale de Cologne et plus encore.","breadcrumb":{"@id":"https:\/\/artotel.com\/fr\/hotels\/cologne\/central-cologne\/zone-locale-2\/#breadcrumb"},"inLanguage":"fr-FR","potentialAction":[{"@type":"ReadAction","target":["https:\/\/artotel.com\/fr\/hotels\/cologne\/central-cologne\/zone-locale-2\/"]}]},{"@type":"BreadcrumbList","@id":"https:\/\/artotel.com\/fr\/hotels\/cologne\/central-cologne\/zone-locale-2\/#breadcrumb","itemListElement":[{"@type":"ListItem","position":1,"name":"Home","item":"https:\/\/artotel.com\/fr\/"},{"@type":"ListItem","position":2,"name":"Mall","item":"https:\/\/artotel.com\/en\/blog\/site\/mall\/"},{"@type":"ListItem","position":3,"name":"Hotels","item":"https:\/\/artotel.com\/fr\/hotels\/"},{"@type":"ListItem","position":4,"name":"Cologne","item":"https:\/\/artotel.com\/fr\/hotels\/cologne\/"},{"@type":"ListItem","position":5,"name":"Home","item":"https:\/\/artotel.com\/fr\/hotels\/cologne\/central-cologne\/"},{"@type":"ListItem","position":6,"name":"Zone Locale"}]},{"@type":"WebSite","@id":"https:\/\/artotel.com\/fr\/#website","url":"https:\/\/artotel.com\/fr\/","name":"art'otel","description":"City centre hotels with a view","potentialAction":[{"@type":"SearchAction","target":{"@type":"EntryPoint","urlTemplate":"https:\/\/artotel.com\/fr\/?s={search_term_string}"},"query-input":{"@type":"PropertyValueSpecification","valueRequired":true,"valueName":"search_term_string"}}],"inLanguage":"fr-FR"}]}},"_links":{"self":[{"href":"https:\/\/artotel.com\/fr\/wp-json\/wp\/v2\/pages\/117519","targetHints":{"allow":["GET"]}}],"collection":[{"href":"https:\/\/artotel.com\/fr\/wp-json\/wp\/v2\/pages"}],"about":[{"href":"https:\/\/artotel.com\/fr\/wp-json\/wp\/v2\/types\/page"}],"author":[{"embeddable":true,"href":"https:\/\/artotel.com\/fr\/wp-json\/wp\/v2\/users\/29"}],"replies":[{"embeddable":true,"href":"https:\/\/artotel.com\/fr\/wp-json\/wp\/v2\/comments?post=117519"}],"version-history":[{"count":1,"href":"https:\/\/artotel.com\/fr\/wp-json\/wp\/v2\/pages\/117519\/revisions"}],"predecessor-version":[{"id":119246,"href":"https:\/\/artotel.com\/fr\/wp-json\/wp\/v2\/pages\/117519\/revisions\/119246"}],"up":[{"embeddable":true,"href":"https:\/\/artotel.com\/fr\/wp-json\/wp\/v2\/pages\/110916"}],"wp:attachment":[{"href":"https:\/\/artotel.com\/fr\/wp-json\/wp\/v2\/media?parent=117519"}],"wp:term":[{"taxonomy":"wf_page_folders","embeddable":true,"href":"https:\/\/artotel.com\/fr\/wp-json\/wp\/v2\/wf_page_folders?post=117519"},{"taxonomy":"site","embeddable":true,"href":"https:\/\/artotel.com\/fr\/wp-json\/wp\/v2\/site?post=117519"}],"curies":[{"name":"wp","href":"https:\/\/api.w.org\/{rel}","templated":true}]}}