    {"id":127128,"date":"2025-07-15T16:51:52","date_gmt":"2025-07-15T14:51:52","guid":{"rendered":"https:\/\/artotel-url-restructure.tempurl.host\/hotels\/amsterdam\/chambres-et-suites\/art-room-king-canal-view\/"},"modified":"2025-07-16T13:29:41","modified_gmt":"2025-07-16T11:29:41","slug":"chambre-art-vue-iconique","status":"publish","type":"page","link":"https:\/\/artotel.com\/fr\/hotels\/amsterdam\/central-amsterdam\/chambres-et-suites\/chambre-art-vue-iconique\/","title":{"rendered":"Art Room Vue Iconique"},"content":{"rendered":"","protected":false},"excerpt":{"rendered":"","protected":false},"author":1,"featured_media":0,"parent":56933,"menu_order":0,"comment_status":"closed","ping_status":"closed","template":"page-rooms-suites.php","meta":{"_acf_changed":false,"footnotes":""},"wf_page_folders":[109],"site":[108],"class_list":["post-127128","page","type-page","status-publish","hentry","site-amsterdam"],"acf":[],"yoast_head":"<!-- This site is optimized with the Yoast SEO plugin v24.9 - https:\/\/yoast.com\/wordpress\/plugins\/seo\/ -->\n<title>Art Room Vue Iconique | art&#039;otel<\/title>\n<meta name=\"description\" content=\"L&#039;art&#039;otel Art Room Iconic View vous offre un espace \u00e9l\u00e9gant avec vue sur la gare centrale d&#039;Amsterdam, un acc\u00e8s au spa, \u00e0 la galerie et bien plus encore. En savoir plus ici.\" \/>\n<meta name=\"robots\" content=\"index, follow, max-snippet:-1, max-image-preview:large, max-video-preview:-1\" \/>\n<link rel=\"canonical\" href=\"https:\/\/artotel.com\/fr\/hotels\/amsterdam\/central-amsterdam\/chambres-et-suites\/chambre-art-vue-iconique\/\" \/>\n<meta property=\"og:locale\" content=\"fr_FR\" \/>\n<meta property=\"og:type\" content=\"article\" \/>\n<meta property=\"og:title\" content=\"Art Room Vue Iconique | art&#039;otel\" \/>\n<meta property=\"og:description\" content=\"L&#039;art&#039;otel Art Room Iconic View vous offre un espace \u00e9l\u00e9gant avec vue sur la gare centrale d&#039;Amsterdam, un acc\u00e8s au spa, \u00e0 la galerie et bien plus encore. En savoir plus ici.\" \/>\n<meta property=\"og:url\" content=\"https:\/\/artotel.com\/fr\/hotels\/amsterdam\/central-amsterdam\/chambres-et-suites\/chambre-art-vue-iconique\/\" \/>\n<meta property=\"og:site_name\" content=\"art&#039;otel\" \/>\n<meta property=\"article:modified_time\" content=\"2025-07-16T11:29:41+00:00\" \/>\n<meta property=\"og:image\" content=\"https:\/\/artotel.com\/wp-content\/uploads\/2025\/07\/2025-ARO-artotelrome-MasterpieceSuite-6-1-scaled.jpg\" \/>\n\t<meta property=\"og:image:width\" content=\"2560\" \/>\n\t<meta property=\"og:image:height\" content=\"1706\" \/>\n\t<meta property=\"og:image:type\" content=\"image\/jpeg\" \/>\n<meta name=\"twitter:card\" content=\"summary_large_image\" \/>\n<script type=\"application\/ld+json\" class=\"yoast-schema-graph\">{\"@context\":\"https:\/\/schema.org\",\"@graph\":[{\"@type\":\"WebPage\",\"@id\":\"https:\/\/artotel.com\/fr\/hotels\/amsterdam\/central-amsterdam\/chambres-et-suites\/chambre-art-vue-iconique\/\",\"url\":\"https:\/\/artotel.com\/fr\/hotels\/amsterdam\/central-amsterdam\/chambres-et-suites\/chambre-art-vue-iconique\/\",\"name\":\"Art Room Vue Iconique | art&#039;otel\",\"isPartOf\":{\"@id\":\"https:\/\/artotel.com\/fr\/#website\"},\"datePublished\":\"2025-07-15T14:51:52+00:00\",\"dateModified\":\"2025-07-16T11:29:41+00:00\",\"description\":\"L'art'otel Art Room Iconic View vous offre un espace \u00e9l\u00e9gant avec vue sur la gare centrale d'Amsterdam, un acc\u00e8s au spa, \u00e0 la galerie et bien plus encore. En savoir plus ici.\",\"breadcrumb\":{\"@id\":\"https:\/\/artotel.com\/fr\/hotels\/amsterdam\/central-amsterdam\/chambres-et-suites\/chambre-art-vue-iconique\/#breadcrumb\"},\"inLanguage\":\"fr-FR\",\"potentialAction\":[{\"@type\":\"ReadAction\",\"target\":[\"https:\/\/artotel.com\/fr\/hotels\/amsterdam\/central-amsterdam\/chambres-et-suites\/chambre-art-vue-iconique\/\"]}]},{\"@type\":\"BreadcrumbList\",\"@id\":\"https:\/\/artotel.com\/fr\/hotels\/amsterdam\/central-amsterdam\/chambres-et-suites\/chambre-art-vue-iconique\/#breadcrumb\",\"itemListElement\":[{\"@type\":\"ListItem\",\"position\":1,\"name\":\"Home\",\"item\":\"https:\/\/artotel.com\/fr\/\"},{\"@type\":\"ListItem\",\"position\":2,\"name\":\"Mall\",\"item\":\"https:\/\/artotel.com\/en\/blog\/site\/mall\/\"},{\"@type\":\"ListItem\",\"position\":3,\"name\":\"Hotels\",\"item\":\"https:\/\/artotel.com\/fr\/hotels\/\"},{\"@type\":\"ListItem\",\"position\":4,\"name\":\"Amsterdam\",\"item\":\"https:\/\/artotel.com\/fr\/hotels\/amsterdam\/\"},{\"@type\":\"ListItem\",\"position\":5,\"name\":\"Home\",\"item\":\"https:\/\/artotel.com\/fr\/hotels\/amsterdam\/central-amsterdam\/\"},{\"@type\":\"ListItem\",\"position\":6,\"name\":\"Chambres et suites Art\",\"item\":\"https:\/\/artotel.com\/fr\/hotels\/amsterdam\/central-amsterdam\/chambres-et-suites\/\"},{\"@type\":\"ListItem\",\"position\":7,\"name\":\"Art Room Vue Iconique\"}]},{\"@type\":\"WebSite\",\"@id\":\"https:\/\/artotel.com\/fr\/#website\",\"url\":\"https:\/\/artotel.com\/fr\/\",\"name\":\"art'otel\",\"description\":\"City centre hotels with a view\",\"potentialAction\":[{\"@type\":\"SearchAction\",\"target\":{\"@type\":\"EntryPoint\",\"urlTemplate\":\"https:\/\/artotel.com\/fr\/?s={search_term_string}\"},\"query-input\":{\"@type\":\"PropertyValueSpecification\",\"valueRequired\":true,\"valueName\":\"search_term_string\"}}],\"inLanguage\":\"fr-FR\"}]}<\/script>\n<!-- \/ Yoast SEO plugin. -->","yoast_head_json":{"title":"Art Room Vue Iconique | art&#039;otel","description":"L'art'otel Art Room Iconic View vous offre un espace \u00e9l\u00e9gant avec vue sur la gare centrale d'Amsterdam, un acc\u00e8s au spa, \u00e0 la galerie et bien plus encore. En savoir plus ici.","robots":{"index":"index","follow":"follow","max-snippet":"max-snippet:-1","max-image-preview":"max-image-preview:large","max-video-preview":"max-video-preview:-1"},"canonical":"https:\/\/artotel.com\/fr\/hotels\/amsterdam\/central-amsterdam\/chambres-et-suites\/chambre-art-vue-iconique\/","og_locale":"fr_FR","og_type":"article","og_title":"Art Room Vue Iconique | art&#039;otel","og_description":"L'art'otel Art Room Iconic View vous offre un espace \u00e9l\u00e9gant avec vue sur la gare centrale d'Amsterdam, un acc\u00e8s au spa, \u00e0 la galerie et bien plus encore. En savoir plus ici.","og_url":"https:\/\/artotel.com\/fr\/hotels\/amsterdam\/central-amsterdam\/chambres-et-suites\/chambre-art-vue-iconique\/","og_site_name":"art&#039;otel","article_modified_time":"2025-07-16T11:29:41+00:00","og_image":[{"width":2560,"height":1706,"url":"https:\/\/artotel.com\/wp-content\/uploads\/2025\/07\/2025-ARO-artotelrome-MasterpieceSuite-6-1-scaled.jpg","type":"image\/jpeg"}],"twitter_card":"summary_large_image","schema":{"@context":"https:\/\/schema.org","@graph":[{"@type":"WebPage","@id":"https:\/\/artotel.com\/fr\/hotels\/amsterdam\/central-amsterdam\/chambres-et-suites\/chambre-art-vue-iconique\/","url":"https:\/\/artotel.com\/fr\/hotels\/amsterdam\/central-amsterdam\/chambres-et-suites\/chambre-art-vue-iconique\/","name":"Art Room Vue Iconique | art&#039;otel","isPartOf":{"@id":"https:\/\/artotel.com\/fr\/#website"},"datePublished":"2025-07-15T14:51:52+00:00","dateModified":"2025-07-16T11:29:41+00:00","description":"L'art'otel Art Room Iconic View vous offre un espace \u00e9l\u00e9gant avec vue sur la gare centrale d'Amsterdam, un acc\u00e8s au spa, \u00e0 la galerie et bien plus encore. En savoir plus ici.","breadcrumb":{"@id":"https:\/\/artotel.com\/fr\/hotels\/amsterdam\/central-amsterdam\/chambres-et-suites\/chambre-art-vue-iconique\/#breadcrumb"},"inLanguage":"fr-FR","potentialAction":[{"@type":"ReadAction","target":["https:\/\/artotel.com\/fr\/hotels\/amsterdam\/central-amsterdam\/chambres-et-suites\/chambre-art-vue-iconique\/"]}]},{"@type":"BreadcrumbList","@id":"https:\/\/artotel.com\/fr\/hotels\/amsterdam\/central-amsterdam\/chambres-et-suites\/chambre-art-vue-iconique\/#breadcrumb","itemListElement":[{"@type":"ListItem","position":1,"name":"Home","item":"https:\/\/artotel.com\/fr\/"},{"@type":"ListItem","position":2,"name":"Mall","item":"https:\/\/artotel.com\/en\/blog\/site\/mall\/"},{"@type":"ListItem","position":3,"name":"Hotels","item":"https:\/\/artotel.com\/fr\/hotels\/"},{"@type":"ListItem","position":4,"name":"Amsterdam","item":"https:\/\/artotel.com\/fr\/hotels\/amsterdam\/"},{"@type":"ListItem","position":5,"name":"Home","item":"https:\/\/artotel.com\/fr\/hotels\/amsterdam\/central-amsterdam\/"},{"@type":"ListItem","position":6,"name":"Chambres et suites Art","item":"https:\/\/artotel.com\/fr\/hotels\/amsterdam\/central-amsterdam\/chambres-et-suites\/"},{"@type":"ListItem","position":7,"name":"Art Room Vue Iconique"}]},{"@type":"WebSite","@id":"https:\/\/artotel.com\/fr\/#website","url":"https:\/\/artotel.com\/fr\/","name":"art'otel","description":"City centre hotels with a view","potentialAction":[{"@type":"SearchAction","target":{"@type":"EntryPoint","urlTemplate":"https:\/\/artotel.com\/fr\/?s={search_term_string}"},"query-input":{"@type":"PropertyValueSpecification","valueRequired":true,"valueName":"search_term_string"}}],"inLanguage":"fr-FR"}]}},"_links":{"self":[{"href":"https:\/\/artotel.com\/fr\/wp-json\/wp\/v2\/pages\/127128","targetHints":{"allow":["GET"]}}],"collection":[{"href":"https:\/\/artotel.com\/fr\/wp-json\/wp\/v2\/pages"}],"about":[{"href":"https:\/\/artotel.com\/fr\/wp-json\/wp\/v2\/types\/page"}],"author":[{"embeddable":true,"href":"https:\/\/artotel.com\/fr\/wp-json\/wp\/v2\/users\/1"}],"replies":[{"embeddable":true,"href":"https:\/\/artotel.com\/fr\/wp-json\/wp\/v2\/comments?post=127128"}],"version-history":[{"count":1,"href":"https:\/\/artotel.com\/fr\/wp-json\/wp\/v2\/pages\/127128\/revisions"}],"predecessor-version":[{"id":127807,"href":"https:\/\/artotel.com\/fr\/wp-json\/wp\/v2\/pages\/127128\/revisions\/127807"}],"up":[{"embeddable":true,"href":"https:\/\/artotel.com\/fr\/wp-json\/wp\/v2\/pages\/56933"}],"wp:attachment":[{"href":"https:\/\/artotel.com\/fr\/wp-json\/wp\/v2\/media?parent=127128"}],"wp:term":[{"taxonomy":"wf_page_folders","embeddable":true,"href":"https:\/\/artotel.com\/fr\/wp-json\/wp\/v2\/wf_page_folders?post=127128"},{"taxonomy":"site","embeddable":true,"href":"https:\/\/artotel.com\/fr\/wp-json\/wp\/v2\/site?post=127128"}],"curies":[{"name":"wp","href":"https:\/\/api.w.org\/{rel}","templated":true}]}}