    {"id":127423,"date":"2025-07-15T18:34:31","date_gmt":"2025-07-15T16:34:31","guid":{"rendered":"https:\/\/artotel-url-restructure.tempurl.host\/hotels\/london\/battersea\/chambres-et-suites\/art-studio\/"},"modified":"2025-07-15T18:36:22","modified_gmt":"2025-07-15T16:36:22","slug":"studio-art","status":"publish","type":"page","link":"https:\/\/artotel.com\/fr\/hotels\/london\/battersea-power-station\/chambres-et-suites\/studio-art\/","title":{"rendered":"Studio Art"},"content":{"rendered":"","protected":false},"excerpt":{"rendered":"","protected":false},"author":1,"featured_media":0,"parent":67170,"menu_order":0,"comment_status":"closed","ping_status":"closed","template":"page-rooms-suites.php","meta":{"_acf_changed":false,"footnotes":""},"wf_page_folders":[129],"site":[128],"class_list":["post-127423","page","type-page","status-publish","hentry","site-battersea"],"acf":[],"yoast_head":"<!-- This site is optimized with the Yoast SEO plugin v24.9 - https:\/\/yoast.com\/wordpress\/plugins\/seo\/ -->\n<title>Explorez nos Studios Art | art\u2019otel Battersea Power Station<\/title>\n<meta name=\"description\" content=\"Nos Studios Art consistent en une plus grande chambre pour vous donner l\u2019espace n\u00e9cessaire \u00e0 la d\u00e9tente et vous permettre de profiter au mieux de votre s\u00e9jour avec nous. En savoir plus et r\u00e9server.\" \/>\n<meta name=\"robots\" content=\"index, follow, max-snippet:-1, max-image-preview:large, max-video-preview:-1\" \/>\n<link rel=\"canonical\" href=\"https:\/\/artotel.com\/fr\/hotels\/london\/battersea-power-station\/chambres-et-suites\/studio-art\/\" \/>\n<meta property=\"og:locale\" content=\"fr_FR\" \/>\n<meta property=\"og:type\" content=\"article\" \/>\n<meta property=\"og:title\" content=\"Explorez nos Studios Art | art\u2019otel Battersea Power Station\" \/>\n<meta property=\"og:description\" content=\"Nos Studios Art consistent en une plus grande chambre pour vous donner l\u2019espace n\u00e9cessaire \u00e0 la d\u00e9tente et vous permettre de profiter au mieux de votre s\u00e9jour avec nous. En savoir plus et r\u00e9server.\" \/>\n<meta property=\"og:url\" content=\"https:\/\/artotel.com\/fr\/hotels\/london\/battersea-power-station\/chambres-et-suites\/studio-art\/\" \/>\n<meta property=\"og:site_name\" content=\"art&#039;otel\" \/>\n<meta property=\"article:modified_time\" content=\"2025-07-15T16:36:22+00:00\" \/>\n<meta property=\"og:image\" content=\"https:\/\/artotel.com\/wp-content\/uploads\/2025\/07\/2025-ARO-artotelrome-MasterpieceSuite-6-1-scaled.jpg\" \/>\n\t<meta property=\"og:image:width\" content=\"2560\" \/>\n\t<meta property=\"og:image:height\" content=\"1706\" \/>\n\t<meta property=\"og:image:type\" content=\"image\/jpeg\" \/>\n<meta name=\"twitter:card\" content=\"summary_large_image\" \/>\n<script type=\"application\/ld+json\" class=\"yoast-schema-graph\">{\"@context\":\"https:\/\/schema.org\",\"@graph\":[{\"@type\":\"WebPage\",\"@id\":\"https:\/\/artotel.com\/fr\/hotels\/london\/battersea-power-station\/chambres-et-suites\/studio-art\/\",\"url\":\"https:\/\/artotel.com\/fr\/hotels\/london\/battersea-power-station\/chambres-et-suites\/studio-art\/\",\"name\":\"Explorez nos Studios Art | art\u2019otel Battersea Power Station\",\"isPartOf\":{\"@id\":\"https:\/\/artotel.com\/fr\/#website\"},\"datePublished\":\"2025-07-15T16:34:31+00:00\",\"dateModified\":\"2025-07-15T16:36:22+00:00\",\"description\":\"Nos Studios Art consistent en une plus grande chambre pour vous donner l\u2019espace n\u00e9cessaire \u00e0 la d\u00e9tente et vous permettre de profiter au mieux de votre s\u00e9jour avec nous. En savoir plus et r\u00e9server.\",\"breadcrumb\":{\"@id\":\"https:\/\/artotel.com\/fr\/hotels\/london\/battersea-power-station\/chambres-et-suites\/studio-art\/#breadcrumb\"},\"inLanguage\":\"fr-FR\",\"potentialAction\":[{\"@type\":\"ReadAction\",\"target\":[\"https:\/\/artotel.com\/fr\/hotels\/london\/battersea-power-station\/chambres-et-suites\/studio-art\/\"]}]},{\"@type\":\"BreadcrumbList\",\"@id\":\"https:\/\/artotel.com\/fr\/hotels\/london\/battersea-power-station\/chambres-et-suites\/studio-art\/#breadcrumb\",\"itemListElement\":[{\"@type\":\"ListItem\",\"position\":1,\"name\":\"Home\",\"item\":\"https:\/\/artotel.com\/fr\/\"},{\"@type\":\"ListItem\",\"position\":2,\"name\":\"Mall\",\"item\":\"https:\/\/artotel.com\/en\/blog\/site\/mall\/\"},{\"@type\":\"ListItem\",\"position\":3,\"name\":\"Hotels\",\"item\":\"https:\/\/artotel.com\/fr\/hotels\/\"},{\"@type\":\"ListItem\",\"position\":4,\"name\":\"London\",\"item\":\"https:\/\/artotel.com\/fr\/hotels\/london\/\"},{\"@type\":\"ListItem\",\"position\":5,\"name\":\"Home\",\"item\":\"https:\/\/artotel.com\/fr\/hotels\/london\/battersea-power-station\/\"},{\"@type\":\"ListItem\",\"position\":6,\"name\":\"Chambres et suites Art\",\"item\":\"https:\/\/artotel.com\/fr\/hotels\/london\/battersea-power-station\/chambres-et-suites\/\"},{\"@type\":\"ListItem\",\"position\":7,\"name\":\"Studio Art\"}]},{\"@type\":\"WebSite\",\"@id\":\"https:\/\/artotel.com\/fr\/#website\",\"url\":\"https:\/\/artotel.com\/fr\/\",\"name\":\"art'otel\",\"description\":\"City centre hotels with a view\",\"potentialAction\":[{\"@type\":\"SearchAction\",\"target\":{\"@type\":\"EntryPoint\",\"urlTemplate\":\"https:\/\/artotel.com\/fr\/?s={search_term_string}\"},\"query-input\":{\"@type\":\"PropertyValueSpecification\",\"valueRequired\":true,\"valueName\":\"search_term_string\"}}],\"inLanguage\":\"fr-FR\"}]}<\/script>\n<!-- \/ Yoast SEO plugin. -->","yoast_head_json":{"title":"Explorez nos Studios Art | art\u2019otel Battersea Power Station","description":"Nos Studios Art consistent en une plus grande chambre pour vous donner l\u2019espace n\u00e9cessaire \u00e0 la d\u00e9tente et vous permettre de profiter au mieux de votre s\u00e9jour avec nous. En savoir plus et r\u00e9server.","robots":{"index":"index","follow":"follow","max-snippet":"max-snippet:-1","max-image-preview":"max-image-preview:large","max-video-preview":"max-video-preview:-1"},"canonical":"https:\/\/artotel.com\/fr\/hotels\/london\/battersea-power-station\/chambres-et-suites\/studio-art\/","og_locale":"fr_FR","og_type":"article","og_title":"Explorez nos Studios Art | art\u2019otel Battersea Power Station","og_description":"Nos Studios Art consistent en une plus grande chambre pour vous donner l\u2019espace n\u00e9cessaire \u00e0 la d\u00e9tente et vous permettre de profiter au mieux de votre s\u00e9jour avec nous. En savoir plus et r\u00e9server.","og_url":"https:\/\/artotel.com\/fr\/hotels\/london\/battersea-power-station\/chambres-et-suites\/studio-art\/","og_site_name":"art&#039;otel","article_modified_time":"2025-07-15T16:36:22+00:00","og_image":[{"width":2560,"height":1706,"url":"https:\/\/artotel.com\/wp-content\/uploads\/2025\/07\/2025-ARO-artotelrome-MasterpieceSuite-6-1-scaled.jpg","type":"image\/jpeg"}],"twitter_card":"summary_large_image","schema":{"@context":"https:\/\/schema.org","@graph":[{"@type":"WebPage","@id":"https:\/\/artotel.com\/fr\/hotels\/london\/battersea-power-station\/chambres-et-suites\/studio-art\/","url":"https:\/\/artotel.com\/fr\/hotels\/london\/battersea-power-station\/chambres-et-suites\/studio-art\/","name":"Explorez nos Studios Art | art\u2019otel Battersea Power Station","isPartOf":{"@id":"https:\/\/artotel.com\/fr\/#website"},"datePublished":"2025-07-15T16:34:31+00:00","dateModified":"2025-07-15T16:36:22+00:00","description":"Nos Studios Art consistent en une plus grande chambre pour vous donner l\u2019espace n\u00e9cessaire \u00e0 la d\u00e9tente et vous permettre de profiter au mieux de votre s\u00e9jour avec nous. En savoir plus et r\u00e9server.","breadcrumb":{"@id":"https:\/\/artotel.com\/fr\/hotels\/london\/battersea-power-station\/chambres-et-suites\/studio-art\/#breadcrumb"},"inLanguage":"fr-FR","potentialAction":[{"@type":"ReadAction","target":["https:\/\/artotel.com\/fr\/hotels\/london\/battersea-power-station\/chambres-et-suites\/studio-art\/"]}]},{"@type":"BreadcrumbList","@id":"https:\/\/artotel.com\/fr\/hotels\/london\/battersea-power-station\/chambres-et-suites\/studio-art\/#breadcrumb","itemListElement":[{"@type":"ListItem","position":1,"name":"Home","item":"https:\/\/artotel.com\/fr\/"},{"@type":"ListItem","position":2,"name":"Mall","item":"https:\/\/artotel.com\/en\/blog\/site\/mall\/"},{"@type":"ListItem","position":3,"name":"Hotels","item":"https:\/\/artotel.com\/fr\/hotels\/"},{"@type":"ListItem","position":4,"name":"London","item":"https:\/\/artotel.com\/fr\/hotels\/london\/"},{"@type":"ListItem","position":5,"name":"Home","item":"https:\/\/artotel.com\/fr\/hotels\/london\/battersea-power-station\/"},{"@type":"ListItem","position":6,"name":"Chambres et suites Art","item":"https:\/\/artotel.com\/fr\/hotels\/london\/battersea-power-station\/chambres-et-suites\/"},{"@type":"ListItem","position":7,"name":"Studio Art"}]},{"@type":"WebSite","@id":"https:\/\/artotel.com\/fr\/#website","url":"https:\/\/artotel.com\/fr\/","name":"art'otel","description":"City centre hotels with a view","potentialAction":[{"@type":"SearchAction","target":{"@type":"EntryPoint","urlTemplate":"https:\/\/artotel.com\/fr\/?s={search_term_string}"},"query-input":{"@type":"PropertyValueSpecification","valueRequired":true,"valueName":"search_term_string"}}],"inLanguage":"fr-FR"}]}},"_links":{"self":[{"href":"https:\/\/artotel.com\/fr\/wp-json\/wp\/v2\/pages\/127423","targetHints":{"allow":["GET"]}}],"collection":[{"href":"https:\/\/artotel.com\/fr\/wp-json\/wp\/v2\/pages"}],"about":[{"href":"https:\/\/artotel.com\/fr\/wp-json\/wp\/v2\/types\/page"}],"author":[{"embeddable":true,"href":"https:\/\/artotel.com\/fr\/wp-json\/wp\/v2\/users\/1"}],"replies":[{"embeddable":true,"href":"https:\/\/artotel.com\/fr\/wp-json\/wp\/v2\/comments?post=127423"}],"version-history":[{"count":1,"href":"https:\/\/artotel.com\/fr\/wp-json\/wp\/v2\/pages\/127423\/revisions"}],"predecessor-version":[{"id":127428,"href":"https:\/\/artotel.com\/fr\/wp-json\/wp\/v2\/pages\/127423\/revisions\/127428"}],"up":[{"embeddable":true,"href":"https:\/\/artotel.com\/fr\/wp-json\/wp\/v2\/pages\/67170"}],"wp:attachment":[{"href":"https:\/\/artotel.com\/fr\/wp-json\/wp\/v2\/media?parent=127423"}],"wp:term":[{"taxonomy":"wf_page_folders","embeddable":true,"href":"https:\/\/artotel.com\/fr\/wp-json\/wp\/v2\/wf_page_folders?post=127423"},{"taxonomy":"site","embeddable":true,"href":"https:\/\/artotel.com\/fr\/wp-json\/wp\/v2\/site?post=127423"}],"curies":[{"name":"wp","href":"https:\/\/api.w.org\/{rel}","templated":true}]}}