    {"id":3893,"date":"2022-05-25T17:30:41","date_gmt":"2022-05-25T15:30:41","guid":{"rendered":"https:\/\/artotel.tempurl.host\/?page_id=3893"},"modified":"2025-07-30T00:56:53","modified_gmt":"2025-07-29T22:56:53","slug":"reunir-faire-la-fete","status":"publish","type":"page","link":"https:\/\/artotel.com\/fr\/reunir-faire-la-fete\/","title":{"rendered":"R\u00e9unir &#038; Faire la F\u00eate"},"content":{"rendered":"","protected":false},"excerpt":{"rendered":"","protected":false},"author":1,"featured_media":18487,"parent":0,"menu_order":13,"comment_status":"closed","ping_status":"closed","template":"","meta":{"_acf_changed":false,"footnotes":""},"wf_page_folders":[107],"site":[],"class_list":["post-3893","page","type-page","status-publish","has-post-thumbnail","hentry"],"acf":[],"yoast_head":"<!-- This site is optimized with the Yoast SEO plugin v24.9 - https:\/\/yoast.com\/wordpress\/plugins\/seo\/ -->\n<title>Unsere inspirierenden Kunstr\u00e4ume in ganz Europa laden zur Begegnung ein | art&#039;otel<\/title>\n<meta name=\"description\" content=\"Optimiere Deine n\u00e4chste Veranstaltung und lass Dich von unseren spannenden Kunstr\u00e4umen in modernen europ\u00e4ischen St\u00e4dten inspirieren. Hier kannst Du Deine n\u00e4chste Veranstaltung planen.\" \/>\n<meta name=\"robots\" content=\"index, follow, max-snippet:-1, max-image-preview:large, max-video-preview:-1\" \/>\n<link rel=\"canonical\" href=\"https:\/\/artotel.com\/fr\/reunir-faire-la-fete\/\" \/>\n<meta property=\"og:locale\" content=\"fr_FR\" \/>\n<meta property=\"og:type\" content=\"article\" \/>\n<meta property=\"og:title\" content=\"Unsere inspirierenden Kunstr\u00e4ume in ganz Europa laden zur Begegnung ein | art&#039;otel\" \/>\n<meta property=\"og:description\" content=\"Optimiere Deine n\u00e4chste Veranstaltung und lass Dich von unseren spannenden Kunstr\u00e4umen in modernen europ\u00e4ischen St\u00e4dten inspirieren. Hier kannst Du Deine n\u00e4chste Veranstaltung planen.\" \/>\n<meta property=\"og:url\" content=\"https:\/\/artotel.com\/fr\/reunir-faire-la-fete\/\" \/>\n<meta property=\"og:site_name\" content=\"art&#039;otel\" \/>\n<meta property=\"article:modified_time\" content=\"2025-07-29T22:56:53+00:00\" \/>\n<meta property=\"og:image\" content=\"https:\/\/artotel.com\/wp-content\/uploads\/2024\/07\/Foto-94.jpg\" \/>\n\t<meta property=\"og:image:width\" content=\"2000\" \/>\n\t<meta property=\"og:image:height\" content=\"1331\" \/>\n\t<meta property=\"og:image:type\" content=\"image\/jpeg\" \/>\n<meta name=\"twitter:card\" content=\"summary_large_image\" \/>\n<meta name=\"twitter:label1\" content=\"Dur\u00e9e de lecture estim\u00e9e\" \/>\n\t<meta name=\"twitter:data1\" content=\"1 minute\" \/>\n<script type=\"application\/ld+json\" class=\"yoast-schema-graph\">{\"@context\":\"https:\/\/schema.org\",\"@graph\":[{\"@type\":\"WebPage\",\"@id\":\"https:\/\/artotel.com\/fr\/reunir-faire-la-fete\/\",\"url\":\"https:\/\/artotel.com\/fr\/reunir-faire-la-fete\/\",\"name\":\"Unsere inspirierenden Kunstr\u00e4ume in ganz Europa laden zur Begegnung ein | art&#039;otel\",\"isPartOf\":{\"@id\":\"https:\/\/artotel.com\/fr\/#website\"},\"primaryImageOfPage\":{\"@id\":\"https:\/\/artotel.com\/fr\/reunir-faire-la-fete\/#primaryimage\"},\"image\":{\"@id\":\"https:\/\/artotel.com\/fr\/reunir-faire-la-fete\/#primaryimage\"},\"thumbnailUrl\":\"https:\/\/artotel.com\/wp-content\/uploads\/2024\/07\/Foto-94.jpg\",\"datePublished\":\"2022-05-25T15:30:41+00:00\",\"dateModified\":\"2025-07-29T22:56:53+00:00\",\"description\":\"Optimiere Deine n\u00e4chste Veranstaltung und lass Dich von unseren spannenden Kunstr\u00e4umen in modernen europ\u00e4ischen St\u00e4dten inspirieren. Hier kannst Du Deine n\u00e4chste Veranstaltung planen.\",\"breadcrumb\":{\"@id\":\"https:\/\/artotel.com\/fr\/reunir-faire-la-fete\/#breadcrumb\"},\"inLanguage\":\"fr-FR\",\"potentialAction\":[{\"@type\":\"ReadAction\",\"target\":[\"https:\/\/artotel.com\/fr\/reunir-faire-la-fete\/\"]}]},{\"@type\":\"ImageObject\",\"inLanguage\":\"fr-FR\",\"@id\":\"https:\/\/artotel.com\/fr\/reunir-faire-la-fete\/#primaryimage\",\"url\":\"https:\/\/artotel.com\/wp-content\/uploads\/2024\/07\/Foto-94.jpg\",\"contentUrl\":\"https:\/\/artotel.com\/wp-content\/uploads\/2024\/07\/Foto-94.jpg\",\"width\":2000,\"height\":1331,\"caption\":\"a group of attendees stand in the art'otel Amsterdam gallery for an event\"},{\"@type\":\"BreadcrumbList\",\"@id\":\"https:\/\/artotel.com\/fr\/reunir-faire-la-fete\/#breadcrumb\",\"itemListElement\":[{\"@type\":\"ListItem\",\"position\":1,\"name\":\"Home\",\"item\":\"https:\/\/artotel.com\/fr\/\"},{\"@type\":\"ListItem\",\"position\":2,\"name\":\"R\u00e9unir &#038; Faire la F\u00eate\"}]},{\"@type\":\"WebSite\",\"@id\":\"https:\/\/artotel.com\/fr\/#website\",\"url\":\"https:\/\/artotel.com\/fr\/\",\"name\":\"art'otel\",\"description\":\"City centre hotels with a view\",\"potentialAction\":[{\"@type\":\"SearchAction\",\"target\":{\"@type\":\"EntryPoint\",\"urlTemplate\":\"https:\/\/artotel.com\/fr\/?s={search_term_string}\"},\"query-input\":{\"@type\":\"PropertyValueSpecification\",\"valueRequired\":true,\"valueName\":\"search_term_string\"}}],\"inLanguage\":\"fr-FR\"}]}<\/script>\n<!-- \/ Yoast SEO plugin. -->","yoast_head_json":{"title":"Unsere inspirierenden Kunstr\u00e4ume in ganz Europa laden zur Begegnung ein | art&#039;otel","description":"Optimiere Deine n\u00e4chste Veranstaltung und lass Dich von unseren spannenden Kunstr\u00e4umen in modernen europ\u00e4ischen St\u00e4dten inspirieren. Hier kannst Du Deine n\u00e4chste Veranstaltung planen.","robots":{"index":"index","follow":"follow","max-snippet":"max-snippet:-1","max-image-preview":"max-image-preview:large","max-video-preview":"max-video-preview:-1"},"canonical":"https:\/\/artotel.com\/fr\/reunir-faire-la-fete\/","og_locale":"fr_FR","og_type":"article","og_title":"Unsere inspirierenden Kunstr\u00e4ume in ganz Europa laden zur Begegnung ein | art&#039;otel","og_description":"Optimiere Deine n\u00e4chste Veranstaltung und lass Dich von unseren spannenden Kunstr\u00e4umen in modernen europ\u00e4ischen St\u00e4dten inspirieren. Hier kannst Du Deine n\u00e4chste Veranstaltung planen.","og_url":"https:\/\/artotel.com\/fr\/reunir-faire-la-fete\/","og_site_name":"art&#039;otel","article_modified_time":"2025-07-29T22:56:53+00:00","og_image":[{"width":2000,"height":1331,"url":"https:\/\/artotel.com\/wp-content\/uploads\/2024\/07\/Foto-94.jpg","type":"image\/jpeg"}],"twitter_card":"summary_large_image","twitter_misc":{"Dur\u00e9e de lecture estim\u00e9e":"1 minute"},"schema":{"@context":"https:\/\/schema.org","@graph":[{"@type":"WebPage","@id":"https:\/\/artotel.com\/fr\/reunir-faire-la-fete\/","url":"https:\/\/artotel.com\/fr\/reunir-faire-la-fete\/","name":"Unsere inspirierenden Kunstr\u00e4ume in ganz Europa laden zur Begegnung ein | art&#039;otel","isPartOf":{"@id":"https:\/\/artotel.com\/fr\/#website"},"primaryImageOfPage":{"@id":"https:\/\/artotel.com\/fr\/reunir-faire-la-fete\/#primaryimage"},"image":{"@id":"https:\/\/artotel.com\/fr\/reunir-faire-la-fete\/#primaryimage"},"thumbnailUrl":"https:\/\/artotel.com\/wp-content\/uploads\/2024\/07\/Foto-94.jpg","datePublished":"2022-05-25T15:30:41+00:00","dateModified":"2025-07-29T22:56:53+00:00","description":"Optimiere Deine n\u00e4chste Veranstaltung und lass Dich von unseren spannenden Kunstr\u00e4umen in modernen europ\u00e4ischen St\u00e4dten inspirieren. Hier kannst Du Deine n\u00e4chste Veranstaltung planen.","breadcrumb":{"@id":"https:\/\/artotel.com\/fr\/reunir-faire-la-fete\/#breadcrumb"},"inLanguage":"fr-FR","potentialAction":[{"@type":"ReadAction","target":["https:\/\/artotel.com\/fr\/reunir-faire-la-fete\/"]}]},{"@type":"ImageObject","inLanguage":"fr-FR","@id":"https:\/\/artotel.com\/fr\/reunir-faire-la-fete\/#primaryimage","url":"https:\/\/artotel.com\/wp-content\/uploads\/2024\/07\/Foto-94.jpg","contentUrl":"https:\/\/artotel.com\/wp-content\/uploads\/2024\/07\/Foto-94.jpg","width":2000,"height":1331,"caption":"a group of attendees stand in the art'otel Amsterdam gallery for an event"},{"@type":"BreadcrumbList","@id":"https:\/\/artotel.com\/fr\/reunir-faire-la-fete\/#breadcrumb","itemListElement":[{"@type":"ListItem","position":1,"name":"Home","item":"https:\/\/artotel.com\/fr\/"},{"@type":"ListItem","position":2,"name":"R\u00e9unir &#038; Faire la F\u00eate"}]},{"@type":"WebSite","@id":"https:\/\/artotel.com\/fr\/#website","url":"https:\/\/artotel.com\/fr\/","name":"art'otel","description":"City centre hotels with a view","potentialAction":[{"@type":"SearchAction","target":{"@type":"EntryPoint","urlTemplate":"https:\/\/artotel.com\/fr\/?s={search_term_string}"},"query-input":{"@type":"PropertyValueSpecification","valueRequired":true,"valueName":"search_term_string"}}],"inLanguage":"fr-FR"}]}},"_links":{"self":[{"href":"https:\/\/artotel.com\/fr\/wp-json\/wp\/v2\/pages\/3893","targetHints":{"allow":["GET"]}}],"collection":[{"href":"https:\/\/artotel.com\/fr\/wp-json\/wp\/v2\/pages"}],"about":[{"href":"https:\/\/artotel.com\/fr\/wp-json\/wp\/v2\/types\/page"}],"author":[{"embeddable":true,"href":"https:\/\/artotel.com\/fr\/wp-json\/wp\/v2\/users\/1"}],"replies":[{"embeddable":true,"href":"https:\/\/artotel.com\/fr\/wp-json\/wp\/v2\/comments?post=3893"}],"version-history":[{"count":5,"href":"https:\/\/artotel.com\/fr\/wp-json\/wp\/v2\/pages\/3893\/revisions"}],"predecessor-version":[{"id":133726,"href":"https:\/\/artotel.com\/fr\/wp-json\/wp\/v2\/pages\/3893\/revisions\/133726"}],"wp:featuredmedia":[{"embeddable":true,"href":"https:\/\/artotel.com\/fr\/wp-json\/wp\/v2\/media\/18487"}],"wp:attachment":[{"href":"https:\/\/artotel.com\/fr\/wp-json\/wp\/v2\/media?parent=3893"}],"wp:term":[{"taxonomy":"wf_page_folders","embeddable":true,"href":"https:\/\/artotel.com\/fr\/wp-json\/wp\/v2\/wf_page_folders?post=3893"},{"taxonomy":"site","embeddable":true,"href":"https:\/\/artotel.com\/fr\/wp-json\/wp\/v2\/site?post=3893"}],"curies":[{"name":"wp","href":"https:\/\/api.w.org\/{rel}","templated":true}]}}