    {"id":39629,"date":"2025-01-08T00:00:20","date_gmt":"2025-01-07T23:00:20","guid":{"rendered":"https:\/\/artotel-url-restructure.tempurl.host\/hotels\/home\/"},"modified":"2026-03-23T10:14:29","modified_gmt":"2026-03-23T09:14:29","slug":"central-amsterdam","status":"publish","type":"page","link":"https:\/\/artotel.com\/fr\/hotels\/amsterdam\/central-amsterdam\/","title":{"rendered":"Home"},"content":{"rendered":"","protected":false},"excerpt":{"rendered":"","protected":false},"author":29,"featured_media":40134,"parent":134321,"menu_order":0,"comment_status":"closed","ping_status":"closed","template":"","meta":{"_acf_changed":false,"footnotes":""},"wf_page_folders":[109],"site":[108],"class_list":["post-39629","page","type-page","status-publish","has-post-thumbnail","hentry","site-amsterdam"],"acf":[],"yoast_head":"<!-- This site is optimized with the Yoast SEO plugin v24.9 - https:\/\/yoast.com\/wordpress\/plugins\/seo\/ -->\n<title>Home | art&#039;otel<\/title>\n<meta name=\"description\" content=\"Vous cherchez l\u2019inspiration, l\u2019\u00e9vasion et le plaisir ? D\u00e9couvrez notre h\u00f4tel de style de vie inspir\u00e9 par l\u2019art avec un restaurant prim\u00e9 au c\u0153ur d\u2019Amsterdam. En savoir plus et r\u00e9server votre s\u00e9jour.\" \/>\n<meta name=\"robots\" content=\"index, follow, max-snippet:-1, max-image-preview:large, max-video-preview:-1\" \/>\n<link rel=\"canonical\" href=\"https:\/\/artotel.com\/fr\/hotels\/amsterdam\/central-amsterdam\/\" \/>\n<meta property=\"og:locale\" content=\"fr_FR\" \/>\n<meta property=\"og:type\" content=\"article\" \/>\n<meta property=\"og:title\" content=\"Home\" \/>\n<meta property=\"og:description\" content=\"Vous cherchez l\u2019inspiration, l\u2019\u00e9vasion et le plaisir ? D\u00e9couvrez notre h\u00f4tel de style de vie inspir\u00e9 par l\u2019art avec un restaurant prim\u00e9 au c\u0153ur d\u2019Amsterdam. En savoir plus et r\u00e9server votre s\u00e9jour.\" \/>\n<meta property=\"og:url\" content=\"https:\/\/artotel.com\/fr\/hotels\/amsterdam\/central-amsterdam\/\" \/>\n<meta property=\"og:site_name\" content=\"art&#039;otel\" \/>\n<meta property=\"article:modified_time\" content=\"2026-03-23T09:14:29+00:00\" \/>\n<meta property=\"og:image\" content=\"https:\/\/artotel.nl\/wp-content\/uploads\/sites\/9\/2023\/07\/artotel-AMS_1372-1024x665.jpg\" \/>\n<meta name=\"twitter:card\" content=\"summary_large_image\" \/>\n<meta name=\"twitter:title\" content=\"Home\" \/>\n<meta name=\"twitter:description\" content=\"Vous cherchez l\u2019inspiration, l\u2019\u00e9vasion et le plaisir ? D\u00e9couvrez notre h\u00f4tel de style de vie inspir\u00e9 par l\u2019art avec un restaurant prim\u00e9 au c\u0153ur d\u2019Amsterdam. En savoir plus et r\u00e9server votre s\u00e9jour.\" \/>\n<meta name=\"twitter:image\" content=\"https:\/\/artotel.nl\/wp-content\/uploads\/sites\/9\/2023\/07\/artotel-AMS_1372-1024x665.jpg\" \/>\n<meta name=\"twitter:label1\" content=\"Dur\u00e9e de lecture estim\u00e9e\" \/>\n\t<meta name=\"twitter:data1\" content=\"1 minute\" \/>\n<script type=\"application\/ld+json\" class=\"yoast-schema-graph\">{\"@context\":\"https:\/\/schema.org\",\"@graph\":[]}<\/script>\n<!-- \/ Yoast SEO plugin. -->","yoast_head_json":{"title":"Home | art&#039;otel","description":"Vous cherchez l\u2019inspiration, l\u2019\u00e9vasion et le plaisir ? D\u00e9couvrez notre h\u00f4tel de style de vie inspir\u00e9 par l\u2019art avec un restaurant prim\u00e9 au c\u0153ur d\u2019Amsterdam. En savoir plus et r\u00e9server votre s\u00e9jour.","robots":{"index":"index","follow":"follow","max-snippet":"max-snippet:-1","max-image-preview":"max-image-preview:large","max-video-preview":"max-video-preview:-1"},"canonical":"https:\/\/artotel.com\/fr\/hotels\/amsterdam\/central-amsterdam\/","og_locale":"fr_FR","og_type":"article","og_title":"Home","og_description":"Vous cherchez l\u2019inspiration, l\u2019\u00e9vasion et le plaisir ? D\u00e9couvrez notre h\u00f4tel de style de vie inspir\u00e9 par l\u2019art avec un restaurant prim\u00e9 au c\u0153ur d\u2019Amsterdam. En savoir plus et r\u00e9server votre s\u00e9jour.","og_url":"https:\/\/artotel.com\/fr\/hotels\/amsterdam\/central-amsterdam\/","og_site_name":"art&#039;otel","article_modified_time":"2026-03-23T09:14:29+00:00","og_image":[{"url":"https:\/\/artotel.nl\/wp-content\/uploads\/sites\/9\/2023\/07\/artotel-AMS_1372-1024x665.jpg","type":"","width":"","height":""}],"twitter_card":"summary_large_image","twitter_title":"Home","twitter_description":"Vous cherchez l\u2019inspiration, l\u2019\u00e9vasion et le plaisir ? D\u00e9couvrez notre h\u00f4tel de style de vie inspir\u00e9 par l\u2019art avec un restaurant prim\u00e9 au c\u0153ur d\u2019Amsterdam. En savoir plus et r\u00e9server votre s\u00e9jour.","twitter_image":"https:\/\/artotel.nl\/wp-content\/uploads\/sites\/9\/2023\/07\/artotel-AMS_1372-1024x665.jpg","twitter_misc":{"Dur\u00e9e de lecture estim\u00e9e":"1 minute"},"schema":{"@context":"https:\/\/schema.org","@graph":[]}},"_links":{"self":[{"href":"https:\/\/artotel.com\/fr\/wp-json\/wp\/v2\/pages\/39629","targetHints":{"allow":["GET"]}}],"collection":[{"href":"https:\/\/artotel.com\/fr\/wp-json\/wp\/v2\/pages"}],"about":[{"href":"https:\/\/artotel.com\/fr\/wp-json\/wp\/v2\/types\/page"}],"author":[{"embeddable":true,"href":"https:\/\/artotel.com\/fr\/wp-json\/wp\/v2\/users\/29"}],"replies":[{"embeddable":true,"href":"https:\/\/artotel.com\/fr\/wp-json\/wp\/v2\/comments?post=39629"}],"version-history":[{"count":6,"href":"https:\/\/artotel.com\/fr\/wp-json\/wp\/v2\/pages\/39629\/revisions"}],"predecessor-version":[{"id":168698,"href":"https:\/\/artotel.com\/fr\/wp-json\/wp\/v2\/pages\/39629\/revisions\/168698"}],"up":[{"embeddable":true,"href":"https:\/\/artotel.com\/fr\/wp-json\/wp\/v2\/pages\/134321"}],"wp:featuredmedia":[{"embeddable":true,"href":"https:\/\/artotel.com\/fr\/wp-json\/wp\/v2\/media\/40134"}],"wp:attachment":[{"href":"https:\/\/artotel.com\/fr\/wp-json\/wp\/v2\/media?parent=39629"}],"wp:term":[{"taxonomy":"wf_page_folders","embeddable":true,"href":"https:\/\/artotel.com\/fr\/wp-json\/wp\/v2\/wf_page_folders?post=39629"},{"taxonomy":"site","embeddable":true,"href":"https:\/\/artotel.com\/fr\/wp-json\/wp\/v2\/site?post=39629"}],"curies":[{"name":"wp","href":"https:\/\/api.w.org\/{rel}","templated":true}]}}