    {"id":43490,"date":"2024-09-03T16:08:44","date_gmt":"2024-09-03T14:08:44","guid":{"rendered":"https:\/\/artotel-url-restructure.tempurl.host\/hotels\/amsterdam\/reunions-et-evenements-espaces\/"},"modified":"2025-07-30T19:45:45","modified_gmt":"2025-07-30T17:45:45","slug":"reunions-et-evenements-espaces","status":"publish","type":"page","link":"https:\/\/artotel.com\/fr\/hotels\/amsterdam\/central-amsterdam\/reunions-et-evenements-espaces\/","title":{"rendered":"R\u00e9unions et \u00e9v\u00e9nements Espaces"},"content":{"rendered":"","protected":false},"excerpt":{"rendered":"","protected":false},"author":29,"featured_media":0,"parent":39629,"menu_order":0,"comment_status":"closed","ping_status":"closed","template":"","meta":{"_acf_changed":false,"footnotes":""},"wf_page_folders":[109],"site":[108],"class_list":["post-43490","page","type-page","status-publish","hentry","site-amsterdam"],"acf":[],"yoast_head":"<!-- This site is optimized with the Yoast SEO plugin v24.9 - https:\/\/yoast.com\/wordpress\/plugins\/seo\/ -->\n<title>R\u00e9unions et \u00e9v\u00e9nements Espaces | art&#039;otel<\/title>\n<meta name=\"description\" content=\"D\u00e9couvrez les espaces \u00e9v\u00e9nementiels les plus cr\u00e9atifs, y compris une galerie d\u2019art dans le centre d\u2019Amsterdam. D\u00e9couvrez notre gamme d\u2019espaces inspirants ici.\" \/>\n<meta name=\"robots\" content=\"index, follow, max-snippet:-1, max-image-preview:large, max-video-preview:-1\" \/>\n<link rel=\"canonical\" href=\"https:\/\/artotel.com\/fr\/hotels\/amsterdam\/central-amsterdam\/reunions-et-evenements-espaces\/\" \/>\n<meta property=\"og:locale\" content=\"fr_FR\" \/>\n<meta property=\"og:type\" content=\"article\" \/>\n<meta property=\"og:title\" content=\"Lieux les plus cr\u00e9atifs \u00e0 Amsterdam\" \/>\n<meta property=\"og:description\" content=\"D\u00e9couvrez les espaces \u00e9v\u00e9nementiels les plus cr\u00e9atifs, y compris une galerie d\u2019art dans le centre d\u2019Amsterdam. D\u00e9couvrez notre gamme d\u2019espaces inspirants ici.\" \/>\n<meta property=\"og:url\" content=\"https:\/\/artotel.com\/fr\/hotels\/amsterdam\/central-amsterdam\/reunions-et-evenements-espaces\/\" \/>\n<meta property=\"og:site_name\" content=\"art&#039;otel\" \/>\n<meta property=\"article:modified_time\" content=\"2025-07-30T17:45:45+00:00\" \/>\n<meta property=\"og:image\" content=\"https:\/\/artotel.com\/wp-content\/uploads\/2024\/07\/Arjan-Spannenburg-Art-1.jpg\" \/>\n\t<meta property=\"og:image:width\" content=\"1024\" \/>\n\t<meta property=\"og:image:height\" content=\"683\" \/>\n\t<meta property=\"og:image:type\" content=\"image\/jpeg\" \/>\n<meta name=\"twitter:card\" content=\"summary_large_image\" \/>\n<meta name=\"twitter:title\" content=\"Lieux les plus cr\u00e9atifs \u00e0 Amsterdam\" \/>\n<meta name=\"twitter:description\" content=\"D\u00e9couvrez les espaces \u00e9v\u00e9nementiels les plus cr\u00e9atifs, y compris une galerie d\u2019art dans le centre d\u2019Amsterdam. D\u00e9couvrez notre gamme d\u2019espaces inspirants ici.\" \/>\n<meta name=\"twitter:image\" content=\"https:\/\/artotel.com\/wp-content\/uploads\/2024\/07\/Arjan-Spannenburg-Art-1.jpg\" \/>\n<script type=\"application\/ld+json\" class=\"yoast-schema-graph\">{\"@context\":\"https:\/\/schema.org\",\"@graph\":[]}<\/script>\n<!-- \/ Yoast SEO plugin. -->","yoast_head_json":{"title":"R\u00e9unions et \u00e9v\u00e9nements Espaces | art&#039;otel","description":"D\u00e9couvrez les espaces \u00e9v\u00e9nementiels les plus cr\u00e9atifs, y compris une galerie d\u2019art dans le centre d\u2019Amsterdam. D\u00e9couvrez notre gamme d\u2019espaces inspirants ici.","robots":{"index":"index","follow":"follow","max-snippet":"max-snippet:-1","max-image-preview":"max-image-preview:large","max-video-preview":"max-video-preview:-1"},"canonical":"https:\/\/artotel.com\/fr\/hotels\/amsterdam\/central-amsterdam\/reunions-et-evenements-espaces\/","og_locale":"fr_FR","og_type":"article","og_title":"Lieux les plus cr\u00e9atifs \u00e0 Amsterdam","og_description":"D\u00e9couvrez les espaces \u00e9v\u00e9nementiels les plus cr\u00e9atifs, y compris une galerie d\u2019art dans le centre d\u2019Amsterdam. D\u00e9couvrez notre gamme d\u2019espaces inspirants ici.","og_url":"https:\/\/artotel.com\/fr\/hotels\/amsterdam\/central-amsterdam\/reunions-et-evenements-espaces\/","og_site_name":"art&#039;otel","article_modified_time":"2025-07-30T17:45:45+00:00","og_image":[{"width":1024,"height":683,"url":"https:\/\/artotel.com\/wp-content\/uploads\/2024\/07\/Arjan-Spannenburg-Art-1.jpg","type":"image\/jpeg"}],"twitter_card":"summary_large_image","twitter_title":"Lieux les plus cr\u00e9atifs \u00e0 Amsterdam","twitter_description":"D\u00e9couvrez les espaces \u00e9v\u00e9nementiels les plus cr\u00e9atifs, y compris une galerie d\u2019art dans le centre d\u2019Amsterdam. D\u00e9couvrez notre gamme d\u2019espaces inspirants ici.","twitter_image":"https:\/\/artotel.com\/wp-content\/uploads\/2024\/07\/Arjan-Spannenburg-Art-1.jpg","schema":{"@context":"https:\/\/schema.org","@graph":[]}},"_links":{"self":[{"href":"https:\/\/artotel.com\/fr\/wp-json\/wp\/v2\/pages\/43490","targetHints":{"allow":["GET"]}}],"collection":[{"href":"https:\/\/artotel.com\/fr\/wp-json\/wp\/v2\/pages"}],"about":[{"href":"https:\/\/artotel.com\/fr\/wp-json\/wp\/v2\/types\/page"}],"author":[{"embeddable":true,"href":"https:\/\/artotel.com\/fr\/wp-json\/wp\/v2\/users\/29"}],"replies":[{"embeddable":true,"href":"https:\/\/artotel.com\/fr\/wp-json\/wp\/v2\/comments?post=43490"}],"version-history":[{"count":2,"href":"https:\/\/artotel.com\/fr\/wp-json\/wp\/v2\/pages\/43490\/revisions"}],"predecessor-version":[{"id":134099,"href":"https:\/\/artotel.com\/fr\/wp-json\/wp\/v2\/pages\/43490\/revisions\/134099"}],"up":[{"embeddable":true,"href":"https:\/\/artotel.com\/fr\/wp-json\/wp\/v2\/pages\/39629"}],"wp:attachment":[{"href":"https:\/\/artotel.com\/fr\/wp-json\/wp\/v2\/media?parent=43490"}],"wp:term":[{"taxonomy":"wf_page_folders","embeddable":true,"href":"https:\/\/artotel.com\/fr\/wp-json\/wp\/v2\/wf_page_folders?post=43490"},{"taxonomy":"site","embeddable":true,"href":"https:\/\/artotel.com\/fr\/wp-json\/wp\/v2\/site?post=43490"}],"curies":[{"name":"wp","href":"https:\/\/api.w.org\/{rel}","templated":true}]}}