    {"id":43874,"date":"2024-09-03T16:08:41","date_gmt":"2024-09-03T14:08:41","guid":{"rendered":"https:\/\/artotel-url-restructure.tempurl.host\/hotels\/amsterdam\/reunions-et-evenements\/"},"modified":"2026-01-05T11:14:45","modified_gmt":"2026-01-05T10:14:45","slug":"reunions-et-evenements","status":"publish","type":"page","link":"https:\/\/artotel.com\/fr\/hotels\/amsterdam\/central-amsterdam\/reunions-et-evenements\/","title":{"rendered":"R\u00e9unions et \u00e9v\u00e9nements"},"content":{"rendered":"","protected":false},"excerpt":{"rendered":"","protected":false},"author":29,"featured_media":0,"parent":39629,"menu_order":0,"comment_status":"closed","ping_status":"closed","template":"","meta":{"_acf_changed":false,"footnotes":""},"wf_page_folders":[109],"site":[108],"class_list":["post-43874","page","type-page","status-publish","hentry","site-amsterdam"],"acf":[],"yoast_head":"<!-- This site is optimized with the Yoast SEO plugin v24.9 - https:\/\/yoast.com\/wordpress\/plugins\/seo\/ -->\n<title>R\u00e9unions et \u00e9v\u00e9nements | art&#039;otel<\/title>\n<meta name=\"description\" content=\"D\u00e9couvrez les espaces \u00e9v\u00e9nementiels les plus cr\u00e9atifs, dont une v\u00e9ritable galerie d&#039;art, au c\u0153ur d&#039;Amsterdam. D\u00e9couvrez notre s\u00e9lection d&#039;espaces inspirants ici.\" \/>\n<meta name=\"robots\" content=\"index, follow, max-snippet:-1, max-image-preview:large, max-video-preview:-1\" \/>\n<link rel=\"canonical\" href=\"https:\/\/artotel.com\/fr\/hotels\/amsterdam\/central-amsterdam\/reunions-et-evenements\/\" \/>\n<meta property=\"og:locale\" content=\"fr_FR\" \/>\n<meta property=\"og:type\" content=\"article\" \/>\n<meta property=\"og:title\" content=\"Rencontrez et c\u00e9l\u00e9brez votre prochain \u00e9v\u00e9nement avec nous | art&#039;otel Amsterdam\" \/>\n<meta property=\"og:description\" content=\"D\u00e9couvrez les espaces \u00e9v\u00e9nementiels les plus cr\u00e9atifs, dont une v\u00e9ritable galerie d&#039;art, au c\u0153ur d&#039;Amsterdam. D\u00e9couvrez notre s\u00e9lection d&#039;espaces inspirants ici.\" \/>\n<meta property=\"og:url\" content=\"https:\/\/artotel.com\/fr\/hotels\/amsterdam\/central-amsterdam\/reunions-et-evenements\/\" \/>\n<meta property=\"og:site_name\" content=\"art&#039;otel\" \/>\n<meta property=\"article:modified_time\" content=\"2026-01-05T10:14:45+00:00\" \/>\n<meta property=\"og:image\" content=\"https:\/\/artotel.com\/wp-content\/uploads\/2024\/07\/Arjan-Spannenburg-Art-3-scaled.jpg\" \/>\n\t<meta property=\"og:image:width\" content=\"1707\" \/>\n\t<meta property=\"og:image:height\" content=\"2560\" \/>\n\t<meta property=\"og:image:type\" content=\"image\/jpeg\" \/>\n<meta name=\"twitter:card\" content=\"summary_large_image\" \/>\n<meta name=\"twitter:title\" content=\"Rencontrez et c\u00e9l\u00e9brez votre prochain \u00e9v\u00e9nement avec nous | art&#039;otel Amsterdam\" \/>\n<meta name=\"twitter:description\" content=\"D\u00e9couvrez les espaces \u00e9v\u00e9nementiels les plus cr\u00e9atifs, dont une v\u00e9ritable galerie d&#039;art, au c\u0153ur d&#039;Amsterdam. D\u00e9couvrez notre s\u00e9lection d&#039;espaces inspirants ici.\" \/>\n<meta name=\"twitter:image\" content=\"https:\/\/artotel.com\/wp-content\/uploads\/2024\/07\/Arjan-Spannenburg-Art-3-scaled.jpg\" \/>\n<script type=\"application\/ld+json\" class=\"yoast-schema-graph\">{\"@context\":\"https:\/\/schema.org\",\"@graph\":[{\"@type\":\"WebPage\",\"@id\":\"https:\/\/artotel.com\/fr\/hotels\/amsterdam\/central-amsterdam\/reunions-et-evenements\/\",\"url\":\"https:\/\/artotel.com\/fr\/hotels\/amsterdam\/central-amsterdam\/reunions-et-evenements\/\",\"name\":\"R\u00e9unions et \u00e9v\u00e9nements | art&#039;otel\",\"isPartOf\":{\"@id\":\"https:\/\/artotel.com\/fr\/#website\"},\"datePublished\":\"2024-09-03T14:08:41+00:00\",\"dateModified\":\"2026-01-05T10:14:45+00:00\",\"description\":\"D\u00e9couvrez les espaces \u00e9v\u00e9nementiels les plus cr\u00e9atifs, dont une v\u00e9ritable galerie d'art, au c\u0153ur d'Amsterdam. D\u00e9couvrez notre s\u00e9lection d'espaces inspirants ici.\",\"breadcrumb\":{\"@id\":\"https:\/\/artotel.com\/fr\/hotels\/amsterdam\/central-amsterdam\/reunions-et-evenements\/#breadcrumb\"},\"inLanguage\":\"fr-FR\",\"potentialAction\":[{\"@type\":\"ReadAction\",\"target\":[\"https:\/\/artotel.com\/fr\/hotels\/amsterdam\/central-amsterdam\/reunions-et-evenements\/\"]}]},{\"@type\":\"BreadcrumbList\",\"@id\":\"https:\/\/artotel.com\/fr\/hotels\/amsterdam\/central-amsterdam\/reunions-et-evenements\/#breadcrumb\",\"itemListElement\":[{\"@type\":\"ListItem\",\"position\":1,\"name\":\"Home\",\"item\":\"https:\/\/artotel.com\/fr\/\"},{\"@type\":\"ListItem\",\"position\":2,\"name\":\"Mall\",\"item\":\"https:\/\/artotel.com\/en\/blog\/site\/mall\/\"},{\"@type\":\"ListItem\",\"position\":3,\"name\":\"Hotels\",\"item\":\"https:\/\/artotel.com\/fr\/hotels\/\"},{\"@type\":\"ListItem\",\"position\":4,\"name\":\"Amsterdam\",\"item\":\"https:\/\/artotel.com\/fr\/hotels\/amsterdam\/\"},{\"@type\":\"ListItem\",\"position\":5,\"name\":\"Home\",\"item\":\"https:\/\/artotel.com\/fr\/hotels\/amsterdam\/central-amsterdam\/\"},{\"@type\":\"ListItem\",\"position\":6,\"name\":\"R\u00e9unions et \u00e9v\u00e9nements\"}]},{\"@type\":\"WebSite\",\"@id\":\"https:\/\/artotel.com\/fr\/#website\",\"url\":\"https:\/\/artotel.com\/fr\/\",\"name\":\"art'otel\",\"description\":\"City centre hotels with a view\",\"potentialAction\":[{\"@type\":\"SearchAction\",\"target\":{\"@type\":\"EntryPoint\",\"urlTemplate\":\"https:\/\/artotel.com\/fr\/?s={search_term_string}\"},\"query-input\":{\"@type\":\"PropertyValueSpecification\",\"valueRequired\":true,\"valueName\":\"search_term_string\"}}],\"inLanguage\":\"fr-FR\"}]}<\/script>\n<!-- \/ Yoast SEO plugin. -->","yoast_head_json":{"title":"R\u00e9unions et \u00e9v\u00e9nements | art&#039;otel","description":"D\u00e9couvrez les espaces \u00e9v\u00e9nementiels les plus cr\u00e9atifs, dont une v\u00e9ritable galerie d'art, au c\u0153ur d'Amsterdam. D\u00e9couvrez notre s\u00e9lection d'espaces inspirants ici.","robots":{"index":"index","follow":"follow","max-snippet":"max-snippet:-1","max-image-preview":"max-image-preview:large","max-video-preview":"max-video-preview:-1"},"canonical":"https:\/\/artotel.com\/fr\/hotels\/amsterdam\/central-amsterdam\/reunions-et-evenements\/","og_locale":"fr_FR","og_type":"article","og_title":"Rencontrez et c\u00e9l\u00e9brez votre prochain \u00e9v\u00e9nement avec nous | art'otel Amsterdam","og_description":"D\u00e9couvrez les espaces \u00e9v\u00e9nementiels les plus cr\u00e9atifs, dont une v\u00e9ritable galerie d'art, au c\u0153ur d'Amsterdam. D\u00e9couvrez notre s\u00e9lection d'espaces inspirants ici.","og_url":"https:\/\/artotel.com\/fr\/hotels\/amsterdam\/central-amsterdam\/reunions-et-evenements\/","og_site_name":"art&#039;otel","article_modified_time":"2026-01-05T10:14:45+00:00","og_image":[{"width":1707,"height":2560,"url":"https:\/\/artotel.com\/wp-content\/uploads\/2024\/07\/Arjan-Spannenburg-Art-3-scaled.jpg","type":"image\/jpeg"}],"twitter_card":"summary_large_image","twitter_title":"Rencontrez et c\u00e9l\u00e9brez votre prochain \u00e9v\u00e9nement avec nous | art'otel Amsterdam","twitter_description":"D\u00e9couvrez les espaces \u00e9v\u00e9nementiels les plus cr\u00e9atifs, dont une v\u00e9ritable galerie d'art, au c\u0153ur d'Amsterdam. D\u00e9couvrez notre s\u00e9lection d'espaces inspirants ici.","twitter_image":"https:\/\/artotel.com\/wp-content\/uploads\/2024\/07\/Arjan-Spannenburg-Art-3-scaled.jpg","schema":{"@context":"https:\/\/schema.org","@graph":[{"@type":"WebPage","@id":"https:\/\/artotel.com\/fr\/hotels\/amsterdam\/central-amsterdam\/reunions-et-evenements\/","url":"https:\/\/artotel.com\/fr\/hotels\/amsterdam\/central-amsterdam\/reunions-et-evenements\/","name":"R\u00e9unions et \u00e9v\u00e9nements | art&#039;otel","isPartOf":{"@id":"https:\/\/artotel.com\/fr\/#website"},"datePublished":"2024-09-03T14:08:41+00:00","dateModified":"2026-01-05T10:14:45+00:00","description":"D\u00e9couvrez les espaces \u00e9v\u00e9nementiels les plus cr\u00e9atifs, dont une v\u00e9ritable galerie d'art, au c\u0153ur d'Amsterdam. D\u00e9couvrez notre s\u00e9lection d'espaces inspirants ici.","breadcrumb":{"@id":"https:\/\/artotel.com\/fr\/hotels\/amsterdam\/central-amsterdam\/reunions-et-evenements\/#breadcrumb"},"inLanguage":"fr-FR","potentialAction":[{"@type":"ReadAction","target":["https:\/\/artotel.com\/fr\/hotels\/amsterdam\/central-amsterdam\/reunions-et-evenements\/"]}]},{"@type":"BreadcrumbList","@id":"https:\/\/artotel.com\/fr\/hotels\/amsterdam\/central-amsterdam\/reunions-et-evenements\/#breadcrumb","itemListElement":[{"@type":"ListItem","position":1,"name":"Home","item":"https:\/\/artotel.com\/fr\/"},{"@type":"ListItem","position":2,"name":"Mall","item":"https:\/\/artotel.com\/en\/blog\/site\/mall\/"},{"@type":"ListItem","position":3,"name":"Hotels","item":"https:\/\/artotel.com\/fr\/hotels\/"},{"@type":"ListItem","position":4,"name":"Amsterdam","item":"https:\/\/artotel.com\/fr\/hotels\/amsterdam\/"},{"@type":"ListItem","position":5,"name":"Home","item":"https:\/\/artotel.com\/fr\/hotels\/amsterdam\/central-amsterdam\/"},{"@type":"ListItem","position":6,"name":"R\u00e9unions et \u00e9v\u00e9nements"}]},{"@type":"WebSite","@id":"https:\/\/artotel.com\/fr\/#website","url":"https:\/\/artotel.com\/fr\/","name":"art'otel","description":"City centre hotels with a view","potentialAction":[{"@type":"SearchAction","target":{"@type":"EntryPoint","urlTemplate":"https:\/\/artotel.com\/fr\/?s={search_term_string}"},"query-input":{"@type":"PropertyValueSpecification","valueRequired":true,"valueName":"search_term_string"}}],"inLanguage":"fr-FR"}]}},"_links":{"self":[{"href":"https:\/\/artotel.com\/fr\/wp-json\/wp\/v2\/pages\/43874","targetHints":{"allow":["GET"]}}],"collection":[{"href":"https:\/\/artotel.com\/fr\/wp-json\/wp\/v2\/pages"}],"about":[{"href":"https:\/\/artotel.com\/fr\/wp-json\/wp\/v2\/types\/page"}],"author":[{"embeddable":true,"href":"https:\/\/artotel.com\/fr\/wp-json\/wp\/v2\/users\/29"}],"replies":[{"embeddable":true,"href":"https:\/\/artotel.com\/fr\/wp-json\/wp\/v2\/comments?post=43874"}],"version-history":[{"count":3,"href":"https:\/\/artotel.com\/fr\/wp-json\/wp\/v2\/pages\/43874\/revisions"}],"predecessor-version":[{"id":161576,"href":"https:\/\/artotel.com\/fr\/wp-json\/wp\/v2\/pages\/43874\/revisions\/161576"}],"up":[{"embeddable":true,"href":"https:\/\/artotel.com\/fr\/wp-json\/wp\/v2\/pages\/39629"}],"wp:attachment":[{"href":"https:\/\/artotel.com\/fr\/wp-json\/wp\/v2\/media?parent=43874"}],"wp:term":[{"taxonomy":"wf_page_folders","embeddable":true,"href":"https:\/\/artotel.com\/fr\/wp-json\/wp\/v2\/wf_page_folders?post=43874"},{"taxonomy":"site","embeddable":true,"href":"https:\/\/artotel.com\/fr\/wp-json\/wp\/v2\/site?post=43874"}],"curies":[{"name":"wp","href":"https:\/\/api.w.org\/{rel}","templated":true}]}}