    {"id":44157,"date":"2024-09-02T14:13:15","date_gmt":"2024-09-02T12:13:15","guid":{"rendered":"https:\/\/artotel-url-restructure.tempurl.host\/hotels\/amsterdam\/faq-2\/"},"modified":"2025-11-27T13:01:29","modified_gmt":"2025-11-27T12:01:29","slug":"faq","status":"publish","type":"page","link":"https:\/\/artotel.com\/fr\/hotels\/amsterdam\/central-amsterdam\/faq\/","title":{"rendered":"FAQ"},"content":{"rendered":"","protected":false},"excerpt":{"rendered":"","protected":false},"author":29,"featured_media":0,"parent":39629,"menu_order":0,"comment_status":"closed","ping_status":"closed","template":"","meta":{"_acf_changed":false,"footnotes":""},"wf_page_folders":[109],"site":[108],"class_list":["post-44157","page","type-page","status-publish","hentry","site-amsterdam"],"acf":[],"yoast_head":"<!-- This site is optimized with the Yoast SEO plugin v24.9 - https:\/\/yoast.com\/wordpress\/plugins\/seo\/ -->\n<title>FAQ | art&#039;otel<\/title>\n<meta name=\"description\" content=\"Vous avez une question concernant votre s\u00e9jour chez nous\u00a0? Vous trouverez peut-\u00eatre la r\u00e9ponse dans notre FAQ. Pour en savoir plus, cliquez ici.\" \/>\n<meta name=\"robots\" content=\"index, follow, max-snippet:-1, max-image-preview:large, max-video-preview:-1\" \/>\n<link rel=\"canonical\" href=\"https:\/\/artotel.com\/fr\/hotels\/amsterdam\/central-amsterdam\/faq\/\" \/>\n<meta property=\"og:locale\" content=\"fr_FR\" \/>\n<meta property=\"og:type\" content=\"article\" \/>\n<meta property=\"og:title\" content=\"Trouvez les r\u00e9ponses \u00e0 vos questions | FAQ | art&#039;otel Amsterdam\" \/>\n<meta property=\"og:description\" content=\"Vous avez une question concernant votre s\u00e9jour chez nous\u00a0? Vous trouverez peut-\u00eatre la r\u00e9ponse dans notre FAQ. Pour en savoir plus, cliquez ici.\" \/>\n<meta property=\"og:url\" content=\"https:\/\/artotel.com\/fr\/hotels\/amsterdam\/central-amsterdam\/faq\/\" \/>\n<meta property=\"og:site_name\" content=\"art&#039;otel\" \/>\n<meta property=\"article:modified_time\" content=\"2025-11-27T12:01:29+00:00\" \/>\n<meta property=\"og:image\" content=\"https:\/\/artotel.com\/wp-content\/uploads\/2025\/07\/2025-ARO-artotelrome-MasterpieceSuite-6-1-scaled.jpg\" \/>\n\t<meta property=\"og:image:width\" content=\"2560\" \/>\n\t<meta property=\"og:image:height\" content=\"1706\" \/>\n\t<meta property=\"og:image:type\" content=\"image\/jpeg\" \/>\n<meta name=\"twitter:card\" content=\"summary_large_image\" \/>\n<meta name=\"twitter:title\" content=\"Trouvez les r\u00e9ponses \u00e0 vos questions | FAQ | art&#039;otel Amsterdam\" \/>\n<meta name=\"twitter:description\" content=\"Vous avez une question concernant votre s\u00e9jour chez nous\u00a0? Vous trouverez peut-\u00eatre la r\u00e9ponse dans notre FAQ. Pour en savoir plus, cliquez ici.\" \/>\n<script type=\"application\/ld+json\" class=\"yoast-schema-graph\">{\"@context\":\"https:\/\/schema.org\",\"@graph\":[{\"@type\":\"WebPage\",\"@id\":\"https:\/\/artotel.com\/fr\/hotels\/amsterdam\/central-amsterdam\/faq\/\",\"url\":\"https:\/\/artotel.com\/fr\/hotels\/amsterdam\/central-amsterdam\/faq\/\",\"name\":\"FAQ | art&#039;otel\",\"isPartOf\":{\"@id\":\"https:\/\/artotel.com\/fr\/#website\"},\"datePublished\":\"2024-09-02T12:13:15+00:00\",\"dateModified\":\"2025-11-27T12:01:29+00:00\",\"description\":\"Vous avez une question concernant votre s\u00e9jour chez nous\u00a0? Vous trouverez peut-\u00eatre la r\u00e9ponse dans notre FAQ. Pour en savoir plus, cliquez ici.\",\"breadcrumb\":{\"@id\":\"https:\/\/artotel.com\/fr\/hotels\/amsterdam\/central-amsterdam\/faq\/#breadcrumb\"},\"inLanguage\":\"fr-FR\",\"potentialAction\":[{\"@type\":\"ReadAction\",\"target\":[\"https:\/\/artotel.com\/fr\/hotels\/amsterdam\/central-amsterdam\/faq\/\"]}]},{\"@type\":\"BreadcrumbList\",\"@id\":\"https:\/\/artotel.com\/fr\/hotels\/amsterdam\/central-amsterdam\/faq\/#breadcrumb\",\"itemListElement\":[{\"@type\":\"ListItem\",\"position\":1,\"name\":\"Home\",\"item\":\"https:\/\/artotel.com\/fr\/\"},{\"@type\":\"ListItem\",\"position\":2,\"name\":\"Mall\",\"item\":\"https:\/\/artotel.com\/en\/blog\/site\/mall\/\"},{\"@type\":\"ListItem\",\"position\":3,\"name\":\"Hotels\",\"item\":\"https:\/\/artotel.com\/fr\/hotels\/\"},{\"@type\":\"ListItem\",\"position\":4,\"name\":\"Amsterdam\",\"item\":\"https:\/\/artotel.com\/fr\/hotels\/amsterdam\/\"},{\"@type\":\"ListItem\",\"position\":5,\"name\":\"Home\",\"item\":\"https:\/\/artotel.com\/fr\/hotels\/amsterdam\/central-amsterdam\/\"},{\"@type\":\"ListItem\",\"position\":6,\"name\":\"FAQ\"}]},{\"@type\":\"WebSite\",\"@id\":\"https:\/\/artotel.com\/fr\/#website\",\"url\":\"https:\/\/artotel.com\/fr\/\",\"name\":\"art'otel\",\"description\":\"City centre hotels with a view\",\"potentialAction\":[{\"@type\":\"SearchAction\",\"target\":{\"@type\":\"EntryPoint\",\"urlTemplate\":\"https:\/\/artotel.com\/fr\/?s={search_term_string}\"},\"query-input\":{\"@type\":\"PropertyValueSpecification\",\"valueRequired\":true,\"valueName\":\"search_term_string\"}}],\"inLanguage\":\"fr-FR\"}]}<\/script>\n<!-- \/ Yoast SEO plugin. -->","yoast_head_json":{"title":"FAQ | art&#039;otel","description":"Vous avez une question concernant votre s\u00e9jour chez nous\u00a0? Vous trouverez peut-\u00eatre la r\u00e9ponse dans notre FAQ. Pour en savoir plus, cliquez ici.","robots":{"index":"index","follow":"follow","max-snippet":"max-snippet:-1","max-image-preview":"max-image-preview:large","max-video-preview":"max-video-preview:-1"},"canonical":"https:\/\/artotel.com\/fr\/hotels\/amsterdam\/central-amsterdam\/faq\/","og_locale":"fr_FR","og_type":"article","og_title":"Trouvez les r\u00e9ponses \u00e0 vos questions | FAQ | art'otel Amsterdam","og_description":"Vous avez une question concernant votre s\u00e9jour chez nous\u00a0? Vous trouverez peut-\u00eatre la r\u00e9ponse dans notre FAQ. Pour en savoir plus, cliquez ici.","og_url":"https:\/\/artotel.com\/fr\/hotels\/amsterdam\/central-amsterdam\/faq\/","og_site_name":"art&#039;otel","article_modified_time":"2025-11-27T12:01:29+00:00","og_image":[{"width":2560,"height":1706,"url":"https:\/\/artotel.com\/wp-content\/uploads\/2025\/07\/2025-ARO-artotelrome-MasterpieceSuite-6-1-scaled.jpg","type":"image\/jpeg"}],"twitter_card":"summary_large_image","twitter_title":"Trouvez les r\u00e9ponses \u00e0 vos questions | FAQ | art'otel Amsterdam","twitter_description":"Vous avez une question concernant votre s\u00e9jour chez nous\u00a0? Vous trouverez peut-\u00eatre la r\u00e9ponse dans notre FAQ. Pour en savoir plus, cliquez ici.","schema":{"@context":"https:\/\/schema.org","@graph":[{"@type":"WebPage","@id":"https:\/\/artotel.com\/fr\/hotels\/amsterdam\/central-amsterdam\/faq\/","url":"https:\/\/artotel.com\/fr\/hotels\/amsterdam\/central-amsterdam\/faq\/","name":"FAQ | art&#039;otel","isPartOf":{"@id":"https:\/\/artotel.com\/fr\/#website"},"datePublished":"2024-09-02T12:13:15+00:00","dateModified":"2025-11-27T12:01:29+00:00","description":"Vous avez une question concernant votre s\u00e9jour chez nous\u00a0? Vous trouverez peut-\u00eatre la r\u00e9ponse dans notre FAQ. Pour en savoir plus, cliquez ici.","breadcrumb":{"@id":"https:\/\/artotel.com\/fr\/hotels\/amsterdam\/central-amsterdam\/faq\/#breadcrumb"},"inLanguage":"fr-FR","potentialAction":[{"@type":"ReadAction","target":["https:\/\/artotel.com\/fr\/hotels\/amsterdam\/central-amsterdam\/faq\/"]}]},{"@type":"BreadcrumbList","@id":"https:\/\/artotel.com\/fr\/hotels\/amsterdam\/central-amsterdam\/faq\/#breadcrumb","itemListElement":[{"@type":"ListItem","position":1,"name":"Home","item":"https:\/\/artotel.com\/fr\/"},{"@type":"ListItem","position":2,"name":"Mall","item":"https:\/\/artotel.com\/en\/blog\/site\/mall\/"},{"@type":"ListItem","position":3,"name":"Hotels","item":"https:\/\/artotel.com\/fr\/hotels\/"},{"@type":"ListItem","position":4,"name":"Amsterdam","item":"https:\/\/artotel.com\/fr\/hotels\/amsterdam\/"},{"@type":"ListItem","position":5,"name":"Home","item":"https:\/\/artotel.com\/fr\/hotels\/amsterdam\/central-amsterdam\/"},{"@type":"ListItem","position":6,"name":"FAQ"}]},{"@type":"WebSite","@id":"https:\/\/artotel.com\/fr\/#website","url":"https:\/\/artotel.com\/fr\/","name":"art'otel","description":"City centre hotels with a view","potentialAction":[{"@type":"SearchAction","target":{"@type":"EntryPoint","urlTemplate":"https:\/\/artotel.com\/fr\/?s={search_term_string}"},"query-input":{"@type":"PropertyValueSpecification","valueRequired":true,"valueName":"search_term_string"}}],"inLanguage":"fr-FR"}]}},"_links":{"self":[{"href":"https:\/\/artotel.com\/fr\/wp-json\/wp\/v2\/pages\/44157","targetHints":{"allow":["GET"]}}],"collection":[{"href":"https:\/\/artotel.com\/fr\/wp-json\/wp\/v2\/pages"}],"about":[{"href":"https:\/\/artotel.com\/fr\/wp-json\/wp\/v2\/types\/page"}],"author":[{"embeddable":true,"href":"https:\/\/artotel.com\/fr\/wp-json\/wp\/v2\/users\/29"}],"replies":[{"embeddable":true,"href":"https:\/\/artotel.com\/fr\/wp-json\/wp\/v2\/comments?post=44157"}],"version-history":[{"count":3,"href":"https:\/\/artotel.com\/fr\/wp-json\/wp\/v2\/pages\/44157\/revisions"}],"predecessor-version":[{"id":159158,"href":"https:\/\/artotel.com\/fr\/wp-json\/wp\/v2\/pages\/44157\/revisions\/159158"}],"up":[{"embeddable":true,"href":"https:\/\/artotel.com\/fr\/wp-json\/wp\/v2\/pages\/39629"}],"wp:attachment":[{"href":"https:\/\/artotel.com\/fr\/wp-json\/wp\/v2\/media?parent=44157"}],"wp:term":[{"taxonomy":"wf_page_folders","embeddable":true,"href":"https:\/\/artotel.com\/fr\/wp-json\/wp\/v2\/wf_page_folders?post=44157"},{"taxonomy":"site","embeddable":true,"href":"https:\/\/artotel.com\/fr\/wp-json\/wp\/v2\/site?post=44157"}],"curies":[{"name":"wp","href":"https:\/\/api.w.org\/{rel}","templated":true}]}}