    {"id":44188,"date":"2024-08-19T14:53:10","date_gmt":"2024-08-19T12:53:10","guid":{"rendered":"https:\/\/artotel-url-restructure.tempurl.host\/hotels\/amsterdam\/formulaire-de-contact-pour-les-evenements-sociaux\/"},"modified":"2025-07-07T15:28:51","modified_gmt":"2025-07-07T13:28:51","slug":"formulaire-de-contact-pour-les-evenements-sociaux","status":"publish","type":"page","link":"https:\/\/artotel.com\/fr\/hotels\/amsterdam\/central-amsterdam\/formulaire-de-contact-pour-les-evenements-sociaux\/","title":{"rendered":"Formulaire de contact pour les \u00e9v\u00e9nements sociaux"},"content":{"rendered":"","protected":false},"excerpt":{"rendered":"","protected":false},"author":29,"featured_media":0,"parent":39629,"menu_order":0,"comment_status":"closed","ping_status":"closed","template":"","meta":{"_acf_changed":false,"footnotes":""},"wf_page_folders":[109],"site":[108],"class_list":["post-44188","page","type-page","status-publish","hentry","site-amsterdam"],"acf":[],"yoast_head":"<!-- This site is optimized with the Yoast SEO plugin v24.9 - https:\/\/yoast.com\/wordpress\/plugins\/seo\/ -->\n<title>Formulaire de contact pour les \u00e9v\u00e9nements sociaux | art&#039;otel<\/title>\n<meta name=\"description\" content=\"Remplissez le formulaire ci-dessous et nous vous contacterons pour vous aider \u00e0 planifier votre \u00e9v\u00e9nement avec nous dans l&#039;un de nos espaces \u00e9v\u00e9nementiels embl\u00e9matiques, notamment notre galerie d&#039;art de 300 m\u00b2, notre restaurant, notre bar ou notre salon !\" \/>\n<meta name=\"robots\" content=\"noindex, nofollow\" \/>\n<meta property=\"og:locale\" content=\"fr_FR\" \/>\n<meta property=\"og:type\" content=\"article\" \/>\n<meta property=\"og:title\" content=\"Social Events Contact Form\" \/>\n<meta property=\"og:description\" content=\"Remplissez le formulaire ci-dessous et nous vous contacterons pour vous aider \u00e0 planifier votre \u00e9v\u00e9nement avec nous dans l&#039;un de nos espaces \u00e9v\u00e9nementiels embl\u00e9matiques, notamment notre galerie d&#039;art de 300 m\u00b2, notre restaurant, notre bar ou notre salon !\" \/>\n<meta property=\"og:url\" content=\"https:\/\/artotel.com\/fr\/hotels\/amsterdam\/central-amsterdam\/formulaire-de-contact-pour-les-evenements-sociaux\/\" \/>\n<meta property=\"og:site_name\" content=\"art&#039;otel\" \/>\n<meta property=\"article:modified_time\" content=\"2025-07-07T13:28:51+00:00\" \/>\n<meta property=\"og:image\" content=\"https:\/\/artotel.com\/wp-content\/uploads\/2025\/07\/2025-ARO-artotelrome-MasterpieceSuite-6-1-scaled.jpg\" \/>\n\t<meta property=\"og:image:width\" content=\"2560\" \/>\n\t<meta property=\"og:image:height\" content=\"1706\" \/>\n\t<meta property=\"og:image:type\" content=\"image\/jpeg\" \/>\n<meta name=\"twitter:card\" content=\"summary_large_image\" \/>\n<meta name=\"twitter:title\" content=\"Social Events Contact Form\" \/>\n<meta name=\"twitter:description\" content=\"Remplissez le formulaire ci-dessous et nous vous contacterons pour vous aider \u00e0 planifier votre \u00e9v\u00e9nement avec nous dans l&#039;un de nos espaces \u00e9v\u00e9nementiels embl\u00e9matiques, notamment notre galerie d&#039;art de 300 m\u00b2, notre restaurant, notre bar ou notre salon !\" \/>\n<script type=\"application\/ld+json\" class=\"yoast-schema-graph\">{\"@context\":\"https:\/\/schema.org\",\"@graph\":[{\"@type\":\"WebPage\",\"@id\":\"https:\/\/artotel.com\/fr\/hotels\/amsterdam\/central-amsterdam\/formulaire-de-contact-pour-les-evenements-sociaux\/\",\"url\":\"https:\/\/artotel.com\/fr\/hotels\/amsterdam\/central-amsterdam\/formulaire-de-contact-pour-les-evenements-sociaux\/\",\"name\":\"Formulaire de contact pour les \u00e9v\u00e9nements sociaux | art&#039;otel\",\"isPartOf\":{\"@id\":\"https:\/\/artotel.com\/fr\/#website\"},\"datePublished\":\"2024-08-19T12:53:10+00:00\",\"dateModified\":\"2025-07-07T13:28:51+00:00\",\"description\":\"Remplissez le formulaire ci-dessous et nous vous contacterons pour vous aider \u00e0 planifier votre \u00e9v\u00e9nement avec nous dans l'un de nos espaces \u00e9v\u00e9nementiels embl\u00e9matiques, notamment notre galerie d'art de 300 m\u00b2, notre restaurant, notre bar ou notre salon !\",\"breadcrumb\":{\"@id\":\"https:\/\/artotel.com\/fr\/hotels\/amsterdam\/central-amsterdam\/formulaire-de-contact-pour-les-evenements-sociaux\/#breadcrumb\"},\"inLanguage\":\"fr-FR\",\"potentialAction\":[{\"@type\":\"ReadAction\",\"target\":[\"https:\/\/artotel.com\/fr\/hotels\/amsterdam\/central-amsterdam\/formulaire-de-contact-pour-les-evenements-sociaux\/\"]}]},{\"@type\":\"BreadcrumbList\",\"@id\":\"https:\/\/artotel.com\/fr\/hotels\/amsterdam\/central-amsterdam\/formulaire-de-contact-pour-les-evenements-sociaux\/#breadcrumb\",\"itemListElement\":[{\"@type\":\"ListItem\",\"position\":1,\"name\":\"Home\",\"item\":\"https:\/\/artotel.com\/fr\/\"},{\"@type\":\"ListItem\",\"position\":2,\"name\":\"Mall\",\"item\":\"https:\/\/artotel.com\/en\/blog\/site\/mall\/\"},{\"@type\":\"ListItem\",\"position\":3,\"name\":\"Hotels\",\"item\":\"https:\/\/artotel.com\/fr\/hotels\/\"},{\"@type\":\"ListItem\",\"position\":4,\"name\":\"Amsterdam\",\"item\":\"https:\/\/artotel.com\/fr\/hotels\/amsterdam\/\"},{\"@type\":\"ListItem\",\"position\":5,\"name\":\"Home\",\"item\":\"https:\/\/artotel.com\/fr\/hotels\/amsterdam\/central-amsterdam\/\"},{\"@type\":\"ListItem\",\"position\":6,\"name\":\"Formulaire de contact pour les \u00e9v\u00e9nements sociaux\"}]},{\"@type\":\"WebSite\",\"@id\":\"https:\/\/artotel.com\/fr\/#website\",\"url\":\"https:\/\/artotel.com\/fr\/\",\"name\":\"art'otel\",\"description\":\"City centre hotels with a view\",\"potentialAction\":[{\"@type\":\"SearchAction\",\"target\":{\"@type\":\"EntryPoint\",\"urlTemplate\":\"https:\/\/artotel.com\/fr\/?s={search_term_string}\"},\"query-input\":{\"@type\":\"PropertyValueSpecification\",\"valueRequired\":true,\"valueName\":\"search_term_string\"}}],\"inLanguage\":\"fr-FR\"}]}<\/script>\n<!-- \/ Yoast SEO plugin. -->","yoast_head_json":{"title":"Formulaire de contact pour les \u00e9v\u00e9nements sociaux | art&#039;otel","description":"Remplissez le formulaire ci-dessous et nous vous contacterons pour vous aider \u00e0 planifier votre \u00e9v\u00e9nement avec nous dans l'un de nos espaces \u00e9v\u00e9nementiels embl\u00e9matiques, notamment notre galerie d'art de 300 m\u00b2, notre restaurant, notre bar ou notre salon !","robots":{"index":"noindex","follow":"nofollow"},"og_locale":"fr_FR","og_type":"article","og_title":"Social Events Contact Form","og_description":"Remplissez le formulaire ci-dessous et nous vous contacterons pour vous aider \u00e0 planifier votre \u00e9v\u00e9nement avec nous dans l'un de nos espaces \u00e9v\u00e9nementiels embl\u00e9matiques, notamment notre galerie d'art de 300 m\u00b2, notre restaurant, notre bar ou notre salon !","og_url":"https:\/\/artotel.com\/fr\/hotels\/amsterdam\/central-amsterdam\/formulaire-de-contact-pour-les-evenements-sociaux\/","og_site_name":"art&#039;otel","article_modified_time":"2025-07-07T13:28:51+00:00","og_image":[{"width":2560,"height":1706,"url":"https:\/\/artotel.com\/wp-content\/uploads\/2025\/07\/2025-ARO-artotelrome-MasterpieceSuite-6-1-scaled.jpg","type":"image\/jpeg"}],"twitter_card":"summary_large_image","twitter_title":"Social Events Contact Form","twitter_description":"Remplissez le formulaire ci-dessous et nous vous contacterons pour vous aider \u00e0 planifier votre \u00e9v\u00e9nement avec nous dans l'un de nos espaces \u00e9v\u00e9nementiels embl\u00e9matiques, notamment notre galerie d'art de 300 m\u00b2, notre restaurant, notre bar ou notre salon !","schema":{"@context":"https:\/\/schema.org","@graph":[{"@type":"WebPage","@id":"https:\/\/artotel.com\/fr\/hotels\/amsterdam\/central-amsterdam\/formulaire-de-contact-pour-les-evenements-sociaux\/","url":"https:\/\/artotel.com\/fr\/hotels\/amsterdam\/central-amsterdam\/formulaire-de-contact-pour-les-evenements-sociaux\/","name":"Formulaire de contact pour les \u00e9v\u00e9nements sociaux | art&#039;otel","isPartOf":{"@id":"https:\/\/artotel.com\/fr\/#website"},"datePublished":"2024-08-19T12:53:10+00:00","dateModified":"2025-07-07T13:28:51+00:00","description":"Remplissez le formulaire ci-dessous et nous vous contacterons pour vous aider \u00e0 planifier votre \u00e9v\u00e9nement avec nous dans l'un de nos espaces \u00e9v\u00e9nementiels embl\u00e9matiques, notamment notre galerie d'art de 300 m\u00b2, notre restaurant, notre bar ou notre salon !","breadcrumb":{"@id":"https:\/\/artotel.com\/fr\/hotels\/amsterdam\/central-amsterdam\/formulaire-de-contact-pour-les-evenements-sociaux\/#breadcrumb"},"inLanguage":"fr-FR","potentialAction":[{"@type":"ReadAction","target":["https:\/\/artotel.com\/fr\/hotels\/amsterdam\/central-amsterdam\/formulaire-de-contact-pour-les-evenements-sociaux\/"]}]},{"@type":"BreadcrumbList","@id":"https:\/\/artotel.com\/fr\/hotels\/amsterdam\/central-amsterdam\/formulaire-de-contact-pour-les-evenements-sociaux\/#breadcrumb","itemListElement":[{"@type":"ListItem","position":1,"name":"Home","item":"https:\/\/artotel.com\/fr\/"},{"@type":"ListItem","position":2,"name":"Mall","item":"https:\/\/artotel.com\/en\/blog\/site\/mall\/"},{"@type":"ListItem","position":3,"name":"Hotels","item":"https:\/\/artotel.com\/fr\/hotels\/"},{"@type":"ListItem","position":4,"name":"Amsterdam","item":"https:\/\/artotel.com\/fr\/hotels\/amsterdam\/"},{"@type":"ListItem","position":5,"name":"Home","item":"https:\/\/artotel.com\/fr\/hotels\/amsterdam\/central-amsterdam\/"},{"@type":"ListItem","position":6,"name":"Formulaire de contact pour les \u00e9v\u00e9nements sociaux"}]},{"@type":"WebSite","@id":"https:\/\/artotel.com\/fr\/#website","url":"https:\/\/artotel.com\/fr\/","name":"art'otel","description":"City centre hotels with a view","potentialAction":[{"@type":"SearchAction","target":{"@type":"EntryPoint","urlTemplate":"https:\/\/artotel.com\/fr\/?s={search_term_string}"},"query-input":{"@type":"PropertyValueSpecification","valueRequired":true,"valueName":"search_term_string"}}],"inLanguage":"fr-FR"}]}},"_links":{"self":[{"href":"https:\/\/artotel.com\/fr\/wp-json\/wp\/v2\/pages\/44188","targetHints":{"allow":["GET"]}}],"collection":[{"href":"https:\/\/artotel.com\/fr\/wp-json\/wp\/v2\/pages"}],"about":[{"href":"https:\/\/artotel.com\/fr\/wp-json\/wp\/v2\/types\/page"}],"author":[{"embeddable":true,"href":"https:\/\/artotel.com\/fr\/wp-json\/wp\/v2\/users\/29"}],"replies":[{"embeddable":true,"href":"https:\/\/artotel.com\/fr\/wp-json\/wp\/v2\/comments?post=44188"}],"version-history":[{"count":2,"href":"https:\/\/artotel.com\/fr\/wp-json\/wp\/v2\/pages\/44188\/revisions"}],"predecessor-version":[{"id":78036,"href":"https:\/\/artotel.com\/fr\/wp-json\/wp\/v2\/pages\/44188\/revisions\/78036"}],"up":[{"embeddable":true,"href":"https:\/\/artotel.com\/fr\/wp-json\/wp\/v2\/pages\/39629"}],"wp:attachment":[{"href":"https:\/\/artotel.com\/fr\/wp-json\/wp\/v2\/media?parent=44188"}],"wp:term":[{"taxonomy":"wf_page_folders","embeddable":true,"href":"https:\/\/artotel.com\/fr\/wp-json\/wp\/v2\/wf_page_folders?post=44188"},{"taxonomy":"site","embeddable":true,"href":"https:\/\/artotel.com\/fr\/wp-json\/wp\/v2\/site?post=44188"}],"curies":[{"name":"wp","href":"https:\/\/api.w.org\/{rel}","templated":true}]}}