    {"id":44372,"date":"2024-05-14T12:09:32","date_gmt":"2024-05-14T10:09:32","guid":{"rendered":"https:\/\/artotel-url-restructure.tempurl.host\/hotels\/amsterdam\/wonderpass\/"},"modified":"2025-11-27T11:55:42","modified_gmt":"2025-11-27T10:55:42","slug":"wonderpass","status":"publish","type":"page","link":"https:\/\/artotel.com\/fr\/hotels\/amsterdam\/central-amsterdam\/wonderpass\/","title":{"rendered":"Wonderpass"},"content":{"rendered":"","protected":false},"excerpt":{"rendered":"","protected":false},"author":29,"featured_media":0,"parent":39629,"menu_order":0,"comment_status":"closed","ping_status":"closed","template":"","meta":{"_acf_changed":false,"footnotes":""},"wf_page_folders":[109],"site":[108],"class_list":["post-44372","page","type-page","status-publish","hentry","site-amsterdam"],"acf":[],"yoast_head":"<!-- This site is optimized with the Yoast SEO plugin v24.9 - https:\/\/yoast.com\/wordpress\/plugins\/seo\/ -->\n<title>Wonderpass | art&#039;otel<\/title>\n<meta name=\"description\" content=\"La galerie art&#039;otel accueille des expositions et des \u00e9v\u00e9nements artistiques en constante \u00e9volution. D\u00e9couvrez notre derni\u00e8re exposition ici.\" \/>\n<meta name=\"robots\" content=\"index, follow, max-snippet:-1, max-image-preview:large, max-video-preview:-1\" \/>\n<link rel=\"canonical\" href=\"https:\/\/artotel.com\/fr\/hotels\/amsterdam\/central-amsterdam\/wonderpass\/\" \/>\n<meta property=\"og:locale\" content=\"fr_FR\" \/>\n<meta property=\"og:type\" content=\"article\" \/>\n<meta property=\"og:title\" content=\"D\u00e9couvrez la galerie art&#039;otel et sa derni\u00e8re exposition | art&#039;otel Amsterdam\" \/>\n<meta property=\"og:description\" content=\"La galerie art&#039;otel accueille des expositions et des \u00e9v\u00e9nements artistiques en constante \u00e9volution. D\u00e9couvrez notre derni\u00e8re exposition ici.\" \/>\n<meta property=\"og:url\" content=\"https:\/\/artotel.com\/fr\/hotels\/amsterdam\/central-amsterdam\/wonderpass\/\" \/>\n<meta property=\"og:site_name\" content=\"art&#039;otel\" \/>\n<meta property=\"article:modified_time\" content=\"2025-11-27T10:55:42+00:00\" \/>\n<meta property=\"og:image\" content=\"https:\/\/artotel.com\/wp-content\/uploads\/2025\/07\/2025-ARO-artotelrome-MasterpieceSuite-6-1-scaled.jpg\" \/>\n\t<meta property=\"og:image:width\" content=\"2560\" \/>\n\t<meta property=\"og:image:height\" content=\"1706\" \/>\n\t<meta property=\"og:image:type\" content=\"image\/jpeg\" \/>\n<meta name=\"twitter:card\" content=\"summary_large_image\" \/>\n<meta name=\"twitter:title\" content=\"D\u00e9couvrez la galerie art&#039;otel et sa derni\u00e8re exposition | art&#039;otel Amsterdam\" \/>\n<meta name=\"twitter:description\" content=\"La galerie art&#039;otel accueille des expositions et des \u00e9v\u00e9nements artistiques en constante \u00e9volution. D\u00e9couvrez notre derni\u00e8re exposition ici.\" \/>\n<script type=\"application\/ld+json\" class=\"yoast-schema-graph\">{\"@context\":\"https:\/\/schema.org\",\"@graph\":[{\"@type\":\"WebPage\",\"@id\":\"https:\/\/artotel.com\/fr\/hotels\/amsterdam\/central-amsterdam\/wonderpass\/\",\"url\":\"https:\/\/artotel.com\/fr\/hotels\/amsterdam\/central-amsterdam\/wonderpass\/\",\"name\":\"Wonderpass | art&#039;otel\",\"isPartOf\":{\"@id\":\"https:\/\/artotel.com\/fr\/#website\"},\"datePublished\":\"2024-05-14T10:09:32+00:00\",\"dateModified\":\"2025-11-27T10:55:42+00:00\",\"description\":\"La galerie art'otel accueille des expositions et des \u00e9v\u00e9nements artistiques en constante \u00e9volution. D\u00e9couvrez notre derni\u00e8re exposition ici.\",\"breadcrumb\":{\"@id\":\"https:\/\/artotel.com\/fr\/hotels\/amsterdam\/central-amsterdam\/wonderpass\/#breadcrumb\"},\"inLanguage\":\"fr-FR\",\"potentialAction\":[{\"@type\":\"ReadAction\",\"target\":[\"https:\/\/artotel.com\/fr\/hotels\/amsterdam\/central-amsterdam\/wonderpass\/\"]}]},{\"@type\":\"BreadcrumbList\",\"@id\":\"https:\/\/artotel.com\/fr\/hotels\/amsterdam\/central-amsterdam\/wonderpass\/#breadcrumb\",\"itemListElement\":[{\"@type\":\"ListItem\",\"position\":1,\"name\":\"Home\",\"item\":\"https:\/\/artotel.com\/fr\/\"},{\"@type\":\"ListItem\",\"position\":2,\"name\":\"Mall\",\"item\":\"https:\/\/artotel.com\/en\/blog\/site\/mall\/\"},{\"@type\":\"ListItem\",\"position\":3,\"name\":\"Hotels\",\"item\":\"https:\/\/artotel.com\/fr\/hotels\/\"},{\"@type\":\"ListItem\",\"position\":4,\"name\":\"Amsterdam\",\"item\":\"https:\/\/artotel.com\/fr\/hotels\/amsterdam\/\"},{\"@type\":\"ListItem\",\"position\":5,\"name\":\"Home\",\"item\":\"https:\/\/artotel.com\/fr\/hotels\/amsterdam\/central-amsterdam\/\"},{\"@type\":\"ListItem\",\"position\":6,\"name\":\"Wonderpass\"}]},{\"@type\":\"WebSite\",\"@id\":\"https:\/\/artotel.com\/fr\/#website\",\"url\":\"https:\/\/artotel.com\/fr\/\",\"name\":\"art'otel\",\"description\":\"City centre hotels with a view\",\"potentialAction\":[{\"@type\":\"SearchAction\",\"target\":{\"@type\":\"EntryPoint\",\"urlTemplate\":\"https:\/\/artotel.com\/fr\/?s={search_term_string}\"},\"query-input\":{\"@type\":\"PropertyValueSpecification\",\"valueRequired\":true,\"valueName\":\"search_term_string\"}}],\"inLanguage\":\"fr-FR\"}]}<\/script>\n<!-- \/ Yoast SEO plugin. -->","yoast_head_json":{"title":"Wonderpass | art&#039;otel","description":"La galerie art'otel accueille des expositions et des \u00e9v\u00e9nements artistiques en constante \u00e9volution. D\u00e9couvrez notre derni\u00e8re exposition ici.","robots":{"index":"index","follow":"follow","max-snippet":"max-snippet:-1","max-image-preview":"max-image-preview:large","max-video-preview":"max-video-preview:-1"},"canonical":"https:\/\/artotel.com\/fr\/hotels\/amsterdam\/central-amsterdam\/wonderpass\/","og_locale":"fr_FR","og_type":"article","og_title":"D\u00e9couvrez la galerie art'otel et sa derni\u00e8re exposition | art'otel Amsterdam","og_description":"La galerie art'otel accueille des expositions et des \u00e9v\u00e9nements artistiques en constante \u00e9volution. D\u00e9couvrez notre derni\u00e8re exposition ici.","og_url":"https:\/\/artotel.com\/fr\/hotels\/amsterdam\/central-amsterdam\/wonderpass\/","og_site_name":"art&#039;otel","article_modified_time":"2025-11-27T10:55:42+00:00","og_image":[{"width":2560,"height":1706,"url":"https:\/\/artotel.com\/wp-content\/uploads\/2025\/07\/2025-ARO-artotelrome-MasterpieceSuite-6-1-scaled.jpg","type":"image\/jpeg"}],"twitter_card":"summary_large_image","twitter_title":"D\u00e9couvrez la galerie art'otel et sa derni\u00e8re exposition | art'otel Amsterdam","twitter_description":"La galerie art'otel accueille des expositions et des \u00e9v\u00e9nements artistiques en constante \u00e9volution. D\u00e9couvrez notre derni\u00e8re exposition ici.","schema":{"@context":"https:\/\/schema.org","@graph":[{"@type":"WebPage","@id":"https:\/\/artotel.com\/fr\/hotels\/amsterdam\/central-amsterdam\/wonderpass\/","url":"https:\/\/artotel.com\/fr\/hotels\/amsterdam\/central-amsterdam\/wonderpass\/","name":"Wonderpass | art&#039;otel","isPartOf":{"@id":"https:\/\/artotel.com\/fr\/#website"},"datePublished":"2024-05-14T10:09:32+00:00","dateModified":"2025-11-27T10:55:42+00:00","description":"La galerie art'otel accueille des expositions et des \u00e9v\u00e9nements artistiques en constante \u00e9volution. D\u00e9couvrez notre derni\u00e8re exposition ici.","breadcrumb":{"@id":"https:\/\/artotel.com\/fr\/hotels\/amsterdam\/central-amsterdam\/wonderpass\/#breadcrumb"},"inLanguage":"fr-FR","potentialAction":[{"@type":"ReadAction","target":["https:\/\/artotel.com\/fr\/hotels\/amsterdam\/central-amsterdam\/wonderpass\/"]}]},{"@type":"BreadcrumbList","@id":"https:\/\/artotel.com\/fr\/hotels\/amsterdam\/central-amsterdam\/wonderpass\/#breadcrumb","itemListElement":[{"@type":"ListItem","position":1,"name":"Home","item":"https:\/\/artotel.com\/fr\/"},{"@type":"ListItem","position":2,"name":"Mall","item":"https:\/\/artotel.com\/en\/blog\/site\/mall\/"},{"@type":"ListItem","position":3,"name":"Hotels","item":"https:\/\/artotel.com\/fr\/hotels\/"},{"@type":"ListItem","position":4,"name":"Amsterdam","item":"https:\/\/artotel.com\/fr\/hotels\/amsterdam\/"},{"@type":"ListItem","position":5,"name":"Home","item":"https:\/\/artotel.com\/fr\/hotels\/amsterdam\/central-amsterdam\/"},{"@type":"ListItem","position":6,"name":"Wonderpass"}]},{"@type":"WebSite","@id":"https:\/\/artotel.com\/fr\/#website","url":"https:\/\/artotel.com\/fr\/","name":"art'otel","description":"City centre hotels with a view","potentialAction":[{"@type":"SearchAction","target":{"@type":"EntryPoint","urlTemplate":"https:\/\/artotel.com\/fr\/?s={search_term_string}"},"query-input":{"@type":"PropertyValueSpecification","valueRequired":true,"valueName":"search_term_string"}}],"inLanguage":"fr-FR"}]}},"_links":{"self":[{"href":"https:\/\/artotel.com\/fr\/wp-json\/wp\/v2\/pages\/44372","targetHints":{"allow":["GET"]}}],"collection":[{"href":"https:\/\/artotel.com\/fr\/wp-json\/wp\/v2\/pages"}],"about":[{"href":"https:\/\/artotel.com\/fr\/wp-json\/wp\/v2\/types\/page"}],"author":[{"embeddable":true,"href":"https:\/\/artotel.com\/fr\/wp-json\/wp\/v2\/users\/29"}],"replies":[{"embeddable":true,"href":"https:\/\/artotel.com\/fr\/wp-json\/wp\/v2\/comments?post=44372"}],"version-history":[{"count":3,"href":"https:\/\/artotel.com\/fr\/wp-json\/wp\/v2\/pages\/44372\/revisions"}],"predecessor-version":[{"id":159152,"href":"https:\/\/artotel.com\/fr\/wp-json\/wp\/v2\/pages\/44372\/revisions\/159152"}],"up":[{"embeddable":true,"href":"https:\/\/artotel.com\/fr\/wp-json\/wp\/v2\/pages\/39629"}],"wp:attachment":[{"href":"https:\/\/artotel.com\/fr\/wp-json\/wp\/v2\/media?parent=44372"}],"wp:term":[{"taxonomy":"wf_page_folders","embeddable":true,"href":"https:\/\/artotel.com\/fr\/wp-json\/wp\/v2\/wf_page_folders?post=44372"},{"taxonomy":"site","embeddable":true,"href":"https:\/\/artotel.com\/fr\/wp-json\/wp\/v2\/site?post=44372"}],"curies":[{"name":"wp","href":"https:\/\/api.w.org\/{rel}","templated":true}]}}