    {"id":47324,"date":"2022-08-11T14:01:13","date_gmt":"2022-08-11T12:01:13","guid":{"rendered":"https:\/\/artotel-url-restructure.tempurl.host\/hotels\/amsterdam\/instructions\/"},"modified":"2026-02-17T12:02:48","modified_gmt":"2026-02-17T11:02:48","slug":"instructions","status":"publish","type":"page","link":"https:\/\/artotel.com\/fr\/hotels\/amsterdam\/central-amsterdam\/instructions\/","title":{"rendered":"Instructions"},"content":{"rendered":"","protected":false},"excerpt":{"rendered":"","protected":false},"author":29,"featured_media":0,"parent":39629,"menu_order":0,"comment_status":"closed","ping_status":"closed","template":"","meta":{"_acf_changed":false,"footnotes":""},"wf_page_folders":[109],"site":[108],"class_list":["post-47324","page","type-page","status-publish","hentry","site-amsterdam"],"acf":[],"yoast_head":"<!-- This site is optimized with the Yoast SEO plugin v24.9 - https:\/\/yoast.com\/wordpress\/plugins\/seo\/ -->\n<title>Instructions | art&#039;otel<\/title>\n<meta name=\"description\" content=\"Besoin d&#039;un peu d&#039;orientation\u00a0? D\u00e9couvrez comment vous rendre \u00e0 l&#039;art&#039;otel Amsterdam depuis les principaux axes de transport.\" \/>\n<meta name=\"robots\" content=\"index, follow, max-snippet:-1, max-image-preview:large, max-video-preview:-1\" \/>\n<link rel=\"canonical\" href=\"https:\/\/artotel.com\/fr\/hotels\/amsterdam\/central-amsterdam\/instructions\/\" \/>\n<meta property=\"og:locale\" content=\"fr_FR\" \/>\n<meta property=\"og:type\" content=\"article\" \/>\n<meta property=\"og:title\" content=\"Acc\u00e8s \u00e0 l&#039;h\u00f4tel et au parking | art&#039;otel Amsterdam\" \/>\n<meta property=\"og:description\" content=\"Besoin d&#039;un peu d&#039;orientation\u00a0? D\u00e9couvrez comment vous rendre \u00e0 l&#039;art&#039;otel Amsterdam depuis les principaux axes de transport et des informations sur le parking de l&#039;h\u00f4tel ici.\" \/>\n<meta property=\"og:url\" content=\"https:\/\/artotel.com\/fr\/hotels\/amsterdam\/central-amsterdam\/instructions\/\" \/>\n<meta property=\"og:site_name\" content=\"art&#039;otel\" \/>\n<meta property=\"article:modified_time\" content=\"2026-02-17T11:02:48+00:00\" \/>\n<meta property=\"og:image\" content=\"https:\/\/artotel.com\/wp-content\/uploads\/2025\/07\/2025-ARO-artotelrome-MasterpieceSuite-6-1-scaled.jpg\" \/>\n\t<meta property=\"og:image:width\" content=\"2560\" \/>\n\t<meta property=\"og:image:height\" content=\"1706\" \/>\n\t<meta property=\"og:image:type\" content=\"image\/jpeg\" \/>\n<meta name=\"twitter:card\" content=\"summary_large_image\" \/>\n<meta name=\"twitter:title\" content=\"Acc\u00e8s \u00e0 l&#039;h\u00f4tel et au parking | art&#039;otel Amsterdam\" \/>\n<meta name=\"twitter:description\" content=\"Besoin d&#039;un peu d&#039;orientation\u00a0? D\u00e9couvrez comment vous rendre \u00e0 l&#039;art&#039;otel Amsterdam depuis les principaux axes de transport et des informations sur le parking de l&#039;h\u00f4tel ici.\" \/>\n<script type=\"application\/ld+json\" class=\"yoast-schema-graph\">{\"@context\":\"https:\/\/schema.org\",\"@graph\":[{\"@type\":\"WebPage\",\"@id\":\"https:\/\/artotel.com\/fr\/hotels\/amsterdam\/central-amsterdam\/instructions\/\",\"url\":\"https:\/\/artotel.com\/fr\/hotels\/amsterdam\/central-amsterdam\/instructions\/\",\"name\":\"Instructions | art&#039;otel\",\"isPartOf\":{\"@id\":\"https:\/\/artotel.com\/fr\/#website\"},\"datePublished\":\"2022-08-11T12:01:13+00:00\",\"dateModified\":\"2026-02-17T11:02:48+00:00\",\"description\":\"Besoin d'un peu d'orientation\u00a0? D\u00e9couvrez comment vous rendre \u00e0 l'art'otel Amsterdam depuis les principaux axes de transport.\",\"breadcrumb\":{\"@id\":\"https:\/\/artotel.com\/fr\/hotels\/amsterdam\/central-amsterdam\/instructions\/#breadcrumb\"},\"inLanguage\":\"fr-FR\",\"potentialAction\":[{\"@type\":\"ReadAction\",\"target\":[\"https:\/\/artotel.com\/fr\/hotels\/amsterdam\/central-amsterdam\/instructions\/\"]}]},{\"@type\":\"BreadcrumbList\",\"@id\":\"https:\/\/artotel.com\/fr\/hotels\/amsterdam\/central-amsterdam\/instructions\/#breadcrumb\",\"itemListElement\":[{\"@type\":\"ListItem\",\"position\":1,\"name\":\"Home\",\"item\":\"https:\/\/artotel.com\/fr\/\"},{\"@type\":\"ListItem\",\"position\":2,\"name\":\"Mall\",\"item\":\"https:\/\/artotel.com\/en\/blog\/site\/mall\/\"},{\"@type\":\"ListItem\",\"position\":3,\"name\":\"Hotels\",\"item\":\"https:\/\/artotel.com\/fr\/hotels\/\"},{\"@type\":\"ListItem\",\"position\":4,\"name\":\"Amsterdam\",\"item\":\"https:\/\/artotel.com\/fr\/hotels\/amsterdam\/\"},{\"@type\":\"ListItem\",\"position\":5,\"name\":\"Home\",\"item\":\"https:\/\/artotel.com\/fr\/hotels\/amsterdam\/central-amsterdam\/\"},{\"@type\":\"ListItem\",\"position\":6,\"name\":\"Instructions\"}]},{\"@type\":\"WebSite\",\"@id\":\"https:\/\/artotel.com\/fr\/#website\",\"url\":\"https:\/\/artotel.com\/fr\/\",\"name\":\"art'otel\",\"description\":\"City centre hotels with a view\",\"potentialAction\":[{\"@type\":\"SearchAction\",\"target\":{\"@type\":\"EntryPoint\",\"urlTemplate\":\"https:\/\/artotel.com\/fr\/?s={search_term_string}\"},\"query-input\":{\"@type\":\"PropertyValueSpecification\",\"valueRequired\":true,\"valueName\":\"search_term_string\"}}],\"inLanguage\":\"fr-FR\"}]}<\/script>\n<!-- \/ Yoast SEO plugin. -->","yoast_head_json":{"title":"Instructions | art&#039;otel","description":"Besoin d'un peu d'orientation\u00a0? D\u00e9couvrez comment vous rendre \u00e0 l'art'otel Amsterdam depuis les principaux axes de transport.","robots":{"index":"index","follow":"follow","max-snippet":"max-snippet:-1","max-image-preview":"max-image-preview:large","max-video-preview":"max-video-preview:-1"},"canonical":"https:\/\/artotel.com\/fr\/hotels\/amsterdam\/central-amsterdam\/instructions\/","og_locale":"fr_FR","og_type":"article","og_title":"Acc\u00e8s \u00e0 l'h\u00f4tel et au parking | art'otel Amsterdam","og_description":"Besoin d'un peu d'orientation\u00a0? D\u00e9couvrez comment vous rendre \u00e0 l'art'otel Amsterdam depuis les principaux axes de transport et des informations sur le parking de l'h\u00f4tel ici.","og_url":"https:\/\/artotel.com\/fr\/hotels\/amsterdam\/central-amsterdam\/instructions\/","og_site_name":"art&#039;otel","article_modified_time":"2026-02-17T11:02:48+00:00","og_image":[{"width":2560,"height":1706,"url":"https:\/\/artotel.com\/wp-content\/uploads\/2025\/07\/2025-ARO-artotelrome-MasterpieceSuite-6-1-scaled.jpg","type":"image\/jpeg"}],"twitter_card":"summary_large_image","twitter_title":"Acc\u00e8s \u00e0 l'h\u00f4tel et au parking | art'otel Amsterdam","twitter_description":"Besoin d'un peu d'orientation\u00a0? D\u00e9couvrez comment vous rendre \u00e0 l'art'otel Amsterdam depuis les principaux axes de transport et des informations sur le parking de l'h\u00f4tel ici.","schema":{"@context":"https:\/\/schema.org","@graph":[{"@type":"WebPage","@id":"https:\/\/artotel.com\/fr\/hotels\/amsterdam\/central-amsterdam\/instructions\/","url":"https:\/\/artotel.com\/fr\/hotels\/amsterdam\/central-amsterdam\/instructions\/","name":"Instructions | art&#039;otel","isPartOf":{"@id":"https:\/\/artotel.com\/fr\/#website"},"datePublished":"2022-08-11T12:01:13+00:00","dateModified":"2026-02-17T11:02:48+00:00","description":"Besoin d'un peu d'orientation\u00a0? D\u00e9couvrez comment vous rendre \u00e0 l'art'otel Amsterdam depuis les principaux axes de transport.","breadcrumb":{"@id":"https:\/\/artotel.com\/fr\/hotels\/amsterdam\/central-amsterdam\/instructions\/#breadcrumb"},"inLanguage":"fr-FR","potentialAction":[{"@type":"ReadAction","target":["https:\/\/artotel.com\/fr\/hotels\/amsterdam\/central-amsterdam\/instructions\/"]}]},{"@type":"BreadcrumbList","@id":"https:\/\/artotel.com\/fr\/hotels\/amsterdam\/central-amsterdam\/instructions\/#breadcrumb","itemListElement":[{"@type":"ListItem","position":1,"name":"Home","item":"https:\/\/artotel.com\/fr\/"},{"@type":"ListItem","position":2,"name":"Mall","item":"https:\/\/artotel.com\/en\/blog\/site\/mall\/"},{"@type":"ListItem","position":3,"name":"Hotels","item":"https:\/\/artotel.com\/fr\/hotels\/"},{"@type":"ListItem","position":4,"name":"Amsterdam","item":"https:\/\/artotel.com\/fr\/hotels\/amsterdam\/"},{"@type":"ListItem","position":5,"name":"Home","item":"https:\/\/artotel.com\/fr\/hotels\/amsterdam\/central-amsterdam\/"},{"@type":"ListItem","position":6,"name":"Instructions"}]},{"@type":"WebSite","@id":"https:\/\/artotel.com\/fr\/#website","url":"https:\/\/artotel.com\/fr\/","name":"art'otel","description":"City centre hotels with a view","potentialAction":[{"@type":"SearchAction","target":{"@type":"EntryPoint","urlTemplate":"https:\/\/artotel.com\/fr\/?s={search_term_string}"},"query-input":{"@type":"PropertyValueSpecification","valueRequired":true,"valueName":"search_term_string"}}],"inLanguage":"fr-FR"}]}},"_links":{"self":[{"href":"https:\/\/artotel.com\/fr\/wp-json\/wp\/v2\/pages\/47324","targetHints":{"allow":["GET"]}}],"collection":[{"href":"https:\/\/artotel.com\/fr\/wp-json\/wp\/v2\/pages"}],"about":[{"href":"https:\/\/artotel.com\/fr\/wp-json\/wp\/v2\/types\/page"}],"author":[{"embeddable":true,"href":"https:\/\/artotel.com\/fr\/wp-json\/wp\/v2\/users\/29"}],"replies":[{"embeddable":true,"href":"https:\/\/artotel.com\/fr\/wp-json\/wp\/v2\/comments?post=47324"}],"version-history":[{"count":3,"href":"https:\/\/artotel.com\/fr\/wp-json\/wp\/v2\/pages\/47324\/revisions"}],"predecessor-version":[{"id":165759,"href":"https:\/\/artotel.com\/fr\/wp-json\/wp\/v2\/pages\/47324\/revisions\/165759"}],"up":[{"embeddable":true,"href":"https:\/\/artotel.com\/fr\/wp-json\/wp\/v2\/pages\/39629"}],"wp:attachment":[{"href":"https:\/\/artotel.com\/fr\/wp-json\/wp\/v2\/media?parent=47324"}],"wp:term":[{"taxonomy":"wf_page_folders","embeddable":true,"href":"https:\/\/artotel.com\/fr\/wp-json\/wp\/v2\/wf_page_folders?post=47324"},{"taxonomy":"site","embeddable":true,"href":"https:\/\/artotel.com\/fr\/wp-json\/wp\/v2\/site?post=47324"}],"curies":[{"name":"wp","href":"https:\/\/api.w.org\/{rel}","templated":true}]}}