    {"id":47631,"date":"2022-08-01T12:46:32","date_gmt":"2022-08-01T10:46:32","guid":{"rendered":"https:\/\/artotel-url-restructure.tempurl.host\/hotels\/amsterdam\/artiste-emblematique-atelier-van-lieshout-2\/"},"modified":"2025-07-30T19:54:10","modified_gmt":"2025-07-30T17:54:10","slug":"artiste-emblematique-atelier-van-lieshout","status":"publish","type":"page","link":"https:\/\/artotel.com\/fr\/hotels\/amsterdam\/central-amsterdam\/artiste-emblematique-atelier-van-lieshout\/","title":{"rendered":"Artiste Emblematique"},"content":{"rendered":"","protected":false},"excerpt":{"rendered":"","protected":false},"author":29,"featured_media":0,"parent":39629,"menu_order":0,"comment_status":"closed","ping_status":"closed","template":"","meta":{"_acf_changed":false,"footnotes":""},"wf_page_folders":[109],"site":[108],"class_list":["post-47631","page","type-page","status-publish","hentry","site-amsterdam"],"acf":[],"yoast_head":"<!-- This site is optimized with the Yoast SEO plugin v24.9 - https:\/\/yoast.com\/wordpress\/plugins\/seo\/ -->\n<title>D\u00e9couvrez notre artiste signature, Atelier Van Lieshout | art&#039;otel Amsterdam<\/title>\n<meta name=\"description\" content=\"Chaque art&#039;otel expose les \u0153uvres d&#039;un artiste unique. Pour l&#039;art&#039;otel Amsterdam, il s&#039;agit de l&#039;Atelier Van Lieshout. D\u00e9couvrez son travail ici.\" \/>\n<meta name=\"robots\" content=\"index, follow, max-snippet:-1, max-image-preview:large, max-video-preview:-1\" \/>\n<link rel=\"canonical\" href=\"https:\/\/artotel.com\/fr\/hotels\/amsterdam\/central-amsterdam\/artiste-emblematique-atelier-van-lieshout\/\" \/>\n<meta property=\"og:locale\" content=\"fr_FR\" \/>\n<meta property=\"og:type\" content=\"article\" \/>\n<meta property=\"og:title\" content=\"D\u00e9couvrez notre artiste signature, Atelier Van Lieshout | art&#039;otel Amsterdam\" \/>\n<meta property=\"og:description\" content=\"Chaque art&#039;otel expose les \u0153uvres d&#039;un artiste unique. Pour l&#039;art&#039;otel Amsterdam, il s&#039;agit de l&#039;Atelier Van Lieshout. D\u00e9couvrez son travail ici.\" \/>\n<meta property=\"og:url\" content=\"https:\/\/artotel.com\/fr\/hotels\/amsterdam\/central-amsterdam\/artiste-emblematique-atelier-van-lieshout\/\" \/>\n<meta property=\"og:site_name\" content=\"art&#039;otel\" \/>\n<meta property=\"article:modified_time\" content=\"2025-07-30T17:54:10+00:00\" \/>\n<meta property=\"og:image\" content=\"https:\/\/artotel.com\/wp-content\/uploads\/2024\/08\/Jacopo-Paglione-Bedroom-Tales-John.jpg\" \/>\n\t<meta property=\"og:image:width\" content=\"2000\" \/>\n\t<meta property=\"og:image:height\" content=\"706\" \/>\n\t<meta property=\"og:image:type\" content=\"image\/jpeg\" \/>\n<meta name=\"twitter:card\" content=\"summary_large_image\" \/>\n<meta name=\"twitter:title\" content=\"D\u00e9couvrez notre artiste signature, Atelier Van Lieshout | art&#039;otel Amsterdam\" \/>\n<meta name=\"twitter:description\" content=\"Chaque art&#039;otel expose les \u0153uvres d&#039;un artiste unique. Pour l&#039;art&#039;otel Amsterdam, il s&#039;agit de l&#039;Atelier Van Lieshout. D\u00e9couvrez son travail ici.\" \/>\n<meta name=\"twitter:image\" content=\"https:\/\/artotel.com\/wp-content\/uploads\/2024\/08\/Jacopo-Paglione-Bedroom-Tales-John.jpg\" \/>\n<script type=\"application\/ld+json\" class=\"yoast-schema-graph\">{\"@context\":\"https:\/\/schema.org\",\"@graph\":[{\"@type\":\"WebPage\",\"@id\":\"https:\/\/artotel.com\/fr\/hotels\/amsterdam\/central-amsterdam\/artiste-emblematique-atelier-van-lieshout\/\",\"url\":\"https:\/\/artotel.com\/fr\/hotels\/amsterdam\/central-amsterdam\/artiste-emblematique-atelier-van-lieshout\/\",\"name\":\"D\u00e9couvrez notre artiste signature, Atelier Van Lieshout | art'otel Amsterdam\",\"isPartOf\":{\"@id\":\"https:\/\/artotel.com\/fr\/#website\"},\"datePublished\":\"2022-08-01T10:46:32+00:00\",\"dateModified\":\"2025-07-30T17:54:10+00:00\",\"description\":\"Chaque art'otel expose les \u0153uvres d'un artiste unique. Pour l'art'otel Amsterdam, il s'agit de l'Atelier Van Lieshout. D\u00e9couvrez son travail ici.\",\"breadcrumb\":{\"@id\":\"https:\/\/artotel.com\/fr\/hotels\/amsterdam\/central-amsterdam\/artiste-emblematique-atelier-van-lieshout\/#breadcrumb\"},\"inLanguage\":\"fr-FR\",\"potentialAction\":[{\"@type\":\"ReadAction\",\"target\":[\"https:\/\/artotel.com\/fr\/hotels\/amsterdam\/central-amsterdam\/artiste-emblematique-atelier-van-lieshout\/\"]}]},{\"@type\":\"BreadcrumbList\",\"@id\":\"https:\/\/artotel.com\/fr\/hotels\/amsterdam\/central-amsterdam\/artiste-emblematique-atelier-van-lieshout\/#breadcrumb\",\"itemListElement\":[{\"@type\":\"ListItem\",\"position\":1,\"name\":\"Home\",\"item\":\"https:\/\/artotel.com\/fr\/\"},{\"@type\":\"ListItem\",\"position\":2,\"name\":\"Mall\",\"item\":\"https:\/\/artotel.com\/de\/blog\/site\/mall\/\"},{\"@type\":\"ListItem\",\"position\":3,\"name\":\"Hotels\",\"item\":\"https:\/\/artotel.com\/fr\/hotels\/\"},{\"@type\":\"ListItem\",\"position\":4,\"name\":\"Amsterdam\",\"item\":\"https:\/\/artotel.com\/fr\/hotels\/amsterdam\/\"},{\"@type\":\"ListItem\",\"position\":5,\"name\":\"Home\",\"item\":\"https:\/\/artotel.com\/fr\/hotels\/amsterdam\/central-amsterdam\/\"},{\"@type\":\"ListItem\",\"position\":6,\"name\":\"Artiste Emblematique\"}]},{\"@type\":\"WebSite\",\"@id\":\"https:\/\/artotel.com\/fr\/#website\",\"url\":\"https:\/\/artotel.com\/fr\/\",\"name\":\"art'otel\",\"description\":\"City centre hotels with a view\",\"potentialAction\":[{\"@type\":\"SearchAction\",\"target\":{\"@type\":\"EntryPoint\",\"urlTemplate\":\"https:\/\/artotel.com\/fr\/?s={search_term_string}\"},\"query-input\":{\"@type\":\"PropertyValueSpecification\",\"valueRequired\":true,\"valueName\":\"search_term_string\"}}],\"inLanguage\":\"fr-FR\"}]}<\/script>\n<!-- \/ Yoast SEO plugin. -->","yoast_head_json":{"title":"D\u00e9couvrez notre artiste signature, Atelier Van Lieshout | art'otel Amsterdam","description":"Chaque art'otel expose les \u0153uvres d'un artiste unique. Pour l'art'otel Amsterdam, il s'agit de l'Atelier Van Lieshout. D\u00e9couvrez son travail ici.","robots":{"index":"index","follow":"follow","max-snippet":"max-snippet:-1","max-image-preview":"max-image-preview:large","max-video-preview":"max-video-preview:-1"},"canonical":"https:\/\/artotel.com\/fr\/hotels\/amsterdam\/central-amsterdam\/artiste-emblematique-atelier-van-lieshout\/","og_locale":"fr_FR","og_type":"article","og_title":"D\u00e9couvrez notre artiste signature, Atelier Van Lieshout | art'otel Amsterdam","og_description":"Chaque art'otel expose les \u0153uvres d'un artiste unique. Pour l'art'otel Amsterdam, il s'agit de l'Atelier Van Lieshout. D\u00e9couvrez son travail ici.","og_url":"https:\/\/artotel.com\/fr\/hotels\/amsterdam\/central-amsterdam\/artiste-emblematique-atelier-van-lieshout\/","og_site_name":"art&#039;otel","article_modified_time":"2025-07-30T17:54:10+00:00","og_image":[{"width":2000,"height":706,"url":"https:\/\/artotel.com\/wp-content\/uploads\/2024\/08\/Jacopo-Paglione-Bedroom-Tales-John.jpg","type":"image\/jpeg"}],"twitter_card":"summary_large_image","twitter_title":"D\u00e9couvrez notre artiste signature, Atelier Van Lieshout | art'otel Amsterdam","twitter_description":"Chaque art'otel expose les \u0153uvres d'un artiste unique. Pour l'art'otel Amsterdam, il s'agit de l'Atelier Van Lieshout. D\u00e9couvrez son travail ici.","twitter_image":"https:\/\/artotel.com\/wp-content\/uploads\/2024\/08\/Jacopo-Paglione-Bedroom-Tales-John.jpg","schema":{"@context":"https:\/\/schema.org","@graph":[{"@type":"WebPage","@id":"https:\/\/artotel.com\/fr\/hotels\/amsterdam\/central-amsterdam\/artiste-emblematique-atelier-van-lieshout\/","url":"https:\/\/artotel.com\/fr\/hotels\/amsterdam\/central-amsterdam\/artiste-emblematique-atelier-van-lieshout\/","name":"D\u00e9couvrez notre artiste signature, Atelier Van Lieshout | art'otel Amsterdam","isPartOf":{"@id":"https:\/\/artotel.com\/fr\/#website"},"datePublished":"2022-08-01T10:46:32+00:00","dateModified":"2025-07-30T17:54:10+00:00","description":"Chaque art'otel expose les \u0153uvres d'un artiste unique. Pour l'art'otel Amsterdam, il s'agit de l'Atelier Van Lieshout. D\u00e9couvrez son travail ici.","breadcrumb":{"@id":"https:\/\/artotel.com\/fr\/hotels\/amsterdam\/central-amsterdam\/artiste-emblematique-atelier-van-lieshout\/#breadcrumb"},"inLanguage":"fr-FR","potentialAction":[{"@type":"ReadAction","target":["https:\/\/artotel.com\/fr\/hotels\/amsterdam\/central-amsterdam\/artiste-emblematique-atelier-van-lieshout\/"]}]},{"@type":"BreadcrumbList","@id":"https:\/\/artotel.com\/fr\/hotels\/amsterdam\/central-amsterdam\/artiste-emblematique-atelier-van-lieshout\/#breadcrumb","itemListElement":[{"@type":"ListItem","position":1,"name":"Home","item":"https:\/\/artotel.com\/fr\/"},{"@type":"ListItem","position":2,"name":"Mall","item":"https:\/\/artotel.com\/de\/blog\/site\/mall\/"},{"@type":"ListItem","position":3,"name":"Hotels","item":"https:\/\/artotel.com\/fr\/hotels\/"},{"@type":"ListItem","position":4,"name":"Amsterdam","item":"https:\/\/artotel.com\/fr\/hotels\/amsterdam\/"},{"@type":"ListItem","position":5,"name":"Home","item":"https:\/\/artotel.com\/fr\/hotels\/amsterdam\/central-amsterdam\/"},{"@type":"ListItem","position":6,"name":"Artiste Emblematique"}]},{"@type":"WebSite","@id":"https:\/\/artotel.com\/fr\/#website","url":"https:\/\/artotel.com\/fr\/","name":"art'otel","description":"City centre hotels with a view","potentialAction":[{"@type":"SearchAction","target":{"@type":"EntryPoint","urlTemplate":"https:\/\/artotel.com\/fr\/?s={search_term_string}"},"query-input":{"@type":"PropertyValueSpecification","valueRequired":true,"valueName":"search_term_string"}}],"inLanguage":"fr-FR"}]}},"_links":{"self":[{"href":"https:\/\/artotel.com\/fr\/wp-json\/wp\/v2\/pages\/47631","targetHints":{"allow":["GET"]}}],"collection":[{"href":"https:\/\/artotel.com\/fr\/wp-json\/wp\/v2\/pages"}],"about":[{"href":"https:\/\/artotel.com\/fr\/wp-json\/wp\/v2\/types\/page"}],"author":[{"embeddable":true,"href":"https:\/\/artotel.com\/fr\/wp-json\/wp\/v2\/users\/29"}],"replies":[{"embeddable":true,"href":"https:\/\/artotel.com\/fr\/wp-json\/wp\/v2\/comments?post=47631"}],"version-history":[{"count":4,"href":"https:\/\/artotel.com\/fr\/wp-json\/wp\/v2\/pages\/47631\/revisions"}],"predecessor-version":[{"id":134112,"href":"https:\/\/artotel.com\/fr\/wp-json\/wp\/v2\/pages\/47631\/revisions\/134112"}],"up":[{"embeddable":true,"href":"https:\/\/artotel.com\/fr\/wp-json\/wp\/v2\/pages\/39629"}],"wp:attachment":[{"href":"https:\/\/artotel.com\/fr\/wp-json\/wp\/v2\/media?parent=47631"}],"wp:term":[{"taxonomy":"wf_page_folders","embeddable":true,"href":"https:\/\/artotel.com\/fr\/wp-json\/wp\/v2\/wf_page_folders?post=47631"},{"taxonomy":"site","embeddable":true,"href":"https:\/\/artotel.com\/fr\/wp-json\/wp\/v2\/site?post=47631"}],"curies":[{"name":"wp","href":"https:\/\/api.w.org\/{rel}","templated":true}]}}