    {"id":56614,"date":"2022-06-26T23:48:04","date_gmt":"2022-06-26T21:48:04","guid":{"rendered":"https:\/\/artotel-url-restructure.tempurl.host\/hotels\/amsterdam\/fil-d-actualite\/"},"modified":"2025-07-30T21:54:24","modified_gmt":"2025-07-30T19:54:24","slug":"fil-d-actualite","status":"publish","type":"page","link":"https:\/\/artotel.com\/fr\/hotels\/amsterdam\/central-amsterdam\/fil-d-actualite\/","title":{"rendered":"Newsfeed"},"content":{"rendered":"","protected":false},"excerpt":{"rendered":"","protected":false},"author":29,"featured_media":0,"parent":39629,"menu_order":0,"comment_status":"closed","ping_status":"closed","template":"","meta":{"_acf_changed":false,"footnotes":""},"wf_page_folders":[109],"site":[108],"class_list":["post-56614","page","type-page","status-publish","hentry","site-amsterdam"],"acf":[],"yoast_head":"<!-- This site is optimized with the Yoast SEO plugin v24.9 - https:\/\/yoast.com\/wordpress\/plugins\/seo\/ -->\n<title>Restez inform\u00e9 de la sc\u00e8ne artistique dynamique d&#039;Amsterdam | Fil d&#039;actualit\u00e9<\/title>\n<meta name=\"description\" content=\"Restez inform\u00e9 de l&#039;effervescence de la sc\u00e8ne artistique d&#039;Amsterdam. D\u00e9couvrez les derni\u00e8res actualit\u00e9s, \u00e9v\u00e9nements et expositions \u00e0 l&#039;art&#039;otel Amsterdam.\" \/>\n<meta name=\"robots\" content=\"index, follow, max-snippet:-1, max-image-preview:large, max-video-preview:-1\" \/>\n<link rel=\"canonical\" href=\"https:\/\/artotel.com\/fr\/hotels\/amsterdam\/central-amsterdam\/fil-d-actualite\/\" \/>\n<meta property=\"og:locale\" content=\"fr_FR\" \/>\n<meta property=\"og:type\" content=\"article\" \/>\n<meta property=\"og:title\" content=\"Restez inform\u00e9 de la sc\u00e8ne artistique dynamique d&#039;Amsterdam | Fil d&#039;actualit\u00e9\" \/>\n<meta property=\"og:description\" content=\"Restez inform\u00e9 de l&#039;effervescence de la sc\u00e8ne artistique d&#039;Amsterdam. D\u00e9couvrez les derni\u00e8res actualit\u00e9s, \u00e9v\u00e9nements et expositions \u00e0 l&#039;art&#039;otel Amsterdam.\" \/>\n<meta property=\"og:url\" content=\"https:\/\/artotel.com\/fr\/hotels\/amsterdam\/central-amsterdam\/fil-d-actualite\/\" \/>\n<meta property=\"og:site_name\" content=\"art&#039;otel\" \/>\n<meta property=\"article:modified_time\" content=\"2025-07-30T19:54:24+00:00\" \/>\n<meta property=\"og:image\" content=\"https:\/\/artotel.com\/wp-content\/uploads\/2024\/08\/Pasqulae-Desantis-5.jpg\" \/>\n\t<meta property=\"og:image:width\" content=\"768\" \/>\n\t<meta property=\"og:image:height\" content=\"1024\" \/>\n\t<meta property=\"og:image:type\" content=\"image\/jpeg\" \/>\n<meta name=\"twitter:card\" content=\"summary_large_image\" \/>\n<meta name=\"twitter:title\" content=\"Restez inform\u00e9 de la sc\u00e8ne artistique dynamique d&#039;Amsterdam | Fil d&#039;actualit\u00e9\" \/>\n<meta name=\"twitter:description\" content=\"Restez inform\u00e9 de l&#039;effervescence de la sc\u00e8ne artistique d&#039;Amsterdam. D\u00e9couvrez les derni\u00e8res actualit\u00e9s, \u00e9v\u00e9nements et expositions \u00e0 l&#039;art&#039;otel Amsterdam.\" \/>\n<meta name=\"twitter:image\" content=\"https:\/\/artotel.com\/wp-content\/uploads\/2024\/08\/Pasqulae-Desantis-5.jpg\" \/>\n<script type=\"application\/ld+json\" class=\"yoast-schema-graph\">{\"@context\":\"https:\/\/schema.org\",\"@graph\":[{\"@type\":\"WebPage\",\"@id\":\"https:\/\/artotel.com\/fr\/hotels\/amsterdam\/central-amsterdam\/fil-d-actualite\/\",\"url\":\"https:\/\/artotel.com\/fr\/hotels\/amsterdam\/central-amsterdam\/fil-d-actualite\/\",\"name\":\"Restez inform\u00e9 de la sc\u00e8ne artistique dynamique d'Amsterdam | Fil d'actualit\u00e9\",\"isPartOf\":{\"@id\":\"https:\/\/artotel.com\/fr\/#website\"},\"datePublished\":\"2022-06-26T21:48:04+00:00\",\"dateModified\":\"2025-07-30T19:54:24+00:00\",\"description\":\"Restez inform\u00e9 de l'effervescence de la sc\u00e8ne artistique d'Amsterdam. D\u00e9couvrez les derni\u00e8res actualit\u00e9s, \u00e9v\u00e9nements et expositions \u00e0 l'art'otel Amsterdam.\",\"breadcrumb\":{\"@id\":\"https:\/\/artotel.com\/fr\/hotels\/amsterdam\/central-amsterdam\/fil-d-actualite\/#breadcrumb\"},\"inLanguage\":\"fr-FR\",\"potentialAction\":[{\"@type\":\"ReadAction\",\"target\":[\"https:\/\/artotel.com\/fr\/hotels\/amsterdam\/central-amsterdam\/fil-d-actualite\/\"]}]},{\"@type\":\"BreadcrumbList\",\"@id\":\"https:\/\/artotel.com\/fr\/hotels\/amsterdam\/central-amsterdam\/fil-d-actualite\/#breadcrumb\",\"itemListElement\":[{\"@type\":\"ListItem\",\"position\":1,\"name\":\"Home\",\"item\":\"https:\/\/artotel.com\/fr\/\"},{\"@type\":\"ListItem\",\"position\":2,\"name\":\"Mall\",\"item\":\"https:\/\/artotel.com\/en\/blog\/site\/mall\/\"},{\"@type\":\"ListItem\",\"position\":3,\"name\":\"Hotels\",\"item\":\"https:\/\/artotel.com\/fr\/hotels\/\"},{\"@type\":\"ListItem\",\"position\":4,\"name\":\"Amsterdam\",\"item\":\"https:\/\/artotel.com\/fr\/hotels\/amsterdam\/\"},{\"@type\":\"ListItem\",\"position\":5,\"name\":\"Home\",\"item\":\"https:\/\/artotel.com\/fr\/hotels\/amsterdam\/central-amsterdam\/\"},{\"@type\":\"ListItem\",\"position\":6,\"name\":\"Newsfeed\"}]},{\"@type\":\"WebSite\",\"@id\":\"https:\/\/artotel.com\/fr\/#website\",\"url\":\"https:\/\/artotel.com\/fr\/\",\"name\":\"art'otel\",\"description\":\"City centre hotels with a view\",\"potentialAction\":[{\"@type\":\"SearchAction\",\"target\":{\"@type\":\"EntryPoint\",\"urlTemplate\":\"https:\/\/artotel.com\/fr\/?s={search_term_string}\"},\"query-input\":{\"@type\":\"PropertyValueSpecification\",\"valueRequired\":true,\"valueName\":\"search_term_string\"}}],\"inLanguage\":\"fr-FR\"}]}<\/script>\n<!-- \/ Yoast SEO plugin. -->","yoast_head_json":{"title":"Restez inform\u00e9 de la sc\u00e8ne artistique dynamique d'Amsterdam | Fil d'actualit\u00e9","description":"Restez inform\u00e9 de l'effervescence de la sc\u00e8ne artistique d'Amsterdam. D\u00e9couvrez les derni\u00e8res actualit\u00e9s, \u00e9v\u00e9nements et expositions \u00e0 l'art'otel Amsterdam.","robots":{"index":"index","follow":"follow","max-snippet":"max-snippet:-1","max-image-preview":"max-image-preview:large","max-video-preview":"max-video-preview:-1"},"canonical":"https:\/\/artotel.com\/fr\/hotels\/amsterdam\/central-amsterdam\/fil-d-actualite\/","og_locale":"fr_FR","og_type":"article","og_title":"Restez inform\u00e9 de la sc\u00e8ne artistique dynamique d'Amsterdam | Fil d'actualit\u00e9","og_description":"Restez inform\u00e9 de l'effervescence de la sc\u00e8ne artistique d'Amsterdam. D\u00e9couvrez les derni\u00e8res actualit\u00e9s, \u00e9v\u00e9nements et expositions \u00e0 l'art'otel Amsterdam.","og_url":"https:\/\/artotel.com\/fr\/hotels\/amsterdam\/central-amsterdam\/fil-d-actualite\/","og_site_name":"art&#039;otel","article_modified_time":"2025-07-30T19:54:24+00:00","og_image":[{"width":768,"height":1024,"url":"https:\/\/artotel.com\/wp-content\/uploads\/2024\/08\/Pasqulae-Desantis-5.jpg","type":"image\/jpeg"}],"twitter_card":"summary_large_image","twitter_title":"Restez inform\u00e9 de la sc\u00e8ne artistique dynamique d'Amsterdam | Fil d'actualit\u00e9","twitter_description":"Restez inform\u00e9 de l'effervescence de la sc\u00e8ne artistique d'Amsterdam. D\u00e9couvrez les derni\u00e8res actualit\u00e9s, \u00e9v\u00e9nements et expositions \u00e0 l'art'otel Amsterdam.","twitter_image":"https:\/\/artotel.com\/wp-content\/uploads\/2024\/08\/Pasqulae-Desantis-5.jpg","schema":{"@context":"https:\/\/schema.org","@graph":[{"@type":"WebPage","@id":"https:\/\/artotel.com\/fr\/hotels\/amsterdam\/central-amsterdam\/fil-d-actualite\/","url":"https:\/\/artotel.com\/fr\/hotels\/amsterdam\/central-amsterdam\/fil-d-actualite\/","name":"Restez inform\u00e9 de la sc\u00e8ne artistique dynamique d'Amsterdam | Fil d'actualit\u00e9","isPartOf":{"@id":"https:\/\/artotel.com\/fr\/#website"},"datePublished":"2022-06-26T21:48:04+00:00","dateModified":"2025-07-30T19:54:24+00:00","description":"Restez inform\u00e9 de l'effervescence de la sc\u00e8ne artistique d'Amsterdam. D\u00e9couvrez les derni\u00e8res actualit\u00e9s, \u00e9v\u00e9nements et expositions \u00e0 l'art'otel Amsterdam.","breadcrumb":{"@id":"https:\/\/artotel.com\/fr\/hotels\/amsterdam\/central-amsterdam\/fil-d-actualite\/#breadcrumb"},"inLanguage":"fr-FR","potentialAction":[{"@type":"ReadAction","target":["https:\/\/artotel.com\/fr\/hotels\/amsterdam\/central-amsterdam\/fil-d-actualite\/"]}]},{"@type":"BreadcrumbList","@id":"https:\/\/artotel.com\/fr\/hotels\/amsterdam\/central-amsterdam\/fil-d-actualite\/#breadcrumb","itemListElement":[{"@type":"ListItem","position":1,"name":"Home","item":"https:\/\/artotel.com\/fr\/"},{"@type":"ListItem","position":2,"name":"Mall","item":"https:\/\/artotel.com\/en\/blog\/site\/mall\/"},{"@type":"ListItem","position":3,"name":"Hotels","item":"https:\/\/artotel.com\/fr\/hotels\/"},{"@type":"ListItem","position":4,"name":"Amsterdam","item":"https:\/\/artotel.com\/fr\/hotels\/amsterdam\/"},{"@type":"ListItem","position":5,"name":"Home","item":"https:\/\/artotel.com\/fr\/hotels\/amsterdam\/central-amsterdam\/"},{"@type":"ListItem","position":6,"name":"Newsfeed"}]},{"@type":"WebSite","@id":"https:\/\/artotel.com\/fr\/#website","url":"https:\/\/artotel.com\/fr\/","name":"art'otel","description":"City centre hotels with a view","potentialAction":[{"@type":"SearchAction","target":{"@type":"EntryPoint","urlTemplate":"https:\/\/artotel.com\/fr\/?s={search_term_string}"},"query-input":{"@type":"PropertyValueSpecification","valueRequired":true,"valueName":"search_term_string"}}],"inLanguage":"fr-FR"}]}},"_links":{"self":[{"href":"https:\/\/artotel.com\/fr\/wp-json\/wp\/v2\/pages\/56614","targetHints":{"allow":["GET"]}}],"collection":[{"href":"https:\/\/artotel.com\/fr\/wp-json\/wp\/v2\/pages"}],"about":[{"href":"https:\/\/artotel.com\/fr\/wp-json\/wp\/v2\/types\/page"}],"author":[{"embeddable":true,"href":"https:\/\/artotel.com\/fr\/wp-json\/wp\/v2\/users\/29"}],"replies":[{"embeddable":true,"href":"https:\/\/artotel.com\/fr\/wp-json\/wp\/v2\/comments?post=56614"}],"version-history":[{"count":2,"href":"https:\/\/artotel.com\/fr\/wp-json\/wp\/v2\/pages\/56614\/revisions"}],"predecessor-version":[{"id":134144,"href":"https:\/\/artotel.com\/fr\/wp-json\/wp\/v2\/pages\/56614\/revisions\/134144"}],"up":[{"embeddable":true,"href":"https:\/\/artotel.com\/fr\/wp-json\/wp\/v2\/pages\/39629"}],"wp:attachment":[{"href":"https:\/\/artotel.com\/fr\/wp-json\/wp\/v2\/media?parent=56614"}],"wp:term":[{"taxonomy":"wf_page_folders","embeddable":true,"href":"https:\/\/artotel.com\/fr\/wp-json\/wp\/v2\/wf_page_folders?post=56614"},{"taxonomy":"site","embeddable":true,"href":"https:\/\/artotel.com\/fr\/wp-json\/wp\/v2\/site?post=56614"}],"curies":[{"name":"wp","href":"https:\/\/api.w.org\/{rel}","templated":true}]}}