    {"id":65461,"date":"2022-07-01T14:07:12","date_gmt":"2022-07-01T12:07:12","guid":{"rendered":"https:\/\/artotel-url-restructure.tempurl.host\/hotels\/london\/battersea\/bien-etre-et-gym\/"},"modified":"2025-07-28T20:16:40","modified_gmt":"2025-07-28T18:16:40","slug":"bien-etre-et-gym","status":"publish","type":"page","link":"https:\/\/artotel.com\/fr\/hotels\/london\/battersea-power-station\/bien-etre-et-gym\/","title":{"rendered":"BIEN-\u00caTRE &#038; GYM"},"content":{"rendered":"","protected":false},"excerpt":{"rendered":"","protected":false},"author":29,"featured_media":0,"parent":63115,"menu_order":0,"comment_status":"closed","ping_status":"closed","template":"","meta":{"_acf_changed":false,"footnotes":""},"wf_page_folders":[129],"site":[128],"class_list":["post-65461","page","type-page","status-publish","hentry","site-battersea"],"acf":[],"yoast_head":"<!-- This site is optimized with the Yoast SEO plugin v24.9 - https:\/\/yoast.com\/wordpress\/plugins\/seo\/ -->\n<title>Venez d\u00e9couvrir notre \u00e9quipement bien-\u00eatre et gym | art\u2019otel Battersea Power Station<\/title>\n<meta name=\"description\" content=\"Que vous souhaitiez maintenir votre routine fitness ou vous d\u00e9tendre apr\u00e8s une longue journ\u00e9e, vous \u00eates au bon endroit. D\u00e9couvrez ici notre centre de bien-\u00eatre et notre salle de gym.\" \/>\n<meta name=\"robots\" content=\"index, follow, max-snippet:-1, max-image-preview:large, max-video-preview:-1\" \/>\n<link rel=\"canonical\" href=\"https:\/\/artotel.com\/fr\/hotels\/london\/battersea-power-station\/bien-etre-et-gym\/\" \/>\n<meta property=\"og:locale\" content=\"fr_FR\" \/>\n<meta property=\"og:type\" content=\"article\" \/>\n<meta property=\"og:title\" content=\"Venez d\u00e9couvrir notre \u00e9quipement bien-\u00eatre et gym | art\u2019otel Battersea Power Station\" \/>\n<meta property=\"og:description\" content=\"Que vous souhaitiez maintenir votre routine fitness ou vous d\u00e9tendre apr\u00e8s une longue journ\u00e9e, vous \u00eates au bon endroit. D\u00e9couvrez ici notre centre de bien-\u00eatre et notre salle de gym.\" \/>\n<meta property=\"og:url\" content=\"https:\/\/artotel.com\/fr\/hotels\/london\/battersea-power-station\/bien-etre-et-gym\/\" \/>\n<meta property=\"og:site_name\" content=\"art&#039;otel\" \/>\n<meta property=\"article:modified_time\" content=\"2025-07-28T18:16:40+00:00\" \/>\n<meta property=\"og:image\" content=\"https:\/\/artotel.com\/wp-content\/uploads\/2025\/07\/2025-ARO-artotelrome-MasterpieceSuite-6-1-scaled.jpg\" \/>\n\t<meta property=\"og:image:width\" content=\"2560\" \/>\n\t<meta property=\"og:image:height\" content=\"1706\" \/>\n\t<meta property=\"og:image:type\" content=\"image\/jpeg\" \/>\n<meta name=\"twitter:card\" content=\"summary_large_image\" \/>\n<meta name=\"twitter:title\" content=\"Venez d\u00e9couvrir notre \u00e9quipement bien-\u00eatre et gym | art\u2019otel Battersea Power Station\" \/>\n<meta name=\"twitter:description\" content=\"Que vous souhaitiez maintenir votre routine fitness ou vous d\u00e9tendre apr\u00e8s une longue journ\u00e9e, vous \u00eates au bon endroit. D\u00e9couvrez ici notre centre de bien-\u00eatre et notre salle de gym.\" \/>\n<script type=\"application\/ld+json\" class=\"yoast-schema-graph\">{\"@context\":\"https:\/\/schema.org\",\"@graph\":[]}<\/script>\n<!-- \/ Yoast SEO plugin. -->","yoast_head_json":{"title":"Venez d\u00e9couvrir notre \u00e9quipement bien-\u00eatre et gym | art\u2019otel Battersea Power Station","description":"Que vous souhaitiez maintenir votre routine fitness ou vous d\u00e9tendre apr\u00e8s une longue journ\u00e9e, vous \u00eates au bon endroit. D\u00e9couvrez ici notre centre de bien-\u00eatre et notre salle de gym.","robots":{"index":"index","follow":"follow","max-snippet":"max-snippet:-1","max-image-preview":"max-image-preview:large","max-video-preview":"max-video-preview:-1"},"canonical":"https:\/\/artotel.com\/fr\/hotels\/london\/battersea-power-station\/bien-etre-et-gym\/","og_locale":"fr_FR","og_type":"article","og_title":"Venez d\u00e9couvrir notre \u00e9quipement bien-\u00eatre et gym | art\u2019otel Battersea Power Station","og_description":"Que vous souhaitiez maintenir votre routine fitness ou vous d\u00e9tendre apr\u00e8s une longue journ\u00e9e, vous \u00eates au bon endroit. D\u00e9couvrez ici notre centre de bien-\u00eatre et notre salle de gym.","og_url":"https:\/\/artotel.com\/fr\/hotels\/london\/battersea-power-station\/bien-etre-et-gym\/","og_site_name":"art&#039;otel","article_modified_time":"2025-07-28T18:16:40+00:00","og_image":[{"width":2560,"height":1706,"url":"https:\/\/artotel.com\/wp-content\/uploads\/2025\/07\/2025-ARO-artotelrome-MasterpieceSuite-6-1-scaled.jpg","type":"image\/jpeg"}],"twitter_card":"summary_large_image","twitter_title":"Venez d\u00e9couvrir notre \u00e9quipement bien-\u00eatre et gym | art\u2019otel Battersea Power Station","twitter_description":"Que vous souhaitiez maintenir votre routine fitness ou vous d\u00e9tendre apr\u00e8s une longue journ\u00e9e, vous \u00eates au bon endroit. D\u00e9couvrez ici notre centre de bien-\u00eatre et notre salle de gym.","schema":{"@context":"https:\/\/schema.org","@graph":[]}},"_links":{"self":[{"href":"https:\/\/artotel.com\/fr\/wp-json\/wp\/v2\/pages\/65461","targetHints":{"allow":["GET"]}}],"collection":[{"href":"https:\/\/artotel.com\/fr\/wp-json\/wp\/v2\/pages"}],"about":[{"href":"https:\/\/artotel.com\/fr\/wp-json\/wp\/v2\/types\/page"}],"author":[{"embeddable":true,"href":"https:\/\/artotel.com\/fr\/wp-json\/wp\/v2\/users\/29"}],"replies":[{"embeddable":true,"href":"https:\/\/artotel.com\/fr\/wp-json\/wp\/v2\/comments?post=65461"}],"version-history":[{"count":3,"href":"https:\/\/artotel.com\/fr\/wp-json\/wp\/v2\/pages\/65461\/revisions"}],"predecessor-version":[{"id":133312,"href":"https:\/\/artotel.com\/fr\/wp-json\/wp\/v2\/pages\/65461\/revisions\/133312"}],"up":[{"embeddable":true,"href":"https:\/\/artotel.com\/fr\/wp-json\/wp\/v2\/pages\/63115"}],"wp:attachment":[{"href":"https:\/\/artotel.com\/fr\/wp-json\/wp\/v2\/media?parent=65461"}],"wp:term":[{"taxonomy":"wf_page_folders","embeddable":true,"href":"https:\/\/artotel.com\/fr\/wp-json\/wp\/v2\/wf_page_folders?post=65461"},{"taxonomy":"site","embeddable":true,"href":"https:\/\/artotel.com\/fr\/wp-json\/wp\/v2\/site?post=65461"}],"curies":[{"name":"wp","href":"https:\/\/api.w.org\/{rel}","templated":true}]}}