    {"id":97693,"date":"2023-04-20T10:18:01","date_gmt":"2023-04-20T08:18:01","guid":{"rendered":"https:\/\/artotel-url-restructure.tempurl.host\/hotels\/zagreb\/reunions-et-evenemts\/"},"modified":"2025-07-24T17:18:25","modified_gmt":"2025-07-24T15:18:25","slug":"reunions-et-evenemts","status":"publish","type":"page","link":"https:\/\/artotel.com\/fr\/hotels\/zagreb\/central-zagreb\/reunions-et-evenemts\/","title":{"rendered":"R\u00e9unir et faire la f\u00eate"},"content":{"rendered":"","protected":false},"excerpt":{"rendered":"","protected":false},"author":29,"featured_media":0,"parent":76032,"menu_order":0,"comment_status":"closed","ping_status":"closed","template":"","meta":{"_acf_changed":false,"footnotes":""},"wf_page_folders":[133],"site":[132],"class_list":["post-97693","page","type-page","status-publish","hentry","site-zagreb"],"acf":[],"yoast_head":"<!-- This site is optimized with the Yoast SEO plugin v24.9 - https:\/\/yoast.com\/wordpress\/plugins\/seo\/ -->\n<title>Lieu pour mariages et \u00e9v\u00e8nements Zagreb | art\u2019otel Zagreb<\/title>\n<meta name=\"description\" content=\"Vous cherchez \u00e0 organiser un mariage, un \u00e9v\u00e8nement ou une conf\u00e9rence chic \u00e0 Zagreb ? Faites de l\u2019\u00e9tablissement art\u2019otel Zagreb le lieu de vos r\u00eaves avec tout le n\u00e9cessaire pour une exp\u00e9rience parfaite.\" \/>\n<meta name=\"robots\" content=\"index, follow, max-snippet:-1, max-image-preview:large, max-video-preview:-1\" \/>\n<link rel=\"canonical\" href=\"https:\/\/artotel.com\/fr\/hotels\/zagreb\/central-zagreb\/reunions-et-evenemts\/\" \/>\n<meta property=\"og:locale\" content=\"fr_FR\" \/>\n<meta property=\"og:type\" content=\"article\" \/>\n<meta property=\"og:title\" content=\"Lieu pour mariages et \u00e9v\u00e8nements Zagreb | art\u2019otel Zagreb\" \/>\n<meta property=\"og:description\" content=\"Vous cherchez \u00e0 organiser un mariage, un \u00e9v\u00e8nement ou une conf\u00e9rence chic \u00e0 Zagreb ? Faites de l\u2019\u00e9tablissement art\u2019otel Zagreb le lieu de vos r\u00eaves avec tout le n\u00e9cessaire pour une exp\u00e9rience parfaite.\" \/>\n<meta property=\"og:url\" content=\"https:\/\/artotel.com\/fr\/hotels\/zagreb\/central-zagreb\/reunions-et-evenemts\/\" \/>\n<meta property=\"og:site_name\" content=\"art&#039;otel\" \/>\n<meta property=\"article:modified_time\" content=\"2025-07-24T15:18:25+00:00\" \/>\n<meta property=\"og:image\" content=\"https:\/\/artotel.com\/wp-content\/uploads\/2025\/07\/2025-ARO-artotelrome-MasterpieceSuite-6-1-scaled.jpg\" \/>\n\t<meta property=\"og:image:width\" content=\"2560\" \/>\n\t<meta property=\"og:image:height\" content=\"1706\" \/>\n\t<meta property=\"og:image:type\" content=\"image\/jpeg\" \/>\n<meta name=\"twitter:card\" content=\"summary_large_image\" \/>\n<meta name=\"twitter:image\" content=\"https:\/\/artotel.com\/hotels\/zagreb\/central-zagreb\/wp-content\/uploads\/sites\/10\/2023\/10\/2023_AOZ_Rooftop_Events-1024x722.jpg\" \/>\n<script type=\"application\/ld+json\" class=\"yoast-schema-graph\">{\"@context\":\"https:\/\/schema.org\",\"@graph\":[{\"@type\":\"WebPage\",\"@id\":\"https:\/\/artotel.com\/fr\/hotels\/zagreb\/central-zagreb\/reunions-et-evenemts\/\",\"url\":\"https:\/\/artotel.com\/fr\/hotels\/zagreb\/central-zagreb\/reunions-et-evenemts\/\",\"name\":\"Lieu pour mariages et \u00e9v\u00e8nements Zagreb | art\u2019otel Zagreb\",\"isPartOf\":{\"@id\":\"https:\/\/artotel.com\/fr\/#website\"},\"datePublished\":\"2023-04-20T08:18:01+00:00\",\"dateModified\":\"2025-07-24T15:18:25+00:00\",\"description\":\"Vous cherchez \u00e0 organiser un mariage, un \u00e9v\u00e8nement ou une conf\u00e9rence chic \u00e0 Zagreb ? Faites de l\u2019\u00e9tablissement art\u2019otel Zagreb le lieu de vos r\u00eaves avec tout le n\u00e9cessaire pour une exp\u00e9rience parfaite.\",\"breadcrumb\":{\"@id\":\"https:\/\/artotel.com\/fr\/hotels\/zagreb\/central-zagreb\/reunions-et-evenemts\/#breadcrumb\"},\"inLanguage\":\"fr-FR\",\"potentialAction\":[{\"@type\":\"ReadAction\",\"target\":[\"https:\/\/artotel.com\/fr\/hotels\/zagreb\/central-zagreb\/reunions-et-evenemts\/\"]}]},{\"@type\":\"BreadcrumbList\",\"@id\":\"https:\/\/artotel.com\/fr\/hotels\/zagreb\/central-zagreb\/reunions-et-evenemts\/#breadcrumb\",\"itemListElement\":[{\"@type\":\"ListItem\",\"position\":1,\"name\":\"Home\",\"item\":\"https:\/\/artotel.com\/fr\/\"},{\"@type\":\"ListItem\",\"position\":2,\"name\":\"Mall\",\"item\":\"https:\/\/artotel.com\/en\/blog\/site\/mall\/\"},{\"@type\":\"ListItem\",\"position\":3,\"name\":\"Hotels\",\"item\":\"https:\/\/artotel.com\/fr\/hotels\/\"},{\"@type\":\"ListItem\",\"position\":4,\"name\":\"Zagreb\",\"item\":\"https:\/\/artotel.com\/fr\/hotels\/zagreb\/\"},{\"@type\":\"ListItem\",\"position\":5,\"name\":\"Home\",\"item\":\"https:\/\/artotel.com\/fr\/hotels\/zagreb\/central-zagreb\/\"},{\"@type\":\"ListItem\",\"position\":6,\"name\":\"R\u00e9unir et faire la f\u00eate\"}]},{\"@type\":\"WebSite\",\"@id\":\"https:\/\/artotel.com\/fr\/#website\",\"url\":\"https:\/\/artotel.com\/fr\/\",\"name\":\"art'otel\",\"description\":\"City centre hotels with a view\",\"potentialAction\":[{\"@type\":\"SearchAction\",\"target\":{\"@type\":\"EntryPoint\",\"urlTemplate\":\"https:\/\/artotel.com\/fr\/?s={search_term_string}\"},\"query-input\":{\"@type\":\"PropertyValueSpecification\",\"valueRequired\":true,\"valueName\":\"search_term_string\"}}],\"inLanguage\":\"fr-FR\"}]}<\/script>\n<!-- \/ Yoast SEO plugin. -->","yoast_head_json":{"title":"Lieu pour mariages et \u00e9v\u00e8nements Zagreb | art\u2019otel Zagreb","description":"Vous cherchez \u00e0 organiser un mariage, un \u00e9v\u00e8nement ou une conf\u00e9rence chic \u00e0 Zagreb ? Faites de l\u2019\u00e9tablissement art\u2019otel Zagreb le lieu de vos r\u00eaves avec tout le n\u00e9cessaire pour une exp\u00e9rience parfaite.","robots":{"index":"index","follow":"follow","max-snippet":"max-snippet:-1","max-image-preview":"max-image-preview:large","max-video-preview":"max-video-preview:-1"},"canonical":"https:\/\/artotel.com\/fr\/hotels\/zagreb\/central-zagreb\/reunions-et-evenemts\/","og_locale":"fr_FR","og_type":"article","og_title":"Lieu pour mariages et \u00e9v\u00e8nements Zagreb | art\u2019otel Zagreb","og_description":"Vous cherchez \u00e0 organiser un mariage, un \u00e9v\u00e8nement ou une conf\u00e9rence chic \u00e0 Zagreb ? Faites de l\u2019\u00e9tablissement art\u2019otel Zagreb le lieu de vos r\u00eaves avec tout le n\u00e9cessaire pour une exp\u00e9rience parfaite.","og_url":"https:\/\/artotel.com\/fr\/hotels\/zagreb\/central-zagreb\/reunions-et-evenemts\/","og_site_name":"art&#039;otel","article_modified_time":"2025-07-24T15:18:25+00:00","og_image":[{"width":2560,"height":1706,"url":"https:\/\/artotel.com\/wp-content\/uploads\/2025\/07\/2025-ARO-artotelrome-MasterpieceSuite-6-1-scaled.jpg","type":"image\/jpeg"}],"twitter_card":"summary_large_image","twitter_image":"https:\/\/artotel.com\/hotels\/zagreb\/central-zagreb\/wp-content\/uploads\/sites\/10\/2023\/10\/2023_AOZ_Rooftop_Events-1024x722.jpg","schema":{"@context":"https:\/\/schema.org","@graph":[{"@type":"WebPage","@id":"https:\/\/artotel.com\/fr\/hotels\/zagreb\/central-zagreb\/reunions-et-evenemts\/","url":"https:\/\/artotel.com\/fr\/hotels\/zagreb\/central-zagreb\/reunions-et-evenemts\/","name":"Lieu pour mariages et \u00e9v\u00e8nements Zagreb | art\u2019otel Zagreb","isPartOf":{"@id":"https:\/\/artotel.com\/fr\/#website"},"datePublished":"2023-04-20T08:18:01+00:00","dateModified":"2025-07-24T15:18:25+00:00","description":"Vous cherchez \u00e0 organiser un mariage, un \u00e9v\u00e8nement ou une conf\u00e9rence chic \u00e0 Zagreb ? Faites de l\u2019\u00e9tablissement art\u2019otel Zagreb le lieu de vos r\u00eaves avec tout le n\u00e9cessaire pour une exp\u00e9rience parfaite.","breadcrumb":{"@id":"https:\/\/artotel.com\/fr\/hotels\/zagreb\/central-zagreb\/reunions-et-evenemts\/#breadcrumb"},"inLanguage":"fr-FR","potentialAction":[{"@type":"ReadAction","target":["https:\/\/artotel.com\/fr\/hotels\/zagreb\/central-zagreb\/reunions-et-evenemts\/"]}]},{"@type":"BreadcrumbList","@id":"https:\/\/artotel.com\/fr\/hotels\/zagreb\/central-zagreb\/reunions-et-evenemts\/#breadcrumb","itemListElement":[{"@type":"ListItem","position":1,"name":"Home","item":"https:\/\/artotel.com\/fr\/"},{"@type":"ListItem","position":2,"name":"Mall","item":"https:\/\/artotel.com\/en\/blog\/site\/mall\/"},{"@type":"ListItem","position":3,"name":"Hotels","item":"https:\/\/artotel.com\/fr\/hotels\/"},{"@type":"ListItem","position":4,"name":"Zagreb","item":"https:\/\/artotel.com\/fr\/hotels\/zagreb\/"},{"@type":"ListItem","position":5,"name":"Home","item":"https:\/\/artotel.com\/fr\/hotels\/zagreb\/central-zagreb\/"},{"@type":"ListItem","position":6,"name":"R\u00e9unir et faire la f\u00eate"}]},{"@type":"WebSite","@id":"https:\/\/artotel.com\/fr\/#website","url":"https:\/\/artotel.com\/fr\/","name":"art'otel","description":"City centre hotels with a view","potentialAction":[{"@type":"SearchAction","target":{"@type":"EntryPoint","urlTemplate":"https:\/\/artotel.com\/fr\/?s={search_term_string}"},"query-input":{"@type":"PropertyValueSpecification","valueRequired":true,"valueName":"search_term_string"}}],"inLanguage":"fr-FR"}]}},"_links":{"self":[{"href":"https:\/\/artotel.com\/fr\/wp-json\/wp\/v2\/pages\/97693","targetHints":{"allow":["GET"]}}],"collection":[{"href":"https:\/\/artotel.com\/fr\/wp-json\/wp\/v2\/pages"}],"about":[{"href":"https:\/\/artotel.com\/fr\/wp-json\/wp\/v2\/types\/page"}],"author":[{"embeddable":true,"href":"https:\/\/artotel.com\/fr\/wp-json\/wp\/v2\/users\/29"}],"replies":[{"embeddable":true,"href":"https:\/\/artotel.com\/fr\/wp-json\/wp\/v2\/comments?post=97693"}],"version-history":[{"count":2,"href":"https:\/\/artotel.com\/fr\/wp-json\/wp\/v2\/pages\/97693\/revisions"}],"predecessor-version":[{"id":131811,"href":"https:\/\/artotel.com\/fr\/wp-json\/wp\/v2\/pages\/97693\/revisions\/131811"}],"up":[{"embeddable":true,"href":"https:\/\/artotel.com\/fr\/wp-json\/wp\/v2\/pages\/76032"}],"wp:attachment":[{"href":"https:\/\/artotel.com\/fr\/wp-json\/wp\/v2\/media?parent=97693"}],"wp:term":[{"taxonomy":"wf_page_folders","embeddable":true,"href":"https:\/\/artotel.com\/fr\/wp-json\/wp\/v2\/wf_page_folders?post=97693"},{"taxonomy":"site","embeddable":true,"href":"https:\/\/artotel.com\/fr\/wp-json\/wp\/v2\/site?post=97693"}],"curies":[{"name":"wp","href":"https:\/\/api.w.org\/{rel}","templated":true}]}}