    {"id":43945,"date":"2024-09-03T16:08:41","date_gmt":"2024-09-03T14:08:41","guid":{"rendered":"https:\/\/artotel-url-restructure.tempurl.host\/hotels\/amsterdam\/ontmoet-en-vier\/"},"modified":"2026-05-15T14:13:01","modified_gmt":"2026-05-15T12:13:01","slug":"ontmoet-en-vier","status":"publish","type":"page","link":"https:\/\/artotel.com\/hr\/ontmoet-en-vier\/","title":{"rendered":"Ontmoet en Vier"},"content":{"rendered":"","protected":false},"excerpt":{"rendered":"","protected":false},"author":29,"featured_media":0,"parent":0,"menu_order":0,"comment_status":"closed","ping_status":"closed","template":"","meta":{"_acf_changed":false,"footnotes":""},"wf_page_folders":[109],"site":[108],"class_list":["post-43945","page","type-page","status-publish","hentry","site-amsterdam"],"acf":[],"yoast_head":"<!-- This site is optimized with the Yoast SEO plugin v24.9 - https:\/\/yoast.com\/wordpress\/plugins\/seo\/ -->\n<title>Odr\u017eite i proslavite svoj sljede\u0107i doga\u0111aj s nama | art&#039;otel Amsterdam<\/title>\n<meta name=\"description\" content=\"Otkrijte najkreativnije prostore za doga\u0111anja, uklju\u010duju\u0107i pravu umjetni\u010dku galeriju u centru Amsterdama. Saznajte vi\u0161e o na\u0161im inspirativnim prostorima ovdje.\" \/>\n<meta name=\"robots\" content=\"index, follow, max-snippet:-1, max-image-preview:large, max-video-preview:-1\" \/>\n<link rel=\"canonical\" href=\"https:\/\/artotel.com\/hr\/ontmoet-en-vier\/\" \/>\n<meta property=\"og:locale\" content=\"hr_HR\" \/>\n<meta property=\"og:type\" content=\"article\" \/>\n<meta property=\"og:title\" content=\"Odr\u017eite i proslavite svoj sljede\u0107i doga\u0111aj s nama | art&#039;otel Amsterdam\" \/>\n<meta property=\"og:description\" content=\"Otkrijte najkreativnije prostore za doga\u0111anja, uklju\u010duju\u0107i pravu umjetni\u010dku galeriju u centru Amsterdama. Saznajte vi\u0161e o na\u0161im inspirativnim prostorima ovdje.\" \/>\n<meta property=\"og:url\" content=\"https:\/\/artotel.com\/hr\/ontmoet-en-vier\/\" \/>\n<meta property=\"og:site_name\" content=\"art&#039;otel\" \/>\n<meta property=\"article:modified_time\" content=\"2026-05-15T12:13:01+00:00\" \/>\n<meta property=\"og:image\" content=\"https:\/\/artotel.com\/wp-content\/uploads\/2026\/05\/WhatsApp-Image-2026-02-05-at-11.48.54-1-830x1024-1.jpeg\" \/>\n\t<meta property=\"og:image:width\" content=\"830\" \/>\n\t<meta property=\"og:image:height\" content=\"1024\" \/>\n\t<meta property=\"og:image:type\" content=\"image\/jpeg\" \/>\n<meta name=\"twitter:card\" content=\"summary_large_image\" \/>\n<meta name=\"twitter:title\" content=\"Odr\u017eite i proslavite svoj sljede\u0107i doga\u0111aj s nama | art&#039;otel Amsterdam\" \/>\n<meta name=\"twitter:description\" content=\"Otkrijte najkreativnije prostore za doga\u0111anja, uklju\u010duju\u0107i pravu umjetni\u010dku galeriju u centru Amsterdama. Saznajte vi\u0161e o na\u0161im inspirativnim prostorima ovdje.\" \/>\n<meta name=\"twitter:image\" content=\"https:\/\/artotel.com\/wp-content\/uploads\/2026\/05\/WhatsApp-Image-2026-02-05-at-11.48.54-1-830x1024-1.jpeg\" \/>\n<script type=\"application\/ld+json\" class=\"yoast-schema-graph\">{\"@context\":\"https:\/\/schema.org\",\"@graph\":[]}<\/script>\n<!-- \/ Yoast SEO plugin. -->","yoast_head_json":{"title":"Odr\u017eite i proslavite svoj sljede\u0107i doga\u0111aj s nama | art'otel Amsterdam","description":"Otkrijte najkreativnije prostore za doga\u0111anja, uklju\u010duju\u0107i pravu umjetni\u010dku galeriju u centru Amsterdama. Saznajte vi\u0161e o na\u0161im inspirativnim prostorima ovdje.","robots":{"index":"index","follow":"follow","max-snippet":"max-snippet:-1","max-image-preview":"max-image-preview:large","max-video-preview":"max-video-preview:-1"},"canonical":"https:\/\/artotel.com\/hr\/ontmoet-en-vier\/","og_locale":"hr_HR","og_type":"article","og_title":"Odr\u017eite i proslavite svoj sljede\u0107i doga\u0111aj s nama | art'otel Amsterdam","og_description":"Otkrijte najkreativnije prostore za doga\u0111anja, uklju\u010duju\u0107i pravu umjetni\u010dku galeriju u centru Amsterdama. Saznajte vi\u0161e o na\u0161im inspirativnim prostorima ovdje.","og_url":"https:\/\/artotel.com\/hr\/ontmoet-en-vier\/","og_site_name":"art&#039;otel","article_modified_time":"2026-05-15T12:13:01+00:00","og_image":[{"width":830,"height":1024,"url":"https:\/\/artotel.com\/wp-content\/uploads\/2026\/05\/WhatsApp-Image-2026-02-05-at-11.48.54-1-830x1024-1.jpeg","type":"image\/jpeg"}],"twitter_card":"summary_large_image","twitter_title":"Odr\u017eite i proslavite svoj sljede\u0107i doga\u0111aj s nama | art'otel Amsterdam","twitter_description":"Otkrijte najkreativnije prostore za doga\u0111anja, uklju\u010duju\u0107i pravu umjetni\u010dku galeriju u centru Amsterdama. Saznajte vi\u0161e o na\u0161im inspirativnim prostorima ovdje.","twitter_image":"https:\/\/artotel.com\/wp-content\/uploads\/2026\/05\/WhatsApp-Image-2026-02-05-at-11.48.54-1-830x1024-1.jpeg","schema":{"@context":"https:\/\/schema.org","@graph":[]}},"_links":{"self":[{"href":"https:\/\/artotel.com\/hr\/wp-json\/wp\/v2\/pages\/43945","targetHints":{"allow":["GET"]}}],"collection":[{"href":"https:\/\/artotel.com\/hr\/wp-json\/wp\/v2\/pages"}],"about":[{"href":"https:\/\/artotel.com\/hr\/wp-json\/wp\/v2\/types\/page"}],"author":[{"embeddable":true,"href":"https:\/\/artotel.com\/hr\/wp-json\/wp\/v2\/users\/29"}],"replies":[{"embeddable":true,"href":"https:\/\/artotel.com\/hr\/wp-json\/wp\/v2\/comments?post=43945"}],"version-history":[{"count":3,"href":"https:\/\/artotel.com\/hr\/wp-json\/wp\/v2\/pages\/43945\/revisions"}],"predecessor-version":[{"id":173995,"href":"https:\/\/artotel.com\/hr\/wp-json\/wp\/v2\/pages\/43945\/revisions\/173995"}],"wp:attachment":[{"href":"https:\/\/artotel.com\/hr\/wp-json\/wp\/v2\/media?parent=43945"}],"wp:term":[{"taxonomy":"wf_page_folders","embeddable":true,"href":"https:\/\/artotel.com\/hr\/wp-json\/wp\/v2\/wf_page_folders?post=43945"},{"taxonomy":"site","embeddable":true,"href":"https:\/\/artotel.com\/hr\/wp-json\/wp\/v2\/site?post=43945"}],"curies":[{"name":"wp","href":"https:\/\/api.w.org\/{rel}","templated":true}]}}